{"id":40327,"date":"2024-11-20T00:45:43","date_gmt":"2024-11-19T17:45:43","guid":{"rendered":"http:\/\/azsoft.com\/-product-\/uncategorized\/goc-nga\/"},"modified":"2024-11-20T00:45:54","modified_gmt":"2024-11-19T17:45:54","slug":"goc-nga","status":"publish","type":"product","link":"https:\/\/azsoft.com\/id\/-product-\/phan-mem\/education-and-science-phan-mem\/language-learning\/goc-nga\/","title":{"rendered":"G\u00f3c Nga"},"content":{"rendered":"<div class=\"b-product__description_text\">\n<p><strong>G\u00f3c Nga<\/strong> l\u00e0 m\u1ed9t h\u01b0\u1edbng d\u1eabn s\u1eed d\u1ee5ng ti\u1ebfng Nga \u0111i\u1ec7n t\u1eed cho tr\u1ebb em v\u00e0 ng\u01b0\u1eddi l\u1edbn cho ph\u00e9p h\u1ecdc sinh ki\u1ec3m tra ki\u1ebfn th\u1ee9c c\u1ee7a m\u00ecnh v\u00e0 gi\u00fap h\u1ecd h\u1ecdc ng\u00f4n ng\u1eef, b\u1eaft \u0111\u1ea7u \u1edf b\u1ea5t k\u1ef3 c\u1ea5p \u0111\u1ed9 n\u00e0o.<\/p>\n<p><strong>H\u01b0\u1edbng d\u1eabn s\u1eed d\u1ee5ng \u0111\u01b0\u1ee3c \u0111i\u1ec1u ch\u1ec9nh \u0111\u1ec3 s\u1eed d\u1ee5ng tr\u00ean m\u00e0n h\u00ecnh c\u1ea3m \u1ee9ng l\u1edbn v\u00e0 bao g\u1ed3m n\u0103m ph\u1ea7n<\/strong>: 1. Igrodrome l\u00e0 m\u1ed9t t\u1eadp h\u1ee3p c\u00e1c tr\u00f2 ch\u01a1i gi\u1edbi thi\u1ec7u c\u00e1c ch\u1eef c\u00e1i, \u00e2m ti\u1ebft v\u00e0 t\u1eeb ng\u1eaft.2. \u201cNg\u00f4n ng\u1eef Nga cho tr\u1ebb em\u201d l\u00e0 m\u1ed9t m\u00e1y t\u1eadp th\u1ec3 d\u1ee5c cho tr\u1ebb 3-4 tu\u1ed5i d\u1ea1y ch\u00fang \u0111\u1ecdc v\u00e0 so\u1ea1n nh\u1eefng t\u1eeb \u0111\u1ea7u ti\u00ean.3. \u201cNg\u00f4n ng\u1eef ti\u1ebfng Nga cho tr\u1ebb m\u1eabu gi\u00e1o\u201d l\u00e0 s\u00e1ch h\u01b0\u1edbng d\u1eabn d\u00e0nh cho tr\u1ebb 5-6 tu\u1ed5i gi\u00fap chu\u1ea9n b\u1ecb cho tr\u1ebb h\u1ecdc t\u1ea1i m\u1ed9t tr\u01b0\u1eddng Nga.4. \u201cNg\u00f4n ng\u1eef Nga. B\u00e1ch khoa to\u00e0n th\u01b0 t\u01b0\u01a1ng t\u00e1c cho tr\u01b0\u1eddng ti\u1ec3u h\u1ecdc\u201d l\u00e0 m\u1ed9t h\u01b0\u1edbng d\u1eabn bao g\u1ed3m c\u00e1c t\u00e0i li\u1ec7u t\u01b0\u01a1ng t\u00e1c c\u1ea7n thi\u1ebft cho ph\u00e9p b\u1ea1n th\u00e0nh th\u1ea1o ti\u1ebfng Nga nh\u01b0 m\u1ed9t ph\u1ea7n c\u1ee7a tr\u01b0\u1eddng ti\u1ec3u h\u1ecdc.5. \u201cNg\u00f4n ng\u1eef Nga. B\u00e1ch khoa to\u00e0n th\u01b0 t\u01b0\u01a1ng t\u00e1c cho c\u00e1c tr\u01b0\u1eddng trung h\u1ecdc\u201d l\u00e0 m\u1ed9t th\u00f4ng \u0111i\u1ec7p bao g\u1ed3m c\u00e1c t\u00e0i li\u1ec7u t\u01b0\u01a1ng t\u00e1c c\u1ea7n thi\u1ebft cho ph\u00e9p b\u1ea1n h\u1ecdc ti\u1ebfng Nga nh\u01b0 m\u1ed9t ph\u1ea7n<\/p>\n<\/div>\n<p> c\u1ee7a tr\u01b0\u1eddng trung h\u1ecdc.<\/p>","protected":false},"excerpt":{"rendered":"<p>\u201cG\u00f3c Nga\u201d l\u00e0 m\u1ed9t h\u01b0\u1edbng d\u1eabn s\u1eed d\u1ee5ng ti\u1ebfng Nga \u0111i\u1ec7n t\u1eed cho tr\u1ebb em v\u00e0 ng\u01b0\u1eddi l\u1edbn cho ph\u00e9p h\u1ecdc sinh ki\u1ec3m tra ki\u1ebfn th\u1ee9c c\u1ee7a m\u00ecnh v\u00e0 gi\u00fap h\u1ecd h\u1ecdc ng\u00f4n ng\u1eef, b\u1eaft \u0111\u1ea7u \u1edf b\u1ea5t k\u1ef3 c\u1ea5p \u0111\u1ed9 n\u00e0o.<\/p>","protected":false},"featured_media":40328,"comment_status":"closed","ping_status":"closed","template":"","meta":[],"pwb-brand":[],"product_cat":[2973],"product_tag":[55,3393],"class_list":{"0":"post-40327","1":"product","2":"type-product","3":"status-publish","4":"has-post-thumbnail","6":"product_cat-language-learning","7":"product_tag-run","8":"product_tag-tap-doan-marco-polo","10":"first","11":"instock","12":"shipping-taxable","13":"product-type-simple"},"brands":[],"_links":{"self":[{"href":"https:\/\/azsoft.com\/id\/wp-json\/wp\/v2\/product\/40327","targetHints":{"allow":["GET"]}}],"collection":[{"href":"https:\/\/azsoft.com\/id\/wp-json\/wp\/v2\/product"}],"about":[{"href":"https:\/\/azsoft.com\/id\/wp-json\/wp\/v2\/types\/product"}],"replies":[{"embeddable":true,"href":"https:\/\/azsoft.com\/id\/wp-json\/wp\/v2\/comments?post=40327"}],"wp:featuredmedia":[{"embeddable":true,"href":"https:\/\/azsoft.com\/id\/wp-json\/wp\/v2\/media\/40328"}],"wp:attachment":[{"href":"https:\/\/azsoft.com\/id\/wp-json\/wp\/v2\/media?parent=40327"}],"wp:term":[{"taxonomy":"pwb-brand","embeddable":true,"href":"https:\/\/azsoft.com\/id\/wp-json\/wp\/v2\/pwb-brand?post=40327"},{"taxonomy":"product_cat","embeddable":true,"href":"https:\/\/azsoft.com\/id\/wp-json\/wp\/v2\/product_cat?post=40327"},{"taxonomy":"product_tag","embeddable":true,"href":"https:\/\/azsoft.com\/id\/wp-json\/wp\/v2\/product_tag?post=40327"}],"curies":[{"name":"wp","href":"https:\/\/api.w.org\/{rel}","templated":true}]}}