{"id":32325,"date":"2024-07-25T09:20:39","date_gmt":"2024-07-25T02:20:39","guid":{"rendered":"http:\/\/azsoft.com\/-product-\/uncategorized\/windows-365-business-4-vcpu-16-gb-512-gb-with-windows-hybrid-benefit\/"},"modified":"2024-07-25T09:20:45","modified_gmt":"2024-07-25T02:20:45","slug":"windows-365-business-4-vcpu-16-gb-512-gb-with-windows-hybrid-benefit","status":"publish","type":"product","link":"https:\/\/azsoft.com\/id\/-product-\/phan-mem\/phan-mem-he-thong\/he-dieu-hanh\/windows-365-business-4-vcpu-16-gb-512-gb-with-windows-hybrid-benefit\/","title":{"rendered":"Windows 365 Business 4 vCPU, 16 GB, 512 GB (with Windows Hybrid Benefit)"},"content":{"rendered":"<table class=\"data table additional-attributes table1\" id=\"product-attribute-specs-table\">\n<caption class=\"table-caption\">More Information<\/caption>\n<tbody>\n<tr>\n<th class=\"col label\" scope=\"row\">H\u00e3ng<\/th>\n<td class=\"col data\" data-th=\"H\u00e3ng\">Microsoft<\/td>\n<\/tr>\n<tr>\n<th class=\"col label\" scope=\"row\">Product Line<\/th>\n<td class=\"col data\" data-th=\"Product Line\">Windows 365<\/td>\n<\/tr>\n<tr>\n<th class=\"col label\" scope=\"row\">H\u00ecnh th\u1ee9c c\u1ea5p ph\u00e9p<\/th>\n<td class=\"col data\" data-th=\"H\u00ecnh th\u1ee9c c\u1ea5p ph\u00e9p\">CSP<\/td>\n<\/tr>\n<tr>\n<th class=\"col label\" scope=\"row\">Ph\u00e2n kh\u00fac kh\u00e1ch h\u00e0ng<\/th>\n<td class=\"col data\" data-th=\"Ph\u00e2n kh\u00fac kh\u00e1ch h\u00e0ng\">Enterprise<\/td>\n<\/tr>\n<tr>\n<th class=\"col label\" scope=\"row\">Lo\u1ea1i h\u00ecnh \u0111\u0103ng k\u00fd<\/th>\n<td class=\"col data\" data-th=\"Lo\u1ea1i h\u00ecnh \u0111\u0103ng k\u00fd\">Thu\u00ea bao<\/td>\n<\/tr>\n<tr>\n<th class=\"col label\" scope=\"row\">C\u00e0i \u0111\u1eb7t h\u1ec7 th\u1ed1ng<\/th>\n<td class=\"col data\" data-th=\"C\u00e0i \u0111\u1eb7t h\u1ec7 th\u1ed1ng\">pelayan<\/td>\n<\/tr>\n<tr>\n<th class=\"col label\" scope=\"row\">Tr\u1ea1ng th\u00e1i h\u00e0ng<\/th>\n<td class=\"col data\" data-th=\"Tr\u1ea1ng th\u00e1i h\u00e0ng\">C\u00f2n h\u00e0ng<\/td>\n<\/tr>\n<\/tbody>\n<\/table>\n<table class=\"data table additional-attributes table1\" id=\"product-attribute-specs-table\">\n<caption class=\"table-caption\">More Information<\/caption>\n<tbody>\n<tr>\n<th class=\"col label\" scope=\"row\">H\u00e3ng<\/th>\n<td class=\"col data\" data-th=\"H\u00e3ng\">Microsoft<\/td>\n<\/tr>\n<tr>\n<th class=\"col label\" scope=\"row\">Product Line<\/th>\n<td class=\"col data\" data-th=\"Product Line\">Windows 365<\/td>\n<\/tr>\n<tr>\n<th class=\"col label\" scope=\"row\">H\u00ecnh th\u1ee9c c\u1ea5p ph\u00e9p<\/th>\n<td class=\"col data\" data-th=\"H\u00ecnh th\u1ee9c c\u1ea5p ph\u00e9p\">CSP<\/td>\n<\/tr>\n<tr>\n<th class=\"col label\" scope=\"row\">Ph\u00e2n kh\u00fac kh\u00e1ch h\u00e0ng<\/th>\n<td class=\"col data\" data-th=\"Ph\u00e2n kh\u00fac kh\u00e1ch h\u00e0ng\">Enterprise<\/td>\n<\/tr>\n<tr>\n<th class=\"col label\" scope=\"row\">Lo\u1ea1i h\u00ecnh \u0111\u0103ng k\u00fd<\/th>\n<td class=\"col data\" data-th=\"Lo\u1ea1i h\u00ecnh \u0111\u0103ng k\u00fd\">Thu\u00ea bao<\/td>\n<\/tr>\n<tr>\n<th class=\"col label\" scope=\"row\">C\u00e0i \u0111\u1eb7t h\u1ec7 th\u1ed1ng<\/th>\n<td class=\"col data\" data-th=\"C\u00e0i \u0111\u1eb7t h\u1ec7 th\u1ed1ng\">pelayan<\/td>\n<\/tr>\n<tr>\n<th class=\"col label\" scope=\"row\">Tr\u1ea1ng th\u00e1i h\u00e0ng<\/th>\n<td class=\"col data\" data-th=\"Tr\u1ea1ng th\u00e1i h\u00e0ng\">C\u00f2n h\u00e0ng<\/td>\n<\/tr>\n<\/tbody>\n<\/table>","protected":false},"excerpt":{"rendered":"<table class=\"table-attributes table2\">\n<tbody>\n<tr>\n<th scope=\"row\">H\u00e3ng<\/th>\n<td data-th=\"H\u00e3ng\">\n                                            Microsoft                                          <\/td>\n<\/tr>\n<tr>\n<th scope=\"row\">Product Line<\/th>\n<td data-th=\"Product Line\">\n                                            Windows 365                                          <\/td>\n<\/tr>\n<tr>\n<th scope=\"row\">H\u00ecnh th\u1ee9c c\u1ea5p ph\u00e9p<\/th>\n<td data-th=\"H\u00ecnh th\u1ee9c c\u1ea5p ph\u00e9p\">\n                                            CSP                                          <\/td>\n<\/tr>\n<tr>\n<th scope=\"row\">Ph\u00e2n kh\u00fac kh\u00e1ch h\u00e0ng<\/th>\n<td data-th=\"Ph\u00e2n kh\u00fac kh\u00e1ch h\u00e0ng\">\n                                            Enterprise                                          <\/td>\n<\/tr>\n<tr>\n<th scope=\"row\">Lo\u1ea1i h\u00ecnh \u0111\u0103ng k\u00fd<\/th>\n<td data-th=\"Lo\u1ea1i h\u00ecnh \u0111\u0103ng k\u00fd\">\n                                            Thu\u00ea bao                                          <\/td>\n<\/tr>\n<tr>\n<th scope=\"row\">C\u00e0i \u0111\u1eb7t h\u1ec7 th\u1ed1ng<\/th>\n<td data-th=\"C\u00e0i \u0111\u1eb7t h\u1ec7 th\u1ed1ng\">\n                                            pelayan                                          <\/td>\n<\/tr>\n<tr>\n<th scope=\"row\">Tr\u1ea1ng th\u00e1i h\u00e0ng<\/th>\n<td data-th=\"Tr\u1ea1ng th\u00e1i h\u00e0ng\">\n<p>            <span class=\"tit\"><i class=\"porto-icon-ok\"><\/i> C\u00f2n h\u00e0ng<\/span><\/p>\n<\/td>\n<\/tr>\n<\/tbody>\n<\/table>","protected":false},"featured_media":32326,"comment_status":"closed","ping_status":"closed","template":"","meta":[],"pwb-brand":[],"product_cat":[3031],"product_tag":[37],"class_list":{"0":"post-32325","1":"product","2":"type-product","3":"status-publish","4":"has-post-thumbnail","6":"product_cat-he-dieu-hanh","7":"product_tag-fit","9":"first","10":"instock","11":"shipping-taxable","12":"product-type-simple"},"brands":[],"_links":{"self":[{"href":"https:\/\/azsoft.com\/id\/wp-json\/wp\/v2\/product\/32325","targetHints":{"allow":["GET"]}}],"collection":[{"href":"https:\/\/azsoft.com\/id\/wp-json\/wp\/v2\/product"}],"about":[{"href":"https:\/\/azsoft.com\/id\/wp-json\/wp\/v2\/types\/product"}],"replies":[{"embeddable":true,"href":"https:\/\/azsoft.com\/id\/wp-json\/wp\/v2\/comments?post=32325"}],"wp:featuredmedia":[{"embeddable":true,"href":"https:\/\/azsoft.com\/id\/wp-json\/wp\/v2\/media\/32326"}],"wp:attachment":[{"href":"https:\/\/azsoft.com\/id\/wp-json\/wp\/v2\/media?parent=32325"}],"wp:term":[{"taxonomy":"pwb-brand","embeddable":true,"href":"https:\/\/azsoft.com\/id\/wp-json\/wp\/v2\/pwb-brand?post=32325"},{"taxonomy":"product_cat","embeddable":true,"href":"https:\/\/azsoft.com\/id\/wp-json\/wp\/v2\/product_cat?post=32325"},{"taxonomy":"product_tag","embeddable":true,"href":"https:\/\/azsoft.com\/id\/wp-json\/wp\/v2\/product_tag?post=32325"}],"curies":[{"name":"wp","href":"https:\/\/api.w.org\/{rel}","templated":true}]}}