{"id":21372,"date":"2024-07-11T16:58:33","date_gmt":"2024-07-11T09:58:33","guid":{"rendered":"http:\/\/azsoft.com\/-product-\/uncategorized\/60-vi-du-ve-cac-du-an-phat-trien-to-chuc-thanh-cong-va-co-van-de-sach-dien-tu\/"},"modified":"2024-07-11T16:58:40","modified_gmt":"2024-07-11T09:58:40","slug":"60-vi-du-ve-cac-du-an-phat-trien-to-chuc-thanh-cong-va-co-van-de-sach-dien-tu","status":"publish","type":"product","link":"https:\/\/azsoft.com\/id\/-product-\/phan-mem\/e-books\/60-vi-du-ve-cac-du-an-phat-trien-to-chuc-thanh-cong-va-co-van-de-sach-dien-tu\/","title":{"rendered":"60 v\u00ed d\u1ee5 v\u1ec1 c\u00e1c d\u1ef1 \u00e1n ph\u00e1t tri\u1ec3n t\u1ed5 ch\u1ee9c th\u00e0nh c\u00f4ng v\u00e0 c\u00f3 v\u1ea5n \u0111\u1ec1. S\u00e1ch \u0111i\u1ec7n t\u1eed"},"content":{"rendered":"<div class=\"b-product__description_text\">\n<p>Cu\u1ed1n s\u00e1ch n\u00e0y th\u1ea3o lu\u1eadn v\u1ec1 c\u00e1c v\u00ed d\u1ee5 v\u1ec1 c\u00e1c d\u1ef1 \u00e1n th\u00e0nh c\u00f4ng v\u00e0 c\u00f3 v\u1ea5n \u0111\u1ec1 \u0111\u1ec3 ph\u00e1t tri\u1ec3n t\u1ed5 ch\u1ee9c, m\u00f4 t\u1ea3 v\u00e0 t\u1ed1i \u01b0u h\u00f3a c\u00e1c quy tr\u00ecnh kinh doanh v\u00e0 x\u00e2y d\u1ef1ng ki\u1ebfn tr\u00fac kinh doanh m\u00e0 t\u00e1c gi\u1ea3 \u0111\u00e3 tham gia trong nh\u1eefng n\u0103m qua. M\u1ed7i ph\u1ea7n trong s\u1ed1 10 ph\u1ea7n ch\u1ee9a kinh nghi\u1ec7m th\u1ef1c t\u1ebf (tr\u01b0\u1eddng h\u1ee3p kinh doanh) c\u1ee7a 6 t\u1ed5 ch\u1ee9c c\u00f3 quy m\u00f4 kh\u00e1c nhau v\u00e0 chi ti\u1ebft c\u1ee5 th\u1ec3 v\u1ec1 ho\u1ea1t \u0111\u1ed9ng c\u1ee7a h\u1ecd. \u0110\u1ed1i v\u1edbi m\u1ed7i d\u1ef1 \u00e1n th\u00e0nh c\u00f4ng, c\u00e1c y\u1ebfu t\u1ed1 g\u00f3p ph\u1ea7n v\u00e0o th\u00e0nh c\u00f4ng \u0111\u00e3 \u0111\u01b0\u1ee3c xem x\u00e9t v\u00e0 \u0111\u1ed1i v\u1edbi c\u00e1c d\u1ef1 \u00e1n c\u00f3 v\u1ea5n \u0111\u1ec1, m\u1ed9t ph\u00e2n t\u00edch v\u1ec1 l\u00fd do v\u00e0 khuy\u1ebfn ngh\u1ecb \u0111\u00e3 \u0111\u01b0\u1ee3c \u0111\u01b0a ra. B\u1ea1n n\u00ean \u0111\u1ecdc t\u1ea5t c\u1ea3 60 v\u00ed d\u1ee5 (tr\u01b0\u1eddng h\u1ee3p kinh doanh) \u0111\u1ec3 xem x\u00e9t \u0111\u1ea7y \u0111\u1ee7 v\u00e0 s\u1eed d\u1ee5ng trong<\/p>\n<p> c\u00f4ng vi\u1ec7c th\u1ef1c t\u1ebf. <\/p>\n<p>Th\u00f4ng tin \u0111\u01b0\u1ee3c \u0111\u1ec1 xu\u1ea5t s\u1ebd h\u1eefu \u00edch cho m\u1ed9t lo\u1ea1t c\u00e1c nh\u00e0 qu\u1ea3n l\u00fd v\u00e0 chuy\u00ean gia (nh\u00e0 ph\u00e2n t\u00edch kinh doanh, ki\u1ebfn tr\u00fac s\u01b0 kinh doanh, nh\u00e0 ph\u00e2n t\u00edch h\u1ec7 th\u1ed1ng, chuy\u00ean gia CNTT, nh\u00e0 ph\u01b0\u01a1ng ph\u00e1p h\u1ecdc, qu\u1ea3n l\u00fd d\u1ef1 \u00e1n, chuy\u00ean gia ph\u00e1t tri\u1ec3n t\u1ed5 ch\u1ee9c, qu\u1ea3n l\u00fd r\u1ee7i ro, ki\u1ec3m to\u00e1n vi\u00ean). T\u1ea5t c\u1ea3 c\u00e1c v\u00ed d\u1ee5 \u0111\u01b0\u1ee3c xem x\u00e9t (tr\u01b0\u1eddng h\u1ee3p kinh doanh), khuy\u1ebfn ngh\u1ecb v\u00e0 k\u1ebft lu\u1eadn c\u00f3 th\u1ec3 \u0111\u01b0\u1ee3c \u00e1p d\u1ee5ng th\u00e0nh c\u00f4ng cho c\u00e1c t\u1ed5 ch\u1ee9c trong t\u1ea5t c\u1ea3 c\u00e1c ng\u00e0nh, b\u1ea5t k\u1ec3 t\u1eebng v\u00ed d\u1ee5 c\u1ee5 th\u1ec3 thu\u1ed9c v\u1ec1 ng\u00e0nh n\u00e0o.<\/p>\n<p><b>T\u00e1c gi\u1ea3 c\u1ee7a cu\u1ed1n s\u00e1ch<\/b>: Isayev Roman Alexandrovich. M\u1ed9t chuy\u00ean gia h\u00e0ng \u0111\u1ea7u c\u1ee7a Nga v\u1ec1 ph\u00e1t tri\u1ec3n t\u1ed5 ch\u1ee9c, ph\u00e1t tri\u1ec3n v\u00e0 t\u1ed1i \u01b0u h\u00f3a c\u00e1c ki\u1ebfn tr\u00fac kinh doanh v\u00e0 h\u1ec7 th\u1ed1ng qu\u1ea3n l\u00fd. Qu\u1ea3n l\u00fd d\u1ef1 \u00e1n ph\u00e1t tri\u1ec3n t\u1ed5 ch\u1ee9c v\u00e0 doanh nghi\u1ec7p, hu\u1ea5n<\/p>\n<\/div>\n<p> luy\u1ec7n vi\u00ean kinh doanh.<\/p>","protected":false},"excerpt":{"rendered":"<p>Cu\u1ed1n s\u00e1ch n\u00e0y th\u1ea3o lu\u1eadn v\u1ec1 c\u00e1c v\u00ed d\u1ee5 v\u1ec1 c\u00e1c d\u1ef1 \u00e1n th\u00e0nh c\u00f4ng v\u00e0 c\u00f3 v\u1ea5n \u0111\u1ec1 \u0111\u1ec3 ph\u00e1t tri\u1ec3n t\u1ed5 ch\u1ee9c, m\u00f4 t\u1ea3 v\u00e0 t\u1ed1i \u01b0u h\u00f3a c\u00e1c quy tr\u00ecnh kinh doanh v\u00e0 x\u00e2y d\u1ef1ng ki\u1ebfn tr\u00fac kinh doanh. \u0110\u1ed1i v\u1edbi m\u1ed7i d\u1ef1 \u00e1n th\u00e0nh c\u00f4ng, c\u00e1c y\u1ebfu t\u1ed1 g\u00f3p ph\u1ea7n v\u00e0o th\u00e0nh c\u00f4ng \u0111\u00e3 \u0111\u01b0\u1ee3c xem x\u00e9t v\u00e0 \u0111\u1ed1i v\u1edbi c\u00e1c d\u1ef1 \u00e1n c\u00f3 v\u1ea5n \u0111\u1ec1, m\u1ed9t ph\u00e2n t\u00edch v\u1ec1 l\u00fd do v\u00e0 khuy\u1ebfn ngh\u1ecb \u0111\u00e3 \u0111\u01b0\u1ee3c \u0111\u01b0a ra. Th\u00f4ng tin \u0111\u01b0\u1ee3c \u0111\u1ec1 xu\u1ea5t s\u1ebd h\u1eefu \u00edch cho m\u1ed9t lo\u1ea1t c\u00e1c chuy\u00ean gia (nh\u00e0 ph\u00e2n t\u00edch kinh doanh, nh\u00e0 ph\u00e2n t\u00edch h\u1ec7 th\u1ed1ng, chuy\u00ean gia CNTT, qu\u1ea3n l\u00fd d\u1ef1 \u00e1n, chuy\u00ean gia ph\u00e1t tri\u1ec3n t\u1ed5 ch\u1ee9c, qu\u1ea3n l\u00fd r\u1ee7i ro, v.v.) v\u00e0 c\u00f3 th\u1ec3 \u00e1p d\u1ee5ng cho t\u1ea5t c\u1ea3 c\u00e1c l\u0129nh v\u1ef1c c\u1ee7a n\u1ec1n kinh t\u1ebf. \u0110\u00e2y l\u00e0 l\u1ea7n \u0111\u1ea7u ti\u00ean m\u1ed9t kh\u1ed1i th\u00f4ng tin th\u1ef1c t\u1ebf \u0111\u1ed9c \u0111\u00e1o nh\u01b0 v\u1eady \u0111\u01b0\u1ee3c xu\u1ea5t b\u1ea3n nh\u01b0 m\u1ed9t ph\u1ea7n c\u1ee7a m\u1ed9t b\u1ed9 s\u01b0u t\u1eadp (cu\u1ed1n s\u00e1ch) duy nh\u1ea5t<\/p>\n<p>.<\/p>","protected":false},"featured_media":21373,"comment_status":"closed","ping_status":"closed","template":"","meta":[],"pwb-brand":[],"product_cat":[3026],"product_tag":[3507,25],"class_list":{"0":"post-21372","1":"product","2":"type-product","3":"status-publish","4":"has-post-thumbnail","6":"product_cat-e-books","7":"product_tag-cong-nghe-quan-ly-va-phat-trien-to-chuc","8":"product_tag-man","10":"first","11":"instock","12":"shipping-taxable","13":"product-type-simple"},"brands":[],"_links":{"self":[{"href":"https:\/\/azsoft.com\/id\/wp-json\/wp\/v2\/product\/21372","targetHints":{"allow":["GET"]}}],"collection":[{"href":"https:\/\/azsoft.com\/id\/wp-json\/wp\/v2\/product"}],"about":[{"href":"https:\/\/azsoft.com\/id\/wp-json\/wp\/v2\/types\/product"}],"replies":[{"embeddable":true,"href":"https:\/\/azsoft.com\/id\/wp-json\/wp\/v2\/comments?post=21372"}],"wp:featuredmedia":[{"embeddable":true,"href":"https:\/\/azsoft.com\/id\/wp-json\/wp\/v2\/media\/21373"}],"wp:attachment":[{"href":"https:\/\/azsoft.com\/id\/wp-json\/wp\/v2\/media?parent=21372"}],"wp:term":[{"taxonomy":"pwb-brand","embeddable":true,"href":"https:\/\/azsoft.com\/id\/wp-json\/wp\/v2\/pwb-brand?post=21372"},{"taxonomy":"product_cat","embeddable":true,"href":"https:\/\/azsoft.com\/id\/wp-json\/wp\/v2\/product_cat?post=21372"},{"taxonomy":"product_tag","embeddable":true,"href":"https:\/\/azsoft.com\/id\/wp-json\/wp\/v2\/product_tag?post=21372"}],"curies":[{"name":"wp","href":"https:\/\/api.w.org\/{rel}","templated":true}]}}