{"id":10780,"date":"2024-07-08T18:15:32","date_gmt":"2024-07-08T11:15:32","guid":{"rendered":"http:\/\/azsoft.com\/-product-\/uncategorized\/microsoft-365-ca-nhan-theo-dang-ky\/"},"modified":"2024-07-13T14:12:09","modified_gmt":"2024-07-13T07:12:09","slug":"microsoft-365-ca-nhan-theo-dang-ky","status":"publish","type":"product","link":"https:\/\/azsoft.com\/id\/-product-\/phan-mem\/microsoft-365-ca-nhan-theo-dang-ky\/","title":{"rendered":"Microsoft 365 c? nh?n theo ??ng k?"},"content":{"rendered":"<div class=\"b-product__description_text\">\n<h1><strong>So s\u00e1nh c\u00e1c t\u00ednh n\u0103ng c\u1ee7a Office<\/strong><\/h1>\n<\/p>\n<p><img decoding=\"async\" src=\"http:\/\/azsoft.com\/wp-content\/uploads\/2024\/07\/365-fam-5.png\" alt=\"microsoft-office-365-personal\" title=\"365-fam-5\"><img decoding=\"async\" src=\"http:\/\/azsoft.com\/wp-content\/uploads\/2024\/07\/365-pers-5.png\" alt=\"microsoft-office-365-personal\" title=\"365-pers-5\"><img decoding=\"async\" src=\"http:\/\/azsoft.com\/wp-content\/uploads\/2024\/07\/hom-of-5.png\" alt=\"microsoft-office-365-personal\" title=\"hom-of-5\"><\/p>\n<p><!--\/div--><\/p>\n<p><a name=\"compare-functions-microsoft-office-365\"><\/a>C\u00e1c <a style=\"text-decoration: none\" href=\"https:\/\/azsoft.com\/id\/software\/vendors\/microsoft\/microsoft-office-365-personal\/#buy\">t\u00f9y ch\u1ecdn mua<\/a> <a style=\"text-decoration: none\" href=\"https:\/\/azsoft.com\/id\/software\/vendors\/microsoft\/microsoft-office-365-personal\/#top\">h\u00e0ng \u0111\u1ea7u<\/a><\/p>\n<p><\/p>\n<h2 id=\"advantages-microsoft-office-365-personal\">C\u00e1c t\u00ednh n\u0103ng s\u1eed d\u1ee5ng:<\/h2>\n<ul>\n<li dir=\"ltr\">\n<p dir=\"ltr\">Microsoft 365 Personal l\u00e0 m\u1ed9t t\u00f9y ch\u1ecdn \u0111\u0103ng k\u00fd m\u1ed9t ng\u01b0\u1eddi d\u00f9ng cho b\u1ed9 \u1ee9ng d\u1ee5ng v\u0103n ph\u00f2ng c\u1ee7a Microsoft.<\/p>\n<\/li>\n<li dir=\"ltr\">\n<p dir=\"ltr\">\u0110\u0103ng k\u00fd cho ph\u00e9p b\u1ea1n k\u1ebft n\u1ed1i nhi\u1ec1u thi\u1ebft b\u1ecb &#8211; m\u00e1y t\u00ednh, m\u00e1y t\u00ednh b\u1ea3ng, \u0111i\u1ec7n tho\u1ea1i Windows, Android ho\u1eb7c iOS.<\/p>\n<\/li>\n<li dir=\"ltr\">\n<p dir=\"ltr\">\u0110\u1ec3 l\u00e0m vi\u1ec7c v\u1edbi Microsoft 365, b\u1ea1n c\u1ea7n k\u1ebft n\u1ed1i internet: \u0111\u0103ng k\u00fd, t\u1ea1o c\u00e0i \u0111\u1eb7t c\u00e1 nh\u00e2n, l\u00e0m vi\u1ec7c v\u1edbi t\u00e0i li\u1ec7u v\u00e0 gi\u1eef li\u00ean l\u1ea1c b\u1ea5t c\u1ee9 l\u00fac n\u00e0o, \u1edf nh\u00e0 v\u00e0 khi \u0111ang di chuy\u1ec3n.<\/p>\n<\/li>\n<li dir=\"ltr\">\n<p dir=\"ltr\">N\u1ebfu b\u1ea1n c\u1ea7n truy c\u1eadp nhi\u1ec1u ng\u01b0\u1eddi d\u00f9ng h\u01a1n, h\u00e3y xem x\u00e9t \u0111\u0103ng k\u00fd <a href=\"https:\/\/azsoft.com\/id\/software\/cloud-services\/rabota-s-dokumentami\/microsoft-office-365-family\/\">Microsoft 365 Family, cho ph\u00e9p b\u1ea1n k\u1ebft n\u1ed1i t\u1ed1i \u0111a 6 ng\u01b0\u1eddi d\u00f9ng.<\/a><\/p>\n<\/li>\n<li dir=\"ltr\">\n<p dir=\"ltr\">B\u1ea1n ch\u1ec9 c\u00f3 th\u1ec3 k\u00edch ho\u1ea1t ph\u1ea7n m\u1ec1m \u1edf Nga, ngo\u1ea1i tr\u1eeb C\u1ed9ng h\u00f2a Crimea.<\/p>\n<\/li>\n<li dir=\"ltr\">\n<p dir=\"ltr\">Ch\u01b0\u01a1ng tr\u00ecnh ch\u1ec9 d\u00e0nh cho m\u1ee5c \u0111\u00edch phi th\u01b0\u01a1ng m\u1ea1i.<\/p>\n<\/li>\n<li dir=\"ltr\">\n<p dir=\"ltr\">C\u00e1c g\u00f3i ng\u00f4n ng\u1eef b\u1ed5 sung c\u00f3 th\u1ec3 \u0111\u01b0\u1ee3c t\u1ea3i xu\u1ed1ng sau khi c\u00e0i \u0111\u1eb7t ch\u01b0\u01a1ng tr\u00ecnh.<\/p>\n<\/li>\n<\/ul>\n<h2 id=\"functions-microsoft-office-365-personal\">C\u00e1c t\u00ednh n\u0103ng v\u00e0 t\u00ednh n\u0103ng c\u1ee7a Microsoft 365 Personal:<\/h2>\n<ul>\n<li dir=\"ltr\">\n<p dir=\"ltr\">Word &#8211; t\u1ea1o, ch\u1ec9nh s\u1eeda v\u00e0 \u0111\u1ecbnh d\u1ea1ng t\u00e0i li\u1ec7u, nh\u1eadp v\u00e0 ch\u1ec9nh s\u1eeda v\u0103n b\u1ea3n, c\u00e1c c\u00f4ng c\u1ee5 ch\u1ec9nh s\u1eeda th\u00f4ng minh v\u00e0 \u0111\u1ec1 xu\u1ea5t.<\/p>\n<\/li>\n<li dir=\"ltr\">\n<p dir=\"ltr\">Excel v\u1edbi kh\u1ea3 n\u0103ng ph\u00e2n t\u00edch nhanh. Ph\u00e2n t\u00edch d\u1eef li\u1ec7u hi\u1ec7u qu\u1ea3 do m\u1ed9t lo\u1ea1t c\u00e1c ch\u1ee9c n\u0103ng \u0111\u1ec3 t\u1ea1o bi\u1ec3u \u0111\u1ed3 v\u00e0 \u0111\u1ed3 th\u1ecb, c\u0169ng nh\u01b0 kh\u1ea3 n\u0103ng t\u1ea1o<\/p>\n<\/li>\n<p> t\u00e0i li\u1ec7u b\u00e1o c\u00e1o.<\/p>\n<li dir=\"ltr\">\n<p dir=\"ltr\">Outlook \u0111\u1ec3 nh\u1eadn v\u00e0 g\u1eedi email v\u1edbi c\u00e1c t\u00ednh n\u0103ng s\u1eafp x\u1ebfp v\u00e0 x\u1eed l\u00fd email \u0111\u01b0\u1ee3c c\u1ea3i thi\u1ec7n. M\u1ed9t giao di\u1ec7n duy nh\u1ea5t k\u1ebft h\u1ee3p d\u1ecbch v\u1ee5 b\u01b0u ch\u00ednh v\u00e0 c\u00f4ng c\u1ee5 t\u00ecm ki\u1ebfm, m\u1ea1ng x\u00e3 h\u1ed9i c\u00e1 nh\u00e2n v\u00e0 c\u00f4ng ty v\u00e0 c\u00e1c ph\u01b0\u01a1ng ti\u1ec7n li\u00ean l\u1ea1c kh\u00e1c<\/p>\n<\/li>\n<p>.<\/p>\n<li dir=\"ltr\">\n<p dir=\"ltr\">OneNote &#8211; s\u1ed5 ghi ch\u00e9p s\u1ebd gi\u00fap b\u1ea1n nhanh ch\u00f3ng t\u1ea1o, ch\u1ec9nh s\u1eeda, v\u1ebd ghi ch\u00fa tr\u00ean b\u1ea5t k\u1ef3 thi\u1ebft b\u1ecb n\u00e0o, bao g\u1ed3m \u0111\u00ednh k\u00e8m h\u1ea7u h\u1ebft m\u1ecdi t\u1ec7p v\u00e0o b\u1ea5t k\u1ef3 ph\u1ea7n n\u00e0o trong ghi ch\u00fa c\u1ee7a b\u1ea1n. \u1ee8ng d\u1ee5ng n\u00e0y \u0111\u1eb7c bi\u1ec7t thu\u1eadn ti\u1ec7n cho c\u00e1c thi\u1ebft b\u1ecb m\u00e1y t\u00ednh b\u1ea3ng do h\u1ed7 tr\u1ee3 ch\u1eef vi\u1ebft tay \u0111\u1ec3 th\u00eam ghi ch\u00fa, b\u1ea3n v\u1ebd<\/p>\n<\/li>\n<p> v\u00e0 nh\u1eadn x\u00e9t b\u1eb1ng gi\u1ecdng n\u00f3i.<\/p>\n<li dir=\"ltr\">\n<p dir=\"ltr\">PowerPoint &#8211; \u0111\u1ec3 t\u1ea1o c\u00e1c b\u00e0i thuy\u1ebft tr\u00ecnh tuy\u1ec7t v\u1eddi, mang \u0111\u1ebfn cho c\u00e1c slide m\u1ed9t giao di\u1ec7n phong c\u00e1ch v\u00e0 chuy\u00ean nghi\u1ec7p, chuy\u1ec3n ti\u1ebfp, ch\u00e8n n\u0103ng \u0111\u1ed9ng v\u00e0 ho\u1ea1t h\u00ecnh, th\u00eam \u00e2m thanh, \u1ea3nh v\u00e0 video. H\u1ed7 tr\u1ee3 m\u00e0n h\u00ecnh \u0111\u1ed9 ph\u00e2n gi\u1ea3i cao<\/p>\n<\/li>\n<p>.<\/p>\n<li dir=\"ltr\">\n<p dir=\"ltr\">Access (ch\u1ec9 d\u00e0nh cho m\u00e1y t\u00ednh \u0111\u1ec3 b\u00e0n) gi\u00fap b\u1ea1n c\u00f3 th\u1ec3 qu\u1ea3n l\u00fd c\u01a1 s\u1edf d\u1eef li\u1ec7u, m\u1eabu v\u00e0 c\u01a1 s\u1edf d\u1eef li\u1ec7u web, \u0111\u1ea3m b\u1ea3o t\u00ednh to\u00e0n v\u1eb9n d\u1eef li\u1ec7u v\u00e0 hi\u1ec7u su\u1ea5t cao.<\/p>\n<\/li>\n<li dir=\"ltr\">\n<p dir=\"ltr\">Nh\u00e0 xu\u1ea5t b\u1ea3n (ch\u1ec9 d\u00e0nh cho m\u00e1y t\u00ednh \u0111\u1ec3 b\u00e0n) \u0111\u1ec3 t\u1ea1o \u1ea5n ph\u1ea9m \u0111\u1ed9ng, th\u00eam v\u00e0 t\u00f9y ch\u1ec9nh c\u00e1c b\u1ea3n ph\u00e1c th\u1ea3o tr\u01b0\u1edbc c\u1ee7a c\u00e1c kh\u1ed1i n\u1ed9i dung, \u00e1p d\u1ee5ng c\u00e1c hi\u1ec7u \u1ee9ng chuy\u00ean nghi\u1ec7p cho v\u0103n b\u1ea3n, b\u1ea3n v\u1ebd v\u00e0 h\u00ecnh d\u1ea1ng (ch\u1eb3ng h\u1ea1n nh\u01b0 b\u00f3ng m\u1ec1m, ph\u1ea3n chi\u1ebfu v\u00e0 c\u00e1c t\u00ednh n\u0103ng OpenType kh\u00e1c nh\u01b0 bi\u1ebfn th\u1ec3 phong c\u00e1ch v\u00e0 ch\u1eef gh\u00e9p).<\/p>\n<\/li>\n<li dir=\"ltr\">\n<p dir=\"ltr\">Skype &#8211; 60 ph\u00fat g\u1ecdi \u0111\u1ebfn h\u01a1n 60 \u0111i\u1ec3m \u0111\u1ebfn tr\u00ean kh\u1eafp th\u1ebf gi\u1edbi m\u1ed7i th\u00e1ng.<\/p>\n<\/li>\n<li dir=\"ltr\">\n<p dir=\"ltr\">OneDrive l\u00e0 m\u1ed9t d\u1ecbch v\u1ee5 \u0111\u00e1m m\u00e2y \u0111\u00e1ng tin c\u1eady cho ph\u00e9p b\u1ea1n l\u00e0m vi\u1ec7c c\u00f9ng nhau trong th\u1eddi gian th\u1ef1c cho ph\u00e9p b\u1ea1n th\u1ef1c hi\u1ec7n c\u00e1c k\u1ebf ho\u1ea1ch v\u00e0 \u00fd t\u01b0\u1edfng c\u1ee7a m\u00ecnh nhanh h\u01a1n.<\/p>\n<\/li>\n<li dir=\"ltr\">\n<p dir=\"ltr\">Truy c\u1eadp th\u01b0\u1eddng xuy\u00ean, li\u00ean t\u1ee5c v\u00e0o phi\u00ean b\u1ea3n m\u1edbi nh\u1ea5t c\u1ee7a d\u1ecbch v\u1ee5 \u0111\u01b0\u1ee3c c\u00e1 nh\u00e2n h\u00f3a.<\/p>\n<\/li>\n<li dir=\"ltr\">\n<p dir=\"ltr\">Kh\u1ea3 n\u0103ng c\u00e0i \u0111\u1eb7t c\u00e1c \u1ee9ng d\u1ee5ng ph\u1ed5 bi\u1ebfn tr\u00ean m\u00e1y t\u00ednh Mac, PC, thi\u1ebft b\u1ecb iPad v\u00e0 Android v\u00e0 m\u00e1y t\u00ednh b\u1ea3ng Windows.<\/p>\n<\/li>\n<li dir=\"ltr\">\n<p dir=\"ltr\">1TB dung l\u01b0\u1ee3ng l\u01b0u tr\u1eef tr\u1ef1c tuy\u1ebfn OneDrive cho m\u1ed7i 6 ng\u01b0\u1eddi d\u00f9ng.<\/p>\n<\/li>\n<li dir=\"ltr\">\n<p dir=\"ltr\">C\u00e1c m\u1eabu phong c\u00e1ch v\u00e0 danh s\u00e1ch c\u00e1c t\u00e0i li\u1ec7u \u0111\u00e3 xem g\u1ea7n \u0111\u00e2y.<\/p>\n<\/li>\n<li dir=\"ltr\">\n<p dir=\"ltr\">T\u1ef1 \u0111\u1ed9ng l\u01b0u t\u1ea5t c\u1ea3 t\u00e0i li\u1ec7u v\u00e0o \u0111\u00e1m m\u00e2y SkyDrive khi c\u00f3 internet.<\/p>\n<\/li>\n<li dir=\"ltr\">\n<p dir=\"ltr\">L\u00e0m vi\u1ec7c tr\u00ean c\u00e1c nhi\u1ec7m v\u1ee5 v\u00e0 d\u1ef1 \u00e1n chung th\u00f4ng qua kh\u1ea3 n\u0103ng chia s\u1ebb t\u00e0i li\u1ec7u tr\u00ean \u0111\u00e1m m\u00e2y.<\/p>\n<\/li>\n<li dir=\"ltr\">\n<p dir=\"ltr\">Truy c\u1eadp \u0111\u1ea7y \u0111\u1ee7 v\u00e0o t\u00e0i li\u1ec7u c\u1ee7a b\u1ea1n t\u1eeb b\u1ea5t k\u1ef3 PC ho\u1eb7c thi\u1ebft b\u1ecb n\u00e0o \u0111\u01b0\u1ee3c k\u1ebft n\u1ed1i v\u1edbi Internet (ch\u1ec9 d\u00e0nh cho h\u1ec7 \u0111i\u1ec1u h\u00e0nh Windows).<\/p>\n<\/li>\n<li dir=\"ltr\">\n<p dir=\"ltr\">C\u00e1c \u1ee9ng d\u1ee5ng Office \u0111\u1ea7y \u0111\u1ee7 ch\u1ee9c n\u0103ng tr\u00ean 6 m\u00e1y t\u00ednh b\u1ea3ng v\u00e0 6 \u0111i\u1ec7n tho\u1ea1i cho m\u1ed7i ng\u01b0\u1eddi d\u00f9ng.<\/p>\n<\/li>\n<\/ul><\/div>","protected":false},"excerpt":{"rendered":"<p>Microsoft 365 Personal l\u00e0 m\u1ed9t t\u00f9y ch\u1ecdn \u0111\u0103ng k\u00fd m\u1ed9t ng\u01b0\u1eddi d\u00f9ng m\u1edbi cho c\u00e1c s\u1ea3n ph\u1ea9m v\u0103n ph\u00f2ng c\u1ee7a Microsoft. Gi\u1ea3i ph\u00e1p bao g\u1ed3m \u0111\u0103ng k\u00fd cho c\u00e1c \u1ee9ng d\u1ee5ng v\u0103n ph\u00f2ng ph\u1ed5 bi\u1ebfn: Word, Excel, PowerPoint, Outlook, Publisher, OneNote v\u00e0<\/p>\n<p> Access.<\/p>","protected":false},"featured_media":10781,"comment_status":"closed","ping_status":"closed","template":"","meta":[],"pwb-brand":[3988],"product_cat":[2836],"product_tag":[25],"class_list":{"0":"post-10780","1":"product","2":"type-product","3":"status-publish","4":"has-post-thumbnail","6":"pwb-brand-microsoft","7":"product_cat-phan-mem","8":"product_tag-man","10":"first","11":"instock","12":"shipping-taxable","13":"product-type-simple"},"brands":[{"id":3988,"name":"Microsoft","slug":"microsoft"}],"_links":{"self":[{"href":"https:\/\/azsoft.com\/id\/wp-json\/wp\/v2\/product\/10780","targetHints":{"allow":["GET"]}}],"collection":[{"href":"https:\/\/azsoft.com\/id\/wp-json\/wp\/v2\/product"}],"about":[{"href":"https:\/\/azsoft.com\/id\/wp-json\/wp\/v2\/types\/product"}],"replies":[{"embeddable":true,"href":"https:\/\/azsoft.com\/id\/wp-json\/wp\/v2\/comments?post=10780"}],"wp:featuredmedia":[{"embeddable":true,"href":"https:\/\/azsoft.com\/id\/wp-json\/wp\/v2\/media\/10781"}],"wp:attachment":[{"href":"https:\/\/azsoft.com\/id\/wp-json\/wp\/v2\/media?parent=10780"}],"wp:term":[{"taxonomy":"pwb-brand","embeddable":true,"href":"https:\/\/azsoft.com\/id\/wp-json\/wp\/v2\/pwb-brand?post=10780"},{"taxonomy":"product_cat","embeddable":true,"href":"https:\/\/azsoft.com\/id\/wp-json\/wp\/v2\/product_cat?post=10780"},{"taxonomy":"product_tag","embeddable":true,"href":"https:\/\/azsoft.com\/id\/wp-json\/wp\/v2\/product_tag?post=10780"}],"curies":[{"name":"wp","href":"https:\/\/api.w.org\/{rel}","templated":true}]}}