{"id":38011,"date":"2024-08-08T10:53:38","date_gmt":"2024-08-08T03:53:38","guid":{"rendered":"http:\/\/azsoft.com\/-product-\/uncategorized\/phan-mem-kaspersky-hybrid-cloud-security-enterprise-cpu\/"},"modified":"2024-08-08T10:57:06","modified_gmt":"2024-08-08T03:57:06","slug":"phan-mem-kaspersky-hybrid-cloud-security-enterprise-cpu","status":"publish","type":"product","link":"https:\/\/azsoft.com\/hi\/-product-\/phan-mem\/phan-mem-bao-mat\/bao-mat-he-thong\/phan-mem-kaspersky-hybrid-cloud-security-enterprise-cpu\/","title":{"rendered":"Ph\u1ea7n m\u1ec1m Kaspersky Hybrid Cloud Security Enterprise, CPU"},"content":{"rendered":"<div class=\"product attribute description\">\n<div class=\"value\">\n<div class=\"magezon-builder magezon-builder-preload\">\n<div class=\"uyejww0 mgz-element mgz-element-row full_width_row\">\n<div class=\"mgz-element-inner uyejww0-s\">\n<div class=\"inner-content mgz-container\">\n<div class=\"gul2555 mgz-element mgz-element-column mgz-col-xs-12\">\n<div class=\"mgz-element-inner gul2555-s\">\n<div class=\"iao7ed0 mgz-element mgz-child mgz-element-text\">\n<div class=\"mgz-element-inner iao7ed0-s\">\n<p><span style=\"font-size: 18px\"><strong>T\u1ed5ng quan<\/strong><\/span><\/p>\n<table border=\"0\" style=\"width: 100%;border-collapse: collapse\">\n<tbody>\n<tr>\n<td style=\"width: 21.4625%\">\n<ul>\n<li>1 year<\/li>\n<li>Enterprise<\/li>\n<\/ul>\n<\/td>\n<td style=\"width: 78.5375%\">\n<ul>\n<li>Win<\/li>\n<li>CPU<\/li>\n<\/ul>\n<\/td>\n<\/tr>\n<\/tbody>\n<\/table>\n<p><span style=\"font-size: 18px\"><strong>S\u1ea3n ph\u1ea9m<\/strong><\/span><\/p>\n<p><span style=\"font-size: 14px\">Kaspersky Hybrid Cloud Security Enterprise, CPU<\/span><\/p>\n<p><span style=\"font-size: 14px\">Kaspersky Hybrid Cloud Security Enterprise l\u00e0 m\u1ed9t gi\u1ea3i ph\u00e1p b\u1ea3o m\u1eadt m\u1ea1ng v\u00e0 \u0111\u00e1m m\u00e2y d\u00e0nh cho m\u00f4i tr\u01b0\u1eddng doanh nghi\u1ec7p. V\u1ec1 CPU, s\u1ea3n ph\u1ea9m n\u00e0y y\u00eau c\u1ea7u m\u1ed9t m\u00f4i tr\u01b0\u1eddng m\u00e1y ch\u1ee7 c\u00f3 s\u1ef1 h\u1ed7 tr\u1ee3 v\u00e0 hi\u1ec7u su\u1ea5t CPU \u0111\u1ee7 m\u1ea1nh \u0111\u1ec3 x\u1eed l\u00fd c\u00e1c nhi\u1ec7m v\u1ee5 b\u1ea3o m\u1eadt ph\u1ee9c t\u1ea1p. Kaspersky Hybrid Cloud Security Enterprise s\u1eed d\u1ee5ng CPU \u0111\u1ec3 th\u1ef1c hi\u1ec7n c\u00e1c ho\u1ea1t \u0111\u1ed9ng qu\u00e9t v\u00e0 ph\u00e2n t\u00edch t\u1ec7p, gi\u00e1m s\u00e1t m\u1ea1ng, v\u00e0 th\u1ef1c hi\u1ec7n c\u00e1c t\u00ednh n\u0103ng b\u1ea3o m\u1eadt cao c\u1ea5p.\u00a0<\/span><\/p>\n<\/div>\n<\/div>\n<div class=\"k5fptlx mgz-element mgz-element-accordion mgz-element-title-align-center mgz-element-accordion-align-\">\n<div class=\"mgz-element-inner k5fptlx-s\">\n<div class=\"mgz-block\">\n<div class=\"mgz-block-content\">\n<div class=\"mgz-panels mgz-panels-k5fptlx\" data-mage-init='{\"Magezon_PageBuilder\/js\/collapse\":{\"collapsibleAll\": false,\"atLeastOneOpen\": false,\"icon\": \"\",\"activeIcon\": \"\"}}' data-spacing=\"0\" data-gap=\"0\">\n<div class=\"mgz-panel mgz-panel-first mgz-panel-last\">\n<div class=\"mgz-panel-heading mgz-text-left mgz-icon-position-left\">\n<h4 class=\"mgz-panel-heading-title\"><i class=\"mgz-accoridon-icon-plus\"><\/i> <span>Xem th\u00eam <\/span>  <\/h4>\n<\/div>\n<div class=\"mgz-panel-body\">\n<div class=\"mgz-panel-body-inner\">\n<div class=\"ppoy0q8 mgz-element mgz-element-accordion_section\">\n<div class=\"mgz-element-inner ppoy0q8-s\">\n<div class=\"fogpoqq mgz-element mgz-child mgz-element-text\">\n<div class=\"mgz-element-inner fogpoqq-s\">\n<p><strong>Gi\u1edbi thi\u1ec7u s\u1ea3n ph\u1ea9m<\/strong><\/p>\n<p><span style=\"font-size: 14px\">Kaspersky Hybrid Cloud Security Enterprise, CPU <\/span>d\u00e0nh cho CPU l\u00e0 m\u1ed9t gi\u1ea3i ph\u00e1p ti\u00ean ti\u1ebfn v\u00e0 to\u00e0n di\u1ec7n \u0111\u01b0\u1ee3c thi\u1ebft k\u1ebf \u0111\u1ec3 b\u1ea3o v\u1ec7 doanh nghi\u1ec7p c\u1ee7a ng\u01b0\u1eddi d\u00f9ng tr\u00ean \u0111\u00e1m m\u00e2y. Phi\u00ean b\u1ea3n cung c\u1ea5p b\u1ea3o m\u1eadt m\u1ea1nh m\u1ebd v\u00e0 hi\u1ec7u qu\u1ea3, \u0111\u1ea3m b\u1ea3o t\u00ednh to\u00e0n v\u1eb9n c\u1ee7a d\u1eef li\u1ec7u v\u00e0 t\u00ednh b\u1ea3o m\u1eadt th\u00f4ng tin c\u1ee7a ng\u01b0\u1eddi d\u00f9ng. Phi\u00ean b\u1ea3n \u0111\u1eb7c bi\u1ec7t n\u00e0y cung c\u1ea5p c\u00e1c t\u00ednh n\u0103ng ph\u00f9 h\u1ee3p v\u1edbi nhu c\u1ea7u v\u00e0 th\u00e1ch th\u1ee9c c\u1ee7a khu v\u1ef1c, mang l\u1ea1i s\u1ef1 b\u1ea3o v\u1ec7 t\u1ed1i \u01b0u tr\u01b0\u1edbc c\u00e1c m\u1ed1i \u0111e d\u1ecda v\u00e0 t\u1ea5n c\u00f4ng m\u1ea1ng.<\/p>\n<p><img decoding=\"async\" src=\"http:\/\/azsoft.com\/wp-content\/uploads\/2024\/08\/tff-1.jpg\" style=\"margin-left: auto;margin-right: auto\" width=\"291\" height=\"291\" title=\"tff-1\"><\/p>\n<p><strong>\u0110\u1eb7c \u0111i\u1ec3m n\u1ed5i b\u1eadt c\u1ee7a s\u1ea3n ph\u1ea9m<\/strong><\/p>\n<ol>\n<li>\n<p><strong>T\u00edch h\u1ee3p \u0111\u00e1m m\u00e2y<\/strong>: Kaspersky Hybrid Cloud Security Enterprise \u0111\u01b0\u1ee3c thi\u1ebft k\u1ebf \u0111\u1ec3 b\u1ea3o v\u1ec7 m\u00f4i tr\u01b0\u1eddng \u0111\u00e1m m\u00e2y, v\u00e0 CPU \u0111\u00f3ng vai tr\u00f2 quan tr\u1ecdng trong vi\u1ec7c qu\u00e9t, theo d\u00f5i v\u00e0 b\u1ea3o v\u1ec7 c\u00e1c t\u00e0i nguy\u00ean \u0111\u00e1m m\u00e2y. S\u1ea3n ph\u1ea9m n\u00e0y c\u00f3 kh\u1ea3 n\u0103ng t\u00edch h\u1ee3p v\u1edbi c\u00e1c m\u00f4i tr\u01b0\u1eddng \u0111\u00e1m m\u00e2y ph\u1ed5 bi\u1ebfn v\u00e0 y\u00eau c\u1ea7u m\u1ed9t CPU c\u00f3 kh\u1ea3 n\u0103ng x\u1eed l\u00fd t\u1ea3i c\u00f4ng vi\u1ec7c b\u1ea3o m\u1eadt \u1edf m\u1ee9c \u0111\u1ed9 cao.<\/p>\n<\/li>\n<li>\n<p><strong>Kh\u1ea3 n\u0103ng ph\u00e2n t\u00edch t\u1ec7p<\/strong>: Kaspersky Hybrid Cloud Security Enterprise s\u1eed d\u1ee5ng CPU \u0111\u1ec3 th\u1ef1c hi\u1ec7n ph\u00e2n t\u00edch t\u1ec7p chi ti\u1ebft v\u00e0 ph\u00e1t hi\u1ec7n c\u00e1c m\u1ed1i \u0111e d\u1ecda ti\u1ec1m \u1ea9n trong t\u1ec7p. S\u1ea3n ph\u1ea9m n\u00e0y c\u00f3 kh\u1ea3 n\u0103ng ki\u1ec3m tra t\u1ec7p v\u00e0 d\u1eef li\u1ec7u \u0111\u1ebfn t\u1eeb nhi\u1ec1u ngu\u1ed3n kh\u00e1c nhau, bao g\u1ed3m c\u1ea3 \u0111\u00e1m m\u00e2y, do \u0111\u00f3, CPU c\u1ea7n \u0111\u1ee7 m\u1ea1nh \u0111\u1ec3 x\u1eed l\u00fd nhi\u1ec7m v\u1ee5 n\u00e0y m\u1ed9t c\u00e1ch hi\u1ec7u qu\u1ea3.<\/p>\n<\/li>\n<li>\n<p><strong>B\u1ea3o v\u1ec7 m\u1ea1ng trong th\u1eddi gian th\u1ef1c<\/strong>: CPU \u0111\u00f3ng vai tr\u00f2 quan tr\u1ecdng trong vi\u1ec7c th\u1ef1c hi\u1ec7n gi\u00e1m s\u00e1t m\u1ea1ng v\u00e0 ph\u1ea3n \u1ee9ng tr\u01b0\u1edbc c\u00e1c m\u1ed1i \u0111e d\u1ecda trong th\u1eddi gian th\u1ef1c. Kaspersky Hybrid Cloud Security Enterprise cung c\u1ea5p t\u00ednh n\u0103ng b\u1ea3o v\u1ec7 m\u1ea1ng trong th\u1eddi gian th\u1ef1c, y\u00eau c\u1ea7u CPU \u0111\u1ee7 m\u1ea1nh \u0111\u1ec3 x\u1eed l\u00fd l\u01b0u l\u01b0\u1ee3ng m\u1ea1ng v\u00e0 ph\u00e1t hi\u1ec7n s\u1ef1 vi ph\u1ea1m m\u1ea1ng ngay l\u1eadp t\u1ee9c.<\/p>\n<\/li>\n<li>\n<p><strong>T\u01b0\u01a1ng t\u1ef1 v\u00e0 t\u00edch h\u1ee3p API<\/strong>: S\u1ea3n ph\u1ea9m n\u00e0y c\u00f3 kh\u1ea3 n\u0103ng t\u00edch h\u1ee3p v\u1edbi h\u1ec7 th\u1ed1ng v\u00e0 c\u00e1c d\u1ecbch v\u1ee5 \u0111\u00e1m m\u00e2y kh\u00e1c th\u00f4ng qua API, do \u0111\u00f3, CPU c\u1ea7n c\u00f3 kh\u1ea3 n\u0103ng x\u1eed l\u00fd c\u00e1c t\u00e1c v\u1ee5 t\u00edch h\u1ee3p v\u00e0 giao ti\u1ebfp v\u1edbi c\u00e1c t\u00e0i nguy\u00ean \u0111\u00e1m m\u00e2y v\u00e0 h\u1ec7 th\u1ed1ng m\u1ed9t c\u00e1ch hi\u1ec7u qu\u1ea3.<\/p>\n<\/li>\n<\/ol>\n<\/div>\n<\/div>\n<\/div>\n<\/div>\n<\/div>\n<\/div>\n<\/div>\n<\/div>\n<\/div>\n<\/div>\n<\/div>\n<\/div>\n<\/div>\n<\/div>\n<\/div>\n<\/div>\n<\/div>\n<div class=\"fes6nww mgz-element mgz-element-row full_width_row\">\n<div class=\"mgz-element-inner fes6nww-s\">\n<div class=\"inner-content mgz-container\">\n<div class=\"axwkxwk mgz-element mgz-element-column mgz-col-xs-12\">\n<div class=\"mgz-element-inner axwkxwk-s\">\n<div class=\"f43vltl mgz-element mgz-child mgz-element-text\">\n<div class=\"mgz-element-inner f43vltl-s\">\n<p><span style=\"font-size: 18px\"><strong>Th\u00f4ng s\u1ed1 chi ti\u1ebft<\/strong><\/span><\/p>\n<\/div>\n<\/div>\n<\/div>\n<\/div>\n<\/div>\n<\/div>\n<\/div>\n<div class=\"cx9x1d7 mgz-element mgz-element-row full_width_row\">\n<div class=\"mgz-element-inner cx9x1d7-s\">\n<div class=\"inner-content mgz-container\">\n<div class=\"qy9d0k9 mgz-element mgz-element-column mgz-col-md-6\">\n<div class=\"mgz-element-inner qy9d0k9-s\">\n<div class=\"v8q71ew mgz-element mgz-element-accordion mgz-element-title-align-center mgz-element-accordion-align-\">\n<div class=\"mgz-element-inner v8q71ew-s\">\n<div class=\"mgz-block\">\n<div class=\"mgz-block-content\">\n<div class=\"mgz-panels mgz-panels-v8q71ew\" data-mage-init='{\"Magezon_PageBuilder\/js\/collapse\":{\"collapsibleAll\": false,\"atLeastOneOpen\": false,\"icon\": \"\",\"activeIcon\": \"\"}}' data-spacing=\"0\" data-gap=\"0\">\n<div class=\"mgz-panel mgz-panel-first\">\n<div class=\"mgz-panel-heading mgz-text-left mgz-icon-position-left\">\n<h4 class=\"mgz-panel-heading-title\"><i class=\"mgz-accoridon-icon-plus\"><\/i> <span>Overview <\/span>  <\/h4>\n<\/div>\n<div class=\"mgz-panel-body\">\n<div class=\"mgz-panel-body-inner\">\n<div class=\"kojt4we mgz-element mgz-element-accordion_section\">\n<div class=\"mgz-element-inner kojt4we-s\">\n<div class=\"n74uutf mgz-element mgz-child mgz-element-text\">\n<div class=\"mgz-element-inner n74uutf-s\">\n<table border=\"0\">\n<tbody>\n<tr style=\"height: 20px\">\n<td style=\"width: 242.406px;height: 20px\"><strong>Brand:<\/strong><\/td>\n<td style=\"width: 344.594px;height: 20px\"><span>Kaspersky<\/span><\/td>\n<\/tr>\n<tr style=\"height: 20px\">\n<td style=\"width: 242.406px;height: 20px\"><strong>Product Line:<\/strong><\/td>\n<td style=\"width: 344.594px;height: 20px\"><span>Hybrid Cloud<\/span><\/td>\n<\/tr>\n<tr style=\"height: 20px\">\n<td style=\"width: 242.406px;height: 20px\"><strong>Model:<\/strong><\/td>\n<td style=\"width: 344.594px;height: 20px\">Hybrid Cloud Security Enterprise, CPU<\/td>\n<\/tr>\n<tr style=\"height: 20px\">\n<td style=\"width: 242.406px;height: 20px\"><strong>Manufacturer:<\/strong><\/td>\n<td style=\"width: 344.594px;height: 20px\"><strong><\/strong><span>Kaspersky Lab<\/span><\/td>\n<\/tr>\n<\/tbody>\n<\/table>\n<\/div>\n<\/div>\n<\/div>\n<\/div>\n<\/div>\n<\/div>\n<\/div>\n<div class=\"mgz-panel mgz-panel-last\">\n<div class=\"mgz-panel-heading mgz-text-left mgz-icon-position-left\">\n<h4 class=\"mgz-panel-heading-title\"><i class=\"mgz-accoridon-icon-plus\"><\/i> <span>Software <\/span>  <\/h4>\n<\/div>\n<div class=\"mgz-panel-body\">\n<div class=\"mgz-panel-body-inner\">\n<div class=\"ws6xiuf mgz-element mgz-element-accordion_section\">\n<div class=\"mgz-element-inner ws6xiuf-s\">\n<div class=\"adihuvr mgz-element mgz-child mgz-element-text\">\n<div class=\"mgz-element-inner adihuvr-s\">\n<table border=\"0\" style=\"width: 100%;border-collapse: collapse;height: 36px\">\n<tbody>\n<tr style=\"height: 18px\">\n<td style=\"width: 42.2548%;height: 18px\"><strong>Operating System Family:<\/strong><\/td>\n<td style=\"width: 57.7452%;height: 18px\"><span>Windows<\/span><\/td>\n<\/tr>\n<tr style=\"height: 18px\">\n<td style=\"width: 42.2548%;height: 18px\"><strong>Software Main Type:<\/strong><\/td>\n<td style=\"width: 57.7452%;height: 18px\"><span>License<\/span><\/td>\n<\/tr>\n<\/tbody>\n<\/table>\n<\/div>\n<\/div>\n<\/div>\n<\/div>\n<\/div>\n<\/div>\n<\/div>\n<\/div>\n<\/div>\n<\/div>\n<\/div>\n<\/div>\n<\/div>\n<\/div>\n<div class=\"avree5i mgz-element mgz-element-column mgz-col-md-6\">\n<div class=\"mgz-element-inner avree5i-s\">\n<div class=\"u78xsud mgz-element mgz-element-accordion mgz-element-title-align-center mgz-element-accordion-align-\">\n<div class=\"mgz-element-inner u78xsud-s\">\n<div class=\"mgz-block\">\n<div class=\"mgz-block-content\">\n<div class=\"mgz-panels mgz-panels-u78xsud\" data-mage-init='{\"Magezon_PageBuilder\/js\/collapse\":{\"collapsibleAll\": false,\"atLeastOneOpen\": false,\"icon\": \"\",\"activeIcon\": \"\"}}' data-spacing=\"0\" data-gap=\"0\">\n<div class=\"mgz-panel mgz-panel-first\">\n<div class=\"mgz-panel-heading mgz-text-left mgz-icon-position-left\">\n<h4 class=\"mgz-panel-heading-title\"><i class=\"mgz-accoridon-icon-plus\"><\/i> <span>Technical Requirements <\/span>  <\/h4>\n<\/div>\n<div class=\"mgz-panel-body\">\n<div class=\"mgz-panel-body-inner\">\n<div class=\"jcbwgex mgz-element mgz-element-accordion_section\">\n<div class=\"mgz-element-inner jcbwgex-s\">\n<div class=\"mo0b9wn mgz-element mgz-child mgz-element-text\">\n<div class=\"mgz-element-inner mo0b9wn-s\">\n<table border=\"0\" style=\"width: 100%;border-collapse: collapse;height: 10px\">\n<tbody>\n<tr style=\"height: 10px\">\n<td style=\"width: 50%;height: 10px\"><strong>OS:<\/strong><\/td>\n<td style=\"width: 50%;height: 10px\">Windows<\/td>\n<\/tr>\n<\/tbody>\n<\/table>\n<\/div>\n<\/div>\n<\/div>\n<\/div>\n<\/div>\n<\/div>\n<\/div>\n<div class=\"mgz-panel mgz-panel-last\">\n<div class=\"mgz-panel-heading mgz-text-left mgz-icon-position-left\">\n<h4 class=\"mgz-panel-heading-title\"><i class=\"mgz-accoridon-icon-plus\"><\/i> <span>Licensing <\/span>  <\/h4>\n<\/div>\n<div class=\"mgz-panel-body\">\n<div class=\"mgz-panel-body-inner\">\n<div class=\"o5ggqnk mgz-element mgz-element-accordion_section\">\n<div class=\"mgz-element-inner o5ggqnk-s\">\n<div class=\"phj83pq mgz-element mgz-child mgz-element-text\">\n<div class=\"mgz-element-inner phj83pq-s\">\n<table border=\"0\" style=\"width: 100%;border-collapse: collapse;height: 80px\">\n<tbody>\n<tr style=\"height: 20px\">\n<td style=\"width: 50.6841%;height: 20px\"><strong>License Quantity:<\/strong><\/td>\n<td style=\"width: 49.1373%;height: 20px\">CPU<\/td>\n<\/tr>\n<tr style=\"height: 20px\">\n<td style=\"width: 50.6841%;height: 20px\"><strong>License Type:<\/strong><\/td>\n<td style=\"width: 49.1373%;height: 20px\">License<\/td>\n<\/tr>\n<tr style=\"height: 20px\">\n<td style=\"width: 50.6841%;height: 20px\"><strong>License Validation Period:<\/strong><\/td>\n<td style=\"width: 49.1373%;height: 20px\"><span>1 year<\/span><\/td>\n<\/tr>\n<tr style=\"height: 20px\">\n<td style=\"width: 50.6841%;height: 20px\"><strong>Retail \/ Licensing:<\/strong><\/td>\n<td style=\"width: 49.1373%;height: 20px\">License<\/td>\n<\/tr>\n<\/tbody>\n<\/table>\n<\/div>\n<\/div>\n<\/div>\n<\/div>\n<\/div>\n<\/div>\n<\/div>\n<\/div>\n<\/div>\n<\/div>\n<\/div>\n<\/div>\n<\/div>\n<\/div>\n<\/div>\n<\/div>\n<\/div>\n<\/div>\n<\/div>\n<\/div>\n<table class=\"data table additional-attributes table1\" id=\"product-attribute-specs-table\">\n<caption class=\"table-caption\">More Information<\/caption>\n<tbody>\n<tr>\n<th class=\"col label\" scope=\"row\">H\u00e3ng<\/th>\n<td class=\"col data\" data-th=\"H\u00e3ng\">Kaspersky<\/td>\n<\/tr>\n<tr>\n<th class=\"col label\" scope=\"row\">Product Line<\/th>\n<td class=\"col data\" data-th=\"Product Line\">Kaspersky Business<\/td>\n<\/tr>\n<tr>\n<th class=\"col label\" scope=\"row\">H\u00ecnh th\u1ee9c c\u1ea5p ph\u00e9p<\/th>\n<td class=\"col data\" data-th=\"H\u00ecnh th\u1ee9c c\u1ea5p ph\u00e9p\">License<\/td>\n<\/tr>\n<tr>\n<th class=\"col label\" scope=\"row\">Ph\u00e2n kh\u00fac kh\u00e1ch h\u00e0ng<\/th>\n<td class=\"col data\" data-th=\"Ph\u00e2n kh\u00fac kh\u00e1ch h\u00e0ng\">Enterprise<\/td>\n<\/tr>\n<tr>\n<th class=\"col label\" scope=\"row\">Lo\u1ea1i h\u00ecnh \u0111\u0103ng k\u00fd<\/th>\n<td class=\"col data\" data-th=\"Lo\u1ea1i h\u00ecnh \u0111\u0103ng k\u00fd\">Thu\u00ea bao<\/td>\n<\/tr>\n<tr>\n<th class=\"col label\" scope=\"row\">C\u00e0i \u0111\u1eb7t h\u1ec7 th\u1ed1ng<\/th>\n<td class=\"col data\" data-th=\"C\u00e0i \u0111\u1eb7t h\u1ec7 th\u1ed1ng\">\u0938\u0930\u094d\u0935\u0930<\/td>\n<\/tr>\n<tr>\n<th class=\"col label\" scope=\"row\">Tr\u1ea1ng th\u00e1i h\u00e0ng<\/th>\n<td class=\"col data\" data-th=\"Tr\u1ea1ng th\u00e1i h\u00e0ng\">C\u00f2n h\u00e0ng<\/td>\n<\/tr>\n<\/tbody>\n<\/table>\n<table class=\"data table additional-attributes table1\" id=\"product-attribute-specs-table\">\n<caption class=\"table-caption\">More Information<\/caption>\n<tbody>\n<tr>\n<th class=\"col label\" scope=\"row\">H\u00e3ng<\/th>\n<td class=\"col data\" data-th=\"H\u00e3ng\">Kaspersky<\/td>\n<\/tr>\n<tr>\n<th class=\"col label\" scope=\"row\">Product Line<\/th>\n<td class=\"col data\" data-th=\"Product Line\">Kaspersky Business<\/td>\n<\/tr>\n<tr>\n<th class=\"col label\" scope=\"row\">H\u00ecnh th\u1ee9c c\u1ea5p ph\u00e9p<\/th>\n<td class=\"col data\" data-th=\"H\u00ecnh th\u1ee9c c\u1ea5p ph\u00e9p\">License<\/td>\n<\/tr>\n<tr>\n<th class=\"col label\" scope=\"row\">Ph\u00e2n kh\u00fac kh\u00e1ch h\u00e0ng<\/th>\n<td class=\"col data\" data-th=\"Ph\u00e2n kh\u00fac kh\u00e1ch h\u00e0ng\">Enterprise<\/td>\n<\/tr>\n<tr>\n<th class=\"col label\" scope=\"row\">Lo\u1ea1i h\u00ecnh \u0111\u0103ng k\u00fd<\/th>\n<td class=\"col data\" data-th=\"Lo\u1ea1i h\u00ecnh \u0111\u0103ng k\u00fd\">Thu\u00ea bao<\/td>\n<\/tr>\n<tr>\n<th class=\"col label\" scope=\"row\">C\u00e0i \u0111\u1eb7t h\u1ec7 th\u1ed1ng<\/th>\n<td class=\"col data\" data-th=\"C\u00e0i \u0111\u1eb7t h\u1ec7 th\u1ed1ng\">\u0938\u0930\u094d\u0935\u0930<\/td>\n<\/tr>\n<tr>\n<th class=\"col label\" scope=\"row\">Tr\u1ea1ng th\u00e1i h\u00e0ng<\/th>\n<td class=\"col data\" data-th=\"Tr\u1ea1ng th\u00e1i h\u00e0ng\">C\u00f2n h\u00e0ng<\/td>\n<\/tr>\n<\/tbody>\n<\/table>","protected":false},"excerpt":{"rendered":"<table class=\"table-attributes table2\">\n<tbody>\n<tr>\n<th scope=\"row\">H\u00e3ng<\/th>\n<td data-th=\"H\u00e3ng\">\n                                            Kaspersky                                          <\/td>\n<\/tr>\n<tr>\n<th scope=\"row\">Product Line<\/th>\n<td data-th=\"Product Line\">\n                                            Kaspersky Business                                          <\/td>\n<\/tr>\n<tr>\n<th scope=\"row\">H\u00ecnh th\u1ee9c c\u1ea5p ph\u00e9p<\/th>\n<td data-th=\"H\u00ecnh th\u1ee9c c\u1ea5p ph\u00e9p\">\n                                            License                                          <\/td>\n<\/tr>\n<tr>\n<th scope=\"row\">Ph\u00e2n kh\u00fac kh\u00e1ch h\u00e0ng<\/th>\n<td data-th=\"Ph\u00e2n kh\u00fac kh\u00e1ch h\u00e0ng\">\n                                            Enterprise                                          <\/td>\n<\/tr>\n<tr>\n<th scope=\"row\">Lo\u1ea1i h\u00ecnh \u0111\u0103ng k\u00fd<\/th>\n<td data-th=\"Lo\u1ea1i h\u00ecnh \u0111\u0103ng k\u00fd\">\n                                            Thu\u00ea bao                                          <\/td>\n<\/tr>\n<tr>\n<th scope=\"row\">C\u00e0i \u0111\u1eb7t h\u1ec7 th\u1ed1ng<\/th>\n<td data-th=\"C\u00e0i \u0111\u1eb7t h\u1ec7 th\u1ed1ng\">\n                                            \u0938\u0930\u094d\u0935\u0930                                          <\/td>\n<\/tr>\n<tr>\n<th scope=\"row\">Tr\u1ea1ng th\u00e1i h\u00e0ng<\/th>\n<td data-th=\"Tr\u1ea1ng th\u00e1i h\u00e0ng\">\n<p>            <span class=\"tit\"><i class=\"porto-icon-ok\"><\/i> C\u00f2n h\u00e0ng<\/span><\/p>\n<\/td>\n<\/tr>\n<\/tbody>\n<\/table>","protected":false},"featured_media":38012,"comment_status":"closed","ping_status":"closed","template":"","meta":[],"pwb-brand":[],"product_cat":[3045],"product_tag":[3368,5154,5156,5153,25],"class_list":{"0":"post-38011","1":"product","2":"type-product","3":"status-publish","4":"has-post-thumbnail","6":"product_cat-bao-mat-he-thong","7":"product_tag-bao-ve-mang","8":"product_tag-cpu","9":"product_tag-kaspersky-hybrid-cloud-security","10":"product_tag-kaspersky-hybrid-cloud-security-enterprise","11":"product_tag-man","13":"first","14":"instock","15":"shipping-taxable","16":"product-type-simple"},"brands":[],"_links":{"self":[{"href":"https:\/\/azsoft.com\/hi\/wp-json\/wp\/v2\/product\/38011","targetHints":{"allow":["GET"]}}],"collection":[{"href":"https:\/\/azsoft.com\/hi\/wp-json\/wp\/v2\/product"}],"about":[{"href":"https:\/\/azsoft.com\/hi\/wp-json\/wp\/v2\/types\/product"}],"replies":[{"embeddable":true,"href":"https:\/\/azsoft.com\/hi\/wp-json\/wp\/v2\/comments?post=38011"}],"wp:featuredmedia":[{"embeddable":true,"href":"https:\/\/azsoft.com\/hi\/wp-json\/wp\/v2\/media\/38012"}],"wp:attachment":[{"href":"https:\/\/azsoft.com\/hi\/wp-json\/wp\/v2\/media?parent=38011"}],"wp:term":[{"taxonomy":"pwb-brand","embeddable":true,"href":"https:\/\/azsoft.com\/hi\/wp-json\/wp\/v2\/pwb-brand?post=38011"},{"taxonomy":"product_cat","embeddable":true,"href":"https:\/\/azsoft.com\/hi\/wp-json\/wp\/v2\/product_cat?post=38011"},{"taxonomy":"product_tag","embeddable":true,"href":"https:\/\/azsoft.com\/hi\/wp-json\/wp\/v2\/product_tag?post=38011"}],"curies":[{"name":"wp","href":"https:\/\/api.w.org\/{rel}","templated":true}]}}