{"id":28303,"date":"2024-07-13T02:09:05","date_gmt":"2024-07-12T19:09:05","guid":{"rendered":"http:\/\/azsoft.com\/-product-\/uncategorized\/phan-mem-autodesk-vred-render-node-commercial-multi-user-annual-subscription-renewal-switched-from-maintenance-switched-after-may-7-2020-890m1-00n469-l980\/"},"modified":"2024-07-13T15:23:02","modified_gmt":"2024-07-13T08:23:02","slug":"phan-mem-autodesk-vred-render-node-commercial-multi-user-annual-subscription-renewal-switched-from-maintenance-switched-after-may-7-2020-890m1-00n469-l980","status":"publish","type":"product","link":"https:\/\/azsoft.com\/hi\/-product-\/phan-mem\/thiet-ke-do-hoa\/thiet-ke-ky-thuat\/phan-mem-autodesk-vred-render-node-commercial-multi-user-annual-subscription-renewal-switched-from-maintenance-switched-after-may-7-2020-890m1-00n469-l980\/","title":{"rendered":"Ph\u1ea7n m\u1ec1m Autodesk VRED Render Node Commercial Multi-user Annual Subscription Renewal Switched From Maintenance (Switched after May 7, 2020) (890M1-00N469-L980)"},"content":{"rendered":"<div class=\"additional-attributes-wrapper table-wrapper\">\n<table class=\"data table additional-attributes table1\" id=\"product-attribute-specs-table\">\n<caption class=\"table-caption\">More Information<\/caption>\n<tbody>\n<tr>\n<th class=\"col label\" scope=\"row\">H\u00e3ng<\/th>\n<td class=\"col data\" data-th=\"H\u00e3ng\">Autodesk<\/td>\n<\/tr>\n<tr>\n<th class=\"col label\" scope=\"row\">Product Line<\/th>\n<td class=\"col data\" data-th=\"Product Line\">Architecture, Engineering &amp; Construction<\/td>\n<\/tr>\n<tr>\n<th class=\"col label\" scope=\"row\">H\u00ecnh th\u1ee9c c\u1ea5p ph\u00e9p<\/th>\n<td class=\"col data\" data-th=\"H\u00ecnh th\u1ee9c c\u1ea5p ph\u00e9p\">ELD<\/td>\n<\/tr>\n<tr>\n<th class=\"col label\" scope=\"row\">Ph\u00e2n kh\u00fac kh\u00e1ch h\u00e0ng<\/th>\n<td class=\"col data\" data-th=\"Ph\u00e2n kh\u00fac kh\u00e1ch h\u00e0ng\">SMB<\/td>\n<\/tr>\n<tr>\n<th class=\"col label\" scope=\"row\">Lo\u1ea1i h\u00ecnh \u0111\u0103ng k\u00fd<\/th>\n<td class=\"col data\" data-th=\"Lo\u1ea1i h\u00ecnh \u0111\u0103ng k\u00fd\">Thu\u00ea bao<\/td>\n<\/tr>\n<tr>\n<th class=\"col label\" scope=\"row\">C\u00e0i \u0111\u1eb7t h\u1ec7 th\u1ed1ng<\/th>\n<td class=\"col data\" data-th=\"C\u00e0i \u0111\u1eb7t h\u1ec7 th\u1ed1ng\">M\u00e1y tr\u1ea1m<\/td>\n<\/tr>\n<tr>\n<th class=\"col label\" scope=\"row\">Tr\u1ea1ng th\u00e1i h\u00e0ng<\/th>\n<td class=\"col data\" data-th=\"Tr\u1ea1ng th\u00e1i h\u00e0ng\">C\u00f2n h\u00e0ng<\/td>\n<\/tr>\n<\/tbody>\n<\/table><\/div>","protected":false},"excerpt":{"rendered":"<table class=\"table-attributes table2\">\n<tbody>\n<tr>\n<th scope=\"row\">H\u00e3ng<\/th>\n<td data-th=\"H\u00e3ng\">\n                                            Autodesk                                          <\/td>\n<\/tr>\n<tr>\n<th scope=\"row\">Product Line<\/th>\n<td data-th=\"Product Line\">\n                                            Architecture, Engineering &amp; Construction                                          <\/td>\n<\/tr>\n<tr>\n<th scope=\"row\">H\u00ecnh th\u1ee9c c\u1ea5p ph\u00e9p<\/th>\n<td data-th=\"H\u00ecnh th\u1ee9c c\u1ea5p ph\u00e9p\">\n                                            ELD                                          <\/td>\n<\/tr>\n<tr>\n<th scope=\"row\">Ph\u00e2n kh\u00fac kh\u00e1ch h\u00e0ng<\/th>\n<td data-th=\"Ph\u00e2n kh\u00fac kh\u00e1ch h\u00e0ng\">\n                                            SMB                                          <\/td>\n<\/tr>\n<tr>\n<th scope=\"row\">Lo\u1ea1i h\u00ecnh \u0111\u0103ng k\u00fd<\/th>\n<td data-th=\"Lo\u1ea1i h\u00ecnh \u0111\u0103ng k\u00fd\">\n                                            Thu\u00ea bao                                          <\/td>\n<\/tr>\n<tr>\n<th scope=\"row\">C\u00e0i \u0111\u1eb7t h\u1ec7 th\u1ed1ng<\/th>\n<td data-th=\"C\u00e0i \u0111\u1eb7t h\u1ec7 th\u1ed1ng\">\n                                            M\u00e1y tr\u1ea1m                                          <\/td>\n<\/tr>\n<tr>\n<th scope=\"row\">Tr\u1ea1ng th\u00e1i h\u00e0ng<\/th>\n<td data-th=\"Tr\u1ea1ng th\u00e1i h\u00e0ng\">\n<p>            <span class=\"tit\"><i class=\"porto-icon-ok\"><\/i> C\u00f2n h\u00e0ng<\/span><\/p>\n<\/td>\n<\/tr>\n<\/tbody>\n<\/table>","protected":false},"featured_media":28304,"comment_status":"closed","ping_status":"closed","template":"","meta":[],"pwb-brand":[4037],"product_cat":[3062],"product_tag":[3270,2849,3901],"class_list":{"0":"post-28303","1":"product","2":"type-product","3":"status-publish","4":"has-post-thumbnail","6":"pwb-brand-autodesk","7":"product_cat-thiet-ke-ky-thuat","8":"product_tag-autodesk","9":"product_tag-switch","10":"product_tag-user","12":"first","13":"instock","14":"shipping-taxable","15":"product-type-simple"},"brands":[{"id":4037,"name":"Autodesk","slug":"autodesk"}],"_links":{"self":[{"href":"https:\/\/azsoft.com\/hi\/wp-json\/wp\/v2\/product\/28303","targetHints":{"allow":["GET"]}}],"collection":[{"href":"https:\/\/azsoft.com\/hi\/wp-json\/wp\/v2\/product"}],"about":[{"href":"https:\/\/azsoft.com\/hi\/wp-json\/wp\/v2\/types\/product"}],"replies":[{"embeddable":true,"href":"https:\/\/azsoft.com\/hi\/wp-json\/wp\/v2\/comments?post=28303"}],"wp:featuredmedia":[{"embeddable":true,"href":"https:\/\/azsoft.com\/hi\/wp-json\/wp\/v2\/media\/28304"}],"wp:attachment":[{"href":"https:\/\/azsoft.com\/hi\/wp-json\/wp\/v2\/media?parent=28303"}],"wp:term":[{"taxonomy":"pwb-brand","embeddable":true,"href":"https:\/\/azsoft.com\/hi\/wp-json\/wp\/v2\/pwb-brand?post=28303"},{"taxonomy":"product_cat","embeddable":true,"href":"https:\/\/azsoft.com\/hi\/wp-json\/wp\/v2\/product_cat?post=28303"},{"taxonomy":"product_tag","embeddable":true,"href":"https:\/\/azsoft.com\/hi\/wp-json\/wp\/v2\/product_tag?post=28303"}],"curies":[{"name":"wp","href":"https:\/\/api.w.org\/{rel}","templated":true}]}}