{"id":15476,"date":"2024-07-10T18:51:29","date_gmt":"2024-07-10T11:51:29","guid":{"rendered":"http:\/\/azsoft.com\/-product-\/uncategorized\/may-chu-rosa-chrome\/"},"modified":"2024-07-15T11:42:16","modified_gmt":"2024-07-15T04:42:16","slug":"may-chu-rosa-chrome","status":"publish","type":"product","link":"https:\/\/azsoft.com\/hi\/-product-\/phan-mem\/os\/linux-and-unix-os\/may-chu-rosa-chrome\/","title":{"rendered":"M\u00e1y ch\u1ee7 ROSA Chrome"},"content":{"rendered":"<div class=\"b-product__description_text\">\n<p><strong>Ph\u1ea7n m\u1ec1m ROSA CHROME l\u00e0 m\u1ed9t<\/strong> h\u1ec7 \u0111i\u1ec1u h\u00e0nh cho m\u00e1y t\u00ednh \u0111\u1ec3 b\u00e0n. Gi\u1ea3i ph\u00e1p ROSA CHROME \u0111\u01b0\u1ee3c s\u1eed d\u1ee5ng b\u1edfi c\u00e1c c\u01a1 quan ch\u00ednh ph\u1ee7 v\u00e0 doanh nghi\u1ec7p c\u00f4ng nghi\u1ec7p l\u00e0m vi\u1ec7c v\u1edbi c\u00e1c c\u01a1 quan c\u00f4ng quy\u1ec1n. N\u00ean s\u1eed d\u1ee5ng m\u1ee9c kh\u00f4ng cao h\u01a1n 1B trong c\u00e1c h\u1ec7 th\u1ed1ng t\u1ef1 \u0111\u1ed9ng. Gi\u1ea3i ph\u00e1p bao g\u1ed3m ph\u1ea7n m\u1ec1m c\u1ea7n thi\u1ebft cho c\u00f4ng vi\u1ec7c: b\u1ed9 \u1ee9ng d\u1ee5ng v\u0103n ph\u00f2ng, tr\u00ecnh duy\u1ec7t web, \u1ee9ng d\u1ee5ng email, tr\u00ecnh ch\u1ec9nh s\u1eeda \u0111\u1ed3 h\u1ecda, v.v<\/p>\n<p>. <\/p>\n<p>ROSA SX CHROME OS c\u00f3 th\u1ec3 \u0111\u01b0\u1ee3c s\u1eed d\u1ee5ng \u0111\u1ec3 gi\u1ea3i quy\u1ebft m\u1ed9t lo\u1ea1t c\u00e1c t\u00e1c v\u1ee5: l\u01b0u tr\u1eef trang web v\u00e0 \u1ee9ng d\u1ee5ng, qu\u1ea3n l\u00fd t\u00e0i kho\u1ea3n, l\u01b0u tr\u1eef v\u00e0 sao l\u01b0u d\u1eef li\u1ec7u v\u00e0 t\u1ed5 ch\u1ee9c truy c\u1eadp m\u1ea1ng. N\u00f3 bao g\u1ed3m m\u1ed9t giao di\u1ec7n web th\u00e2n thi\u1ec7n v\u1edbi ng\u01b0\u1eddi d\u00f9ng \u0111\u1ec3 c\u00e0i \u0111\u1eb7t v\u00e0 qu\u1ea3n l\u00fd c\u00e1c d\u1ecbch v\u1ee5 ph\u1ed5 bi\u1ebfn nh\u1ea5t. H\u1ec7 th\u1ed1ng bao g\u1ed3m c\u00e1c ph\u01b0\u01a1ng ti\u1ec7n b\u1ea3o v\u1ec7 t\u00edch h\u1ee3p c\u1ea7n thi\u1ebft ch\u1ed1ng l\u1ea1i vi\u1ec7c truy c\u1eadp tr\u00e1i ph\u00e9p v\u00e0o th\u00f4ng tin v\u00e0 th\u1ef1c hi\u1ec7n: Ki\u1ec3m<\/p>\n<ul>\n<li>so\u00e1t truy c\u1eadp b\u1eaft bu\u1ed9c<\/li>\n<p>. <\/p>\n<li>Nguy\u00ean t\u1eafc t\u00f9y \u00fd c\u1ee7a ki\u1ec3m so\u00e1t truy c\u1eadp.<\/li>\n<li>X\u00f3a b\u1ed9 nh\u1edb.<\/li>\n<li>T\u00ednh to\u00e0n v\u1eb9n c\u1ee7a CSZ.<\/li>\n<li>C\u00f4ng c\u1ee5 \u0111\u0103ng k\u00fd v\u00e0 k\u1ebf to\u00e1n.<\/li>\n<\/ul>\n<li>\u0110\u00e1nh d\u1ea5u t\u00e0i li\u1ec7u trong h\u1ec7 th\u1ed1ng in \u1ea5n.<\/li>\n<p><strong>Kh\u1ea3 n\u0103ng t\u01b0\u01a1ng th\u00edch v\u1edbi SSI t\u1eeb c\u00e1c nh\u00e0 s\u1ea3n xu\u1ea5t sau<\/strong> C\u00f4ng <strong>c\u1ee5 b\u1ea3o v\u1ec7 ch\u1ed1ng vi-r\u00fat:<\/strong><\/p>\n<ul>\n<li>\n<li>\n<li>\n<li>\n<li>\n<p><strong><\/p>\n<ul>\n<li>Doctor Web<\/li>\n<li>Kaspersky Lab<\/li>\n<\/ul>\n<p><strong>SCI:<\/strong><\/p>\n<ul>\n<li>\n<li>Crypto-Pro Cryptocom<\/li>\n<\/li>\n<p> Rutoken Digital Signature <\/p>\n<li>Rutoken<\/li>\n<li>Web<\/li>\n<\/ul>\n<p><strong>APMDZ: <\/p>\n<li>Caesar2 Centurion Accord Sobol Maxim ROSA CHROME<\/li>\n<p> DX \u0111i k\u00e8m v\u1edbi ph\u1ea7n m\u1ec1m sau:<\/strong><\/p>\n<p><\/strong><\/p>\n<\/li>\n<\/li>\n<p> B\u1ed9 v\u0103n ph\u00f2ng \u0111\u1ea7y \u0111\u1ee7 ch\u1ee9c n\u0103ng Libreoffice.<\/li>\n<\/li>\n<\/li>\n<\/ul>\n<ul>\n<li>Tr\u00ecnh duy\u1ec7t Internet Firefox.<\/li>\n<li>\u1ee8ng d\u1ee5ng email Thunderbird.<\/li>\n<li>Tr\u00ecnh ch\u1ec9nh s\u1eeda \u0111\u1ed3 h\u1ecda GIMP ho\u1ea1t \u0111\u1ed9ng v\u1edbi JPEG, PNG v\u00e0 c\u00e1c \u0111\u1ecbnh d\u1ea1ng kh\u00e1c.<\/li>\n<li>C\u00f4ng c\u1ee5 \u0111\u1ec3 l\u00e0m vi\u1ec7c v\u1edbi PDF.<\/li>\n<\/ul>\n<\/div>\n<li>C\u00e1c c\u00f4ng c\u1ee5 sao l\u01b0u v\u00e0 l\u01b0u tr\u1eef.<\/li>\n<li>M\u1ed9t b\u1ed9 codec \u0111\u1ec3 ph\u00e1t c\u00e1c t\u1ec7p \u0111a ph\u01b0\u01a1ng ti\u1ec7n thu\u1ed9c nhi\u1ec1u lo\u1ea1i kh\u00e1c nhau, bao g\u1ed3m c\u1ea3 video \u0111\u1ed9 n\u00e9t cao.<\/li>","protected":false},"excerpt":{"rendered":"<p>Ph\u1ea7n m\u1ec1m ROSA CHROME l\u00e0 m\u1ed9t h\u1ec7 \u0111i\u1ec1u h\u00e0nh cho m\u00e1y t\u00ednh \u0111\u1ec3 b\u00e0n. Gi\u1ea3i ph\u00e1p ROSA CHROME \u0111\u01b0\u1ee3c s\u1eed d\u1ee5ng b\u1edfi c\u00e1c c\u01a1 quan ch\u00ednh ph\u1ee7 v\u00e0 doanh nghi\u1ec7p c\u00f4ng nghi\u1ec7p l\u00e0m vi\u1ec7c v\u1edbi c\u00e1c<\/p>\n<p> c\u01a1 quan c\u00f4ng quy\u1ec1n.<\/p>","protected":false},"featured_media":15477,"comment_status":"closed","ping_status":"closed","template":"","meta":[],"pwb-brand":[3988],"product_cat":[2900],"product_tag":[3337],"class_list":{"0":"post-15476","1":"product","2":"type-product","3":"status-publish","4":"has-post-thumbnail","6":"pwb-brand-microsoft","7":"product_cat-linux-and-unix-os","8":"product_tag-suong","10":"first","11":"instock","12":"shipping-taxable","13":"product-type-simple"},"brands":[{"id":3988,"name":"Microsoft","slug":"microsoft"}],"_links":{"self":[{"href":"https:\/\/azsoft.com\/hi\/wp-json\/wp\/v2\/product\/15476","targetHints":{"allow":["GET"]}}],"collection":[{"href":"https:\/\/azsoft.com\/hi\/wp-json\/wp\/v2\/product"}],"about":[{"href":"https:\/\/azsoft.com\/hi\/wp-json\/wp\/v2\/types\/product"}],"replies":[{"embeddable":true,"href":"https:\/\/azsoft.com\/hi\/wp-json\/wp\/v2\/comments?post=15476"}],"wp:featuredmedia":[{"embeddable":true,"href":"https:\/\/azsoft.com\/hi\/wp-json\/wp\/v2\/media\/15477"}],"wp:attachment":[{"href":"https:\/\/azsoft.com\/hi\/wp-json\/wp\/v2\/media?parent=15476"}],"wp:term":[{"taxonomy":"pwb-brand","embeddable":true,"href":"https:\/\/azsoft.com\/hi\/wp-json\/wp\/v2\/pwb-brand?post=15476"},{"taxonomy":"product_cat","embeddable":true,"href":"https:\/\/azsoft.com\/hi\/wp-json\/wp\/v2\/product_cat?post=15476"},{"taxonomy":"product_tag","embeddable":true,"href":"https:\/\/azsoft.com\/hi\/wp-json\/wp\/v2\/product_tag?post=15476"}],"curies":[{"name":"wp","href":"https:\/\/api.w.org\/{rel}","templated":true}]}}