{"id":13182,"date":"2024-07-09T01:45:24","date_gmt":"2024-07-08T18:45:24","guid":{"rendered":"http:\/\/azsoft.com\/-product-\/uncategorized\/cap-mang-cat5e-ugreen-11233-dai-5m-mau-vang-ma-san-pham-ug-11233\/"},"modified":"2024-07-13T15:17:12","modified_gmt":"2024-07-13T08:17:12","slug":"cap-mang-cat5e-ugreen-11233-dai-5m-mau-vang-ma-san-pham-ug-11233","status":"publish","type":"product","link":"https:\/\/azsoft.com\/hi\/-product-\/hardware\/networking\/aten\/cap-mang-cat5e-ugreen-11233-dai-5m-mau-vang-ma-san-pham-ug-11233\/","title":{"rendered":"C\u00e1p M\u1ea1ng Cat5e Ugreen 11233 D\u00e0i 5M M\u00e0u V\u00e0ng M\u00e3 s\u1ea3n ph\u1ea9m: UG-11233"},"content":{"rendered":"<div class=\"showText tabs\" id=\"tab2\">\n                                    <\/div>","protected":false},"excerpt":{"rendered":"<ul>\n                            <\/ul>","protected":false},"featured_media":13183,"comment_status":"closed","ping_status":"closed","template":"","meta":[],"pwb-brand":[4033],"product_cat":[3124],"product_tag":[50],"class_list":{"0":"post-13182","1":"product","2":"type-product","3":"status-publish","4":"has-post-thumbnail","6":"pwb-brand-aten","7":"product_cat-aten","8":"product_tag-green","10":"first","11":"instock","12":"shipping-taxable","13":"product-type-simple"},"brands":[{"id":4033,"name":"Aten","slug":"aten"}],"_links":{"self":[{"href":"https:\/\/azsoft.com\/hi\/wp-json\/wp\/v2\/product\/13182","targetHints":{"allow":["GET"]}}],"collection":[{"href":"https:\/\/azsoft.com\/hi\/wp-json\/wp\/v2\/product"}],"about":[{"href":"https:\/\/azsoft.com\/hi\/wp-json\/wp\/v2\/types\/product"}],"replies":[{"embeddable":true,"href":"https:\/\/azsoft.com\/hi\/wp-json\/wp\/v2\/comments?post=13182"}],"wp:featuredmedia":[{"embeddable":true,"href":"https:\/\/azsoft.com\/hi\/wp-json\/wp\/v2\/media\/13183"}],"wp:attachment":[{"href":"https:\/\/azsoft.com\/hi\/wp-json\/wp\/v2\/media?parent=13182"}],"wp:term":[{"taxonomy":"pwb-brand","embeddable":true,"href":"https:\/\/azsoft.com\/hi\/wp-json\/wp\/v2\/pwb-brand?post=13182"},{"taxonomy":"product_cat","embeddable":true,"href":"https:\/\/azsoft.com\/hi\/wp-json\/wp\/v2\/product_cat?post=13182"},{"taxonomy":"product_tag","embeddable":true,"href":"https:\/\/azsoft.com\/hi\/wp-json\/wp\/v2\/product_tag?post=13182"}],"curies":[{"name":"wp","href":"https:\/\/api.w.org\/{rel}","templated":true}]}}