{"id":41459,"date":"2025-06-04T11:46:17","date_gmt":"2025-06-04T04:46:17","guid":{"rendered":"http:\/\/azsoft.com\/-product-\/uncategorized\/laptop-lenovo-thinkpad-e14-gen-7-21sx002sva-intel-core-ultra-7-255h-16gb-512gb-intel-arc-140t-14-inch-wuxga-60hz-noos-den-ma-san-pham-21sx002sva\/"},"modified":"2025-06-04T11:46:49","modified_gmt":"2025-06-04T04:46:49","slug":"laptop-lenovo-thinkpad-e14-gen-7-21sx002sva-intel-core-ultra-7-255h-16gb-512gb-intel-arc-140t-14-inch-wuxga-60hz-noos-den-ma-san-pham-21sx002sva","status":"publish","type":"product","link":"https:\/\/azsoft.com\/fr\/-product-\/hardware\/laptop\/lenovo-laptop\/laptop-lenovo-thinkpad-e14-gen-7-21sx002sva-intel-core-ultra-7-255h-16gb-512gb-intel-arc-140t-14-inch-wuxga-60hz-noos-den-ma-san-pham-21sx002sva\/","title":{"rendered":"Laptop Lenovo ThinkPad E14 Gen 7 21SX002SVA (Intel Core Ultra 7 255H | 16GB | 512GB | Intel Arc 140T | 14 inch WUXGA 60Hz | NoOS | \u0110en) M\u00e3 s\u1ea3n ph\u1ea9m: 21SX002SVA"},"content":{"rendered":"<div class=\"showText tabs\" id=\"tab2\">\n<div class=\"box_right_pro_view\">\n<div class=\"thongso_pro a_technical\" style=\"max-height: fit-content\">\n<p>H\u00e3ng s\u1ea3n xu\u1ea5t<\/p>\n<p>\u00a0<\/p>\n<p>Laptop Lenovo<\/p>\n<p>\u00a0<\/p>\n<p>T\u00ean s\u1ea3n ph\u1ea9m\u00a0 \u00a0<\/p>\n<p>\u00a0<\/p>\n<p>Laptop Lenovo ThinkPad E14 Gen 7 21SX002SVA<\/p>\n<p>D\u00f2ng Laptop<\/p>\n<p>\u00a0<\/p>\n<p>Laptop | Lenovo ThinkPad | Laptop V\u0103n Ph\u00f2ng\u00a0\u00a0<\/p>\n<p>\u00a0<\/p>\n<p>B\u1ed9 vi x\u1eed l\u00fd\u00a0<\/p>\n<p>\u00a0<\/p>\n<p>C\u00f4ng ngh\u1ec7 CPU<\/p>\n<p>\u00a0<\/p>\n<p>Intel\u00ae Core\u2122 Ultra 7 255H<\/p>\n<p>\u00a0<\/p>\n<p>S\u1ed1 nh\u00e2n<\/p>\n<p>\u00a0<\/p>\n<p>16<\/p>\n<p>\u00a0<\/p>\n<p>S\u1ed1 lu\u1ed3ng<\/p>\n<p>\u00a0<\/p>\n<p>16<\/p>\n<p>\u00a0<\/p>\n<p>T\u1ed1c \u0111\u1ed9 t\u1ed1i \u0111a<\/p>\n<p>\u00a0<\/p>\n<p>5.1GHz<\/p>\n<p>\u00a0<\/p>\n<p>B\u1ed9 nh\u1edb \u0111\u1ec7m<\/p>\n<p>\u00a0<\/p>\n<p>24 MB<\/p>\n<p>\u00a0<\/p>\n<p>B\u1ed9 nh\u1edb trong (RAM)<\/p>\n<p>\u00a0<\/p>\n<p>RAM<\/p>\n<p>\u00a0<\/p>\n<p>1x 16GB SO-DIMM DDR5-5600<\/p>\n<p>\u00a0<\/p>\n<p>Lo\u1ea1i RAM<\/p>\n<p>\u00a0<\/p>\n<p>DDR5<\/p>\n<p>\u00a0<\/p>\n<p>T\u1ed1c \u0111\u1ed9 Bus RAM<\/p>\n<p>\u00a0<\/p>\n<p>5600Hz<\/p>\n<p>\u00a0<\/p>\n<p>S\u1ed1 khe c\u1eafm<\/p>\n<p>\u00a0<\/p>\n<p>2 khe<\/p>\n<p>\u00a0<\/p>\n<p>H\u1ed7 tr\u1ee3 RAM t\u1ed1i \u0111a<\/p>\n<p>\u00a0<\/p>\n<p>Up to 64GB DDR5-5600<\/p>\n<p>\u00a0<\/p>\n<p>\u1ed4 c\u1ee9ng\u00a0<\/p>\n<p>\u00a0<\/p>\n<p>Dung l\u01b0\u1ee3ng<\/p>\n<p>\u00a0<\/p>\n<p>512GB SSD M.2 2242 PCIe\u00ae 4.0&#215;4 NVMe\u00ae Opal 2.0<\/p>\n<p>\u00a0<\/p>\n<p>T\u1ed1c \u0111\u1ed9 v\u00f2ng quay<\/p>\n<p>\u00a0<\/p>\n<p>\u00a0<\/p>\n<p>\u00a0<\/p>\n<p>Khe c\u1eafm SSD m\u1edf r\u1ed9ng<\/p>\n<p>\u00a0<\/p>\n<p>Up to two drives, 2x M.2 SSD<\/p>\n<p>\u00a0<\/p>\n<p>\u2022 M.2 2242 SSD up to 1TB<\/p>\n<p>\u00a0<\/p>\n<p>\u2022 M.2 2280 SSD up to 1TB<\/p>\n<p>\u00a0<\/p>\n<p>\u1ed4 \u0111\u0129a quang (ODD)\u00a0<\/p>\n<p>\u00a0<\/p>\n<p>Kh\u00f4ng c\u00f3<\/p>\n<p>\u00a0<\/p>\n<p>M\u00e0n h\u00ecnh<\/p>\n<p>\u00a0<\/p>\n<p>K\u00edch th\u01b0\u1edbc m\u00e0n h\u00ecnh<\/p>\n<p>\u00a0<\/p>\n<p>14 inch\u00a0<\/p>\n<p>\u00a0<\/p>\n<p>\u0110\u1ed9 ph\u00e2n gi\u1ea3i<\/p>\n<p>\u00a0<\/p>\n<p>WUXGA (1920&#215;1200)<\/p>\n<p>\u00a0<\/p>\n<p>T\u1ea7n s\u1ed1 qu\u00e9t<\/p>\n<p>\u00a0<\/p>\n<p>\u00a0<\/p>\n<p>\u00a0<\/p>\n<p>C\u00f4ng ngh\u1ec7 m\u00e0n h\u00ecnh<\/p>\n<p>\u00a0<\/p>\n<p>IPS 300nits Anti-glare, 45% NTSC, 60Hz<\/p>\n<p>\u00a0<\/p>\n<p>\u0110\u1ed3 H\u1ecda (VGA)\u00a0<\/p>\n<p>\u00a0<\/p>\n<p>Card m\u00e0n h\u00ecnh<\/p>\n<p>\u00a0<\/p>\n<p>Integrated Intel\u00ae Arc\u2122 140T GPU Functions as Intel Graphics<\/p>\n<p>\u00a0<\/p>\n<p>K\u1ebft n\u1ed1i (Network)\u00a0<\/p>\n<p>\u00a0<\/p>\n<p>Wireless<\/p>\n<p>\u00a0<\/p>\n<p>Intel\u00ae Wi-Fi\u00ae 6E AX211, 802.11ax 2&#215;2<\/p>\n<p>\u00a0<\/p>\n<p>LAN<\/p>\n<p>\u00a0<\/p>\n<p>100\/1000M (RJ-45)<\/p>\n<p>\u00a0<\/p>\n<p>Bluetooth<\/p>\n<p>\u00a0<\/p>\n<p>BT5.3<\/p>\n<p>\u00a0<\/p>\n<p>B\u00e0n ph\u00edm , Chu\u1ed9t\u00a0<\/p>\n<p>\u00a0<\/p>\n<p>Ki\u1ec3u b\u00e0n ph\u00edm<\/p>\n<p>\u00a0<\/p>\n<p>B\u00e0n ph\u00edm ti\u00eau chu\u1ea9n &#8211; \u0110\u00e8n n\u1ec1n b\u00e0n ph\u00edm<\/p>\n<p>\u00a0<\/p>\n<p>Chu\u1ed9t<\/p>\n<p>\u00a0<\/p>\n<p>C\u1ea3m \u1ee9ng \u0111a \u0111i\u1ec3m<\/p>\n<p>\u00a0<\/p>\n<p>Giao ti\u1ebfp m\u1edf r\u1ed9ng\u00a0<\/p>\n<p>\u00a0<\/p>\n<p>K\u1ebft n\u1ed1i USB<\/p>\n<p>\u00a0<\/p>\n<p>1x USB-A (USB 5Gbps \/ USB 3.2 Gen 1)<\/p>\n<p>1x USB-A (USB 10Gbps \/ USB 3.2 Gen 2), Always On<\/p>\n<p>1x USB-C\u00ae (USB 20Gbps \/ USB 3.2 Gen 2&#215;2), with USB PD 3.1 and DisplayPort\u2122 1.4<\/p>\n<p>1x USB-C\u00ae (Thunderbolt\u2122 4 \/ USB4\u00ae 40Gbps), with USB PD 3.1 and DisplayPort\u2122 2.1<\/p>\n<p>1x HDMI\u00ae 2.1, up to 4K\/60Hz<\/p>\n<p>1x Headphone \/ microphone combo jack (3.5mm)<\/p>\n<p>1x Ethernet (RJ-45)<\/p>\n<p>\u00a0<\/p>\n<p>\u00a0<\/p>\n<p>K\u1ebft n\u1ed1i HDMI\/VGA<\/p>\n<p>\u00a0<\/p>\n<p>1x HDMI\u00ae 2.1, up to 4K\/60Hz<\/p>\n<p>\u00a0<\/p>\n<p>Tai nghe<\/p>\n<p>\u00a0<\/p>\n<p>1x Headphone \/ microphone combo jack (3.5mm)<\/p>\n<p>\u00a0<\/p>\n<p>Camera<\/p>\n<p>\u00a0<\/p>\n<p>FHD 1080p + IR Hybrid with Privacy Shutter<\/p>\n<p>\u00a0<\/p>\n<p>Card m\u1edf r\u1ed9ng<\/p>\n<p>\u00a0<\/p>\n<p>&#8211;<\/p>\n<p>\u00a0<\/p>\n<p>LOA<\/p>\n<p>\u00a0<\/p>\n<p>2 Loa<\/p>\n<p>\u00a0<\/p>\n<p>Ki\u1ec3u Pin<\/p>\n<p>\u00a0<\/p>\n<p>3 cell \/48Wh<\/p>\n<p>\u00a0<\/p>\n<p>S\u1ea1c pin<\/p>\n<p>\u00a0<\/p>\n<p>\u0110i k\u00e8m<\/p>\n<p>\u00a0<\/p>\n<p>H\u1ec7 \u0111i\u1ec1u h\u00e0nh (b\u1ea3n quy\u1ec1n) \u0111i k\u00e8m\u00a0<\/p>\n<p>\u00a0<\/p>\n<p>NoOS<\/p>\n<p>K\u00edch th\u01b0\u1edbc (D\u00e0i x R\u1ed9ng x Cao)<\/p>\n<p>\u00a0<\/p>\n<p>313 x 220.3 x 10.1\/15.25 (front\/rear), 19.7 (maximum) mm;<\/p>\n<p>\u00a0<\/p>\n<p>12.32 x 8.67 x 0.40\/0.60 (front\/rear), 0.78 (maximum) inches<\/p>\n<p>\u00a0<\/p>\n<p>Tr\u1ecdng L\u01b0\u1ee3ng<\/p>\n<p>\u00a0<\/p>\n<p>1.34 kg<\/p>\n<p>\u00a0<\/p>\n<p>M\u00e0u s\u1eafc<\/p>\n<p>\u00a0<\/p>\n<p>\u0110en<\/p>\n<\/p><\/div>\n<p>                            <!--                            <\/p>\n<div class=\"xemthem_id_r\">--><br \/>\n                            <!--                                <!--\/show\/?token=--><br \/>\n                            <!--\"--><br \/>\n                            <!--                                   class=\"preview fancybox fancybox.ajax\" rel=\"nofollow\"&gt;Xem th&#234;m th&#244;ng s&#7889; k&#7929; thu&#7853;t--><br \/>\n                            <!--                            <\/div>\n<p>-->\n                        <\/p><\/div>\n<\/p><\/div>","protected":false},"excerpt":{"rendered":"<ul>\n<p>CPU: Intel Core Ultra 7 255H, 16C (6P + 8E + 2LPE) \/ 16T, Max Turbo up to 5.1GHz, 24MB<\/p>\n<p>RAM: 16GB SO-DIMM(2 khe, t\u1ed1i \u0111a 64GB )<\/p>\n<p>SSD: 512GB SSD M.2 2242 PCIe\u00ae 4.0&#215;4 NVMe\u00ae Opal 2.0<\/p>\n<p>VGA: Integrated Intel\u00ae Arc\u2122 140T GPU Functions as Intel Graphics<\/p>\n<p>M\u00e0n h\u00ecnh: 14&#8243; WUXGA (1920&#215;1200) IPS 300nits Anti-glare, 45% NTSC, 60Hz<\/p>\n<p>Pin: 3 cell\/48Wh<\/p>\n<p>C\u00e2n n\u1eb7ng: 1.34 kg<\/p>\n<p>T\u00ednh n\u0103ng: B\u1ea3o m\u1eadt v\u00e2n tay, \u0111\u00e8n n\u1ec1n b\u00e0n ph\u00edm<\/p>\n<p>M\u00e0u s\u1eafc: \u0110en<\/p>\n<p>OS: NoOS<\/p>\n<\/ul>","protected":false},"featured_media":41460,"comment_status":"closed","ping_status":"closed","template":"","meta":[],"pwb-brand":[],"product_cat":[3109],"product_tag":[5154,5445,2852],"class_list":{"0":"post-41459","1":"product","2":"type-product","3":"status-publish","4":"has-post-thumbnail","6":"product_cat-lenovo-laptop","7":"product_tag-cpu","8":"product_tag-intel","9":"product_tag-wireless","11":"first","12":"instock","13":"shipping-taxable","14":"product-type-simple"},"brands":[],"_links":{"self":[{"href":"https:\/\/azsoft.com\/fr\/wp-json\/wp\/v2\/product\/41459","targetHints":{"allow":["GET"]}}],"collection":[{"href":"https:\/\/azsoft.com\/fr\/wp-json\/wp\/v2\/product"}],"about":[{"href":"https:\/\/azsoft.com\/fr\/wp-json\/wp\/v2\/types\/product"}],"replies":[{"embeddable":true,"href":"https:\/\/azsoft.com\/fr\/wp-json\/wp\/v2\/comments?post=41459"}],"wp:featuredmedia":[{"embeddable":true,"href":"https:\/\/azsoft.com\/fr\/wp-json\/wp\/v2\/media\/41460"}],"wp:attachment":[{"href":"https:\/\/azsoft.com\/fr\/wp-json\/wp\/v2\/media?parent=41459"}],"wp:term":[{"taxonomy":"pwb-brand","embeddable":true,"href":"https:\/\/azsoft.com\/fr\/wp-json\/wp\/v2\/pwb-brand?post=41459"},{"taxonomy":"product_cat","embeddable":true,"href":"https:\/\/azsoft.com\/fr\/wp-json\/wp\/v2\/product_cat?post=41459"},{"taxonomy":"product_tag","embeddable":true,"href":"https:\/\/azsoft.com\/fr\/wp-json\/wp\/v2\/product_tag?post=41459"}],"curies":[{"name":"wp","href":"https:\/\/api.w.org\/{rel}","templated":true}]}}