{"id":40719,"date":"2024-11-28T21:45:34","date_gmt":"2024-11-28T14:45:34","guid":{"rendered":"http:\/\/azsoft.com\/-product-\/uncategorized\/mau-cat-dan-mua-dong\/"},"modified":"2024-11-28T21:45:45","modified_gmt":"2024-11-28T14:45:45","slug":"mau-cat-dan-mua-dong","status":"publish","type":"product","link":"https:\/\/azsoft.com\/fr\/-product-\/phan-mem\/graphics-and-design\/templates-and-clipart\/mau-cat-dan-mua-dong\/","title":{"rendered":"M\u1eabu c\u1eaft d\u00e1n m\u00f9a \u0111\u00f4ng"},"content":{"rendered":"<div class=\"b-product__description_text\">\n C\u00e1c <\/p>\n<p><strong>m\u1eabu c\u1eaft d\u00e1n m\u00f9a \u0111\u00f4ng<\/strong> l\u00e0 m\u1ed9t b\u1ed9 s\u01b0u t\u1eadp g\u1ed3m 60 t\u00e1c ph\u1ea9m ch\u1ea5t l\u01b0\u1ee3ng cao nguy\u00ean b\u1ea3n cho ch\u01b0\u01a1ng tr\u00ecnh Gh\u00e9p \u1ea3nh. T\u1ea5t c\u1ea3 c\u00e1c m\u1eabu \u0111\u01b0\u1ee3c thi\u1ebft k\u1ebf b\u1edfi c\u00e1c nh\u00e0 thi\u1ebft k\u1ebf chuy\u00ean nghi\u1ec7p v\u00e0 bao g\u1ed3m nhi\u1ec1u y\u1ebfu t\u1ed1 kh\u00e1c nhau: h\u00ecnh n\u1ec1n, khung, \u0111\u01b0\u1eddng vi\u1ec1n v\u00e0 \u0111\u1ed3 trang tr\u00ed. K\u00edch th\u01b0\u1edbc c\u1ee7a c\u00e1c m\u1eabu cho ph\u00e9p b\u1ea1n in c\u00e1c \u1ea3nh gh\u00e9p \u0111\u00e3 t\u1ea1o v\u1edbi k\u00edch th\u01b0\u1edbc 10&#215;15 CM, 15&#215;21 CM v\u00e0 tr\u00ean c\u00e1c t\u1edd A4 v\u1edbi \u0111\u1ed9 ph\u00e2n gi\u1ea3i 300 dpi. <br \/>M\u1ed7i m\u1eabu c\u1eaft d\u00e1n m\u00f9a \u0111\u00f4ng c\u00f3 th\u1ec3 t\u1ef1 do ch\u1ec9nh s\u1eeda. Do \u0111\u00f3, tr\u00ean c\u01a1 s\u1edf m\u1ed9t b\u1ed9 m\u1eabu, b\u1ea1n s\u1ebd c\u00f3 th\u1ec3 t\u1ea1o ra h\u00e0ng ch\u1ee5c \u1ea3nh gh\u00e9p g\u1ed1c v\u00e0 th\u1ef1c hi\u1ec7n c\u00e1c \u00fd t\u01b0\u1edfng thi\u1ebft k\u1ebf nguy\u00ean b\u1ea3n nh\u1ea5t. Th\u00eam c\u00e1c y\u1ebfu t\u1ed1 m\u1edbi, thay \u0111\u1ed5i n\u1ec1n, khung h\u00ecnh v\u00e0 t\u1ea1o \u1ea3nh gh\u00e9p m\u00f9a \u0111\u00f4ng ngo\u1ea1n m\u1ee5c<\/p>\n<\/div>\n<p>!<\/p>","protected":false},"excerpt":{"rendered":"<p>M\u1ed9t b\u1ed9 s\u01b0u t\u1eadp g\u1ed3m 60 t\u00e1c ph\u1ea9m g\u1ed1c ch\u1ea5t l\u01b0\u1ee3ng cao cho ch\u01b0\u01a1ng tr\u00ecnh PhotoCollage. T\u1ea5t c\u1ea3 c\u00e1c m\u1eabu \u0111\u01b0\u1ee3c thi\u1ebft k\u1ebf b\u1edfi c\u00e1c nh\u00e0 thi\u1ebft k\u1ebf chuy\u00ean nghi\u1ec7p v\u00e0 bao g\u1ed3m nhi\u1ec1u y\u1ebfu t\u1ed1 kh\u00e1c nhau: h\u00ecnh n\u1ec1n, khung, \u0111\u01b0\u1eddng vi\u1ec1n v\u00e0 \u0111\u1ed3 trang tr\u00ed. K\u00edch th\u01b0\u1edbc c\u1ee7a c\u00e1c m\u1eabu cho ph\u00e9p b\u1ea1n in c\u00e1c \u1ea3nh gh\u00e9p \u0111\u00e3 t\u1ea1o v\u1edbi k\u00edch th\u01b0\u1edbc 10&#215;15 CM, 15&#215;21 CM v\u00e0<\/p>\n<p> tr\u00ean c\u00e1c t\u1edd A4 v\u1edbi \u0111\u1ed9 ph\u00e2n gi\u1ea3i 300 dpi.<\/p>","protected":false},"featured_media":40720,"comment_status":"closed","ping_status":"closed","template":"","meta":[],"pwb-brand":[],"product_cat":[2916],"product_tag":[5334,3327],"class_list":{"0":"post-40719","1":"product","2":"type-product","3":"status-publish","4":"has-post-thumbnail","6":"product_cat-templates-and-clipart","7":"product_tag-co-so","8":"product_tag-phan-mem-ams","10":"first","11":"instock","12":"shipping-taxable","13":"product-type-simple"},"brands":[],"_links":{"self":[{"href":"https:\/\/azsoft.com\/fr\/wp-json\/wp\/v2\/product\/40719","targetHints":{"allow":["GET"]}}],"collection":[{"href":"https:\/\/azsoft.com\/fr\/wp-json\/wp\/v2\/product"}],"about":[{"href":"https:\/\/azsoft.com\/fr\/wp-json\/wp\/v2\/types\/product"}],"replies":[{"embeddable":true,"href":"https:\/\/azsoft.com\/fr\/wp-json\/wp\/v2\/comments?post=40719"}],"wp:featuredmedia":[{"embeddable":true,"href":"https:\/\/azsoft.com\/fr\/wp-json\/wp\/v2\/media\/40720"}],"wp:attachment":[{"href":"https:\/\/azsoft.com\/fr\/wp-json\/wp\/v2\/media?parent=40719"}],"wp:term":[{"taxonomy":"pwb-brand","embeddable":true,"href":"https:\/\/azsoft.com\/fr\/wp-json\/wp\/v2\/pwb-brand?post=40719"},{"taxonomy":"product_cat","embeddable":true,"href":"https:\/\/azsoft.com\/fr\/wp-json\/wp\/v2\/product_cat?post=40719"},{"taxonomy":"product_tag","embeddable":true,"href":"https:\/\/azsoft.com\/fr\/wp-json\/wp\/v2\/product_tag?post=40719"}],"curies":[{"name":"wp","href":"https:\/\/api.w.org\/{rel}","templated":true}]}}