{"id":40553,"date":"2024-11-23T19:45:47","date_gmt":"2024-11-23T12:45:47","guid":{"rendered":"http:\/\/azsoft.com\/-product-\/uncategorized\/chu-ky-truc-tiep\/"},"modified":"2024-11-23T19:45:58","modified_gmt":"2024-11-23T12:45:58","slug":"chu-ky-truc-tiep","status":"publish","type":"product","link":"https:\/\/azsoft.com\/fr\/-product-\/phan-mem\/network-and-internet\/mail-utilities\/chu-ky-truc-tiep\/","title":{"rendered":"Ch\u1eef k\u00fd tr\u1ef1c ti\u1ebfp"},"content":{"rendered":"<div class=\"b-product__description_text\">\n<p>Ch\u1eef k\u00fd tr\u1ef1c ti\u1ebfp l\u00e0 m\u1ed9t c\u00f4ng c\u1ee5 \u0111\u01a1n gi\u1ea3n v\u00e0 thu\u1eadn ti\u1ec7n \u0111\u1ec3 t\u1ef1 \u0111\u1ed9ng ch\u00e8n d\u1eef li\u1ec7u li\u00ean quan v\u00e0o email \u0111\u00e3 g\u1eedi. M\u1ed9t b\u1ed9 macro c\u00f3 th\u1ec3 m\u1edf r\u1ed9ng s\u1ebd cho ph\u00e9p b\u1ea1n t\u1ef1 \u0111\u1ed9ng ch\u00e8n v\u0103n b\u1ea3n t\u1eeb email ho\u1eb7c t\u1ec7p c\u1ee5c b\u1ed9 v\u00e0o email, s\u1eed d\u1ee5ng ch\u1eef k\u00fd email c\u00f3 th\u1ec3 s\u1eeda \u0111\u1ed5i v\u00e0 l\u00e0m phong ph\u00fa email b\u1eb1ng c\u00e1c tuy\u00ean b\u1ed1 t\u1eeb nh\u1eefng ng\u01b0\u1eddi n\u1ed5i ti\u1ebfng (ho\u1eb7c c\u1ee7a ri\u00eang b\u1ea1n). Nh\u1edd h\u1ec7 th\u1ed1ng macro, b\u1ea1n ch\u1ec9 c\u00f3 th\u1ec3 ch\u00e8n v\u0103n b\u1ea3n t\u1ef1 \u0111\u1ed9ng ho\u1eb7c ch\u1eef k\u00fd v\u00e0o email b\u1ea1n c\u1ea7n ho\u1eb7c v\u00e0o m\u1ecdi th\u1ee9 n\u1ebfu b\u1ea1n bao g\u1ed3m macro Ch\u1eef k\u00fd tr\u1ef1c ti\u1ebfp trong ch\u1eef k\u00fd Microsoft Outlook. Ngo\u00e0i ra, Live Signatures cung c\u1ea5p kh\u1ea3 n\u0103ng m\u1edf r\u1ed9ng s\u1ed1 l\u01b0\u1ee3ng macro b\u1eb1ng c\u00e1ch t\u1ea1o ho\u1eb7c k\u1ebft n\u1ed1i ch\u00fang<\/p>\n<p>. <\/p>\n<p>Kh\u1ea3 n\u0103ng c\u1ee7a ch\u01b0\u01a1ng tr\u00ecnh kh\u00f4ng ch\u1ec9 gi\u1edbi h\u1ea1n \u1edf vi\u1ec7c th\u00eam ch\u1eef k\u00fd c\u00f4ng ty v\u00e0o email. Tr\u00ean c\u01a1 s\u1edf Ch\u1eef k\u00fd Tr\u1ef1c ti\u1ebfp, b\u1ea1n c\u00f3 th\u1ec3 t\u1ed5 ch\u1ee9c ph\u00e2n ph\u1ed1i t\u1ef1 \u0111\u1ed9ng tin t\u1ee9c c\u00f4ng ty, g\u1eedi nh\u1eadt k\u00fd ph\u1ea7n m\u1ec1m ho\u1eb7c thi\u1ebft b\u1ecb \u0111\u01b0\u1ee3c t\u1ea1o t\u1ef1 \u0111\u1ed9ng v\u00e0 g\u1eedi b\u1ea3ng gi\u00e1 ho\u1eb7c b\u00e1o c\u00e1o h\u00e0ng tu\u1ea7n. V\u1edbi Ch\u1eef k\u00fd Tr\u1ef1c ti\u1ebfp, b\u1ea1n c\u00f3 th\u1ec3 g\u1eedi email ho\u1eb7c s\u1eed d\u1ee5ng d\u1eef li\u1ec7u thay \u0111\u1ed5i trong ch\u1eef k\u00fd email c\u1ee7a m\u00ecnh m\u00e0 kh\u00f4ng th\u1ef1c hi\u1ec7n b\u1ea5t k\u1ef3 thay \u0111\u1ed5i n\u00e0o khi<\/p>\n<p> t\u1ea1o email. <\/p>\n<p>Ch\u1eef k\u00fd tr\u1ef1c ti\u1ebfp kh\u00f4ng thay th\u1ebf c\u00e1c m\u1eabu ch\u1eef k\u00fd t\u00edch h\u1ee3p trong Microsoft Outlook, nh\u01b0ng m\u1edf r\u1ed9ng kh\u1ea3 n\u0103ng c\u1ee7a ch\u00fang v\u00e0 \u201ch\u1ed3i sinh\u201d ch\u00fang: b\u1ea1n c\u00f3 th\u1ec3 th\u00eam macro Ch\u1eef k\u00fd tr\u1ef1c ti\u1ebfp v\u00e0o c\u00e1c m\u1eabu ch\u1eef k\u00fd Microsoft Outlook m\u00e0 b\u1ea1n s\u1eed d\u1ee5ng.<\/p>\n<p>Live Signatures ho\u1ea1t \u0111\u1ed9ng v\u1edbi t\u1ea5t c\u1ea3 c\u00e1c lo\u1ea1i tr\u00ecnh so\u1ea1n th\u1ea3o th\u01b0 Microsoft Outlook v\u00e0 h\u1ed7 tr\u1ee3 t\u1ea5t c\u1ea3 c\u00e1c \u0111\u1ecbnh d\u1ea1ng email (HTML, V\u0103n b\u1ea3n thu\u1ea7n t\u00fay, RTF). Ngu\u1ed3n d\u1eef li\u1ec7u c\u00f3 th\u1ec3 l\u00e0 b\u1ea5t k\u1ef3 email n\u00e0o trong Microsoft Outlook (bao g\u1ed3m c\u1ea3 email n\u1eb1m trong th\u01b0 m\u1ee5c chia s\u1ebb c\u1ee7a Microsoft Exchange Server), c\u0169ng nh\u01b0 t\u1ec7p \u0111\u01b0\u1ee3c l\u01b0u tr\u1eef tr\u00ean \u1ed5 \u0111\u0129a c\u1ee5c b\u1ed9 ho\u1eb7c trong<\/p>\n<p> th\u01b0 m\u1ee5c chia s\u1ebb. <\/p>\n<p><b>Danh s\u00e1ch macro Phi\u00ean b\u1ea3n hi\u1ec7n t\u1ea1i c\u1ee7a<\/b> ch\u01b0\u01a1ng tr\u00ecnh ch\u1ee9a c\u00e1c lo\u1ea1i macro sau:% DISCLA<\/p>\n<ul>\n<li>IMER% &#8211; Cho ph\u00e9p b\u1ea1n bao g\u1ed3m d\u1eef li\u1ec7u t\u1eeb t\u1ec7p ho\u1eb7c email v\u00e0o th\u01b0 email<\/li>\n<p>. <\/p>\n<li>%TIME% &#8211; Cho ph\u00e9p b\u1ea1n bao g\u1ed3m th\u1eddi gian hi\u1ec7n t\u1ea1i trong email.<\/li>\n<li>%DATE% &#8211; Cho ph\u00e9p b\u1ea1n bao g\u1ed3m ng\u00e0y hi\u1ec7n t\u1ea1i trong email.<\/li>\n<\/ul>\n<li>%QUOTE% &#8211; Cho ph\u00e9p b\u1ea1n bao g\u1ed3m m\u1ed9t tr\u00edch d\u1eabn \u0111\u01b0\u1ee3c ch\u1ecdn ng\u1eabu nhi\u00ean (d\u00f2ng) t\u1eeb t\u1ec7p d\u1eef li\u1ec7u trong email.<\/li>\n<li>%WINAMP% &#8211; Cho ph\u00e9p b\u1ea1n bao g\u1ed3m trong v\u0103n b\u1ea3n c\u1ee7a tin nh\u1eafn t\u00ean c\u1ee7a b\u1ea3n nh\u1ea1c hi\u1ec7n \u0111ang \u0111\u01b0\u1ee3c ph\u00e1t b\u1edfi tr\u00ecnh ph\u00e1t WinAmp (ho\u1eb7c m\u1ed9t b\u1ea3n kh\u00e1c d\u1ef1a tr\u00ean n\u00f3).<\/li>\n<p>Trong t\u01b0\u01a1ng lai, danh s\u00e1ch n\u00e0y c\u00f3 th\u1ec3 \u0111\u01b0\u1ee3c m\u1edf r\u1ed9ng b\u1eb1ng c\u00e1ch th\u00eam c\u00e1c lo\u1ea1i macro m\u1edbi \u0111\u01b0\u1ee3c vi\u1ebft b\u1edfi c\u1ea3 ng\u01b0\u1eddi d\u00f9ng ch\u01b0\u01a1ng tr\u00ecnh v\u00e0 c\u00f4ng ty c\u1ee7a ch\u00fang t\u00f4i. Nh\u1edd kh\u1ea3 n\u0103ng m\u1edf r\u1ed9ng n\u00e0y c\u1ee7a Ch\u1eef k\u00fd Tr\u1ef1c ti\u1ebfp, c\u00e1c t\u00ecnh hu\u1ed1ng kh\u00e1c \u0111\u1ec3 s\u1eed d\u1ee5ng macro ngo\u00e0i thay th\u1ebf v\u0103n b\u1ea3n \u0111\u01a1n gi\u1ea3n c\u0169ng c\u00f3 th\u1ec3 th\u1ef1c hi\u1ec7n \u0111\u01b0\u1ee3c<\/p>\n<\/div>\n<p>.<\/p>","protected":false},"excerpt":{"rendered":"<p>Ch\u1eef k\u00fd tr\u1ef1c ti\u1ebfp l\u00e0 m\u1ed9t c\u00f4ng c\u1ee5 \u0111\u01a1n gi\u1ea3n v\u00e0 thu\u1eadn ti\u1ec7n \u0111\u1ec3 t\u1ef1 \u0111\u1ed9ng ch\u00e8n d\u1eef li\u1ec7u li\u00ean quan v\u00e0o email \u0111\u00e3 g\u1eedi. M\u1ed9t b\u1ed9 macro c\u00f3 th\u1ec3 m\u1edf r\u1ed9ng s\u1ebd cho ph\u00e9p b\u1ea1n t\u1ef1 \u0111\u1ed9ng ch\u00e8n v\u0103n b\u1ea3n t\u1eeb email ho\u1eb7c t\u1ec7p c\u1ee5c b\u1ed9 v\u00e0o email, s\u1eed d\u1ee5ng ch\u1eef k\u00fd email c\u00f3 [&#8230;]","protected":false},"featured_media":40554,"comment_status":"closed","ping_status":"closed","template":"","meta":[],"pwb-brand":[],"product_cat":[2942],"product_tag":[5334,3256,5155],"class_list":{"0":"post-40553","1":"product","2":"type-product","3":"status-publish","4":"has-post-thumbnail","6":"product_cat-mail-utilities","7":"product_tag-co-so","8":"product_tag-mapilab","9":"product_tag-server","11":"first","12":"instock","13":"shipping-taxable","14":"product-type-simple"},"brands":[],"_links":{"self":[{"href":"https:\/\/azsoft.com\/fr\/wp-json\/wp\/v2\/product\/40553","targetHints":{"allow":["GET"]}}],"collection":[{"href":"https:\/\/azsoft.com\/fr\/wp-json\/wp\/v2\/product"}],"about":[{"href":"https:\/\/azsoft.com\/fr\/wp-json\/wp\/v2\/types\/product"}],"replies":[{"embeddable":true,"href":"https:\/\/azsoft.com\/fr\/wp-json\/wp\/v2\/comments?post=40553"}],"wp:featuredmedia":[{"embeddable":true,"href":"https:\/\/azsoft.com\/fr\/wp-json\/wp\/v2\/media\/40554"}],"wp:attachment":[{"href":"https:\/\/azsoft.com\/fr\/wp-json\/wp\/v2\/media?parent=40553"}],"wp:term":[{"taxonomy":"pwb-brand","embeddable":true,"href":"https:\/\/azsoft.com\/fr\/wp-json\/wp\/v2\/pwb-brand?post=40553"},{"taxonomy":"product_cat","embeddable":true,"href":"https:\/\/azsoft.com\/fr\/wp-json\/wp\/v2\/product_cat?post=40553"},{"taxonomy":"product_tag","embeddable":true,"href":"https:\/\/azsoft.com\/fr\/wp-json\/wp\/v2\/product_tag?post=40553"}],"curies":[{"name":"wp","href":"https:\/\/api.w.org\/{rel}","templated":true}]}}