{"id":39433,"date":"2024-10-10T01:15:52","date_gmt":"2024-10-09T18:15:52","guid":{"rendered":"http:\/\/azsoft.com\/-product-\/uncategorized\/melomania\/"},"modified":"2024-10-10T01:16:05","modified_gmt":"2024-10-09T18:16:05","slug":"melomania","status":"publish","type":"product","link":"https:\/\/azsoft.com\/fr\/-product-\/phan-mem\/hobbies-and-interests\/melomania\/","title":{"rendered":"Melomania"},"content":{"rendered":"<div class=\"b-product__description_text\">\n<p>Melomania l\u00e0 m\u1ed9t ch\u01b0\u01a1ng tr\u00ecnh ti\u1ec7n d\u1ee5ng ch\u1ea1y tr\u00ean Windows v\u00e0 \u0111\u01b0\u1ee3c thi\u1ebft k\u1ebf \u0111\u1ec3 s\u1eafp x\u1ebfp v\u00e0 l\u1eadp danh m\u1ee5c b\u1ea5t k\u1ef3 b\u1ed9 s\u01b0u t\u1eadp nh\u1ea1c n\u00e0o, t\u1eeb \u0111\u0129a vinyl \u0111\u1ebfn MP3. Melomania s\u1ebd cung c\u1ea5p cho b\u1ea1n m\u1ed9t lo\u1ea1t c\u00e1c t\u00f9y ch\u1ecdn \u0111\u1ec3 l\u00e0m vi\u1ec7c v\u1edbi c\u01a1 s\u1edf d\u1eef li\u1ec7u \u00e2m nh\u1ea1c, bao g\u1ed3m:<\/p>\n<ul>\n<li>T\u1ef1 \u0111\u1ed9ng<\/li>\n<p> th\u00eam c\u00e1c b\u1ea3n nh\u1ea1c. <\/p>\n<li>T\u1ea3i xu\u1ed1ng th\u00f4ng tin t\u1eeb Internet.<\/li>\n<li>K\u1ebf to\u00e1n c\u00e1c \u0111\u0129a \u0111\u01b0\u1ee3c g\u1eedi \u0111i.<\/li>\n<li>T\u1ea3i xu\u1ed1ng b\u00eca t\u1ee9c th\u00ec.<\/li>\n<li>\u0110i\u1ec1u h\u01b0\u1edbng d\u1ec5 d\u00e0ng.<\/li>\n<li>H\u1ed7 tr\u1ee3 cho m\u1ecdi \u0111\u1ecbnh d\u1ea1ng c\u00f3 th\u1ec3 t\u01b0\u1edfng t\u01b0\u1ee3ng \u0111\u01b0\u1ee3c.<\/li>\n<li>T\u00ecm ki\u1ebfm t\u1ee9c th\u00ec v\u00e0 ch\u00ednh x\u00e1c.<\/li>\n<li>Th\u1ebb v\u00e0 \u0111\u1ed5i t\u00ean.<\/li>\n<li>Theo d\u00f5i bi\u00ean d\u1ecbch v\u00e0 b\u1ed9 l\u1ecdc t\u00f9y ch\u1ec9nh.<\/li>\n<li>Nh\u00f3m b\u1ed9 s\u01b0u t\u1eadp c\u00f3 th\u1ec3 t\u00f9y ch\u1ec9nh.<\/li>\n<li>Xu\u1ea5t \u0111a \u0111\u1ecbnh d\u1ea1ng.<\/li>\n<li>In.<\/li>\n<\/ul>\n<p>V\u00e0 nhi\u1ec1u h\u01a1n th\u1ebf n\u1eefa.<\/p>\n<\/div>","protected":false},"excerpt":{"rendered":"<p>Melomania l\u00e0 m\u1ed9t ch\u01b0\u01a1ng tr\u00ecnh ti\u1ec7n d\u1ee5ng ch\u1ea1y tr\u00ean Windows v\u00e0 \u0111\u01b0\u1ee3c thi\u1ebft k\u1ebf \u0111\u1ec3 t\u1ed5 ch\u1ee9c v\u00e0 l\u1eadp danh m\u1ee5c t\u1ea5t c\u1ea3 c\u00e1c lo\u1ea1i b\u1ed9 s\u01b0u t\u1eadp \u00e2m nh\u1ea1c, t\u1eeb \u0111\u0129a vinyl \u0111\u1ebfn MP3. Melomania s\u1ebd cung c\u1ea5p cho b\u1ea1n m\u1ed9t lo\u1ea1t c\u00e1c t\u00f9y ch\u1ecdn \u0111\u1ec3 l\u00e0m vi\u1ec7c v\u1edbi c\u01a1 s\u1edf d\u1eef li\u1ec7u \u00e2m nh\u1ea1c<\/p>\n<p>.<\/p>","protected":false},"featured_media":39434,"comment_status":"closed","ping_status":"closed","template":"","meta":[],"pwb-brand":[],"product_cat":[3022],"product_tag":[5334,25,5387],"class_list":{"0":"post-39433","1":"product","2":"type-product","3":"status-publish","4":"has-post-thumbnail","6":"product_cat-hobbies-and-interests","7":"product_tag-co-so","8":"product_tag-man","9":"product_tag-tao-co-kha-nang","11":"first","12":"instock","13":"shipping-taxable","14":"product-type-simple"},"brands":[],"_links":{"self":[{"href":"https:\/\/azsoft.com\/fr\/wp-json\/wp\/v2\/product\/39433","targetHints":{"allow":["GET"]}}],"collection":[{"href":"https:\/\/azsoft.com\/fr\/wp-json\/wp\/v2\/product"}],"about":[{"href":"https:\/\/azsoft.com\/fr\/wp-json\/wp\/v2\/types\/product"}],"replies":[{"embeddable":true,"href":"https:\/\/azsoft.com\/fr\/wp-json\/wp\/v2\/comments?post=39433"}],"wp:featuredmedia":[{"embeddable":true,"href":"https:\/\/azsoft.com\/fr\/wp-json\/wp\/v2\/media\/39434"}],"wp:attachment":[{"href":"https:\/\/azsoft.com\/fr\/wp-json\/wp\/v2\/media?parent=39433"}],"wp:term":[{"taxonomy":"pwb-brand","embeddable":true,"href":"https:\/\/azsoft.com\/fr\/wp-json\/wp\/v2\/pwb-brand?post=39433"},{"taxonomy":"product_cat","embeddable":true,"href":"https:\/\/azsoft.com\/fr\/wp-json\/wp\/v2\/product_cat?post=39433"},{"taxonomy":"product_tag","embeddable":true,"href":"https:\/\/azsoft.com\/fr\/wp-json\/wp\/v2\/product_tag?post=39433"}],"curies":[{"name":"wp","href":"https:\/\/api.w.org\/{rel}","templated":true}]}}