{"id":38507,"date":"2024-08-24T16:30:18","date_gmt":"2024-08-24T09:30:18","guid":{"rendered":"http:\/\/azsoft.com\/-product-\/uncategorized\/akvis-pastel\/"},"modified":"2024-08-24T16:30:31","modified_gmt":"2024-08-24T09:30:31","slug":"akvis-pastel","status":"publish","type":"product","link":"https:\/\/azsoft.com\/fr\/-product-\/phan-mem\/programs-for-macos\/akvis-pastel\/","title":{"rendered":"AKVIS Pastel"},"content":{"rendered":"<div class=\"b-product__description_text\">\n<p><strong>AKVIS Pastel<\/strong> cho ph\u00e9p b\u1ea1n chuy\u1ec3n \u0111\u1ed5i m\u1ed9t b\u1ee9c \u1ea3nh th\u00e0nh m\u1ed9t b\u1ea3n v\u1ebd pastel.<\/p>\n<p> <em>Ch\u01b0\u01a1ng tr\u00ecnh bi\u1ebfn b\u1ea5t k\u1ef3 h\u00ecnh \u1ea3nh n\u00e0o th\u00e0nh m\u1ed9t t\u00e1c ph\u1ea9m ngh\u1ec7 thu\u1eadt, b\u1eaft ch\u01b0\u1edbc m\u1ed9t trong nh\u1eefng k\u1ef9 thu\u1eadt ngh\u1ec7 thu\u1eadt ph\u1ed5 bi\u1ebfn nh\u1ea5t &#8211; ngh\u1ec7 thu\u1eadt pastel.<\/em>K\u1ef9 <\/p>\n<p>thu\u1eadt pastel k\u1ebft h\u1ee3p kh\u1ea3 n\u0103ng v\u1ebd tranh v\u00e0 \u0111\u1ed3 h\u1ecda, l\u1ea5y nh\u1eefng \u0111i\u1ec1u t\u1ed1t nh\u1ea5t t\u1eeb c\u1ea3 hai lo\u1ea1i h\u00ecnh ngh\u1ec7 thu\u1eadt, ho\u1ea1t \u0111\u1ed9ng v\u1edbi \u0111\u01b0\u1eddng n\u00e9t v\u00e0 m\u00e0u s\u1eafc, t\u00f4 b\u00f3ng v\u00e0 c\u00e1c \u0111i\u1ec3m \u0111\u1eb9p nh\u01b0 tranh v\u1ebd. Tranh pastel s\u1eed d\u1ee5ng b\u00fat ch\u00ec m\u00e0u \u0111\u1eb7c bi\u1ec7t t\u1ea1o th\u00e0nh nh\u1eefng n\u00e9t m\u1ec1m m\u01b0\u1ee3t v\u1edbi c\u00e1c c\u1ea1nh l\u1ecfng l\u1ebbo, c\u0169ng nh\u01b0 b\u1ec1 m\u1eb7t th\u00f4 r\u00e1p c\u00f3 k\u1ebft c\u1ea5u gi\u1eef l\u1ea1i s\u1eafc t\u1ed1. M\u1ed9t t\u00ednh n\u0103ng \u0111\u1eb7c bi\u1ec7t c\u1ee7a ph\u1ea5n m\u00e0u l\u00e0 s\u1ef1 nh\u1ea5p nh\u00e1y c\u1ee7a m\u00e0u s\u1eafc x\u1ea3y ra do \u0111\u1ed9 m\u1edd c\u1ee7a gi\u1ea5y, k\u1ebft c\u1ea5u phong ph\u00fa, m\u00e0u s\u1eafc phong ph\u00fa v\u00e0 phong ph\u00fa, s\u1ef1 t\u01b0\u01a1i m\u1edbi c\u1ee7a t\u00f4ng m\u00e0u, \u0111\u1ed9 s\u00e1ng v\u00e0 s\u1ef1 d\u1ecbu d\u00e0ng c\u1ee7a qu\u00e1 tr\u00ecnh chuy\u1ec3n<\/p>\n<p> ti\u1ebfp m\u1ec1m m\u1ea1i.<\/p>\n<p><strong>AKVIS Pastel<\/strong> cho ph\u00e9p b\u1ea1n th\u1ef1c hi\u1ec7n c\u00e1c \u00fd t\u01b0\u1edfng s\u00e1ng t\u1ea1o. V\u1edbi s\u1ef1 tr\u1ee3 gi\u00fap c\u1ee7a ch\u01b0\u01a1ng tr\u00ecnh, b\u1ea1n c\u00f3 th\u1ec3 t\u1ea1o ra m\u1ed9t b\u1ee9c tranh \u0111\u1eb9p m\u00e0 kh\u00f4ng c\u1ea7n c\u00f3 t\u00e0i n\u0103ng v\u00e0 k\u1ef9 n\u0103ng c\u1ee7a m\u1ed9t ngh\u1ec7 s\u0129. B\u1ea1n c\u00f3 th\u1ec3 ch\u1ecdn m\u1ed9t trong c\u00e1c c\u00e0i \u0111\u1eb7t tr\u01b0\u1edbc \u0111\u01b0\u1ee3c t\u1ea1o s\u1eb5n ho\u1eb7c \u0111i\u1ec1u ch\u1ec9nh c\u00e0i \u0111\u1eb7t hi\u1ec7u \u1ee9ng theo \u00fd mu\u1ed1n, vi\u1ec7c t\u1ea1o ra m\u1ed9t ki\u1ec7t t\u00e1c \u0111\u01b0\u1ee3c \u0111\u1ea3m b\u1ea3o. C\u00e1c c\u00e0i \u0111\u1eb7t \u0111\u1ec3 chuy\u1ec3n \u0111\u1ed5i \u1ea3nh sang ph\u1ea5n m\u00e0u cho ph\u00e9p b\u1ea1n ki\u1ec3m so\u00e1t qu\u00e1 tr\u00ecnh v\u00e0 nh\u1eadn \u0111\u01b0\u1ee3c nhi\u1ec1u lo\u1ea1i b\u1ea3n v\u1ebd kh\u00e1c nhau<\/p>\n<p>.<\/p>\n<p>C\u00e1c c\u00f4ng c\u1ee5 b\u1ed5 sung cho ph\u00e9p b\u1ea1n c\u1ea3i thi\u1ec7n k\u1ebft qu\u1ea3, thay \u0111\u1ed5i h\u01b0\u1edbng c\u1ee7a c\u00e1c \u0111\u01b0\u1eddng \u0111\u01b0\u1ee3c t\u1ea1o t\u1ef1 \u0111\u1ed9ng, t\u0103ng c\u01b0\u1eddng ho\u1eb7c l\u00e0m suy y\u1ebfu hi\u1ec7u \u1ee9ng pastel tr\u00ean c\u00e1c khu v\u1ef1c \u0111\u00e3 ch\u1ecdn v\u00e0 \u00e1p d\u1ee5ng c\u00e1c n\u00e9t ho\u00e0n thi\u1ec7n.<\/p>\n<p>\u0110\u1ec3 c\u00f3 \u0111\u01b0\u1ee3c hi\u1ec7u \u1ee9ng pastel \u0111\u00e1ng tin c\u1eady, \u0111i\u1ec1u quan tr\u1ecdng l\u00e0 s\u1eed d\u1ee5ng m\u1ed9t b\u1ec1 m\u1eb7t ph\u00f9 h\u1ee3p. C\u00e1c ngh\u1ec7 s\u0129 th\u01b0\u1eddng v\u1ebd b\u1eb1ng ph\u1ea5n m\u00e0u tr\u00ean gi\u1ea5y s\u1ea7n s\u00f9i. S\u1eed d\u1ee5ng ch\u01b0\u01a1ng tr\u00ecnh, b\u1ea1n c\u00f3 th\u1ec3 ch\u1ecdn b\u1ea5t k\u1ef3 lo\u1ea1i b\u1ec1 m\u1eb7t n\u00e0o: nhung ho\u1eb7c gi\u1ea5y nh\u00e1m, v\u1ea3i b\u1ea1t, t\u01b0\u1eddng g\u1ea1ch<\/p>\n<p> ho\u1eb7c th\u1ea1ch cao.<\/p>\n<p>Ch\u01b0\u01a1ng tr\u00ecnh cho ph\u00e9p b\u1ea1n kh\u00f4ng ch\u1ec9 t\u1ea1o m\u1ed9t b\u1ea3n v\u1ebd pastel t\u1eeb m\u1ed9t b\u1ee9c \u1ea3nh, b\u1ea1n c\u00f2n c\u00f3 th\u1ec3 th\u00eam v\u0103n b\u1ea3n v\u00e0o h\u00ecnh \u1ea3nh: ch\u1eef k\u00fd, ti\u00eau \u0111\u1ec1, s\u1ef1 c\u1ed1ng hi\u1ebfn.<\/p>\n<p>C\u00f3 th\u1ec3 ch\u1ec9nh s\u1eeda m\u1ed9t lo\u1ea1t \u1ea3nh b\u1eb1ng c\u00e1ch s\u1eed d\u1ee5ng x\u1eed l\u00fd t\u1ec7p h\u00e0ng lo\u1ea1t, cho ph\u00e9p b\u1ea1n \u00e1p d\u1ee5ng hi\u1ec7u \u1ee9ng ngh\u1ec7 thu\u1eadt cho th\u01b0 m\u1ee5c h\u00ecnh \u1ea3nh v\u00e0 t\u1ef1 \u0111\u1ed9ng chuy\u1ec3n \u0111\u1ed5i t\u1ea5t c\u1ea3 c\u00e1c t\u1ec7p th\u00e0nh b\u1ea3n v\u1ebd pastel. T\u00ednh n\u0103ng n\u00e0y r\u1ea5t h\u1eefu \u00edch khi b\u1ea1n mu\u1ed1n t\u1ea1o nhi\u1ec1u b\u1ea3n v\u1ebd theo c\u00f9ng m\u1ed9t ki\u1ec3u, v\u00ed d\u1ee5, cho m\u1ed9t blog ho\u1eb7c t\u1eadp<\/p>\n<p> s\u00e1ch nh\u1ecf.<\/p>\n<p><strong>AKVIS Pastel<\/strong> <em>c\u00f3 s\u1eb5n d\u01b0\u1edbi d\u1ea1ng plug-in cho c\u00e1c tr\u00ecnh ch\u1ec9nh s\u1eeda \u0111\u1ed3 h\u1ecda (<em>plugin<\/em>) v\u00e0 nh\u01b0 m\u1ed9t ch\u01b0\u01a1ng tr\u00ecnh \u0111\u1ed9c l\u1eadp kh\u00f4ng y\u00eau c\u1ea7u tr\u00ecnh ch\u1ec9nh s\u1eeda \u1ea3nh.<\/em> Plugin t\u01b0\u01a1ng th\u00edch v\u1edbi t\u1ea5t c\u1ea3 c\u00e1c tr\u00ecnh ch\u1ec9nh s\u1eeda \u1ea3nh ph\u1ed5 bi\u1ebfn: Adobe Photoshop, Corel PaintShop Pro v\u00e0 c\u00e1c tr\u00ecnh ch\u1ec9nh s\u1eeda kh\u00e1c. C\u00e1c t\u00f9y ch\u1ecdn ph\u1ee5 thu\u1ed9c v\u00e0o lo\u1ea1i gi\u1ea5y ph\u00e9p. Trong th\u1eddi gian d\u00f9ng th\u1eed, b\u1ea1n c\u00f3 th\u1ec3 th\u1eed t\u1ea5t c\u1ea3 c\u00e1c t\u00f9y ch\u1ecdn v\u00e0 ch\u1ecdn t\u00f9y ch\u1ecdn ph\u00f9 h\u1ee3p nh\u1ea5t v\u1edbi b\u1ea1n. \u0110\u1ec3 bi\u1ebft chi ti\u1ebft \u0111\u1ea7y \u0111\u1ee7, h\u00e3y xem b\u1ea3ng so s\u00e1nh gi\u1eefa c\u00e1c phi\u00ean b\u1ea3n v\u00e0 gi\u1ea5y ph\u00e9p<\/p>\n<p>.                <\/p><\/div>","protected":false},"excerpt":{"rendered":"<p>AKVIS Pastel cho ph\u00e9p b\u1ea1n chuy\u1ec3n \u0111\u1ed5i m\u1ed9t b\u1ee9c \u1ea3nh th\u00e0nh m\u1ed9t b\u1ea3n v\u1ebd pastel. Ch\u01b0\u01a1ng tr\u00ecnh bi\u1ebfn b\u1ea5t k\u1ef3 h\u00ecnh \u1ea3nh n\u00e0o th\u00e0nh m\u1ed9t t\u00e1c ph\u1ea9m ngh\u1ec7 thu\u1eadt, b\u1eaft ch\u01b0\u1edbc m\u1ed9t trong nh\u1eefng k\u1ef9 thu\u1eadt ngh\u1ec7 thu\u1eadt ph\u1ed5 bi\u1ebfn nh\u1ea5t &#8211; ngh\u1ec7 thu\u1eadt pastel<\/p>\n<p>.<\/p>","protected":false},"featured_media":38508,"comment_status":"closed","ping_status":"closed","template":"","meta":[],"pwb-brand":[],"product_cat":[3021],"product_tag":[3329,3461],"class_list":{"0":"post-38507","1":"product","2":"type-product","3":"status-publish","4":"has-post-thumbnail","6":"product_cat-programs-for-macos","7":"product_tag-aquis","8":"product_tag-tot","10":"first","11":"instock","12":"shipping-taxable","13":"product-type-simple"},"brands":[],"_links":{"self":[{"href":"https:\/\/azsoft.com\/fr\/wp-json\/wp\/v2\/product\/38507","targetHints":{"allow":["GET"]}}],"collection":[{"href":"https:\/\/azsoft.com\/fr\/wp-json\/wp\/v2\/product"}],"about":[{"href":"https:\/\/azsoft.com\/fr\/wp-json\/wp\/v2\/types\/product"}],"replies":[{"embeddable":true,"href":"https:\/\/azsoft.com\/fr\/wp-json\/wp\/v2\/comments?post=38507"}],"wp:featuredmedia":[{"embeddable":true,"href":"https:\/\/azsoft.com\/fr\/wp-json\/wp\/v2\/media\/38508"}],"wp:attachment":[{"href":"https:\/\/azsoft.com\/fr\/wp-json\/wp\/v2\/media?parent=38507"}],"wp:term":[{"taxonomy":"pwb-brand","embeddable":true,"href":"https:\/\/azsoft.com\/fr\/wp-json\/wp\/v2\/pwb-brand?post=38507"},{"taxonomy":"product_cat","embeddable":true,"href":"https:\/\/azsoft.com\/fr\/wp-json\/wp\/v2\/product_cat?post=38507"},{"taxonomy":"product_tag","embeddable":true,"href":"https:\/\/azsoft.com\/fr\/wp-json\/wp\/v2\/product_tag?post=38507"}],"curies":[{"name":"wp","href":"https:\/\/api.w.org\/{rel}","templated":true}]}}