{"id":34609,"date":"2024-07-29T09:05:30","date_gmt":"2024-07-29T02:05:30","guid":{"rendered":"http:\/\/azsoft.com\/-product-\/uncategorized\/sender-based-routing-for-exchange-server\/"},"modified":"2024-07-29T09:05:35","modified_gmt":"2024-07-29T02:05:35","slug":"sender-based-routing-for-exchange-server","status":"publish","type":"product","link":"https:\/\/azsoft.com\/fr\/-product-\/phan-mem\/phan-mem-lap-trinh\/cong-cu-lap-trinh\/sender-based-routing-for-exchange-server\/","title":{"rendered":"Sender Based Routing for Exchange Server"},"content":{"rendered":"<table class=\"data table additional-attributes table1\" id=\"product-attribute-specs-table\">\n<caption class=\"table-caption\">More Information<\/caption>\n<tbody>\n<tr>\n<th class=\"col label\" scope=\"row\">L&#039;entreprise<\/th>\n<td class=\"col data\" data-th=\"H\u00e3ng\">AdminSystem Software<\/td>\n<\/tr>\n<tr>\n<th class=\"col label\" scope=\"row\">Formulaire de licence<\/th>\n<td class=\"col data\" data-th=\"H\u00ecnh th\u1ee9c c\u1ea5p ph\u00e9p\">Licence<\/td>\n<\/tr>\n<tr>\n<th class=\"col label\" scope=\"row\">Segmentation de la client\u00e8le<\/th>\n<td class=\"col data\" data-th=\"Ph\u00e2n kh\u00fac kh\u00e1ch h\u00e0ng\">PME<\/td>\n<\/tr>\n<tr>\n<th class=\"col label\" scope=\"row\">Type d&#039;inscription<\/th>\n<td class=\"col data\" data-th=\"Lo\u1ea1i h\u00ecnh \u0111\u0103ng k\u00fd\">V\u0129nh vi\u1ec5n<\/td>\n<\/tr>\n<tr>\n<th class=\"col label\" scope=\"row\">Statut de l&#039;article<\/th>\n<td class=\"col data\" data-th=\"Tr\u1ea1ng th\u00e1i h\u00e0ng\">Stockage<\/td>\n<\/tr>\n<\/tbody>\n<\/table>\n<table class=\"data table additional-attributes table1\" id=\"product-attribute-specs-table\">\n<caption class=\"table-caption\">More Information<\/caption>\n<tbody>\n<tr>\n<th class=\"col label\" scope=\"row\">L&#039;entreprise<\/th>\n<td class=\"col data\" data-th=\"H\u00e3ng\">AdminSystem Software<\/td>\n<\/tr>\n<tr>\n<th class=\"col label\" scope=\"row\">Formulaire de licence<\/th>\n<td class=\"col data\" data-th=\"H\u00ecnh th\u1ee9c c\u1ea5p ph\u00e9p\">Licence<\/td>\n<\/tr>\n<tr>\n<th class=\"col label\" scope=\"row\">Segmentation de la client\u00e8le<\/th>\n<td class=\"col data\" data-th=\"Ph\u00e2n kh\u00fac kh\u00e1ch h\u00e0ng\">PME<\/td>\n<\/tr>\n<tr>\n<th class=\"col label\" scope=\"row\">Type d&#039;inscription<\/th>\n<td class=\"col data\" data-th=\"Lo\u1ea1i h\u00ecnh \u0111\u0103ng k\u00fd\">V\u0129nh vi\u1ec5n<\/td>\n<\/tr>\n<tr>\n<th class=\"col label\" scope=\"row\">Statut de l&#039;article<\/th>\n<td class=\"col data\" data-th=\"Tr\u1ea1ng th\u00e1i h\u00e0ng\">Stockage<\/td>\n<\/tr>\n<\/tbody>\n<\/table>","protected":false},"excerpt":{"rendered":"<table class=\"table-attributes table2\">\n<tbody>\n<tr>\n<th scope=\"row\">L&#039;entreprise<\/th>\n<td data-th=\"H\u00e3ng\">\n                                            AdminSystem Software                                          <\/td>\n<\/tr>\n<tr>\n<th scope=\"row\">Formulaire de licence<\/th>\n<td data-th=\"H\u00ecnh th\u1ee9c c\u1ea5p ph\u00e9p\">\n                                            Licence                                          <\/td>\n<\/tr>\n<tr>\n<th scope=\"row\">Segmentation de la client\u00e8le<\/th>\n<td data-th=\"Ph\u00e2n kh\u00fac kh\u00e1ch h\u00e0ng\">\n                                            PME                                          <\/td>\n<\/tr>\n<tr>\n<th scope=\"row\">Type d&#039;inscription<\/th>\n<td data-th=\"Lo\u1ea1i h\u00ecnh \u0111\u0103ng k\u00fd\">\n                                            V\u0129nh vi\u1ec5n                                          <\/td>\n<\/tr>\n<tr>\n<th scope=\"row\">Statut de l&#039;article<\/th>\n<td data-th=\"Tr\u1ea1ng th\u00e1i h\u00e0ng\">\n<p>            <span class=\"tit\"><i class=\"porto-icon-ok\"><\/i> Stockage<\/span><\/p>\n<\/td>\n<\/tr>\n<\/tbody>\n<\/table>","protected":false},"featured_media":34610,"comment_status":"closed","ping_status":"closed","template":"","meta":[],"pwb-brand":[],"product_cat":[3085],"product_tag":[],"class_list":{"0":"post-34609","1":"product","2":"type-product","3":"status-publish","4":"has-post-thumbnail","6":"product_cat-cong-cu-lap-trinh","8":"first","9":"instock","10":"shipping-taxable","11":"product-type-simple"},"brands":[],"_links":{"self":[{"href":"https:\/\/azsoft.com\/fr\/wp-json\/wp\/v2\/product\/34609","targetHints":{"allow":["GET"]}}],"collection":[{"href":"https:\/\/azsoft.com\/fr\/wp-json\/wp\/v2\/product"}],"about":[{"href":"https:\/\/azsoft.com\/fr\/wp-json\/wp\/v2\/types\/product"}],"replies":[{"embeddable":true,"href":"https:\/\/azsoft.com\/fr\/wp-json\/wp\/v2\/comments?post=34609"}],"wp:featuredmedia":[{"embeddable":true,"href":"https:\/\/azsoft.com\/fr\/wp-json\/wp\/v2\/media\/34610"}],"wp:attachment":[{"href":"https:\/\/azsoft.com\/fr\/wp-json\/wp\/v2\/media?parent=34609"}],"wp:term":[{"taxonomy":"pwb-brand","embeddable":true,"href":"https:\/\/azsoft.com\/fr\/wp-json\/wp\/v2\/pwb-brand?post=34609"},{"taxonomy":"product_cat","embeddable":true,"href":"https:\/\/azsoft.com\/fr\/wp-json\/wp\/v2\/product_cat?post=34609"},{"taxonomy":"product_tag","embeddable":true,"href":"https:\/\/azsoft.com\/fr\/wp-json\/wp\/v2\/product_tag?post=34609"}],"curies":[{"name":"wp","href":"https:\/\/api.w.org\/{rel}","templated":true}]}}