{"id":21362,"date":"2024-07-11T16:55:50","date_gmt":"2024-07-11T09:55:50","guid":{"rendered":"http:\/\/azsoft.com\/-product-\/uncategorized\/the-quiet-baby-phien-ban-dien-tu\/"},"modified":"2024-07-11T16:55:57","modified_gmt":"2024-07-11T09:55:57","slug":"the-quiet-baby-phien-ban-dien-tu","status":"publish","type":"product","link":"https:\/\/azsoft.com\/fr\/-product-\/phan-mem\/hobbies-and-interests\/the-quiet-baby-phien-ban-dien-tu\/","title":{"rendered":"\u201cThe Quiet Baby\u201d (phi\u00ean b\u1ea3n \u0111i\u1ec7n t\u1eed)"},"content":{"rendered":"<div class=\"b-product__description_text\">\n<p>Ch\u01b0\u01a1ng tr\u00ecnh <strong>\u201cEm b\u00e9 y\u00ean t\u0129nh\u201d<\/strong> s\u1ebd gi\u00fap c\u00e1c b\u1eadc cha m\u1eb9 quan t\u00e2m v\u1edbi <br \/>hai v\u1ea5n \u0111\u1ec1 ch\u00ednh &#8211; l\u00e0m th\u1ebf n\u00e0o \u0111\u1ec3 b\u00ecnh t\u0129nh v\u00e0 gi\u1ea3i tr\u00ed cho em b\u00e9. <br \/>Ch\u01b0\u01a1ng tr\u00ecnh tr\u00f2 ch\u01a1i \u0111\u1ed9c \u0111\u00e1o n\u00e0y \u0111\u01b0\u1ee3c ph\u00e1t tri\u1ec3n d\u1ef1a tr\u00ean kinh nghi\u1ec7m c\u1ee7a nhi\u1ec1u ph\u1ee5 huynh tr\u1ebb. C\u00f4 \u1ea5y s\u1ebd l\u00e0 tr\u1ee3 l\u00fd t\u1ed1t nh\u1ea5t trong nh\u1eefng n\u0103m \u0111\u1ea7u \u0111\u1eddi c\u1ee7a m\u1ed9t \u0111\u1ee9a tr\u1ebb. <\/p>\n<p>B\u1ea1n c\u00f3 th\u1ec3 s\u1eed d\u1ee5ng n\u00f3 tr\u00ean m\u00e1y t\u00ednh c\u00e1 nh\u00e2n, trong xe h\u01a1i c\u1ee7a b\u1ea1n, b\u1ea5t k\u1ef3 \u0111\u1ea7u DVD n\u00e0o v\u00e0 trong r\u1ea1p h\u00e1t t\u1ea1i nh\u00e0 c\u1ee7a b\u1ea1n. <br \/><strong>C\u00e1c t\u00ednh n\u0103ng c\u1ee7a ch\u01b0\u01a1ng tr\u00ecnh \u201cCalm Baby\u201d:<\/strong> <\/p>\n<li>\n<ul>\n<li>M\u1ed9t h\u1ec7 th\u1ed1ng \u0111\u1ed9c \u0111\u00e1o \u0111\u1ec3 m\u00f4 ph\u1ecfng \u00e2m thanh c\u1ee7a m\u00f4i tr\u01b0\u1eddng quen thu\u1ed9c nh\u1ea5t cho tr\u1ebb s\u01a1 sinh &#8211; b\u1ee5ng m\u1eb9;<\/li>\n<p> B\u1ed9 <\/p>\n<li>s\u01b0u t\u1eadp \u0111\u1ed9c quy\u1ec1n c\u00e1c b\u00e0i h\u00e1t ru v\u00e0 t\u00e1c ph\u1ea9m khi\u00eau v\u0169; M\u1ed9t b\u1ed9 \u00e2m thanh n\u1ec1n \u0111\u1eb7c bi\u1ec7t \u0111\u1ec3 l\u00e0m d\u1ecbu em b\u00e9; H\u00ecnh <\/li>\n<li>\u1ea3nh \u0111\u1ed9ng v\u1eadt v\u00e0 gi\u1ecdng n\u00f3i cho nh\u1eefng b\u01b0\u1edbc \u0111\u1ea7u ti\u00ean trong vi\u1ec7c hi\u1ec3u th\u1ebf gi\u1edbi xung quanh ch\u00fang ta;<\/li>\n<li>M\u1ed9t \u0111\u1ed3ng c\u1ecf v\u1edbi b\u1ecd r\u00f9a vui v\u1ebb l\u00e0 c\u00e1ch t\u1ed1t nh\u1ea5t \u0111\u1ec3 \u0111\u00e1nh l\u1ea1c h\u01b0\u1edbng em b\u00e9; Ti\u1ec1n th\u01b0\u1edfng cho m\u1eb9 &#8211; trong khi b\u00e9<\/li>\n<p> b\u00ecnh<\/ul>\n<\/li>\n<li>t\u0129nh l\u1ea1i \u00e2m thanh nh\u1eb9 nh\u00e0ng, m\u1eb9 c\u00f3 th\u1ec3 ch\u01a1i c\u00e1c tr\u00f2 ch\u01a1i \u0111\u01a1n gi\u1ea3n v\u00e0 c\u00e1c<\/li>\n<p> tr\u00f2 ch\u01a1i th\u00fa v\u1ecb.<\/p><\/div>\n[wpcc-iframe\u201d t\u00f9y ch\u1ecdn d\u1eef li\u1ec7u=]","protected":false},"excerpt":{"rendered":"<p>Ch\u01b0\u01a1ng tr\u00ecnh \u201cEm b\u00e9 y\u00ean t\u0129nh\u201d s\u1ebd gi\u00fap c\u00e1c b\u1eadc cha m\u1eb9 quan t\u00e2m v\u1edbi <br \/>hai v\u1ea5n \u0111\u1ec1 ch\u00ednh &#8211; l\u00e0m th\u1ebf n\u00e0o \u0111\u1ec3 b\u00ecnh t\u0129nh v\u00e0 gi\u1ea3i tr\u00ed cho em b\u00e9. Ch\u01b0\u01a1ng tr\u00ecnh tr\u00f2 ch\u01a1i \u0111\u1ed9c \u0111\u00e1o n\u00e0y \u0111\u01b0\u1ee3c ph\u00e1t tri\u1ec3n d\u1ef1a tr\u00ean kinh nghi\u1ec7m c\u1ee7a nhi\u1ec1u ph\u1ee5 huynh tr\u1ebb. C\u00f4 \u1ea5y s\u1ebd l\u00e0 tr\u1ee3 l\u00fd t\u1ed1t nh\u1ea5t trong nh\u1eefng n\u0103m \u0111\u1ea7u \u0111\u1eddi c\u1ee7a m\u1ed9t \u0111\u1ee9a tr\u1ebb<\/p>\n<p>.<\/p>","protected":false},"featured_media":21363,"comment_status":"closed","ping_status":"closed","template":"","meta":[],"pwb-brand":[],"product_cat":[3022],"product_tag":[3879,3461],"class_list":{"0":"post-21362","1":"product","2":"type-product","3":"status-publish","4":"has-post-thumbnail","6":"product_cat-hobbies-and-interests","7":"product_tag-cac-ba-me-hien-dai","8":"product_tag-tot","10":"first","11":"instock","12":"shipping-taxable","13":"product-type-simple"},"brands":[],"_links":{"self":[{"href":"https:\/\/azsoft.com\/fr\/wp-json\/wp\/v2\/product\/21362","targetHints":{"allow":["GET"]}}],"collection":[{"href":"https:\/\/azsoft.com\/fr\/wp-json\/wp\/v2\/product"}],"about":[{"href":"https:\/\/azsoft.com\/fr\/wp-json\/wp\/v2\/types\/product"}],"replies":[{"embeddable":true,"href":"https:\/\/azsoft.com\/fr\/wp-json\/wp\/v2\/comments?post=21362"}],"wp:featuredmedia":[{"embeddable":true,"href":"https:\/\/azsoft.com\/fr\/wp-json\/wp\/v2\/media\/21363"}],"wp:attachment":[{"href":"https:\/\/azsoft.com\/fr\/wp-json\/wp\/v2\/media?parent=21362"}],"wp:term":[{"taxonomy":"pwb-brand","embeddable":true,"href":"https:\/\/azsoft.com\/fr\/wp-json\/wp\/v2\/pwb-brand?post=21362"},{"taxonomy":"product_cat","embeddable":true,"href":"https:\/\/azsoft.com\/fr\/wp-json\/wp\/v2\/product_cat?post=21362"},{"taxonomy":"product_tag","embeddable":true,"href":"https:\/\/azsoft.com\/fr\/wp-json\/wp\/v2\/product_tag?post=21362"}],"curies":[{"name":"wp","href":"https:\/\/api.w.org\/{rel}","templated":true}]}}