{"id":20709,"date":"2024-07-11T14:24:15","date_gmt":"2024-07-11T07:24:15","guid":{"rendered":"http:\/\/azsoft.com\/-product-\/uncategorized\/dich-vu-xe-o-tuemp\/"},"modified":"2024-07-11T14:24:24","modified_gmt":"2024-07-11T07:24:24","slug":"dich-vu-xe-o-tuemp","status":"publish","type":"product","link":"https:\/\/azsoft.com\/fr\/-product-\/phan-mem\/business-management-crm-erp\/business-control-management\/dich-vu-xe-o-tuemp\/","title":{"rendered":"D\u1ecbch v\u1ee5 xe \u00f4 t\u1eedEMP"},"content":{"rendered":"<div class=\"b-product__description_text\">\n<p>Logiciel <strong>Car ServiceMP \u0111\u01b0\u1ee3c<\/strong> thi\u1ebft k\u1ebf \u0111\u1ec3 t\u1ea1o \u0111i\u1ec1u ki\u1ec7n thu\u1eadn l\u1ee3i v\u00e0 t\u1ef1 \u0111\u1ed9ng h\u00f3a c\u00e1c tr\u1ea1m d\u1ecbch v\u1ee5, r\u1eeda xe, d\u1ecbch v\u1ee5 l\u1ed1p xe, b\u00e3i \u0111\u1eadu xe v\u00e0 c\u1eeda h\u00e0ng. S\u1ea3n ph\u1ea9m \u0111\u01b0\u1ee3c t\u1ea1o ra t\u1eeb mong mu\u1ed1n c\u1ee7a ng\u01b0\u1eddi d\u00f9ng th\u00f4ng th\u01b0\u1eddng v\u00e0 ti\u1ebfp t\u1ee5c ph\u00e1t tri\u1ec3n li\u00ean t\u1ee5c. M\u1ee5c ti\u00eau ch\u00ednh l\u00e0 t\u1ea1o ra m\u1ed9t giao di\u1ec7n th\u00e2n thi\u1ec7n v\u00e0 logic r\u00f5 r\u00e0ng. <\/p>\n<p>Ch\u01b0\u01a1ng tr\u00ecnh r\u1ea5t d\u1ec5 th\u1ef1c hi\u1ec7n v\u00e0 kh\u00f4ng y\u00eau c\u1ea7u b\u1ea5t k\u1ef3 th\u00e0nh ph\u1ea7n c\u1ee7a b\u00ean th\u1ee9 ba n\u00e0o. B\u1ea3n th\u00e2n s\u1ea3n ph\u1ea9m \u0111\u01b0\u1ee3c x\u00e2y d\u1ef1ng d\u01b0\u1edbi d\u1ea1ng m\u1ed9t kh\u00f4ng gian l\u00e0m vi\u1ec7c duy nh\u1ea5t bao g\u1ed3m: qu\u1ea3n l\u00fd ng\u01b0\u1eddi d\u00f9ng, trung t\u00e2m d\u1ecbch v\u1ee5 v\u00e0 c\u1eeda h\u00e0ng, kho ph\u1ee5 t\u00f9ng thay th\u1ebf, qu\u1ea3n l\u00fd l\u01b0u l\u01b0\u1ee3ng \u0111\u00e3 qua s\u1eed d\u1ee5ng, thanh to\u00e1n \u1ea3o v\u00e0 b\u00e1o c\u00e1o. T\u1ea5t c\u1ea3 c\u00e1c m\u1eabu in trong ch\u01b0\u01a1ng tr\u00ecnh \u0111\u1ec1u \u1edf \u0111\u1ecbnh d\u1ea1ng RTF v\u00e0 kh\u00f4ng y\u00eau c\u1ea7u c\u00e0i \u0111\u1eb7t ph\u1ea7n m\u1ec1m b\u1ed5 sung tr\u00ean m\u00e1y t\u00ednh. <\/p>\n<p>Trung t\u00e2m d\u1ecbch v\u1ee5 s\u1eed d\u1ee5ng 8 tr\u1ea1ng th\u00e1i \u0111\u1eb7t h\u00e0ng: \u0110\u01b0\u1ee3c ch\u1ea5p nh\u1eadn; \u0111ang s\u1eeda ch\u1eefa; ch\u1edd ti\u1ec1n l\u01b0\u01a1ng; trong b\u00e3i \u0111\u1eadu xe, v.v&#8230; Th\u1eddi gian xe \u0111ang ph\u1ee5c v\u1ee5 \u0111\u01b0\u1ee3c ghi l\u1ea1i. T\u00e1c ph\u1ea9m \u0111\u01b0\u1ee3c ch\u1ecdn t\u1eeb b\u1ea3ng gi\u00e1. C\u1eeda h\u00e0ng cung c\u1ea5p d\u1ecbch v\u1ee5 qu\u1ea3n l\u00fd \u0111\u01a1n h\u00e0ng thu\u1eadn ti\u1ec7n, in th\u1ebb gi\u00e1 v\u00e0 in bi\u00ean lai b\u00e1n h\u00e0ng.<\/p>\n<p><strong>Trung t\u00e2m d\u1ecbch v\u1ee5<\/strong> <\/p>\n<p><strong>: \u2022 Bi\u00ean nh\u1eadn xe \u2022 X\u01b0\u1edfng \u2022 Ph\u00e1t h\u00e0nh \u2022 B\u00e1o c\u00e1o (h\u01a1n 30 lo\u1ea1i) \u2022 T\u00ecm ki\u1ebfm tr\u1ea3 l\u1ea1i \u2022 N\u1ee3 kh\u00e1ch h\u00e0ng \u2022 L\u01b0u tr\u1eef c\u1eeda h\u00e0ng \u2022 Nh\u1eadn h\u00e0ng \u2022 Ho\u1ea1t \u0111\u1ed9ng gia h\u1ea1n \u2022 Gi\u00e1 v\u00e0 M\u00e3 v\u1ea1ch \u2022 B\u00e1o c\u00e1o \u2022 Tr\u1ea3 h\u00e0ng \u2022 H\u1ee7y \u2022 Qu\u1ea3n l\u00fd \u0111\u01a1n h\u00e0ng Ph\u1ee5 t\u00f9ng \u2022 Bi\u00ean nh\u1eadn ph\u1ee5 t\u00f9ng \u2022 Ho\u1ea1t \u0111\u1ed9ng (S\u1eed d\u1ee5ng\/B\u00e1n h\u00e0ng trong x\u01b0\u1edfng) \u2022 B\u00e1o c\u00e1o \u2022 Tr\u1ea3 l\u1ea1i Ph\u1ee5 t\u00f9ng \u2022 X\u00f3a b\u1ecf \u2022 \u0110\u01a1n \u0111\u1eb7t h\u00e0ng \u0111\u00e3 qua s\u1eed d\u1ee5ng \u2022 Mua \u2022 Ho\u1ea1t \u0111\u1ed9ng b\u00e1n h\u00e0ng \u2022 B\u00e1o c\u00e1o t\u00ecm ki\u1ebfm v\u00e0 tr\u1ea3 l\u1ea1i \u2022 Th\u00e1o r\u1eddi \u2022 M\u00e1y t\u00ednh ti\u1ec1n Danh s\u00e1ch \u2022<\/strong> C\u00f4ng c\u1ee5 Y\u00caU C\u1ea6U H\u1ec6 \u0110I\u1ec0U H\u00c0NH: <\/p>\n<ul>\n<li> <\/li>\n<\/ul>\n<\/div>\n<li>B\u1ed9 x\u1eed l\u00fd Windows XP, Windows Vista, Windows 7\n<li>: Pentium III 800 MHz<\/li>\n<li>256 MB RAM 100 MB DirectX<\/li>\n<li>9.0b dung l\u01b0\u1ee3ng \u1ed5 c\u1ee9ng<\/li>\n<p>.<\/li>","protected":false},"excerpt":{"rendered":"<p>CarServiceMP l\u00e0 m\u1ed9t d\u1ecbch v\u1ee5 xe h\u01a1i ph\u1ed5 qu\u00e1t v\u00e0\/ho\u1eb7c ch\u01b0\u01a1ng tr\u00ecnh t\u1ef1 \u0111\u1ed9ng h\u00f3a c\u1eeda h\u00e0ng s\u1eed d\u1ee5ng ADO (b\u1ea3ng *.mdb). \u0110i k\u00e8m v\u1edbi hai \u0111\u1ebf: s\u1ea1ch v\u00e0 \u0111\u1ea7y tem.<\/p>","protected":false},"featured_media":20710,"comment_status":"closed","ping_status":"closed","template":"","meta":[],"pwb-brand":[],"product_cat":[3013],"product_tag":[3834,55],"class_list":{"0":"post-20709","1":"product","2":"type-product","3":"status-publish","4":"has-post-thumbnail","6":"product_cat-business-control-management","7":"product_tag-phuong-tien-truyen-thong-ca-map","8":"product_tag-run","10":"first","11":"instock","12":"shipping-taxable","13":"product-type-simple"},"brands":[],"_links":{"self":[{"href":"https:\/\/azsoft.com\/fr\/wp-json\/wp\/v2\/product\/20709","targetHints":{"allow":["GET"]}}],"collection":[{"href":"https:\/\/azsoft.com\/fr\/wp-json\/wp\/v2\/product"}],"about":[{"href":"https:\/\/azsoft.com\/fr\/wp-json\/wp\/v2\/types\/product"}],"replies":[{"embeddable":true,"href":"https:\/\/azsoft.com\/fr\/wp-json\/wp\/v2\/comments?post=20709"}],"wp:featuredmedia":[{"embeddable":true,"href":"https:\/\/azsoft.com\/fr\/wp-json\/wp\/v2\/media\/20710"}],"wp:attachment":[{"href":"https:\/\/azsoft.com\/fr\/wp-json\/wp\/v2\/media?parent=20709"}],"wp:term":[{"taxonomy":"pwb-brand","embeddable":true,"href":"https:\/\/azsoft.com\/fr\/wp-json\/wp\/v2\/pwb-brand?post=20709"},{"taxonomy":"product_cat","embeddable":true,"href":"https:\/\/azsoft.com\/fr\/wp-json\/wp\/v2\/product_cat?post=20709"},{"taxonomy":"product_tag","embeddable":true,"href":"https:\/\/azsoft.com\/fr\/wp-json\/wp\/v2\/product_tag?post=20709"}],"curies":[{"name":"wp","href":"https:\/\/api.w.org\/{rel}","templated":true}]}}