{"id":20527,"date":"2024-07-11T13:43:19","date_gmt":"2024-07-11T06:43:19","guid":{"rendered":"http:\/\/azsoft.com\/-product-\/uncategorized\/mfe-email-gateway-5000-appl-d-1yr-sd-upg-emg5000dsda\/"},"modified":"2024-07-13T16:12:33","modified_gmt":"2024-07-13T09:12:33","slug":"mfe-email-gateway-5000-appl-d-1yr-sd-upg-emg5000dsda","status":"publish","type":"product","link":"https:\/\/azsoft.com\/fr\/-product-\/phan-mem\/phan-mem-bao-mat\/bao-mat-email\/mfe-email-gateway-5000-appl-d-1yr-sd-upg-emg5000dsda\/","title":{"rendered":"MFE Email Gateway 5000 Appl-D 1Yr SD UPG (EMG5000DSDA)"},"content":{"rendered":"<div class=\"additional-attributes-wrapper table-wrapper\">\n<table class=\"data table additional-attributes table1\" id=\"product-attribute-specs-table\">\n<caption class=\"table-caption\">More Information<\/caption>\n<tbody>\n<tr>\n<th class=\"col label\" scope=\"row\">L&#039;entreprise<\/th>\n<td class=\"col data\" data-th=\"H\u00e3ng\">McAfee<\/td>\n<\/tr>\n<tr>\n<th class=\"col label\" scope=\"row\">Formulaire de licence<\/th>\n<td class=\"col data\" data-th=\"H\u00ecnh th\u1ee9c c\u1ea5p ph\u00e9p\">Licence<\/td>\n<\/tr>\n<tr>\n<th class=\"col label\" scope=\"row\">Type d&#039;inscription<\/th>\n<td class=\"col data\" data-th=\"Lo\u1ea1i h\u00ecnh \u0111\u0103ng k\u00fd\">S&#039;abonner<\/td>\n<\/tr>\n<tr>\n<th class=\"col label\" scope=\"row\">Installation du syst\u00e8me<\/th>\n<td class=\"col data\" data-th=\"C\u00e0i \u0111\u1eb7t h\u1ec7 th\u1ed1ng\">Serveur<\/td>\n<\/tr>\n<tr>\n<th class=\"col label\" scope=\"row\">Statut de l&#039;article<\/th>\n<td class=\"col data\" data-th=\"Tr\u1ea1ng th\u00e1i h\u00e0ng\">Stockage<\/td>\n<\/tr>\n<\/tbody>\n<\/table><\/div>","protected":false},"excerpt":{"rendered":"<table class=\"table-attributes table2\">\n<tbody>\n<tr>\n<th scope=\"row\">L&#039;entreprise<\/th>\n<td data-th=\"H\u00e3ng\">\n                                            McAfee                                          <\/td>\n<\/tr>\n<tr>\n<th scope=\"row\">Formulaire de licence<\/th>\n<td data-th=\"H\u00ecnh th\u1ee9c c\u1ea5p ph\u00e9p\">\n                                            Licence                                          <\/td>\n<\/tr>\n<tr>\n<th scope=\"row\">Type d&#039;inscription<\/th>\n<td data-th=\"Lo\u1ea1i h\u00ecnh \u0111\u0103ng k\u00fd\">\n                                            S&#039;abonner                                          <\/td>\n<\/tr>\n<tr>\n<th scope=\"row\">Installation du syst\u00e8me<\/th>\n<td data-th=\"C\u00e0i \u0111\u1eb7t h\u1ec7 th\u1ed1ng\">\n                                            Serveur                                          <\/td>\n<\/tr>\n<tr>\n<th scope=\"row\">Statut de l&#039;article<\/th>\n<td data-th=\"Tr\u1ea1ng th\u00e1i h\u00e0ng\">\n<p>            <span class=\"tit\"><i class=\"porto-icon-ok\"><\/i> Stockage<\/span><\/p>\n<\/td>\n<\/tr>\n<\/tbody>\n<\/table>","protected":false},"featured_media":20528,"comment_status":"closed","ping_status":"closed","template":"","meta":[],"pwb-brand":[4043],"product_cat":[3048],"product_tag":[],"class_list":{"0":"post-20527","1":"product","2":"type-product","3":"status-publish","4":"has-post-thumbnail","6":"pwb-brand-mcafee","7":"product_cat-bao-mat-email","9":"first","10":"instock","11":"shipping-taxable","12":"product-type-simple"},"brands":[{"id":4043,"name":"McAfee","slug":"mcafee"}],"_links":{"self":[{"href":"https:\/\/azsoft.com\/fr\/wp-json\/wp\/v2\/product\/20527","targetHints":{"allow":["GET"]}}],"collection":[{"href":"https:\/\/azsoft.com\/fr\/wp-json\/wp\/v2\/product"}],"about":[{"href":"https:\/\/azsoft.com\/fr\/wp-json\/wp\/v2\/types\/product"}],"replies":[{"embeddable":true,"href":"https:\/\/azsoft.com\/fr\/wp-json\/wp\/v2\/comments?post=20527"}],"wp:featuredmedia":[{"embeddable":true,"href":"https:\/\/azsoft.com\/fr\/wp-json\/wp\/v2\/media\/20528"}],"wp:attachment":[{"href":"https:\/\/azsoft.com\/fr\/wp-json\/wp\/v2\/media?parent=20527"}],"wp:term":[{"taxonomy":"pwb-brand","embeddable":true,"href":"https:\/\/azsoft.com\/fr\/wp-json\/wp\/v2\/pwb-brand?post=20527"},{"taxonomy":"product_cat","embeddable":true,"href":"https:\/\/azsoft.com\/fr\/wp-json\/wp\/v2\/product_cat?post=20527"},{"taxonomy":"product_tag","embeddable":true,"href":"https:\/\/azsoft.com\/fr\/wp-json\/wp\/v2\/product_tag?post=20527"}],"curies":[{"name":"wp","href":"https:\/\/api.w.org\/{rel}","templated":true}]}}