{"id":18286,"date":"2024-07-11T04:51:04","date_gmt":"2024-07-10T21:51:04","guid":{"rendered":"http:\/\/azsoft.com\/-product-\/uncategorized\/intellifront-bi-reporting-and-analytics-unlimited-outputs\/"},"modified":"2024-07-13T23:18:43","modified_gmt":"2024-07-13T16:18:43","slug":"intellifront-bi-reporting-and-analytics-unlimited-outputs","status":"publish","type":"product","link":"https:\/\/azsoft.com\/fr\/-product-\/phan-mem\/co-so-du-lieu\/cong-cu-database\/intellifront-bi-reporting-and-analytics-unlimited-outputs\/","title":{"rendered":"IntelliFront BI Reporting and Analytics &#8211; Unlimited Outputs"},"content":{"rendered":"<div class=\"additional-attributes-wrapper table-wrapper\">\n<table class=\"data table additional-attributes table1\" id=\"product-attribute-specs-table\">\n<caption class=\"table-caption\">More Information<\/caption>\n<tbody>\n<tr>\n<th class=\"col label\" scope=\"row\">L&#039;entreprise<\/th>\n<td class=\"col data\" data-th=\"H\u00e3ng\">ChristianSteven Software<\/td>\n<\/tr>\n<tr>\n<th class=\"col label\" scope=\"row\">Formulaire de licence<\/th>\n<td class=\"col data\" data-th=\"H\u00ecnh th\u1ee9c c\u1ea5p ph\u00e9p\">Licence<\/td>\n<\/tr>\n<tr>\n<th class=\"col label\" scope=\"row\">Segmentation de la client\u00e8le<\/th>\n<td class=\"col data\" data-th=\"Ph\u00e2n kh\u00fac kh\u00e1ch h\u00e0ng\">PME<\/td>\n<\/tr>\n<tr>\n<th class=\"col label\" scope=\"row\">Type d&#039;inscription<\/th>\n<td class=\"col data\" data-th=\"Lo\u1ea1i h\u00ecnh \u0111\u0103ng k\u00fd\">S&#039;abonner<\/td>\n<\/tr>\n<tr>\n<th class=\"col label\" scope=\"row\">Statut de l&#039;article<\/th>\n<td class=\"col data\" data-th=\"Tr\u1ea1ng th\u00e1i h\u00e0ng\">Stockage<\/td>\n<\/tr>\n<\/tbody>\n<\/table><\/div>","protected":false},"excerpt":{"rendered":"<table class=\"table-attributes table2\">\n<tbody>\n<tr>\n<th scope=\"row\">L&#039;entreprise<\/th>\n<td data-th=\"H\u00e3ng\">\n                                            ChristianSteven Software                                          <\/td>\n<\/tr>\n<tr>\n<th scope=\"row\">Formulaire de licence<\/th>\n<td data-th=\"H\u00ecnh th\u1ee9c c\u1ea5p ph\u00e9p\">\n                                            Licence                                          <\/td>\n<\/tr>\n<tr>\n<th scope=\"row\">Segmentation de la client\u00e8le<\/th>\n<td data-th=\"Ph\u00e2n kh\u00fac kh\u00e1ch h\u00e0ng\">\n                                            PME                                          <\/td>\n<\/tr>\n<tr>\n<th scope=\"row\">Type d&#039;inscription<\/th>\n<td data-th=\"Lo\u1ea1i h\u00ecnh \u0111\u0103ng k\u00fd\">\n                                            S&#039;abonner                                          <\/td>\n<\/tr>\n<tr>\n<th scope=\"row\">Statut de l&#039;article<\/th>\n<td data-th=\"Tr\u1ea1ng th\u00e1i h\u00e0ng\">\n<p>            <span class=\"tit\"><i class=\"porto-icon-ok\"><\/i> Stockage<\/span><\/p>\n<\/td>\n<\/tr>\n<\/tbody>\n<\/table>","protected":false},"featured_media":18287,"comment_status":"closed","ping_status":"closed","template":"","meta":[],"pwb-brand":[4208],"product_cat":[3042],"product_tag":[],"class_list":{"0":"post-18286","1":"product","2":"type-product","3":"status-publish","4":"has-post-thumbnail","6":"pwb-brand-christiansteven-software","7":"product_cat-cong-cu-database","9":"first","10":"instock","11":"shipping-taxable","12":"product-type-simple"},"brands":[{"id":4208,"name":"ChristianSteven Software","slug":"christiansteven-software"}],"_links":{"self":[{"href":"https:\/\/azsoft.com\/fr\/wp-json\/wp\/v2\/product\/18286","targetHints":{"allow":["GET"]}}],"collection":[{"href":"https:\/\/azsoft.com\/fr\/wp-json\/wp\/v2\/product"}],"about":[{"href":"https:\/\/azsoft.com\/fr\/wp-json\/wp\/v2\/types\/product"}],"replies":[{"embeddable":true,"href":"https:\/\/azsoft.com\/fr\/wp-json\/wp\/v2\/comments?post=18286"}],"wp:featuredmedia":[{"embeddable":true,"href":"https:\/\/azsoft.com\/fr\/wp-json\/wp\/v2\/media\/18287"}],"wp:attachment":[{"href":"https:\/\/azsoft.com\/fr\/wp-json\/wp\/v2\/media?parent=18286"}],"wp:term":[{"taxonomy":"pwb-brand","embeddable":true,"href":"https:\/\/azsoft.com\/fr\/wp-json\/wp\/v2\/pwb-brand?post=18286"},{"taxonomy":"product_cat","embeddable":true,"href":"https:\/\/azsoft.com\/fr\/wp-json\/wp\/v2\/product_cat?post=18286"},{"taxonomy":"product_tag","embeddable":true,"href":"https:\/\/azsoft.com\/fr\/wp-json\/wp\/v2\/product_tag?post=18286"}],"curies":[{"name":"wp","href":"https:\/\/api.w.org\/{rel}","templated":true}]}}