{"id":16024,"date":"2024-07-10T20:37:39","date_gmt":"2024-07-10T13:37:39","guid":{"rendered":"http:\/\/azsoft.com\/-product-\/uncategorized\/yandex-360-cho-doanh-nghiep\/"},"modified":"2024-07-15T11:43:44","modified_gmt":"2024-07-15T04:43:44","slug":"yandex-360-cho-doanh-nghiep","status":"publish","type":"product","link":"https:\/\/azsoft.com\/fr\/-product-\/phan-mem\/network-and-internet\/mail-clients\/yandex-360-cho-doanh-nghiep\/","title":{"rendered":"Yandex 360 cho doanh nghi\u1ec7p"},"content":{"rendered":"<div class=\"b-product__description_text\">\n Yandex 360 l\u00e0 m\u1ed9t kh\u00f4ng gian l\u00e0m vi\u1ec7c \u1ea3o bao g\u1ed3m c\u00e1c d\u1ecbch v\u1ee5 c\u00e1 nh\u00e2n: Th\u01b0, \u0110\u0129a, H\u1ed9i ngh\u1ecb t\u1eeb xa, T\u00e0i li\u1ec7u, L\u1ecbch, Ghi ch\u00fa v\u00e0 Messenger<\/div>\n<p>. <\/p>\n<p>Yandex 360 cung c\u1ea5p m\u1ed9t kh\u00f4ng gian hi\u1ec7u qu\u1ea3 \u0111\u1ec3 gi\u1ea3i quy\u1ebft c\u00e1c nhi\u1ec7m v\u1ee5 h\u00e0ng ng\u00e0y, t\u1eeb l\u01b0u tr\u1eef k\u00fd \u1ee9c c\u00e1 nh\u00e2n \u0111\u1ebfn th\u01b0 t\u1eeb kinh doanh.<\/p>","protected":false},"excerpt":{"rendered":"<p>Yandex 360 l\u00e0 m\u1ed9t kh\u00f4ng gian l\u00e0m vi\u1ec7c \u1ea3o bao g\u1ed3m c\u00e1c d\u1ecbch v\u1ee5 c\u00e1 nh\u00e2n: Th\u01b0, \u0110\u0129a, H\u1ed9i ngh\u1ecb t\u1eeb xa, T\u00e0i li\u1ec7u, L\u1ecbch, Ghi ch\u00fa v\u00e0 Messenger . Yandex 360 cung c\u1ea5p m\u1ed9t kh\u00f4ng gian hi\u1ec7u qu\u1ea3 \u0111\u1ec3 gi\u1ea3i quy\u1ebft c\u00e1c nhi\u1ec7m v\u1ee5 h\u00e0ng ng\u00e0y, t\u1eeb l\u01b0u tr\u1eef k\u00fd \u1ee9c c\u00e1 nh\u00e2n \u0111\u1ebfn [&#8230;]","protected":false},"featured_media":16025,"comment_status":"closed","ping_status":"closed","template":"","meta":[],"pwb-brand":[3988],"product_cat":[2941],"product_tag":[3424],"class_list":{"0":"post-16024","1":"product","2":"type-product","3":"status-publish","4":"has-post-thumbnail","6":"pwb-brand-microsoft","7":"product_cat-mail-clients","8":"product_tag-yandex","10":"first","11":"instock","12":"shipping-taxable","13":"product-type-simple"},"brands":[{"id":3988,"name":"Microsoft","slug":"microsoft"}],"_links":{"self":[{"href":"https:\/\/azsoft.com\/fr\/wp-json\/wp\/v2\/product\/16024","targetHints":{"allow":["GET"]}}],"collection":[{"href":"https:\/\/azsoft.com\/fr\/wp-json\/wp\/v2\/product"}],"about":[{"href":"https:\/\/azsoft.com\/fr\/wp-json\/wp\/v2\/types\/product"}],"replies":[{"embeddable":true,"href":"https:\/\/azsoft.com\/fr\/wp-json\/wp\/v2\/comments?post=16024"}],"wp:featuredmedia":[{"embeddable":true,"href":"https:\/\/azsoft.com\/fr\/wp-json\/wp\/v2\/media\/16025"}],"wp:attachment":[{"href":"https:\/\/azsoft.com\/fr\/wp-json\/wp\/v2\/media?parent=16024"}],"wp:term":[{"taxonomy":"pwb-brand","embeddable":true,"href":"https:\/\/azsoft.com\/fr\/wp-json\/wp\/v2\/pwb-brand?post=16024"},{"taxonomy":"product_cat","embeddable":true,"href":"https:\/\/azsoft.com\/fr\/wp-json\/wp\/v2\/product_cat?post=16024"},{"taxonomy":"product_tag","embeddable":true,"href":"https:\/\/azsoft.com\/fr\/wp-json\/wp\/v2\/product_tag?post=16024"}],"curies":[{"name":"wp","href":"https:\/\/api.w.org\/{rel}","templated":true}]}}