{"id":10811,"date":"2024-07-08T18:46:12","date_gmt":"2024-07-08T11:46:12","guid":{"rendered":"http:\/\/azsoft.com\/-product-\/uncategorized\/microsoft-word-cho-windows-10\/"},"modified":"2024-07-13T14:12:27","modified_gmt":"2024-07-13T07:12:27","slug":"microsoft-word-cho-windows-10","status":"publish","type":"product","link":"https:\/\/azsoft.com\/fr\/-product-\/phan-mem\/microsoft-word-cho-windows-10\/","title":{"rendered":"Microsoft Word cho Windows 10"},"content":{"rendered":"<div class=\"b-product__description_text\">\n<p><strong>Microsoft Word 2021<\/strong> l\u00e0 m\u1ed9t tr\u00ecnh ch\u1ec9nh s\u1eeda ph\u1ed5 bi\u1ebfn \u0111\u1ec3 l\u00e0m vi\u1ec7c v\u0103n b\u1ea3n hi\u1ec7u qu\u1ea3, ch\u1ee9a t\u1ea5t c\u1ea3 c\u00e1c c\u00f4ng c\u1ee5 b\u1ea1n c\u1ea7n \u0111\u1ec3 t\u1ea1o v\u00e0 ch\u1ec9nh s\u1eeda t\u00e0i li\u1ec7u \u0111\u00e1p \u1ee9ng nhi\u1ec7m v\u1ee5 v\u00e0 s\u1edf th\u00edch c\u1ee7a b\u1ea1n.<\/p>\n<p>Tr\u00ecnh <strong>so\u1ea1n th\u1ea3o v\u0103n b\u1ea3n Microsoft Word<\/strong> c\u00f3 c\u1ea5u tr\u00fac v\u00e0 d\u1ec5 \u0111\u1ecdc. C\u00e1c m\u1eabu t\u1eeb 40 danh m\u1ee5c kh\u00e1c nhau, k\u1ebft h\u1ee3p v\u1edbi c\u00e1c c\u00f4ng c\u1ee5 \u0111\u1ecbnh d\u1ea1ng, s\u1ebd gi\u00fap b\u1ea1n ho\u00e0n th\u00e0nh t\u00e0i li\u1ec7u c\u1ee7a m\u00ecnh. C\u00e1c c\u00f4ng c\u1ee5 \u0111\u1ecbnh d\u1ea1ng \u0111\u01a1n gi\u1ea3n v\u00e0 \u0111\u00e1ng tin c\u1eady \u0111\u1ea3m b\u1ea3o t\u1ed5 ch\u1ee9c c\u00e1c quy tr\u00ecnh quen thu\u1ed9c \u0111\u1ec3 l\u00e0m vi\u1ec7c v\u1edbi v\u0103n b\u1ea3n<\/p>\n<p>. <\/p>\n<p><strong>Word 2021<\/strong> bao g\u1ed3m c\u00e1c t\u00ednh n\u0103ng v\u00e0 c\u00f4ng c\u1ee5 b\u1ed5 sung \u0111\u1ec3 l\u00e0m vi\u1ec7c v\u1edbi t\u00e0i li\u1ec7u: ki\u1ec3m tra v\u0103n b\u1ea3n xem c\u00f3 l\u1ed7i ch\u00ednh t\u1ea3 v\u00e0 ng\u1eef ph\u00e1p kh\u00f4ng, c\u1ea3i thi\u1ec7n phong c\u00e1ch vi\u1ebft, th\u00eam n\u1ed9i dung video t\u1eeb Internet v\u00e0 h\u1ed7 tr\u1ee3 \u0111\u1ecbnh d\u1ea1ng PDF.<\/p>\n<p>\u1ee8ng d\u1ee5ng Word d\u00e0nh cho thi\u1ebft b\u1ecb di \u0111\u1ed9ng cho ph\u00e9p b\u1ea1n xem, ch\u1ec9nh s\u1eeda v\u00e0 t\u1ea1o t\u00e0i li\u1ec7u tr\u00ean \u0111i\u1ec7n tho\u1ea1i di \u0111\u1ed9ng ho\u1eb7c m\u00e1y t\u00ednh b\u1ea3ng c\u1ee7a b\u1ea1n.<\/p>\n<p> C\u00e1c <\/p>\n<p><strong>t\u00ednh n\u0103ng v\u00e0 ch\u1ee9c n\u0103ng c\u1ee7a Word 2021:<\/strong><\/p>\n<ul>\n<li>M\u1edf, xem tr\u01b0\u1edbc, l\u01b0u, b\u1ea3o v\u1ec7 v\u00e0 in, chuy\u1ec3n \u0111\u1ed5i v\u00e0 g\u1eedi t\u00e0i li\u1ec7u.<\/li>\n<li>M\u1ed9t tr\u1ee3 l\u00fd t\u0103ng t\u1ed1c c\u00e1c nhi\u1ec7m v\u1ee5 kh\u00e1c nhau.<\/li>\n<li>\u00c1p d\u1ee5ng c\u00e1c ki\u1ec3u, ch\u1ee7 \u0111\u1ec1 v\u00e0 ch\u1ee9c n\u0103ng \u0111\u1ecbnh d\u1ea1ng v\u00e0 s\u1eafp x\u1ebfp m\u1ed1i quan h\u1ec7 c\u1ee7a ch\u00fang v\u1edbi nhau trong tab Thi\u1ebft k\u1ebf.<\/li>\n<li>Kh\u1ea3 n\u0103ng ki\u1ec3m tra ng\u1eef ph\u00e1p v\u00e0 ch\u00ednh t\u1ea3, theo d\u00f5i c\u00e1c thay \u0111\u1ed5i v\u00e0 thu th\u1eadp s\u1ed1 li\u1ec7u th\u1ed1ng k\u00ea.<\/li>\n<li>T\u1ef1 \u0111\u1ed9ng l\u01b0u t\u1ea5t c\u1ea3 c\u00e1c t\u00e0i li\u1ec7u \u0111\u00e3 \u0111\u00f3ng v\u00e0 b\u1ea3n nh\u00e1p m\u00e0 kh\u00f4ng l\u01b0u ch\u00fang.<\/li>\n<li>Xem v\u00e0 kh\u00f4i ph\u1ee5c c\u00e1c thay \u0111\u1ed5i \u0111\u1ed1i v\u1edbi t\u00e0i li\u1ec7u \u0111\u01b0\u1ee3c chia s\u1ebb.<\/li>\n<li>Nhanh ch\u00f3ng l\u01b0u t\u00e0i li\u1ec7u v\u00e0o c\u00e1c th\u01b0 m\u1ee5c \u0111\u00e3 m\u1edf g\u1ea7n \u0111\u00e2y.<\/li>\n<li>Ch\u00e8n v\u00e0 ch\u1ec9nh s\u1eeda b\u1ea3n v\u1ebd vect\u01a1 c\u00f3 th\u1ec3 m\u1edf r\u1ed9ng (\u0111\u1ecbnh d\u1ea1ng SVG).<\/li>\n<li>T\u00edch h\u1ee3p v\u1edbi b\u1ed9 nh\u1edb \u0111\u00e1m m\u00e2y OneDrive \u0111\u1ec3 truy c\u1eadp t\u1eeb xa \u0111\u1ec3 xem v\u00e0 ch\u1ec9nh s\u1eeda t\u00e0i li\u1ec7u tr\u1ef1c tuy\u1ebfn. Khi b\u1ea1n m\u1edf m\u1ed9t t\u00e0i li\u1ec7u \u0111\u01b0\u1ee3c chia s\u1ebb, b\u1ea1n c\u00f3 th\u1ec3 th\u1ea5y ngay ai \u0111ang l\u00e0m vi\u1ec7c v\u1edbi n\u00f3 v\u00e0 ph\u1ea7n n\u00e0o c\u1ee7a n\u00f3.<\/li>\n<li>Tr\u1ee3 gi\u00fap hi\u1ec7n \u0111\u1ea1i v\u00e0 h\u1ed7 tr\u1ee3 trong \u1ee9ng d\u1ee5ng.<\/li>\n<li>T\u00ednh n\u0103ng T\u00ecm ki\u1ebfm theo ch\u1ee7 \u0111\u1ec1 c\u1ee7a Word 2021 s\u1ebd gi\u00fap b\u1ea1n t\u00ecm v\u00e0 s\u1eed d\u1ee5ng l\u1ea1i n\u1ed9i dung \u0111\u00e3 \u0111\u01b0\u1ee3c s\u1eed d\u1ee5ng trong t\u00e0i li\u1ec7u c\u00f4ng vi\u1ec7c.<\/li>\n<li>Xem v\u00e0 ch\u1ec9nh s\u1eeda \u0111\u1ea7y \u0111\u1ee7 c\u00e1c t\u00e0i li\u1ec7u PDF: b\u1ea3ng, danh s\u00e1ch, \u0111o\u1ea1n v\u0103n.<\/li>\n<\/ul>\n<li>Trong khu v\u1ef1c H\u00e0nh \u0111\u1ed9ng, b\u1ea1n c\u00f3 th\u1ec3 xem danh s\u00e1ch \u0111\u1ea7y \u0111\u1ee7 c\u00e1c thay \u0111\u1ed5i \u0111\u00e3 \u0111\u01b0\u1ee3c th\u1ef1c hi\u1ec7n cho t\u00e0i li\u1ec7u cho \u0111\u1ebfn nay, c\u0169ng nh\u01b0 truy c\u1eadp c\u00e1c phi\u00ean b\u1ea3n tr\u01b0\u1edbc.<\/li>\n<\/div>","protected":false},"excerpt":{"rendered":"<p>Phi\u00ean b\u1ea3n m\u1edbi nh\u1ea5t c\u1ee7a tr\u00ecnh so\u1ea1n th\u1ea3o v\u0103n b\u1ea3n ph\u1ed5 bi\u1ebfn. H\u1ee3p t\u00e1c, t\u00edch h\u1ee3p v\u1edbi d\u1ecbch v\u1ee5 \u0111\u00e1m m\u00e2y, giao di\u1ec7n \u0111\u01b0\u1ee3c c\u1ea3i thi\u1ec7n v\u00e0 nhi\u1ec1u c\u00f4ng c\u1ee5 m\u1edbi \u0111\u1ec3 l\u00e0m vi\u1ec7c hi\u1ec7u qu\u1ea3 v\u1edbi v\u0103n b\u1ea3n<\/p>\n<p>.<\/p>","protected":false},"featured_media":10812,"comment_status":"closed","ping_status":"closed","template":"","meta":[],"pwb-brand":[3988],"product_cat":[2836],"product_tag":[],"class_list":{"0":"post-10811","1":"product","2":"type-product","3":"status-publish","4":"has-post-thumbnail","6":"pwb-brand-microsoft","7":"product_cat-phan-mem","9":"first","10":"instock","11":"shipping-taxable","12":"product-type-simple"},"brands":[{"id":3988,"name":"Microsoft","slug":"microsoft"}],"_links":{"self":[{"href":"https:\/\/azsoft.com\/fr\/wp-json\/wp\/v2\/product\/10811","targetHints":{"allow":["GET"]}}],"collection":[{"href":"https:\/\/azsoft.com\/fr\/wp-json\/wp\/v2\/product"}],"about":[{"href":"https:\/\/azsoft.com\/fr\/wp-json\/wp\/v2\/types\/product"}],"replies":[{"embeddable":true,"href":"https:\/\/azsoft.com\/fr\/wp-json\/wp\/v2\/comments?post=10811"}],"wp:featuredmedia":[{"embeddable":true,"href":"https:\/\/azsoft.com\/fr\/wp-json\/wp\/v2\/media\/10812"}],"wp:attachment":[{"href":"https:\/\/azsoft.com\/fr\/wp-json\/wp\/v2\/media?parent=10811"}],"wp:term":[{"taxonomy":"pwb-brand","embeddable":true,"href":"https:\/\/azsoft.com\/fr\/wp-json\/wp\/v2\/pwb-brand?post=10811"},{"taxonomy":"product_cat","embeddable":true,"href":"https:\/\/azsoft.com\/fr\/wp-json\/wp\/v2\/product_cat?post=10811"},{"taxonomy":"product_tag","embeddable":true,"href":"https:\/\/azsoft.com\/fr\/wp-json\/wp\/v2\/product_tag?post=10811"}],"curies":[{"name":"wp","href":"https:\/\/api.w.org\/{rel}","templated":true}]}}