{"id":10802,"date":"2024-07-08T18:20:22","date_gmt":"2024-07-08T11:20:22","guid":{"rendered":"http:\/\/azsoft.com\/-product-\/uncategorized\/du-an-microsoft\/"},"modified":"2024-07-13T14:12:24","modified_gmt":"2024-07-13T07:12:24","slug":"du-an-microsoft","status":"publish","type":"product","link":"https:\/\/azsoft.com\/fr\/-product-\/phan-mem\/du-an-microsoft\/","title":{"rendered":"D? ?n Microsoft"},"content":{"rendered":"<div class=\"b-product__description_text\">\n                    <!--div style=\"overflow: hidden;\"--> <!--div style=\"float: right;\"--><\/p>\n<p><strong>Microsoft Project 2021<\/strong> l\u00e0 m\u1ed9t \u1ee9ng d\u1ee5ng hi\u1ec7u qu\u1ea3 cao \u0111\u1ec3 qu\u1ea3n l\u00fd c\u00e1c d\u1ef1 \u00e1n v\u00e0 t\u00e0i nguy\u00ean, c\u0169ng nh\u01b0 t\u1ed5 ch\u1ee9c c\u00e1c d\u1ef1 \u00e1n v\u00e0 kh\u1ea3 n\u0103ng d\u1ec5 d\u00e0ng \u0111\u00e1nh gi\u00e1 ti\u1ebfn \u0111\u1ed9 c\u1ee7a ch\u00fang b\u1eb1ng c\u00e1ch s\u1eed d\u1ee5ng c\u00e1c b\u00e1o c\u00e1o hi\u1ec7n \u0111\u1ea1i.<\/p>\n<p><strong>Microsoft Project 2021<\/strong> l\u00e0 m\u1ed9t t\u1ed5 ch\u1ee9c l\u00e0m vi\u1ec7c theo nh\u00f3m v\u1edbi c\u00e1c nh\u00e2n vi\u00ean kh\u00e1c \u0111\u1ec3 th\u1ef1c hi\u1ec7n v\u00e0 kh\u1edfi \u0111\u1ed9ng c\u00e1c d\u1ef1 \u00e1n c\u00f3 l\u1ee3i nhu\u1eadn. H\u1ee3p t\u00e1c v\u00e0 qu\u1ea3n l\u00fd d\u1ef1 \u00e1n gi\u1edd \u0111\u00e2y d\u1ec5 d\u00e0ng h\u01a1n. C\u01a1 h\u1ed9i \u0111\u1ea7u t\u01b0 n\u1ed7 l\u1ef1c chung v\u00e0o m\u1ed9t d\u1ef1 \u00e1n chung t\u1eeb h\u1ea7u h\u1ebft m\u1ecdi n\u01a1i tr\u00ean th\u1ebf gi\u1edbi nh\u1edd c\u00e1c c\u00f4ng c\u1ee5 hi\u1ec7u qu\u1ea3 cho c\u00e1c nh\u00f3m d\u1ef1 \u00e1n, qu\u1ea3n l\u00fd d\u1ef1 \u00e1n v\u00e0 ng\u01b0\u1eddi ra quy\u1ebft \u0111\u1ecbnh<\/p>\n<p>.<\/p>\n<p><strong>L\u1ee3i \u00edch c\u1ee7a Ti\u00eau chu\u1ea9n Microsoft Project 2021:<\/strong><\/p>\n<ul>\n<li><span>C\u00e1c m\u1eabu l\u00e0m s\u1eb5n cho ph\u00e9p b\u1ea1n b\u1eaft \u0111\u1ea7u d\u1ef1 \u00e1n c\u1ee7a m\u00ecnh theo \u0111\u00fang h\u01b0\u1edbng.<\/span><\/li>\n<li>S\u1eed d\u1ee5ng c\u00e1c c\u00f4ng c\u1ee5 linh ho\u1ea1t \u0111\u1ec3 gi\u00fap b\u1ea1n b\u1eaft \u0111\u1ea7u v\u00e0 th\u1ef1c hi\u1ec7n hi\u1ec7u qu\u1ea3 h\u01a1n: d\u1ec5 d\u00e0ng t\u1ea1o b\u00e1o c\u00e1o c\u00f3 li\u00ean quan \u0111\u1ec3 ph\u00e2n t\u00edch ti\u1ebfn \u0111\u1ed9 d\u1ef1 \u00e1n v\u00e0 chia s\u1ebb d\u1eef li\u1ec7u trong d\u1ef1 \u00e1n v\u1edbi c\u00e1c b\u00ean li\u00ean quan v\u00e0 th\u00e0nh vi\u00ean trong nh\u00f3m.<\/li>\n<li>T\u1eadn d\u1ee5ng t\u1ed1i \u0111a c\u00f4ng vi\u1ec7c c\u1ee7a b\u1ea1n v\u00e0 t\u00ecm ra c\u00e1c \u01b0u ti\u00ean c\u1ee7a b\u1ea1n m\u1ed9t c\u00e1ch ch\u00ednh x\u00e1c b\u1eb1ng giao di\u1ec7n tr\u1ef1c quan, theo ng\u1eef c\u1ea3nh bao g\u1ed3m c\u00e1c nhi\u1ec7m v\u1ee5 d\u1ef1 \u00e1n v\u00e0 hi\u1ec7n t\u1ea1i, m\u1ed1c th\u1eddi gian v\u00e0 th\u00f4ng tin quan tr\u1ecdng.<\/li>\n<li>Cung c\u1ea5p c\u00e1c b\u00e0i thuy\u1ebft tr\u00ecnh hi\u1ec7u qu\u1ea3 cho th\u1ea5y ti\u1ebfn \u0111\u1ed9 ngay l\u1eadp t\u1ee9c c\u1ee7a c\u00e1c nhi\u1ec7m v\u1ee5 c\u1ee7a k\u1ebf ho\u1ea1ch, ph\u00e2n b\u1ed5 ngu\u1ed3n l\u1ef1c v\u00e0 c\u00e1c chi ti\u1ebft quan tr\u1ecdng kh\u00e1c c\u1ee7a d\u1ef1 \u00e1n.<\/li>\n<li><span>Vi\u1ec7c l\u1eadp k\u1ebf ho\u1ea1ch t\u1ef1 \u0111\u1ed9ng th\u00f4ng th\u01b0\u1eddng gi\u00fap gi\u1ea3m s\u1ef1 k\u00e9m hi\u1ec7u qu\u1ea3 v\u00e0 gi\u1ea3m th\u1eddi gian \u0111\u00e0o t\u1ea1o.<\/span><\/li>\n<li><span>M\u1ed9t bi\u1ec3u di\u1ec5n tr\u1ef1c quan c\u1ee7a c\u00e1c l\u1ecbch tr\u00ecnh ph\u1ee9c t\u1ea1p b\u1eb1ng c\u00e1ch s\u1eed d\u1ee5ng m\u1ed9t s\u1ed1 m\u1ed1c th\u1eddi gian t\u00edch h\u1ee3p s\u1eb5n.<\/span><\/li>\n<\/ul>\n<li><span>D\u1ec5 d\u00e0ng sao ch\u00e9p th\u00f4ng tin d\u1ef1 \u00e1n t\u1eeb Project v\u00e0 d\u00e1n n\u00f3 v\u00e0o c\u00e1c \u1ee9ng d\u1ee5ng Office.<\/span><\/li>\n<p><strong>L\u1ee3i \u00edch c\u1ee7a Microsoft Project 2021 Professional:<\/strong><\/p>\n<ul>\n<li><span>C\u00e1c m\u1eabu s\u1eb5n s\u00e0ng thi\u1ebft l\u1eadp \u0111\u00fang h\u01b0\u1edbng cho c\u00e1c d\u1ef1 \u00e1n c\u1ee7a b\u1ea1n ngay t\u1eeb \u0111\u1ea7u<\/span>.<\/li>\n<li><span>G\u1eedi b\u1ea3ng ch\u1ea5m c\u00f4ng \u0111\u1ec3 ghi l\u1ea1i th\u1eddi gian d\u00e0nh cho c\u00f4ng vi\u1ec7c d\u1ef1 \u00e1n v\u00e0 ngo\u00e0i d\u1ef1 \u00e1n, b\u1ea3ng l\u01b0\u01a1ng, thanh to\u00e1n<\/span> v\u00e0 h\u01a1n th\u1ebf n\u1eefa.<\/li>\n<li><span>S\u1eed d\u1ee5ng ph\u00e2n t\u00edch n\u00e2ng cao \u0111\u1ec3 ch\u1ecdn c\u00e1c \u0111\u1ec1 xu\u1ea5t d\u1ef1 \u00e1n \u0111\u00e1p \u1ee9ng t\u1ed1t nh\u1ea5t c\u00e1c m\u1ee5c ti\u00eau chi\u1ebfn l\u01b0\u1ee3c v\u00e0 tu\u00e2n th\u1ee7<\/span> c\u00e1c h\u1ea1n ch\u1ebf.<\/li>\n<li>Kh\u1ea3 n\u0103ng gi\u00e1m s\u00e1t vi\u1ec7c th\u1ef1c hi\u1ec7n c\u00e1c d\u1ef1 \u00e1n \u1edf b\u1ea5t k\u1ef3 quy m\u00f4 n\u00e0o.<\/li>\n<li>Ph\u00e2n t\u00edch hi\u1ec7u su\u1ea5t d\u1ef1 \u00e1n v\u00e0 \u0111\u00e1nh gi\u00e1 ph\u00e2n b\u1ed5 ngu\u1ed3n l\u1ef1c di\u1ec5n ra nhanh ch\u00f3ng v\u00e0 d\u1ec5 d\u00e0ng nh\u1edd c\u00e1c c\u00f4ng c\u1ee5 b\u00e1o c\u00e1o s\u1eb5n s\u00e0ng.<\/li>\n<li>B\u1eb1ng c\u00e1ch theo d\u00f5i c\u00e1c k\u1ebft n\u1ed1i nhi\u1ec7m v\u1ee5 v\u00e0 giao \u0111i\u1ec3m, b\u1ea1n s\u1ebd x\u00e1c \u0111\u1ecbnh nh\u1eefng \u0111i\u1ec3m quan tr\u1ecdng nh\u1ea5t cho s\u1ef1 th\u00e0nh c\u00f4ng c\u1ee7a d\u1ef1 \u00e1n.<\/li>\n<li><span>Di chu\u1ed9t qua t\u00ean c\u1ee7a c\u00e1c th\u00e0nh vi\u00ean trong nh\u00f3m trong k\u1ebf ho\u1ea1ch d\u1ef1 \u00e1n \u0111\u1ec3 xem s\u1ef1 hi\u1ec7n di\u1ec7n tr\u1ef1c tuy\u1ebfn c\u1ee7a h\u1ecd v\u00e0 b\u1eaft \u0111\u1ea7u tr\u00f2 chuy\u1ec7n ho\u1eb7c cu\u1ed9c g\u1ecdi th\u00f4ng qua Microsoft Teams for Business (v\u1edbi gi\u1ea5y ph\u00e9p ri\u00eang).<\/span><\/li>\n<li>S\u1eed d\u1ee5ng c\u00f4ng c\u1ee5 d\u00f2ng th\u1eddi gian \u0111\u1ec3 tr\u1ef1c quan h\u00f3a d\u1ef1 \u00e1n v\u00e0 t\u1ea1o c\u00e1c b\u00e0i thuy\u1ebft tr\u00ecnh \u1ea5n t\u01b0\u1ee3ng cho c\u00e1c b\u00ean li\u00ean quan, l\u00e3nh \u0111\u1ea1o v\u00e0 th\u00e0nh vi\u00ean trong nh\u00f3m.<\/li>\n<li>T\u1ea1o d\u1ef1 b\u00e1o v\u1ec1 nh\u1eefng thay \u0111\u1ed5i d\u1ef1 ki\u1ebfn b\u1eb1ng c\u00e1ch s\u1eed d\u1ee5ng ch\u1ee9c n\u0103ng \u0111\u00e1nh gi\u00e1 t\u01b0\u01a1ng lai c\u1ee7a c\u00e1c ngu\u1ed3n l\u1ef1c hi\u1ec7n t\u1ea1i, c\u0169ng nh\u01b0 c\u00e1c nhi\u1ec7m v\u1ee5 c\u1ea7n thi\u1ebft \u0111\u1ec3 \u0111\u1ea1t \u0111\u01b0\u1ee3c ch\u00fang.<\/li>\n<li><span>Ch\u1ea1y c\u00e1c k\u1ecbch b\u1ea3n \u201c\u0111i\u1ec1u g\u00ec s\u1ebd x\u1ea3y ra n\u1ebfu\u201d \u0111\u1ec3 g\u00e1n nhi\u1ec7m v\u1ee5 hi\u1ec7u qu\u1ea3 nh\u1ea5t c\u00f3 th\u1ec3<\/span>.<\/li>\n<li><span>H\u00ecnh dung l\u1ecbch tr\u00ecnh ph\u1ee9c t\u1ea1p v\u1edbi m\u1ed9t t\u1eadp h\u1ee3p c\u00e1c m\u1ed1c th\u1eddi gian t\u00edch h\u1ee3p s\u1eb5n.<\/span><\/li>\n<li><span>T\u1ef1 \u0111\u1ed9ng \u0111i\u1ec1n ng\u00e0y b\u1eaft \u0111\u1ea7u v\u00e0 ng\u00e0y k\u1ebft th\u00fac d\u1ef1a tr\u00ean s\u1ef1 ph\u1ee5 thu\u1ed9c.<\/span><\/li>\n<\/ul>\n<li><span>C\u00e1c b\u00e1o c\u00e1o t\u00edch h\u1ee3p nh\u01b0 Burndown v\u00e0 Resource Overview cung c\u1ea5p cho c\u00e1c b\u00ean li\u00ean quan th\u00f4ng tin \u0111\u1ec3 \u0111\u1ea1t \u0111\u01b0\u1ee3c k\u1ebft qu\u1ea3 t\u1ed1t h\u01a1n.<\/span><\/li><\/div>","protected":false},"excerpt":{"rendered":"<p>Microsoft Project 2021 l\u00e0 m\u1ed9t \u1ee9ng d\u1ee5ng hi\u1ec7u qu\u1ea3 cao \u0111\u1ec3 qu\u1ea3n l\u00fd c\u00e1c d\u1ef1 \u00e1n v\u00e0 t\u00e0i nguy\u00ean, c\u0169ng nh\u01b0 t\u1ed5 ch\u1ee9c c\u00e1c d\u1ef1 \u00e1n v\u00e0 kh\u1ea3 n\u0103ng d\u1ec5 d\u00e0ng \u0111\u00e1nh gi\u00e1 ti\u1ebfn \u0111\u1ed9 c\u1ee7a ch\u00fang b\u1eb1ng c\u00e1ch s\u1eed d\u1ee5ng c\u00e1c b\u00e1o c\u00e1o hi\u1ec7n \u0111\u1ea1i.<\/p>","protected":false},"featured_media":10804,"comment_status":"closed","ping_status":"closed","template":"","meta":[],"pwb-brand":[3988],"product_cat":[2836],"product_tag":[3461],"class_list":{"0":"post-10802","1":"product","2":"type-product","3":"status-publish","4":"has-post-thumbnail","6":"pwb-brand-microsoft","7":"product_cat-phan-mem","8":"product_tag-tot","10":"first","11":"instock","12":"shipping-taxable","13":"product-type-simple"},"brands":[{"id":3988,"name":"Microsoft","slug":"microsoft"}],"_links":{"self":[{"href":"https:\/\/azsoft.com\/fr\/wp-json\/wp\/v2\/product\/10802","targetHints":{"allow":["GET"]}}],"collection":[{"href":"https:\/\/azsoft.com\/fr\/wp-json\/wp\/v2\/product"}],"about":[{"href":"https:\/\/azsoft.com\/fr\/wp-json\/wp\/v2\/types\/product"}],"replies":[{"embeddable":true,"href":"https:\/\/azsoft.com\/fr\/wp-json\/wp\/v2\/comments?post=10802"}],"wp:featuredmedia":[{"embeddable":true,"href":"https:\/\/azsoft.com\/fr\/wp-json\/wp\/v2\/media\/10804"}],"wp:attachment":[{"href":"https:\/\/azsoft.com\/fr\/wp-json\/wp\/v2\/media?parent=10802"}],"wp:term":[{"taxonomy":"pwb-brand","embeddable":true,"href":"https:\/\/azsoft.com\/fr\/wp-json\/wp\/v2\/pwb-brand?post=10802"},{"taxonomy":"product_cat","embeddable":true,"href":"https:\/\/azsoft.com\/fr\/wp-json\/wp\/v2\/product_cat?post=10802"},{"taxonomy":"product_tag","embeddable":true,"href":"https:\/\/azsoft.com\/fr\/wp-json\/wp\/v2\/product_tag?post=10802"}],"curies":[{"name":"wp","href":"https:\/\/api.w.org\/{rel}","templated":true}]}}