{"id":10796,"date":"2024-07-08T18:19:34","date_gmt":"2024-07-08T11:19:34","guid":{"rendered":"http:\/\/azsoft.com\/-product-\/uncategorized\/microsoft-exchange-truc-tuyen\/"},"modified":"2024-07-13T14:12:18","modified_gmt":"2024-07-13T07:12:18","slug":"microsoft-exchange-truc-tuyen","status":"publish","type":"product","link":"https:\/\/azsoft.com\/fr\/-product-\/phan-mem\/microsoft-exchange-truc-tuyen\/","title":{"rendered":"Microsoft Exchange tr?c tuy?n"},"content":{"rendered":"<div class=\"b-product__description_text\">\n<p><strong>Microsoft Exchange Online l\u00e0<\/strong> m\u1ed9t d\u1ecbch v\u1ee5 email doanh nghi\u1ec7p d\u1ef1a tr\u00ean \u0111\u00e1m m\u00e2y c\u00f3 t\u1ea5t c\u1ea3 c\u00e1c kh\u1ea3 n\u0103ng c\u1ee7a Microsoft Exchange Server. D\u1ecbch v\u1ee5 \u0111\u00e1m m\u00e2y Microsoft Exchange Online cho ph\u00e9p nh\u00e2n vi\u00ean truy c\u1eadp v\u00e0o email, l\u1ecbch v\u00e0 danh b\u1ea1 th\u00f4ng qua PC, \u0111i\u1ec7n tho\u1ea1i th\u00f4ng minh v\u00e0 tr\u00ecnh duy\u1ec7t web. T\u1ea5t c\u1ea3 d\u1eef li\u1ec7u email \u0111\u01b0\u1ee3c l\u01b0u tr\u1eef tr\u00ean c\u00e1c m\u00e1y ch\u1ee7 c\u1ee7a Microsoft v\u00e0 d\u1ecbch v\u1ee5 c\u1ee7a ri\u00eang ch\u00fang t\u00f4i, x\u1eed l\u00fd h\u00e0ng tri\u1ec7u tin nh\u1eafn t\u1eeb kh\u1eafp n\u01a1i tr\u00ean th\u1ebf gi\u1edbi m\u1ed7i ng\u00e0y v\u00e0 \u0111\u01b0\u1ee3c c\u1eadp nh\u1eadt k\u1ecbp th\u1eddi khi c\u00e1c m\u1ed1i \u0111e d\u1ecda m\u1edbi xu\u1ea5t hi\u1ec7n, cung c\u1ea5p cho c\u00e1c t\u1ed5 ch\u1ee9c s\u1ef1 b\u1ea3o v\u1ec7 b\u1ed5 sung ch\u1ed1ng l\u1ea1i ph\u1ea7n m\u1ec1m \u0111\u1ed9c h\u1ea1i v\u00e0 th\u01b0 r\u00e1c.<\/p>\n<\/div>\n<p>Microsoft Exchange Online y\u00eau c\u1ea7u mua gi\u1ea5y ph\u00e9p ri\u00eang cho m\u1ed7i ng\u01b0\u1eddi d\u00f9ng truy c\u1eadp Exchange Online ho\u1eb7c ph\u1ea7n m\u1ec1m \u0111\u01b0\u1ee3c li\u00ean k\u1ebft v\u1edbi d\u1ecbch v\u1ee5 n\u00e0y.<\/p>","protected":false},"excerpt":{"rendered":"<p>Microsoft Exchange Online <strong>l\u00e0<\/strong> m\u1ed9t d\u1ecbch v\u1ee5 email doanh nghi\u1ec7p d\u1ef1a tr\u00ean \u0111\u00e1m m\u00e2y c\u00f3 t\u1ea5t c\u1ea3 c\u00e1c kh\u1ea3 n\u0103ng c\u1ee7a Microsoft Exchange Server.<\/p>","protected":false},"featured_media":10797,"comment_status":"closed","ping_status":"closed","template":"","meta":[],"pwb-brand":[3988],"product_cat":[2836],"product_tag":[],"class_list":{"0":"post-10796","1":"product","2":"type-product","3":"status-publish","4":"has-post-thumbnail","6":"pwb-brand-microsoft","7":"product_cat-phan-mem","9":"first","10":"instock","11":"shipping-taxable","12":"product-type-simple"},"brands":[{"id":3988,"name":"Microsoft","slug":"microsoft"}],"_links":{"self":[{"href":"https:\/\/azsoft.com\/fr\/wp-json\/wp\/v2\/product\/10796","targetHints":{"allow":["GET"]}}],"collection":[{"href":"https:\/\/azsoft.com\/fr\/wp-json\/wp\/v2\/product"}],"about":[{"href":"https:\/\/azsoft.com\/fr\/wp-json\/wp\/v2\/types\/product"}],"replies":[{"embeddable":true,"href":"https:\/\/azsoft.com\/fr\/wp-json\/wp\/v2\/comments?post=10796"}],"wp:featuredmedia":[{"embeddable":true,"href":"https:\/\/azsoft.com\/fr\/wp-json\/wp\/v2\/media\/10797"}],"wp:attachment":[{"href":"https:\/\/azsoft.com\/fr\/wp-json\/wp\/v2\/media?parent=10796"}],"wp:term":[{"taxonomy":"pwb-brand","embeddable":true,"href":"https:\/\/azsoft.com\/fr\/wp-json\/wp\/v2\/pwb-brand?post=10796"},{"taxonomy":"product_cat","embeddable":true,"href":"https:\/\/azsoft.com\/fr\/wp-json\/wp\/v2\/product_cat?post=10796"},{"taxonomy":"product_tag","embeddable":true,"href":"https:\/\/azsoft.com\/fr\/wp-json\/wp\/v2\/product_tag?post=10796"}],"curies":[{"name":"wp","href":"https:\/\/api.w.org\/{rel}","templated":true}]}}