{"id":22299,"date":"2024-07-11T20:42:14","date_gmt":"2024-07-11T13:42:14","guid":{"rendered":"http:\/\/azsoft.com\/-product-\/uncategorized\/escan-server-edition-v22\/"},"modified":"2024-07-13T23:14:35","modified_gmt":"2024-07-13T16:14:35","slug":"escan-server-edition-v22","status":"publish","type":"product","link":"https:\/\/azsoft.com\/es\/-product-\/phan-mem\/phan-mem-bao-mat\/phan-mem-diet-virus\/escan-server-edition-v22\/","title":{"rendered":"eScan Server Edition &#8211; v22"},"content":{"rendered":"<div class=\"additional-attributes-wrapper table-wrapper\">\n<table class=\"data table additional-attributes table1\" id=\"product-attribute-specs-table\">\n<caption class=\"table-caption\">More Information<\/caption>\n<tbody>\n<tr>\n<th class=\"col label\" scope=\"row\">H\u00e3ng<\/th>\n<td class=\"col data\" data-th=\"H\u00e3ng\">eScan<\/td>\n<\/tr>\n<tr>\n<th class=\"col label\" scope=\"row\">H\u00ecnh th\u1ee9c c\u1ea5p ph\u00e9p<\/th>\n<td class=\"col data\" data-th=\"H\u00ecnh th\u1ee9c c\u1ea5p ph\u00e9p\">License<\/td>\n<\/tr>\n<tr>\n<th class=\"col label\" scope=\"row\">Ph\u00e2n kh\u00fac kh\u00e1ch h\u00e0ng<\/th>\n<td class=\"col data\" data-th=\"Ph\u00e2n kh\u00fac kh\u00e1ch h\u00e0ng\">SMB<\/td>\n<\/tr>\n<tr>\n<th class=\"col label\" scope=\"row\">Lo\u1ea1i h\u00ecnh \u0111\u0103ng k\u00fd<\/th>\n<td class=\"col data\" data-th=\"Lo\u1ea1i h\u00ecnh \u0111\u0103ng k\u00fd\">Thu\u00ea bao<\/td>\n<\/tr>\n<tr>\n<th class=\"col label\" scope=\"row\">C\u00e0i \u0111\u1eb7t h\u1ec7 th\u1ed1ng<\/th>\n<td class=\"col data\" data-th=\"C\u00e0i \u0111\u1eb7t h\u1ec7 th\u1ed1ng\">Servidor<\/td>\n<\/tr>\n<tr>\n<th class=\"col label\" scope=\"row\">Tr\u1ea1ng th\u00e1i h\u00e0ng<\/th>\n<td class=\"col data\" data-th=\"Tr\u1ea1ng th\u00e1i h\u00e0ng\">C\u00f2n h\u00e0ng<\/td>\n<\/tr>\n<\/tbody>\n<\/table><\/div>","protected":false},"excerpt":{"rendered":"<table class=\"table-attributes table2\">\n<tbody>\n<tr>\n<th scope=\"row\">H\u00e3ng<\/th>\n<td data-th=\"H\u00e3ng\">\n                                            eScan                                          <\/td>\n<\/tr>\n<tr>\n<th scope=\"row\">H\u00ecnh th\u1ee9c c\u1ea5p ph\u00e9p<\/th>\n<td data-th=\"H\u00ecnh th\u1ee9c c\u1ea5p ph\u00e9p\">\n                                            License                                          <\/td>\n<\/tr>\n<tr>\n<th scope=\"row\">Ph\u00e2n kh\u00fac kh\u00e1ch h\u00e0ng<\/th>\n<td data-th=\"Ph\u00e2n kh\u00fac kh\u00e1ch h\u00e0ng\">\n                                            SMB                                          <\/td>\n<\/tr>\n<tr>\n<th scope=\"row\">Lo\u1ea1i h\u00ecnh \u0111\u0103ng k\u00fd<\/th>\n<td data-th=\"Lo\u1ea1i h\u00ecnh \u0111\u0103ng k\u00fd\">\n                                            Thu\u00ea bao                                          <\/td>\n<\/tr>\n<tr>\n<th scope=\"row\">C\u00e0i \u0111\u1eb7t h\u1ec7 th\u1ed1ng<\/th>\n<td data-th=\"C\u00e0i \u0111\u1eb7t h\u1ec7 th\u1ed1ng\">\n                                            Servidor                                          <\/td>\n<\/tr>\n<tr>\n<th scope=\"row\">Tr\u1ea1ng th\u00e1i h\u00e0ng<\/th>\n<td data-th=\"Tr\u1ea1ng th\u00e1i h\u00e0ng\">\n<p>            <span class=\"tit\"><i class=\"porto-icon-ok\"><\/i> C\u00f2n h\u00e0ng<\/span><\/p>\n<\/td>\n<\/tr>\n<\/tbody>\n<\/table>","protected":false},"featured_media":22300,"comment_status":"closed","ping_status":"closed","template":"","meta":[],"pwb-brand":[4264],"product_cat":[3046],"product_tag":[],"class_list":{"0":"post-22299","1":"product","2":"type-product","3":"status-publish","4":"has-post-thumbnail","6":"pwb-brand-escan","7":"product_cat-phan-mem-diet-virus","9":"first","10":"instock","11":"shipping-taxable","12":"product-type-simple"},"brands":[{"id":4264,"name":"eScan","slug":"escan"}],"_links":{"self":[{"href":"https:\/\/azsoft.com\/es\/wp-json\/wp\/v2\/product\/22299","targetHints":{"allow":["GET"]}}],"collection":[{"href":"https:\/\/azsoft.com\/es\/wp-json\/wp\/v2\/product"}],"about":[{"href":"https:\/\/azsoft.com\/es\/wp-json\/wp\/v2\/types\/product"}],"replies":[{"embeddable":true,"href":"https:\/\/azsoft.com\/es\/wp-json\/wp\/v2\/comments?post=22299"}],"wp:featuredmedia":[{"embeddable":true,"href":"https:\/\/azsoft.com\/es\/wp-json\/wp\/v2\/media\/22300"}],"wp:attachment":[{"href":"https:\/\/azsoft.com\/es\/wp-json\/wp\/v2\/media?parent=22299"}],"wp:term":[{"taxonomy":"pwb-brand","embeddable":true,"href":"https:\/\/azsoft.com\/es\/wp-json\/wp\/v2\/pwb-brand?post=22299"},{"taxonomy":"product_cat","embeddable":true,"href":"https:\/\/azsoft.com\/es\/wp-json\/wp\/v2\/product_cat?post=22299"},{"taxonomy":"product_tag","embeddable":true,"href":"https:\/\/azsoft.com\/es\/wp-json\/wp\/v2\/product_tag?post=22299"}],"curies":[{"name":"wp","href":"https:\/\/api.w.org\/{rel}","templated":true}]}}