{"id":20165,"date":"2024-07-11T12:26:15","date_gmt":"2024-07-11T05:26:15","guid":{"rendered":"http:\/\/azsoft.com\/-product-\/uncategorized\/essentialpim-pro-doanh-nghiep\/"},"modified":"2024-07-11T12:26:24","modified_gmt":"2024-07-11T05:26:24","slug":"essentialpim-pro-doanh-nghiep","status":"publish","type":"product","link":"https:\/\/azsoft.com\/es\/-product-\/phan-mem\/business-management-crm-erp\/organizers\/essentialpim-pro-doanh-nghiep\/","title":{"rendered":"EssentialPIM Pro Doanh nghi\u1ec7p"},"content":{"rendered":"<div class=\"b-product__description_text\">\n<p><strong><strong>EssentialPIM Pro Business<\/strong><\/strong> l\u00e0 m\u1ed9t c\u00f4ng c\u1ee5 \u0111a ng\u01b0\u1eddi d\u00f9ng m\u1ea1nh m\u1ebd \u0111\u1ec3 qu\u1ea3n l\u00fd th\u00f4ng tin trong m\u1ed9t c\u00f4ng ty. Phi\u00ean b\u1ea3n Kinh doanh tr\u1ef1c tuy\u1ebfn cho ph\u00e9p b\u1ea1n gi\u1ea3i quy\u1ebft nhi\u1ec1u nhi\u1ec7m v\u1ee5 c\u1ee7a c\u00f4ng ty nh\u01b0 l\u1eadp k\u1ebf ho\u1ea1ch, ph\u00e2n ph\u1ed1i nhi\u1ec7m v\u1ee5 v\u00e0 l\u01b0u tr\u1eef th\u00f4ng tin li\u00ean h\u1ec7 v\u00e0 phi c\u1ea5u tr\u00fac. <strong><\/strong><\/p>\n<p>EssentialPIM Pro ch\u1ea1y tr\u00ean n\u1ec1n t\u1ea3ng Windows, Android v\u00e0 iOS. N\u00f3 cho ph\u00e9p b\u1ea1n \u0111\u1ed3ng b\u1ed9 h\u00f3a d\u1eef li\u1ec7u gi\u1eefa c\u00e1c n\u1ec1n t\u1ea3ng kh\u00e1c nhau. C\u00e1c phi\u00ean b\u1ea3n Android v\u00e0 iOS mi\u1ec5n ph\u00ed cho nh\u1eefng ng\u01b0\u1eddi \u0111\u00e3 mua phi\u00ean b\u1ea3n Windows<\/p>\n<p>. <\/p>\n<p>S\u1ea3n ph\u1ea9m bao g\u1ed3m c\u00e1c c\u00f4ng c\u1ee5 \u0111\u1ec3 l\u00e0m vi\u1ec7c v\u1edbi l\u1ecbch, danh s\u00e1ch c\u00e1c t\u00e1c v\u1ee5, ghi ch\u00fa, th\u01b0, m\u1ee5c nh\u1eadp m\u1eadt kh\u1ea9u v\u00e0 danh b\u1ea1. C\u00e1c t\u00ednh n\u0103ng bao g\u1ed3m c\u00e1c t\u00f9y ch\u1ecdn m\u1edf r\u1ed9ng \u0111\u1ec3 in, nh\u1eadp v\u00e0 xu\u1ea5t th\u00f4ng tin, kh\u1ea3 n\u0103ng kh\u1edfi ch\u1ea1y t\u1eeb \u1ed5 USB di \u0111\u1ed9ng, \u0111\u1ed3ng b\u1ed9 h\u00f3a v\u1edbi thi\u1ebft b\u1ecb iOS, Android<\/p>\n<p> v\u00e0 d\u1ecbch v\u1ee5 tr\u1ef1c tuy\u1ebfn. <\/p>\n<p><strong>Phi\u00ean b\u1ea3n doanh nghi\u1ec7p<\/strong> cho ph\u00e9p nhi\u1ec1u ng\u01b0\u1eddi d\u00f9ng k\u1ebft n\u1ed1i v\u1edbi c\u00f9ng m\u1ed9t t\u1ec7p d\u1eef li\u1ec7u c\u00f9ng m\u1ed9t l\u00fac. S\u1ed1 l\u01b0\u1ee3ng gi\u1ea5y ph\u00e9p ph\u1ea3i b\u1eb1ng s\u1ed1 l\u01b0\u1ee3ng EPIM \u0111\u01b0\u1ee3c k\u1ebft n\u1ed1i. EssentialPIM c\u0169ng c\u00f3 th\u1ec3 ho\u1ea1t \u0111\u1ed9ng tr\u1ef1c ti\u1ebfp t\u1eeb th\u1ebb USB ho\u1eb7c c\u00e1c thi\u1ebft b\u1ecb di<\/p>\n<p> \u0111\u1ed9ng kh\u00e1c. <\/p>\n<p><strong>V\u00ed d\u1ee5 mua<\/strong> Hai ng\u01b0\u1eddi d\u00f9ng c\u1ea7n m\u1ed9t ch\u01b0\u01a1ng tr\u00ecnh cho 2 m\u00e1y t\u00ednh v\u00e0 3 \u0111i\u1ec7n tho\u1ea1i.<\/p>\n<p><strong>Gi\u1ea3i ph\u00e1p:<\/strong> Y\u00eau c\u1ea7u 2 Gi\u1ea5y ph\u00e9p kinh doanh Windows. C\u00e1c phi\u00ean b\u1ea3n Android \u0111\u01b0\u1ee3c b\u00e1n ri\u00eang qua Google Play. H\u1ecd kh\u00f4ng th\u1ec3 l\u00e0m vi\u1ec7c tr\u1ef1c ti\u1ebfp v\u1edbi d\u1eef li\u1ec7u tr\u00ean PC. C\u00f3 th\u1ec3 trao \u0111\u1ed5i d\u1eef li\u1ec7u th\u00f4ng qua \u0111\u1ed3ng b\u1ed9 h\u00f3a v\u1edbi phi\u00ean b\u1ea3n Windows c\u1ee7a EPIM qua Wi-Fi, m\u1ea1ng di \u0111\u1ed9ng (3G, LTE), Bluetooth<\/p>\n<\/div>\n<p> ho\u1eb7c c\u00e1p USB.<\/p>","protected":false},"excerpt":{"rendered":"<p>EssentialPIM Pro Business l\u00e0 m\u1ed9t \u1ee9ng d\u1ee5ng v\u00e0 tr\u00ecnh t\u1ed5 ch\u1ee9c email to\u00e0n di\u1ec7n v\u00e0 thu\u1eadn ti\u1ec7n cho ph\u00e9p b\u1ea1n qu\u1ea3n l\u00fd c\u00e1c t\u00e1c v\u1ee5, t\u00e1c v\u1ee5, ghi ch\u00fa, danh b\u1ea1, m\u1eadt kh\u1ea9u v\u00e0 email c\u1ee7a m\u00ecnh v\u1edbi nhi\u1ec1u thi\u1ebft b\u1ecb di \u0111\u1ed9ng v\u00e0 d\u1ecbch v\u1ee5 \u0111\u00e1m m\u00e2y. <br \/>EssentialPIM Pro ch\u1ea1y tr\u00ean n\u1ec1n t\u1ea3ng Windows, Android v\u00e0 iOS. N\u00f3 cho ph\u00e9p b\u1ea1n \u0111\u1ed3ng b\u1ed9 h\u00f3a d\u1eef li\u1ec7u gi\u1eefa c\u00e1c n\u1ec1n t\u1ea3ng kh\u00e1c nhau. C\u00e1c phi\u00ean b\u1ea3n Android v\u00e0 iOS mi\u1ec5n ph\u00ed cho nh\u1eefng ng\u01b0\u1eddi \u0111\u00e3 mua phi\u00ean b\u1ea3n Windows<\/p>\n<p>.<\/p>","protected":false},"featured_media":20166,"comment_status":"closed","ping_status":"closed","template":"","meta":[],"pwb-brand":[],"product_cat":[3015],"product_tag":[3785],"class_list":{"0":"post-20165","1":"product","2":"type-product","3":"status-publish","4":"has-post-thumbnail","6":"product_cat-organizers","7":"product_tag-astonsoft","9":"first","10":"instock","11":"shipping-taxable","12":"product-type-simple"},"brands":[],"_links":{"self":[{"href":"https:\/\/azsoft.com\/es\/wp-json\/wp\/v2\/product\/20165","targetHints":{"allow":["GET"]}}],"collection":[{"href":"https:\/\/azsoft.com\/es\/wp-json\/wp\/v2\/product"}],"about":[{"href":"https:\/\/azsoft.com\/es\/wp-json\/wp\/v2\/types\/product"}],"replies":[{"embeddable":true,"href":"https:\/\/azsoft.com\/es\/wp-json\/wp\/v2\/comments?post=20165"}],"wp:featuredmedia":[{"embeddable":true,"href":"https:\/\/azsoft.com\/es\/wp-json\/wp\/v2\/media\/20166"}],"wp:attachment":[{"href":"https:\/\/azsoft.com\/es\/wp-json\/wp\/v2\/media?parent=20165"}],"wp:term":[{"taxonomy":"pwb-brand","embeddable":true,"href":"https:\/\/azsoft.com\/es\/wp-json\/wp\/v2\/pwb-brand?post=20165"},{"taxonomy":"product_cat","embeddable":true,"href":"https:\/\/azsoft.com\/es\/wp-json\/wp\/v2\/product_cat?post=20165"},{"taxonomy":"product_tag","embeddable":true,"href":"https:\/\/azsoft.com\/es\/wp-json\/wp\/v2\/product_tag?post=20165"}],"curies":[{"name":"wp","href":"https:\/\/api.w.org\/{rel}","templated":true}]}}