{"id":12741,"date":"2024-07-09T00:02:07","date_gmt":"2024-07-08T17:02:07","guid":{"rendered":"http:\/\/azsoft.com\/-product-\/uncategorized\/router-va-can-bang-tai-ubiquiti-edgerouter-pro-ma-san-pham-erpro-8\/"},"modified":"2024-07-13T15:12:39","modified_gmt":"2024-07-13T08:12:39","slug":"router-va-can-bang-tai-ubiquiti-edgerouter-pro-ma-san-pham-erpro-8","status":"publish","type":"product","link":"https:\/\/azsoft.com\/es\/-product-\/hardware\/networking\/ubiquiti\/router-va-can-bang-tai-ubiquiti-edgerouter-pro-ma-san-pham-erpro-8\/","title":{"rendered":"Router v\u00e0 C\u00e2n B\u1eb1ng T\u1ea3i Ubiquiti EdgeRouter Pro M\u00e3 s\u1ea3n ph\u1ea9m: ERPRO-8"},"content":{"rendered":"<div class=\"showText tabs\" id=\"tab2\">\n                                    <\/div>","protected":false},"excerpt":{"rendered":"<ul>\n<h2 class=\"content panel-smart\">ubiquiti\u00a0<a href=\"http:\/\/wifi.com.vn\/ubiquiti-edgerouter-pro.html\">EdgeRouter ERPro-8<\/a>\u00a0Gigabit Ethernet Router With 2 SFP\/RJ45 Ports:<\/h2>\n<div class=\"content panel-smart\">\u25ba\u00a0L\u00e0 thi\u1ebft b\u1ecb\u00a0gi\u00e1 ph\u00f9 h\u1ee3p cho c\u00e1c \u1ee9ng d\u1ee5ng tr\u01b0\u1eddng h\u1ecdc, c\u00f4ng ty, kh\u00e1ch s\u1ea1n, v\u0103n ph\u00f2ng&#8230;<\/div>\n<div class=\"content panel-smart\">\u00a0<\/div>\n<div class=\"content panel-smart\">\u25ba\u00a0C\u00f3 th\u1ec3 mang \u0111\u01b0\u1ee3c 2.400.000 g\u00f3i tin tr\u00ean m\u1ed9t gi\u00e2y (2.400.000 pps).<\/div>\n<div class=\"content panel-smart\">\u00a0<\/div>\n<div class=\"content panel-smart\">\u25ba\u00a0C\u00f3 \u0111\u1ed9 tin c\u1eady l\u00ean \u0111\u1ebfn 99.9% cho c\u00e1c \u1ee9ng d\u1ee5ng y\u00eau c\u1ea7u \u0111\u1ed9 tin c\u1eady cao.<\/div>\n<div class=\"content panel-smart\">\u00a0<\/div>\n<div class=\"content panel-smart\">\u25ba \u0110\u01b0\u1ee3c qu\u1ea3n l\u00fd v\u00e0 gi\u00e1m s\u00e1t d\u1ec5 d\u00e0ng, tr\u1ef1c quan th\u00f4ng qua EdgeOS \u0111\u1ed9c quy\u1ec1n c\u1ee7a Ubiquiti Network. \u0110\u1ed3ng th\u1eddi v\u1eabn c\u00f3 th\u1ec3 qu\u1ea3n l\u00fd th\u00f4ng qua giao di\u1ec7n d\u00f2ng l\u1ec7nh Command-Line Interface (CLI).<\/div>\n<div class=\"content panel-smart\">\u00a0<\/div>\n<div class=\"content panel-smart\">\u25ba C\u00f3 c\u1ea5u tr\u00fac ph\u1ea7n c\u1ee9ng m\u1ea1nh m\u1ebd v\u1edbi CPU Dual-Core 1 GHz, MIPS64 with Hardware Acceleration for Packet Processing, RAM 2 GB DDR3, b\u1ed9 nh\u1edb Flash 4 GB.<\/div>\n<div class=\"content panel-smart\">\u00a0<\/div>\n<div class=\"content panel-smart\">\u25ba H\u1ed7 tr\u1ee3 2 ports SFP cho k\u1ebft n\u1ed1i quang t\u1ed1c \u0111\u1ed9 cao.<br \/>\u00a0<\/p>\n<ul>\n<li>CPU:\u00a0Dual-Core 1 GHz, MIPS64 with Hardware Acceleration for Packet Processing<\/li>\n<li>RAM:\u00a02 GB DDR3<\/li>\n<li>Flash: 4 GB<\/li>\n<li>Layer 3 Forwarding (64 bytes): 2.400.000 packets per second (pps)<\/li>\n<li>Serial Console Port: 1 port<\/li>\n<li>Data port: 8 ports Gigabit Ethernet v\u00e0 2 ports SFP<\/li>\n<li>T\u00ednh n\u0103ng Routing Protocols: Static Routes, OSPF, RIP, BGP<\/li>\n<li>T\u00ednh n\u0103ng PPPoE<\/li>\n<li>T\u00ednh n\u0103ng Firewal Policies<\/li>\n<li>T\u00ednh n\u0103ng NAT Rules<\/li>\n<li>T\u00ednh n\u0103ng DHCP Services<\/li>\n<li>T\u00ednh n\u0103ng Quality of Service (QoS)<\/li>\n<li>T\u00ednh n\u0103ng 802.1q VLAN<\/li>\n<li>H\u1ed7 tr\u1ee3 t\u00ednh n\u0103ng VPN<\/li>\n<li>H\u1ed7 tr\u1ee3 IPv6<\/li>\n<li>H\u1ed7 tr\u1ee3 t\u00ednh n\u0103ng Load Balancing<\/li>\n<li>Qu\u1ea3n l\u00fd b\u1eb1ng Web UI ho\u1eb7c CLI (Console, SSH, Telnet)<\/li>\n<li>Ngu\u1ed3n: 110 &#8211; 240VAC<\/li>\n<li>C\u00f4ng su\u1ea5t ti\u00eau th\u1ee5 t\u1ed1i \u0111a: 40W<\/li>\n<li>Nhi\u1ec7t \u0111\u1ed9: -10\u00b0C &#8211; 45\u00b0C<\/li>\n<li>\u0110\u1ed9 \u1ea9m: 10% &#8211; 90%<\/li>\n<li>Thi\u1ebft k\u1ebf \u0111\u1ec3 tr\u00ean b\u00e0n ho\u1eb7c l\u1eafp tr\u00ean gi\u00e1 \u0111\u1ee1<\/li>\n<\/ul>\n<\/div>\n<\/ul>","protected":false},"featured_media":12742,"comment_status":"closed","ping_status":"closed","template":"","meta":[],"pwb-brand":[4027],"product_cat":[3119],"product_tag":[25],"class_list":{"0":"post-12741","1":"product","2":"type-product","3":"status-publish","4":"has-post-thumbnail","6":"pwb-brand-ubiquiti","7":"product_cat-ubiquiti","8":"product_tag-man","10":"first","11":"instock","12":"shipping-taxable","13":"product-type-simple"},"brands":[{"id":4027,"name":"Ubiquiti","slug":"ubiquiti"}],"_links":{"self":[{"href":"https:\/\/azsoft.com\/es\/wp-json\/wp\/v2\/product\/12741","targetHints":{"allow":["GET"]}}],"collection":[{"href":"https:\/\/azsoft.com\/es\/wp-json\/wp\/v2\/product"}],"about":[{"href":"https:\/\/azsoft.com\/es\/wp-json\/wp\/v2\/types\/product"}],"replies":[{"embeddable":true,"href":"https:\/\/azsoft.com\/es\/wp-json\/wp\/v2\/comments?post=12741"}],"wp:featuredmedia":[{"embeddable":true,"href":"https:\/\/azsoft.com\/es\/wp-json\/wp\/v2\/media\/12742"}],"wp:attachment":[{"href":"https:\/\/azsoft.com\/es\/wp-json\/wp\/v2\/media?parent=12741"}],"wp:term":[{"taxonomy":"pwb-brand","embeddable":true,"href":"https:\/\/azsoft.com\/es\/wp-json\/wp\/v2\/pwb-brand?post=12741"},{"taxonomy":"product_cat","embeddable":true,"href":"https:\/\/azsoft.com\/es\/wp-json\/wp\/v2\/product_cat?post=12741"},{"taxonomy":"product_tag","embeddable":true,"href":"https:\/\/azsoft.com\/es\/wp-json\/wp\/v2\/product_tag?post=12741"}],"curies":[{"name":"wp","href":"https:\/\/api.w.org\/{rel}","templated":true}]}}