{"id":10818,"date":"2024-07-08T19:33:13","date_gmt":"2024-07-08T12:33:13","guid":{"rendered":"http:\/\/azsoft.com\/-product-\/uncategorized\/microsoft-office-professional-plus-2021\/"},"modified":"2024-07-13T14:12:27","modified_gmt":"2024-07-13T07:12:27","slug":"microsoft-office-professional-plus-2021","status":"publish","type":"product","link":"https:\/\/azsoft.com\/es\/-product-\/phan-mem\/microsoft-office-professional-plus-2021\/","title":{"rendered":"Microsoft Office Professional Plus 2021"},"content":{"rendered":"<div class=\"b-product__description_text\">\n<p><strong>Ch\u00fa \u00fd!<\/strong> S\u1ea3n ph\u1ea9m ch\u1ec9 d\u00e0nh <strong>cho m\u1ee5c \u0111\u00edch th\u01b0\u01a1ng m\u1ea1i<\/strong>.<\/p>\n<p><strong>Microsoft Office Professional Plus 2021<\/strong> l\u00e0 phi\u00ean b\u1ea3n \u0111\u1eb7c bi\u1ec7t c\u1ee7a b\u1ed9 \u1ee9ng d\u1ee5ng v\u0103n ph\u00f2ng \u0111\u01b0\u1ee3c thi\u1ebft k\u1ebf cho c\u00e1c nh\u00e0 ph\u00e1t tri\u1ec3n v\u00e0 chuy\u00ean gia CNTT. N\u00f3 cho ph\u00e9p b\u1ea1n \u0111a nhi\u1ec7m tr\u00ean c\u00e1c thi\u1ebft b\u1ecb kh\u00e1c nhau, ti\u1ebft ki\u1ec7m th\u1eddi gian, t\u1ed1i \u01b0u h\u00f3a quy tr\u00ecnh l\u00e0m vi\u1ec7c v\u00e0 cung c\u1ea5p c\u00e1c ph\u01b0\u01a1ng ph\u00e1p hi\u1ec7u qu\u1ea3 \u0111\u1ec3 gi\u1ea3i quy\u1ebft c\u00e1c v\u1ea5n \u0111\u1ec1 h\u00e0ng ng\u00e0y. <\/p>\n<p><strong>Microsoft Office Professional Plus 2021<\/strong> l\u00e0 m\u1ed9t ph\u1ea7n kh\u00f4ng th\u1ec3 thi\u1ebfu c\u1ee7a m\u00f4i tr\u01b0\u1eddng kinh doanh v\u00e0 giao ti\u1ebfp th\u1ed1ng nh\u1ea5t \u0111\u1ea3m b\u1ea3o n\u0103ng su\u1ea5t t\u1ed1i \u0111a v\u00e0 h\u1ee3p t\u00e1c hi\u1ec7u qu\u1ea3. Microsoft Office Professional Plus m\u1edf r\u1ed9ng ch\u1ee9c n\u0103ng c\u1ee7a Phi\u00ean b\u1ea3n chuy\u00ean nghi\u1ec7p v\u00e0 bao g\u1ed3m c\u00e1c c\u00f4ng c\u1ee5 \u0111\u1ec3 ph\u00e1t tri\u1ec3n t\u00e0i li\u1ec7u chuy\u00ean nghi\u1ec7p v\u00e0 t\u00edch h\u1ee3p d\u1ec5 d\u00e0ng. Microsoft Office Professional Plus 2021 cho ph\u00e9p b\u1ea1n l\u00e0m vi\u1ec7c v\u1edbi th\u01b0, t\u00e0i li\u1ec7u v\u0103n b\u1ea3n, b\u1ea3ng t\u00ednh v\u00e0 \u1ea5n ph\u1ea9m t\u1eeb b\u1ea5t k\u1ef3 thi\u1ebft b\u1ecb n\u00e0o. Ch\u1ec9nh s\u1eeda h\u1ee3p t\u00e1c \u0111\u00e3 \u0111\u01b0\u1ee3c \u0111\u01a1n gi\u1ea3n h\u00f3a, l\u1ecbch s\u1eed phi\u00ean b\u1ea3n \u0111\u00e3 \u0111\u01b0\u1ee3c c\u1ea3i thi\u1ec7n, c\u00e1c lo\u1ea1i bi\u1ec3u \u0111\u1ed3 m\u1edbi \u0111\u00e3 \u0111\u01b0\u1ee3c th\u00eam v\u00e0o \u0111\u1ec3 ph\u00e2n t\u00edch d\u1eef li\u1ec7u, v.v.<\/p>\n<p><strong><\/strong><\/p>\n<p><strong>L\u00e0 m\u1ed9t ph\u1ea7n c\u1ee7a Microsoft Office Professional Plus 2021:<\/strong><\/p>\n<ul>\n<li><strong>Microsoft Word 2021<\/strong> l\u00e0 tr\u00ecnh x\u1eed l\u00fd v\u0103n b\u1ea3n m\u1ea1nh m\u1ebd v\u1edbi kh\u1ea3 n\u0103ng n\u00e2ng cao \u0111\u1ec3 t\u1ea1o<\/li>\n<p> v\u00e0 \u0111\u1ecbnh d\u1ea1ng t\u00e0i li\u1ec7u. <\/p>\n<li><strong>Microsoft PowerPoint 2021<\/strong> l\u00e0 tr\u00ecnh t\u1ea1o c\u00e1c b\u1ea3n tr\u00ecnh b\u00e0y \u0111\u1ed9ng, chi ti\u1ebft v\u1edbi \u0111\u1ed9 ph\u00e2n gi\u1ea3i cao, h\u1ed7 tr\u1ee3 chuy\u1ec3n ti\u1ebfp, ho\u1ea1t h\u00ecnh v\u00e0 t\u00edch h\u1ee3p t\u00e0i li\u1ec7u \u00e2m thanh v\u00e0 video.<\/li>\n<li><strong>Microsoft Outlook 2021<\/strong> l\u00e0 \u1ee9ng d\u1ee5ng email \u0111\u1ec3 d\u1ec5 d\u00e0ng qu\u1ea3n l\u00fd th\u01b0 email v\u1edbi b\u1ed9 c\u00f4ng c\u1ee5 n\u00e2ng cao, c\u00f4ng c\u1ee5 t\u00ecm ki\u1ebfm t\u00edch h\u1ee3p v\u00e0 h\u1ed7 tr\u1ee3 cho c\u00e1c d\u1ecbch v\u1ee5 web.<\/li>\n<li><strong>Microsoft Excel 2021<\/strong> l\u00e0 b\u1ed9 x\u1eed l\u00fd b\u1ea3ng t\u00ednh t\u1eeb g\u00f3i Microsoft Office Professional Plus 2021 \u0111\u1ec3 t\u1ea1o b\u00e1o c\u00e1o, ph\u00e2n t\u00edch th\u00f4ng tin, c\u00e1c t\u00f9y ch\u1ecdn v\u00e0 xu h\u01b0\u1edbng ph\u00e1t tri\u1ec3n, h\u1ed7 tr\u1ee3 m\u1ed9t b\u1ed9 c\u00f4ng c\u1ee5 phong ph\u00fa \u0111\u1ec3 tr\u1ef1c quan h\u00f3a d\u1eef li\u1ec7u.<\/li>\n<li><strong>Microsoft OneNote 2021<\/strong> l\u00e0 m\u1ed9t \u1ee9ng d\u1ee5ng ghi ch\u00fa v\u1edbi kh\u1ea3 n\u0103ng \u0111i\u1ec1u h\u01b0\u1edbng v\u00e0 t\u1ed5 ch\u1ee9c d\u1eef li\u1ec7u n\u00e2ng cao cho ph\u00e9p b\u1ea1n truy c\u1eadp t\u1eeb xa s\u1ed5 ghi ch\u00e9p v\u00e0 chia s\u1ebb th\u00f4ng tin qua tr\u00ecnh duy\u1ec7t web ho\u1eb7c \u0111i\u1ec7n tho\u1ea1i th\u00f4ng minh.<\/li>\n<li><strong>Microsoft Access 2021<\/strong> l\u00e0 c\u01a1 s\u1edf d\u1eef li\u1ec7u quan h\u1ec7 t\u01b0\u01a1ng t\u00e1c v\u1edbi logic l\u1eadp tr\u00ecnh \u0111\u01b0\u1ee3c c\u1ea3i ti\u1ebfn, t\u00edch h\u1ee3p v\u1edbi Danh m\u1ee5c d\u1eef li\u1ec7u doanh nghi\u1ec7p (BDC), c\u01a1 s\u1edf d\u1eef li\u1ec7u web v\u00e0 m\u1eabu.<\/li>\n<li><strong>Microsoft Publisher 2021<\/strong> l\u00e0 m\u1ed9t \u1ee9ng d\u1ee5ng \u0111\u1ec3 t\u1ea1o c\u00e1c \u1ea5n ph\u1ea9m kinh doanh ch\u1ea5t l\u01b0\u1ee3ng cao v\u00e0 t\u00e0i li\u1ec7u ti\u1ebfp th\u1ecb m\u00e0 kh\u00f4ng c\u1ea7n s\u1ef1 tr\u1ee3 gi\u00fap c\u1ee7a c\u00e1c nh\u00e0 thi\u1ebft k\u1ebf chuy\u00ean nghi\u1ec7p.<\/li>\n<\/ul>\n<\/div>\n<li><strong>Microsoft InfoPath 2021<\/strong> l\u00e0 m\u1ed9t gi\u1ea3i ph\u00e1p \u0111\u1ec3 thu th\u1eadp d\u1eef li\u1ec7u v\u00e0 ph\u00e1t tri\u1ec3n c\u00e1c h\u00ecnh th\u1ee9c \u0111\u1ed9ng kh\u00e1c nhau.<\/li>\n<li><strong>\u1ee8ng d\u1ee5ng Web Microsoft Office (Word, Excel, PowerPoint, Outlook).<\/strong><\/li>","protected":false},"excerpt":{"rendered":"<p>M\u1ed9t b\u1ea3n ph\u00e1t h\u00e0nh \u0111\u1eb7c bi\u1ec7t c\u1ee7a m\u1ed9t b\u1ed9 \u1ee9ng d\u1ee5ng v\u0103n ph\u00f2ng \u0111\u01b0\u1ee3c thi\u1ebft k\u1ebf cho c\u00e1c nh\u00e0 ph\u00e1t tri\u1ec3n v\u00e0 chuy\u00ean gia CNTT. N\u00f3 cho ph\u00e9p b\u1ea1n \u0111a nhi\u1ec7m tr\u00ean c\u00e1c thi\u1ebft b\u1ecb kh\u00e1c nhau, ti\u1ebft ki\u1ec7m th\u1eddi gian, t\u1ed1i \u01b0u h\u00f3a quy tr\u00ecnh l\u00e0m vi\u1ec7c v\u00e0 cung c\u1ea5p c\u00e1c ph\u01b0\u01a1ng ph\u00e1p hi\u1ec7u qu\u1ea3<\/p>\n<p> \u0111\u1ec3 gi\u1ea3i quy\u1ebft c\u00e1c v\u1ea5n \u0111\u1ec1 h\u00e0ng ng\u00e0y.<\/p>","protected":false},"featured_media":10819,"comment_status":"closed","ping_status":"closed","template":"","meta":[],"pwb-brand":[3988],"product_cat":[2836],"product_tag":[],"class_list":{"0":"post-10818","1":"product","2":"type-product","3":"status-publish","4":"has-post-thumbnail","6":"pwb-brand-microsoft","7":"product_cat-phan-mem","9":"first","10":"instock","11":"shipping-taxable","12":"product-type-simple"},"brands":[{"id":3988,"name":"Microsoft","slug":"microsoft"}],"_links":{"self":[{"href":"https:\/\/azsoft.com\/es\/wp-json\/wp\/v2\/product\/10818","targetHints":{"allow":["GET"]}}],"collection":[{"href":"https:\/\/azsoft.com\/es\/wp-json\/wp\/v2\/product"}],"about":[{"href":"https:\/\/azsoft.com\/es\/wp-json\/wp\/v2\/types\/product"}],"replies":[{"embeddable":true,"href":"https:\/\/azsoft.com\/es\/wp-json\/wp\/v2\/comments?post=10818"}],"wp:featuredmedia":[{"embeddable":true,"href":"https:\/\/azsoft.com\/es\/wp-json\/wp\/v2\/media\/10819"}],"wp:attachment":[{"href":"https:\/\/azsoft.com\/es\/wp-json\/wp\/v2\/media?parent=10818"}],"wp:term":[{"taxonomy":"pwb-brand","embeddable":true,"href":"https:\/\/azsoft.com\/es\/wp-json\/wp\/v2\/pwb-brand?post=10818"},{"taxonomy":"product_cat","embeddable":true,"href":"https:\/\/azsoft.com\/es\/wp-json\/wp\/v2\/product_cat?post=10818"},{"taxonomy":"product_tag","embeddable":true,"href":"https:\/\/azsoft.com\/es\/wp-json\/wp\/v2\/product_tag?post=10818"}],"curies":[{"name":"wp","href":"https:\/\/api.w.org\/{rel}","templated":true}]}}