{"id":41856,"date":"2025-07-17T08:00:40","date_gmt":"2025-07-17T01:00:40","guid":{"rendered":"http:\/\/azsoft.com\/-product-\/uncategorized\/phan-mem-dazzle-ui-icon-professional\/"},"modified":"2025-07-17T08:01:10","modified_gmt":"2025-07-17T01:01:10","slug":"phan-mem-dazzle-ui-icon-professional","status":"publish","type":"product","link":"https:\/\/azsoft.com\/en\/-product-\/phan-mem\/phan-mem-van-phong\/tien-ich-van-phong\/phan-mem-dazzle-ui-icon-professional\/","title":{"rendered":"Ph\u1ea7n m\u1ec1m Dazzle UI Icon Professional"},"content":{"rendered":"<div class=\"product attribute description\">\n<div class=\"value\">\n<div class=\"magezon-builder magezon-builder-preload\">\n<div class=\"frftkxh mgz-element mgz-element-row full_width_row\">\n<div class=\"mgz-element-inner frftkxh-s\">\n<div class=\"inner-content mgz-container\">\n<div class=\"sh0v7aq mgz-element mgz-element-column mgz-col-xs-12\">\n<div class=\"mgz-element-inner sh0v7aq-s\">\n<div class=\"b8dfnf7 mgz-element mgz-child mgz-element-text\">\n<div class=\"mgz-element-inner b8dfnf7-s\">\n<h3 dir=\"auto\"><strong>Gi\u1edbi thi\u1ec7u chi ti\u1ebft v\u1ec1 Dazzle UI Icon Professional<\/strong><\/h3>\n<p dir=\"auto\"><strong>Dazzle UI Icon Professional<\/strong> l\u00e0 m\u1ed9t th\u01b0 vi\u1ec7n bi\u1ec3u t\u01b0\u1ee3ng (icon library) \u0111\u01b0\u1ee3c thi\u1ebft k\u1ebf d\u00e0nh cho c\u00e1c nh\u00e0 thi\u1ebft k\u1ebf giao di\u1ec7n ng\u01b0\u1eddi d\u00f9ng (UI), nh\u00e0 ph\u00e1t tri\u1ec3n v\u00e0 c\u00e1c nh\u00f3m s\u00e1ng t\u1ea1o, nh\u1eb1m n\u00e2ng cao t\u00ednh th\u1ea9m m\u1ef9 v\u00e0 ch\u1ee9c n\u0103ng c\u1ee7a c\u00e1c d\u1ef1 \u00e1n thi\u1ebft k\u1ebf k\u1ef9 thu\u1eadt s\u1ed1. \u0110\u01b0\u1ee3c t\u1ed1i \u01b0u h\u00f3a cho <strong>Figma<\/strong>, b\u1ed9 bi\u1ec3u t\u01b0\u1ee3ng n\u00e0y cung c\u1ea5p h\u01a1n <strong>10,000 bi\u1ec3u t\u01b0\u1ee3ng<\/strong> \u0111\u01b0\u1ee3c thi\u1ebft k\u1ebf t\u1ec9 m\u1ec9 tr\u00ean l\u01b0\u1edbi 24&#215;24 pixel, \u0111\u1ea3m b\u1ea3o t\u00ednh nh\u1ea5t qu\u00e1n, r\u00f5 r\u00e0ng v\u00e0 d\u1ec5 \u0111\u1ecdc. Dazzle UI Icon Pro n\u1ed5i b\u1eadt v\u1edbi b\u1ed1n phong c\u00e1ch thi\u1ebft k\u1ebf (Linear, Solid, Duotone, Monochrome), gi\u00fap t\u0103ng t\u00ednh linh ho\u1ea1t v\u00e0 s\u00e1ng t\u1ea1o trong c\u00e1c giao di\u1ec7n ng\u01b0\u1eddi d\u00f9ng v\u00e0 b\u00e0i thuy\u1ebft tr\u00ecnh.<\/p>\n<h4 dir=\"auto\"><span style=\"font-size: 16px\"><strong>\u0110\u1eb7c \u0111i\u1ec3m n\u1ed5i b\u1eadt c\u1ee7a Dazzle UI Icon Professional<\/strong><\/span><\/h4>\n<ol dir=\"auto\">\n<li><strong>Th\u01b0 vi\u1ec7n bi\u1ec3u t\u01b0\u1ee3ng phong ph\u00fa<\/strong>:\n<ul dir=\"auto\">\n<li>Cung c\u1ea5p h\u01a1n <strong>10,000 bi\u1ec3u t\u01b0\u1ee3ng<\/strong> \u0111\u01b0\u1ee3c t\u1ed5 ch\u1ee9c trong <strong>51 danh m\u1ee5c<\/strong> (nh\u01b0 giao ti\u1ebfp, n\u0103ng l\u01b0\u1ee3ng, t\u1ec7p, thi\u1ebft b\u1ecb, th\u1ec3 thao, v.v.), \u0111\u00e1p \u1ee9ng h\u1ea7u h\u1ebft c\u00e1c nhu c\u1ea7u thi\u1ebft k\u1ebf giao di\u1ec7n ng\u01b0\u1eddi d\u00f9ng.<\/li>\n<li>M\u1ed7i bi\u1ec3u t\u01b0\u1ee3ng \u0111\u01b0\u1ee3c thi\u1ebft k\u1ebf tr\u00ean l\u01b0\u1edbi <strong>24&#215;24 pixel<\/strong> v\u1edbi \u0111\u1ed9 d\u00e0y n\u00e9t (stroke weight) m\u1eb7c \u0111\u1ecbnh 2px, \u0111\u1ea3m b\u1ea3o h\u00ecnh \u1ea3nh s\u1eafc n\u00e9t \u1edf m\u1ecdi k\u00edch th\u01b0\u1edbc.<\/li>\n<\/ul>\n<\/li>\n<li><strong>H\u1ed7 tr\u1ee3 Figma Variants<\/strong>:\n<ul dir=\"auto\">\n<li>T\u00edch h\u1ee3p ch\u1eb7t ch\u1ebd v\u1edbi Figma, s\u1eed d\u1ee5ng t\u00ednh n\u0103ng Variants \u0111\u1ec3 d\u1ec5 d\u00e0ng chuy\u1ec3n \u0111\u1ed5i gi\u1eefa b\u1ed1n phong c\u00e1ch (Linear, Solid, Duotone, Monochrome) ch\u1ec9 trong m\u1ed9t c\u00fa nh\u1ea5p chu\u1ed9t.<\/li>\n<li>Bi\u1ec3u t\u01b0\u1ee3ng \u0111\u01b0\u1ee3c x\u00e2y d\u1ef1ng d\u01b0\u1edbi d\u1ea1ng <strong>components<\/strong>, gi\u00fap t\u00ecm ki\u1ebfm, thay th\u1ebf v\u00e0 t\u00f9y ch\u1ec9nh d\u1ec5 d\u00e0ng trong quy tr\u00ecnh l\u00e0m vi\u1ec7c.<\/li>\n<\/ul>\n<\/li>\n<li><strong>T\u00f9y ch\u1ec9nh linh ho\u1ea1t<\/strong>:\n<ul dir=\"auto\">\n<li>H\u1ed7 tr\u1ee3 c\u00e1c \u0111\u1ecbnh d\u1ea1ng nh\u01b0 <strong>SVG<\/strong>, <strong>IconJar<\/strong>, v\u00e0 t\u00edch h\u1ee3p v\u1edbi Figma, cho ph\u00e9p t\u00f9y ch\u1ec9nh m\u00e0u s\u1eafc, k\u00edch th\u01b0\u1edbc v\u00e0 phong c\u00e1ch.<\/li>\n<li>C\u00e1c g\u00f3c bo tr\u00f2n m\u01b0\u1ee3t m\u00e0 (smooth corners) v\u1edbi \u0111\u01b0\u1eddng cong bi\u1ebfn \u0111\u1ed5i 60%, t\u0103ng t\u00ednh th\u1ea9m m\u1ef9 v\u00e0 hi\u1ec7n \u0111\u1ea1i.<\/li>\n<\/ul>\n<\/li>\n<li><strong>C\u1eadp nh\u1eadt tr\u1ecdn \u0111\u1eddi<\/strong>:\n<ul dir=\"auto\">\n<li>Ng\u01b0\u1eddi d\u00f9ng mua b\u1ea3n quy\u1ec1n \u0111\u01b0\u1ee3c nh\u1eadn <strong>c\u1eadp nh\u1eadt tr\u1ecdn \u0111\u1eddi mi\u1ec5n ph\u00ed<\/strong>, v\u1edbi c\u00e1c bi\u1ec3u t\u01b0\u1ee3ng m\u1edbi v\u00e0 c\u1ea3i ti\u1ebfn \u0111\u01b0\u1ee3c b\u1ed5 sung li\u00ean t\u1ee5c (v\u00ed d\u1ee5: phi\u00ean b\u1ea3n 1.5 \u0111\u00e3 th\u00eam danh m\u1ee5c Sports, Gaming v\u00e0 Number Brand).<\/li>\n<\/ul>\n<\/li>\n<li><strong>Phi\u00ean b\u1ea3n mi\u1ec5n ph\u00ed<\/strong>:\n<ul dir=\"auto\">\n<li>Dazzle UI cung c\u1ea5p m\u1ed9t b\u1ed9 <strong>1,600+ bi\u1ec3u t\u01b0\u1ee3ng Linear<\/strong> ho\u00e0n to\u00e0n mi\u1ec5n ph\u00ed, c\u00f3 th\u1ec3 s\u1eed d\u1ee5ng cho c\u1ea3 d\u1ef1 \u00e1n c\u00e1 nh\u00e2n v\u00e0 th\u01b0\u01a1ng m\u1ea1i theo gi\u1ea5y ph\u00e9p <strong>Creative Commons Attribution 4.0 International<\/strong>.<\/li>\n<\/ul>\n<\/li>\n<li><strong>T\u1ed5 ch\u1ee9c th\u00f4ng minh<\/strong>:\n<ul dir=\"auto\">\n<li>Th\u01b0 vi\u1ec7n \u0111\u01b0\u1ee3c s\u1eafp x\u1ebfp theo <strong>31-51 danh m\u1ee5c<\/strong> (t\u00f9y phi\u00ean b\u1ea3n), v\u1edbi t\u00ean g\u1ecdi r\u00f5 r\u00e0ng v\u00e0 \u0111\u01b0\u1ee3c t\u1ed1i \u01b0u h\u00f3a cho IconJar, gi\u00fap d\u1ec5 d\u00e0ng t\u00ecm ki\u1ebfm v\u00e0 qu\u1ea3n l\u00fd.<\/li>\n<\/ul>\n<\/li>\n<li><strong>\u1ee8ng d\u1ee5ng<\/strong>:\n<ul dir=\"auto\">\n<li>Ph\u00f9 h\u1ee3p cho c\u00e1c d\u1ef1 \u00e1n thi\u1ebft k\u1ebf giao di\u1ec7n ng\u01b0\u1eddi d\u00f9ng (UI) cho \u1ee9ng d\u1ee5ng, website, b\u00e0i thuy\u1ebft tr\u00ecnh, v\u00e0 c\u00e1c s\u1ea3n ph\u1ea9m k\u1ef9 thu\u1eadt s\u1ed1 kh\u00e1c.<\/li>\n<li>\u0110\u1eb7c bi\u1ec7t h\u1eefu \u00edch cho c\u00e1c nh\u00e0 thi\u1ebft k\u1ebf c\u00e1 nh\u00e2n, nh\u00f3m nh\u1ecf, startup, ho\u1eb7c c\u00e1c c\u00f4ng ty l\u1edbn c\u1ea7n b\u1ed9 bi\u1ec3u t\u01b0\u1ee3ng chuy\u00ean nghi\u1ec7p, \u0111\u1ed3ng nh\u1ea5t.<\/li>\n<\/ul>\n<\/li>\n<li><strong>C\u1eadp nh\u1eadt g\u1ea7n \u0111\u00e2y (2025)<\/strong>:\n<ul dir=\"auto\">\n<li>Phi\u00ean b\u1ea3n m\u1edbi nh\u1ea5t (v1.5) \u0111\u00e3 c\u1ea3i ti\u1ebfn thi\u1ebft k\u1ebf bi\u1ec3u t\u01b0\u1ee3ng, kh\u1eafc ph\u1ee5c xung \u0111\u1ed9t t\u00ean g\u1ecdi, v\u00e0 b\u1ed5 sung c\u00e1c danh m\u1ee5c m\u1edbi nh\u01b0 bi\u1ec3u t\u01b0\u1ee3ng gi\u1edbi t\u00ednh (Genders) v\u00e0 th\u01b0\u01a1ng hi\u1ec7u s\u1ed1 (Number Brand).<\/li>\n<\/ul>\n<\/li>\n<\/ol>\n<\/div>\n<\/div>\n<\/div>\n<\/div>\n<\/div>\n<\/div>\n<\/div>\n<div class=\"li458ma mgz-element mgz-element-row full_width_row\">\n<div class=\"mgz-element-inner li458ma-s\">\n<div class=\"inner-content mgz-container\">\n<div class=\"ql6kg8j mgz-element mgz-element-column mgz-col-xs-12\">\n<div class=\"mgz-element-inner ql6kg8j-s\">\n<div class=\"auf7bew mgz-element mgz-child mgz-element-text\">\n<div class=\"mgz-element-inner auf7bew-s\">\n<h4 dir=\"auto\"><span style=\"font-size: 16px\"><strong>B\u1ea3ng so s\u00e1nh t\u00ednh n\u0103ng c\u00e1c g\u00f3i b\u1ea3n quy\u1ec1n Dazzle UI Icon<\/strong><\/span><\/h4>\n<p dir=\"auto\">D\u01b0\u1edbi \u0111\u00e2y l\u00e0 b\u1ea3ng so s\u00e1nh chi ti\u1ebft gi\u1eefa c\u00e1c g\u00f3i b\u1ea3n quy\u1ec1n Dazzle UI Icon <strong>Professional<\/strong>, <strong>Team<\/strong>, v\u00e0 <strong>Enterprise<\/strong><\/p>\n<table border=\"1\" cellpadding=\"5\" cellspacing=\"5\">\n<thead>\n<tr>\n<th><strong>T\u00ednh n\u0103ng<\/strong><\/th>\n<th><strong>Professional (C\u00e1 nh\u00e2n)<\/strong><\/th>\n<th><strong>Team (Nh\u00f3m)<\/strong><\/th>\n<th><strong>Enterprise (Doanh nghi\u1ec7p)<\/strong><\/th>\n<\/tr>\n<\/thead>\n<tbody>\n<tr>\n<td><strong>S\u1ed1 l\u01b0\u1ee3ng ng\u01b0\u1eddi d\u00f9ng<\/strong><\/td>\n<td>1 ng\u01b0\u1eddi d\u00f9ng (nh\u00e0 thi\u1ebft k\u1ebf c\u00e1 nh\u00e2n, freelancer, startup)<\/td>\n<td>T\u1ed1i \u0111a 6 ng\u01b0\u1eddi d\u00f9ng (nh\u00f3m thi\u1ebft k\u1ebf nh\u1ecf, agency, startup)<\/td>\n<td>Kh\u00f4ng gi\u1edbi h\u1ea1n ng\u01b0\u1eddi d\u00f9ng (c\u00f4ng ty l\u1edbn, \u0111\u1ed9i thi\u1ebft k\u1ebf l\u1edbn)<\/td>\n<\/tr>\n<tr>\n<td><strong>S\u1ed1 l\u01b0\u1ee3ng bi\u1ec3u t\u01b0\u1ee3ng<\/strong><\/td>\n<td>H\u01a1n 10,000 bi\u1ec3u t\u01b0\u1ee3ng (Linear, Solid, Duotone, Monochrome)<\/td>\n<td>H\u01a1n 10,000 bi\u1ec3u t\u01b0\u1ee3ng (Linear, Solid, Duotone, Monochrome)<\/td>\n<td>H\u01a1n 10,000 bi\u1ec3u t\u01b0\u1ee3ng (Linear, Solid, Duotone, Monochrome)<\/td>\n<\/tr>\n<tr>\n<td><strong>S\u1ed1 danh m\u1ee5c<\/strong><\/td>\n<td>51 danh m\u1ee5c<\/td>\n<td>51 danh m\u1ee5c<\/td>\n<td>51 danh m\u1ee5c<\/td>\n<\/tr>\n<tr>\n<td><strong>Phong c\u00e1ch bi\u1ec3u t\u01b0\u1ee3ng<\/strong><\/td>\n<td>Linear, Solid, Duotone, Monochrome<\/td>\n<td>Linear, Solid, Duotone, Monochrome<\/td>\n<td>Linear, Solid, Duotone, Monochrome<\/td>\n<\/tr>\n<tr>\n<td><strong>H\u1ed7 tr\u1ee3 Figma Variants<\/strong><\/td>\n<td>C\u00f3 (d\u1ec5 d\u00e0ng chuy\u1ec3n \u0111\u1ed5i phong c\u00e1ch)<\/td>\n<td>C\u00f3 (d\u1ec5 d\u00e0ng chuy\u1ec3n \u0111\u1ed5i phong c\u00e1ch)<\/td>\n<td>C\u00f3 (d\u1ec5 d\u00e0ng chuy\u1ec3n \u0111\u1ed5i phong c\u00e1ch)<\/td>\n<\/tr>\n<tr>\n<td><strong>\u0110\u1ecbnh d\u1ea1ng h\u1ed7 tr\u1ee3<\/strong><\/td>\n<td>SVG, IconJar, Figma<\/td>\n<td>SVG, IconJar, Figma<\/td>\n<td>SVG, IconJar, Figma<\/td>\n<\/tr>\n<tr>\n<td><strong>S\u1eed d\u1ee5ng trong d\u1ef1 \u00e1n<\/strong><\/td>\n<td>Kh\u00f4ng gi\u1edbi h\u1ea1n d\u1ef1 \u00e1n c\u00e1 nh\u00e2n v\u00e0 th\u01b0\u01a1ng m\u1ea1i<\/td>\n<td>Kh\u00f4ng gi\u1edbi h\u1ea1n d\u1ef1 \u00e1n c\u00e1 nh\u00e2n v\u00e0 th\u01b0\u01a1ng m\u1ea1i<\/td>\n<td>Kh\u00f4ng gi\u1edbi h\u1ea1n d\u1ef1 \u00e1n c\u00e1 nh\u00e2n v\u00e0 th\u01b0\u01a1ng m\u1ea1i<\/td>\n<\/tr>\n<tr>\n<td><strong>T\u00f9y ch\u1ec9nh bi\u1ec3u t\u01b0\u1ee3ng<\/strong><\/td>\n<td>C\u00f3 (m\u00e0u s\u1eafc, k\u00edch th\u01b0\u1edbc, phong c\u00e1ch)<\/td>\n<td>C\u00f3 (m\u00e0u s\u1eafc, k\u00edch th\u01b0\u1edbc, phong c\u00e1ch)<\/td>\n<td>C\u00f3 (m\u00e0u s\u1eafc, k\u00edch th\u01b0\u1edbc, phong c\u00e1ch)<\/td>\n<\/tr>\n<tr>\n<td><strong>C\u1eadp nh\u1eadt tr\u1ecdn \u0111\u1eddi<\/strong><\/td>\n<td>Mi\u1ec5n ph\u00ed<\/td>\n<td>Mi\u1ec5n ph\u00ed<\/td>\n<td>Mi\u1ec5n ph\u00ed<\/td>\n<\/tr>\n<tr>\n<td><strong>Phi\u00ean b\u1ea3n mi\u1ec5n ph\u00ed<\/strong><\/td>\n<td>Bao g\u1ed3m 1,600+ bi\u1ec3u t\u01b0\u1ee3ng Linear mi\u1ec5n ph\u00ed (CC BY 4.0)<\/td>\n<td>Bao g\u1ed3m 1,600+ bi\u1ec3u t\u01b0\u1ee3ng Linear mi\u1ec5n ph\u00ed (CC BY 4.0)<\/td>\n<td>Bao g\u1ed3m 1,600+ bi\u1ec3u t\u01b0\u1ee3ng Linear mi\u1ec5n ph\u00ed (CC BY 4.0)<\/td>\n<\/tr>\n<tr>\n<td><strong>Chia s\u1ebb th\u01b0 vi\u1ec7n trong t\u1ed5 ch\u1ee9c<\/strong><\/td>\n<td>Kh\u00f4ng h\u1ed7 tr\u1ee3 chia s\u1ebb th\u01b0 vi\u1ec7n nh\u00f3m<\/td>\n<td>H\u1ed7 tr\u1ee3 chia s\u1ebb th\u01b0 vi\u1ec7n cho t\u1ed1i \u0111a 6 ng\u01b0\u1eddi<\/td>\n<td>H\u1ed7 tr\u1ee3 chia s\u1ebb th\u01b0 vi\u1ec7n cho s\u1ed1 l\u01b0\u1ee3ng kh\u00f4ng gi\u1edbi h\u1ea1n<\/td>\n<\/tr>\n<tr>\n<td><strong>\u01afu \u0111\u00e3i \u0111\u1eb7c bi\u1ec7t<\/strong><\/td>\n<td>Gi\u1ea3m gi\u00e1 cho sinh vi\u00ean (t\u1ef1 \u0111\u1ed9ng t\u00ednh v\u1edbi email .edu)<\/td>\n<td>Gi\u1ea3m gi\u00e1 cho t\u1ed5 ch\u1ee9c phi l\u1ee3i nhu\u1eadn (li\u00ean h\u1ec7 qua email)<\/td>\n<td>Gi\u1ea3m gi\u00e1 cho t\u1ed5 ch\u1ee9c phi l\u1ee3i nhu\u1eadn (li\u00ean h\u1ec7 qua email)<\/td>\n<\/tr>\n<tr>\n<td><strong>H\u1ed7 tr\u1ee3 kh\u00e1ch h\u00e0ng<\/strong><\/td>\n<td>H\u1ed7 tr\u1ee3 qua email (hello@dazzleui.pro)<\/td>\n<td>H\u1ed7 tr\u1ee3 qua email (hello@dazzleui.pro)<\/td>\n<td>H\u1ed7 tr\u1ee3 \u01b0u ti\u00ean qua email (hello@dazzleui.pro)<\/td>\n<\/tr>\n<tr>\n<td><strong>\u0110\u1ed1i t\u01b0\u1ee3ng ph\u00f9 h\u1ee3p<\/strong><\/td>\n<td>Nh\u00e0 thi\u1ebft k\u1ebf c\u00e1 nh\u00e2n, freelancer, startup nh\u1ecf<\/td>\n<td>Nh\u00f3m thi\u1ebft k\u1ebf nh\u1ecf, agency, startup<\/td>\n<td>Doanh nghi\u1ec7p l\u1edbn, \u0111\u1ed9i thi\u1ebft k\u1ebf quy m\u00f4 l\u1edbn<\/td>\n<\/tr>\n<\/tbody>\n<\/table>\n<\/div>\n<\/div>\n<\/div>\n<\/div>\n<\/div>\n<\/div>\n<\/div>\n<div class=\"pkw9tri mgz-element mgz-element-row full_width_row\">\n<div class=\"mgz-element-inner pkw9tri-s\">\n<div class=\"inner-content mgz-container\">\n<div class=\"rg9m69g mgz-element mgz-element-column mgz-col-xs-12\">\n<div class=\"mgz-element-inner rg9m69g-s\">\n<div class=\"vp582fr mgz-element mgz-child mgz-element-text\">\n<div class=\"mgz-element-inner vp582fr-s\">\n<div style=\"padding: 15px\"><\/div>\n<div style=\"font-family: TAHOMA;font-size: 16pt;font-weight: bold;color: white;background: #0078d4;padding: 20px;width: 100%\">Mua Dazzle UI Icon b\u1ea3n quy\u1ec1n t\u1ea1i AzSoft<\/div>\n<table style=\"width: 100%\">\n<tbody>\n<tr>\n<td style=\"font-family: TAHOMA;font-size: 13pt;padding: 10px 20px;text-align: justify;line-height: 150%;width: 92.6598%\">\n<p>Soft365 \u0111\u01b0\u1ee3c ch\u1ee9ng nh\u1eadn l\u00e0 \u0111\u1ed1i t\u00e1c cung c\u1ea5p b\u1ea3n quy\u1ec1n Dazzle UI Icon chinh h\u00e3ng t\u1ea1i Vi\u1ec7t NamTr\u1ea3i qua 15 n\u0103m h\u00ecnh th\u00e0nh ph\u00e1t tri\u1ec3n v\u00e0 gi\u1eef v\u1eefng v\u1ecb th\u1ebf tr\u00ean th\u1ecb tr\u01b0\u1eddng, ch\u00fang t\u00f4i t\u1ef1 h\u00e0o mang \u0111\u1ebfn cho qu\u00fd kh\u00e1ch h\u00e0ng gi\u1ea3i ph\u00e1p ph\u1ea7n m\u1ec1m b\u1ea3n quy\u1ec1n ch\u00ednh h\u00e3ng v\u1edbi m\u1ee9c gi\u00e1 \u01b0u \u0111\u00e3i, d\u1ecbch v\u1ee5 t\u01b0 v\u1ea5n v\u00e0 h\u1ed7 tr\u1ee3 ho\u00e0n h\u1ea3o.<\/p>\n<p><\/p>\n<p><img decoding=\"async\" src=\"http:\/\/azsoft.com\/wp-content\/uploads\/2025\/07\/slack_icon-60.png\" width=\"15\" title=\"slack_icon-60\"> H\u1ed7 tr\u1ee3 t\u01b0 v\u1ea5n \u2013 k\u1ef9 thu\u1eadt k\u1ecbp th\u1eddi: T\u01b0 v\u1ea5n v\u00e0 gi\u1ea3i quy\u1ebft c\u00e1c v\u1ea5n \u0111\u1ec1 k\u1ef9 thu\u1eadt 24\/7 t\u1ea5t c\u1ea3 c\u00e1c ng\u00e0y trong tu\u1ea7n.<\/p>\n<p><img decoding=\"async\" src=\"http:\/\/azsoft.com\/wp-content\/uploads\/2025\/07\/slack_icon-60.png\" width=\"15\" title=\"slack_icon-60\"> \u0110\u1ed1i t\u00e1c uy t\u00edn \u2013 Gi\u00e1 c\u1ea3 c\u1ea1nh tranh: Cung c\u1ea5p ph\u1ea7n m\u1ec1m b\u1ea3n quy\u1ec1n t\u1edbi kh\u00e1ch h\u00e0ng v\u1edbi gi\u00e1 t\u1ed1t nh\u1ea5t<\/p>\n<p><img decoding=\"async\" src=\"http:\/\/azsoft.com\/wp-content\/uploads\/2025\/07\/slack_icon-60.png\" width=\"15\" title=\"slack_icon-60\"> Tri\u1ec3n khai nhanh ch\u00f3ng \u2013 chuy\u00ean nghi\u1ec7p: \u0110\u1ed9i ng\u0169 k\u1ef9 thu\u1eadt c\u00f3 nhi\u1ec1u n\u0103m kinh nghi\u1ec7m trong vi\u1ec7c tri\u1ec3n khai.<\/p>\n<\/td>\n<td style=\"width: 7.26914%\"><\/td>\n<\/tr>\n<\/tbody>\n<\/table>\n<\/div>\n<\/div>\n<\/div>\n<\/div>\n<\/div>\n<\/div>\n<\/div>\n<\/div>\n<\/div>\n<\/div>\n<table class=\"data table additional-attributes table1\" id=\"product-attribute-specs-table\">\n<caption class=\"table-caption\">More Information<\/caption>\n<tbody>\n<tr>\n<th class=\"col label\" scope=\"row\">The firm<\/th>\n<td class=\"col data\" data-th=\"H\u00e3ng\">Dazzle-UI<\/td>\n<\/tr>\n<tr>\n<th class=\"col label\" scope=\"row\">Licensing form<\/th>\n<td class=\"col data\" data-th=\"H\u00ecnh th\u1ee9c c\u1ea5p ph\u00e9p\">License<\/td>\n<\/tr>\n<tr>\n<th class=\"col label\" scope=\"row\">Customer segmentation<\/th>\n<td class=\"col data\" data-th=\"Ph\u00e2n kh\u00fac kh\u00e1ch h\u00e0ng\">C\u00e1 nh\u00e2n, Doanh nghi\u1ec7p nh\u1ecf<\/td>\n<\/tr>\n<tr>\n<th class=\"col label\" scope=\"row\">Type of registration<\/th>\n<td class=\"col data\" data-th=\"Lo\u1ea1i h\u00ecnh \u0111\u0103ng k\u00fd\">forever<\/td>\n<\/tr>\n<tr>\n<th class=\"col label\" scope=\"row\">B\u1ed9 gi\u1ea3i ph\u00e1p<\/th>\n<td class=\"col data\" data-th=\"B\u1ed9 gi\u1ea3i ph\u00e1p\">Figma UI icon<\/td>\n<\/tr>\n<\/tbody>\n<\/table>\n<table class=\"data table additional-attributes table1\" id=\"product-attribute-specs-table\">\n<caption class=\"table-caption\">More Information<\/caption>\n<tbody>\n<tr>\n<th class=\"col label\" scope=\"row\">The firm<\/th>\n<td class=\"col data\" data-th=\"H\u00e3ng\">Dazzle-UI<\/td>\n<\/tr>\n<tr>\n<th class=\"col label\" scope=\"row\">Licensing form<\/th>\n<td class=\"col data\" data-th=\"H\u00ecnh th\u1ee9c c\u1ea5p ph\u00e9p\">License<\/td>\n<\/tr>\n<tr>\n<th class=\"col label\" scope=\"row\">Customer segmentation<\/th>\n<td class=\"col data\" data-th=\"Ph\u00e2n kh\u00fac kh\u00e1ch h\u00e0ng\">C\u00e1 nh\u00e2n, Doanh nghi\u1ec7p nh\u1ecf<\/td>\n<\/tr>\n<tr>\n<th class=\"col label\" scope=\"row\">Type of registration<\/th>\n<td class=\"col data\" data-th=\"Lo\u1ea1i h\u00ecnh \u0111\u0103ng k\u00fd\">forever<\/td>\n<\/tr>\n<tr>\n<th class=\"col label\" scope=\"row\">B\u1ed9 gi\u1ea3i ph\u00e1p<\/th>\n<td class=\"col data\" data-th=\"B\u1ed9 gi\u1ea3i ph\u00e1p\">Figma UI icon<\/td>\n<\/tr>\n<\/tbody>\n<\/table>","protected":false},"excerpt":{"rendered":"<table class=\"table-attributes table2\">\n<tbody>\n<tr>\n<th scope=\"row\">The firm<\/th>\n<td data-th=\"H\u00e3ng\">\n                                            Dazzle-UI                                          <\/td>\n<\/tr>\n<tr>\n<th scope=\"row\">Licensing form<\/th>\n<td data-th=\"H\u00ecnh th\u1ee9c c\u1ea5p ph\u00e9p\">\n                                            License                                          <\/td>\n<\/tr>\n<tr>\n<th scope=\"row\">Customer segmentation<\/th>\n<td data-th=\"Ph\u00e2n kh\u00fac kh\u00e1ch h\u00e0ng\">\n                                            C\u00e1 nh\u00e2n, Doanh nghi\u1ec7p nh\u1ecf                                          <\/td>\n<\/tr>\n<tr>\n<th scope=\"row\">Type of registration<\/th>\n<td data-th=\"Lo\u1ea1i h\u00ecnh \u0111\u0103ng k\u00fd\">\n                                            forever                                          <\/td>\n<\/tr>\n<tr>\n<th scope=\"row\">B\u1ed9 gi\u1ea3i ph\u00e1p<\/th>\n<td data-th=\"B\u1ed9 gi\u1ea3i ph\u00e1p\">\n                                            Figma UI icon                                          <\/td>\n<\/tr>\n<\/tbody>\n<\/table>","protected":false},"featured_media":41857,"comment_status":"closed","ping_status":"closed","template":"","meta":[],"pwb-brand":[],"product_cat":[3077],"product_tag":[5455,5588,25,3461],"class_list":{"0":"post-41856","1":"product","2":"type-product","3":"status-publish","4":"has-post-thumbnail","6":"product_cat-tien-ich-van-phong","7":"product_tag-danh-cho","8":"product_tag-dazzle-ui-icon-professional","9":"product_tag-man","10":"product_tag-tot","12":"first","13":"instock","14":"shipping-taxable","15":"product-type-simple"},"brands":[],"_links":{"self":[{"href":"https:\/\/azsoft.com\/en\/wp-json\/wp\/v2\/product\/41856","targetHints":{"allow":["GET"]}}],"collection":[{"href":"https:\/\/azsoft.com\/en\/wp-json\/wp\/v2\/product"}],"about":[{"href":"https:\/\/azsoft.com\/en\/wp-json\/wp\/v2\/types\/product"}],"replies":[{"embeddable":true,"href":"https:\/\/azsoft.com\/en\/wp-json\/wp\/v2\/comments?post=41856"}],"wp:featuredmedia":[{"embeddable":true,"href":"https:\/\/azsoft.com\/en\/wp-json\/wp\/v2\/media\/41857"}],"wp:attachment":[{"href":"https:\/\/azsoft.com\/en\/wp-json\/wp\/v2\/media?parent=41856"}],"wp:term":[{"taxonomy":"pwb-brand","embeddable":true,"href":"https:\/\/azsoft.com\/en\/wp-json\/wp\/v2\/pwb-brand?post=41856"},{"taxonomy":"product_cat","embeddable":true,"href":"https:\/\/azsoft.com\/en\/wp-json\/wp\/v2\/product_cat?post=41856"},{"taxonomy":"product_tag","embeddable":true,"href":"https:\/\/azsoft.com\/en\/wp-json\/wp\/v2\/product_tag?post=41856"}],"curies":[{"name":"wp","href":"https:\/\/api.w.org\/{rel}","templated":true}]}}