{"id":40503,"date":"2024-11-23T13:15:59","date_gmt":"2024-11-23T06:15:59","guid":{"rendered":"http:\/\/azsoft.com\/-product-\/uncategorized\/tien-ich-mo-rong-quy-trinh-lam-viec-harepoint-cho-sharepoint\/"},"modified":"2024-11-23T13:16:07","modified_gmt":"2024-11-23T06:16:07","slug":"tien-ich-mo-rong-quy-trinh-lam-viec-harepoint-cho-sharepoint","status":"publish","type":"product","link":"https:\/\/azsoft.com\/en\/-product-\/phan-mem\/multimedia\/converters-and-encoders\/tien-ich-mo-rong-quy-trinh-lam-viec-harepoint-cho-sharepoint\/","title":{"rendered":"Ti\u1ec7n \u00edch m\u1edf r\u1ed9ng quy tr\u00ecnh l\u00e0m vi\u1ec7c HarePoint cho SharePoint"},"content":{"rendered":"<div class=\"b-product__description_text\">\n <\/div>\n<p>Ti\u1ec7n \u00edch <strong>m\u1edf r\u1ed9ng quy tr\u00ecnh l\u00e0m vi\u1ec7c HarePoint<\/strong> n\u00e2ng cao \u0111\u00e1ng k\u1ec3 kh\u1ea3 n\u0103ng quy tr\u00ecnh l\u00e0m vi\u1ec7c trong Microsoft SharePoint b\u1eb1ng c\u00e1ch cung c\u1ea5p h\u01a1n 180 y\u1ebfu t\u1ed1 quy tr\u00ecnh l\u00e0m vi\u1ec7c m\u1edbi (ho\u1ea1t \u0111\u1ed9ng) s\u1eb5n s\u00e0ng ngay l\u1eadp t\u1ee9c \u0111\u1ec3 s\u1eed d\u1ee5ng.<\/p>\n<p>Trong quy tr\u00ecnh l\u00e0m vi\u1ec7c, c\u00e1c ho\u1ea1t \u0111\u1ed9ng n\u00e0y cho ph\u00e9p b\u1ea1n t\u1ea1o v\u00e0 chuy\u1ec3n \u0111\u1ed5i t\u00e0i li\u1ec7u Microsoft Office, x\u1eed l\u00fd h\u00ecnh \u1ea3nh, chuy\u1ec3n \u0111\u1ed5i t\u00e0i li\u1ec7u sang PDF, l\u00e0m vi\u1ec7c v\u1edbi SQL v\u00e0 XML, th\u1ef1c hi\u1ec7n c\u00e1c thao t\u00e1c v\u1edbi h\u1ed3 s\u01a1 ng\u01b0\u1eddi d\u00f9ng SharePoint, th\u1ef1c thi m\u00e3 C #, Visual Basic, ch\u1ea1y t\u1eadp l\u1ec7nh PowerShell v\u00e0 nhi\u1ec1u h\u01a1n n\u1eefa.<\/p>","protected":false},"excerpt":{"rendered":"<p>Ti\u1ec7n \u00edch m\u1edf r\u1ed9ng quy tr\u00ecnh l\u00e0m vi\u1ec7c HarePoint cho ph\u00e9p b\u1ea1n t\u1ea1o v\u00e0 chuy\u1ec3n \u0111\u1ed5i t\u00e0i li\u1ec7u Microsoft Office, x\u1eed l\u00fd h\u00ecnh \u1ea3nh, chuy\u1ec3n \u0111\u1ed5i t\u00e0i li\u1ec7u sang PDF, l\u00e0m vi\u1ec7c v\u1edbi SQL v\u00e0 XML, th\u1ef1c hi\u1ec7n c\u00e1c thao t\u00e1c v\u1edbi h\u1ed3 s\u01a1 ng\u01b0\u1eddi d\u00f9ng SharePoint, th\u1ef1c thi C #, m\u00e3 Visual Basic v\u00e0 ch\u1ea1y c\u00e1c t\u1eadp l\u1ec7nh PowerShell.<\/p>\n<p><\/p>","protected":false},"featured_media":40504,"comment_status":"closed","ping_status":"closed","template":"","meta":[],"pwb-brand":[],"product_cat":[2921],"product_tag":[3256],"class_list":{"0":"post-40503","1":"product","2":"type-product","3":"status-publish","4":"has-post-thumbnail","6":"product_cat-converters-and-encoders","7":"product_tag-mapilab","9":"first","10":"instock","11":"shipping-taxable","12":"product-type-simple"},"brands":[],"_links":{"self":[{"href":"https:\/\/azsoft.com\/en\/wp-json\/wp\/v2\/product\/40503","targetHints":{"allow":["GET"]}}],"collection":[{"href":"https:\/\/azsoft.com\/en\/wp-json\/wp\/v2\/product"}],"about":[{"href":"https:\/\/azsoft.com\/en\/wp-json\/wp\/v2\/types\/product"}],"replies":[{"embeddable":true,"href":"https:\/\/azsoft.com\/en\/wp-json\/wp\/v2\/comments?post=40503"}],"wp:featuredmedia":[{"embeddable":true,"href":"https:\/\/azsoft.com\/en\/wp-json\/wp\/v2\/media\/40504"}],"wp:attachment":[{"href":"https:\/\/azsoft.com\/en\/wp-json\/wp\/v2\/media?parent=40503"}],"wp:term":[{"taxonomy":"pwb-brand","embeddable":true,"href":"https:\/\/azsoft.com\/en\/wp-json\/wp\/v2\/pwb-brand?post=40503"},{"taxonomy":"product_cat","embeddable":true,"href":"https:\/\/azsoft.com\/en\/wp-json\/wp\/v2\/product_cat?post=40503"},{"taxonomy":"product_tag","embeddable":true,"href":"https:\/\/azsoft.com\/en\/wp-json\/wp\/v2\/product_tag?post=40503"}],"curies":[{"name":"wp","href":"https:\/\/api.w.org\/{rel}","templated":true}]}}