{"id":39202,"date":"2024-10-03T10:31:05","date_gmt":"2024-10-03T03:31:05","guid":{"rendered":"http:\/\/azsoft.com\/-product-\/uncategorized\/master-ma-vach\/"},"modified":"2024-10-03T10:31:15","modified_gmt":"2024-10-03T03:31:15","slug":"master-ma-vach","status":"publish","type":"product","link":"https:\/\/azsoft.com\/en\/-product-\/phan-mem\/accounting-stock-personnel\/trade\/master-ma-vach\/","title":{"rendered":"Master m\u00e3 v\u1ea1ch"},"content":{"rendered":"<div class=\"b-product__description_text\">\n<p>Ch\u01b0\u01a1ng tr\u00ecnh <strong>\u201cBarrichMaster\u201d<\/strong> cho ph\u00e9p b\u1ea1n d\u1ec5 d\u00e0ng v\u00e0 nhanh ch\u00f3ng ph\u00e1t tri\u1ec3n c\u00e1c b\u1ed1 c\u1ee5c nh\u00e3n kh\u00e1c nhau v\u00e0 sau \u0111\u00f3, b\u1eb1ng c\u00e1ch nh\u1eadp d\u1eef li\u1ec7u t\u1eeb nhi\u1ec1u ngu\u1ed3n kh\u00e1c nhau (Excel, Access, dbf, csv), in nh\u00e3n theo b\u1ed1 c\u1ee5c \u0111\u00e3 ch\u1ecdn, thay th\u1ebf d\u1eef li\u1ec7u \u0111\u00e3 nh\u1eadp v\u00e0o \u0111\u00f3.<\/p>\n<p>Ch\u01b0\u01a1ng tr\u00ecnh <strong>\u201cStrikhMaster\u201d<\/strong> cho ph\u00e9p b\u1ea1n: <br \/>&#8211; t\u1ea1o (l\u01b0u tr\u1eef, ch\u1ec9nh s\u1eeda) c\u00e1c b\u1ed1 c\u1ee5c nh\u00e3n kh\u00e1c nhau (nh\u00e3n d\u00e1n, ch\u1ee9ng ch\u1ec9, v.v.) ch\u1ee9a m\u00e3 v\u1ea1ch c\u00e1c lo\u1ea1i kh\u00e1c nhau (Code-128, Cose-39, EAN-13, v.v.), c\u0169ng nh\u01b0 nh\u00e3n v\u0103n b\u1ea3n, bitmap t\u1eeb c\u00e1c t\u1ec7p b\u00ean ngo\u00e0i (bmp, gif, jpg, ico), \u0111\u01b0\u1eddng th\u1eb3ng, h\u00ecnh ch\u1eef nh\u1eadt, h\u00ecnh b\u1ea7u d\u1ee5c; &#8211; in nh\u00e3n tr\u00ean <br \/>m\u00e1y in ho\u1eb7c \u0111\u1ea7u ra v\u00e0o MSWord; <br \/>\u2014 nh\u1eadp d\u1eef li\u1ec7u \u0111\u1ec3 ch\u00e8n n\u00f3 v\u00e0o nh\u00e3n t\u1eeb c\u00e1c c\u00e0i \u0111\u1eb7t b\u00ean ngo\u00e0i: Excel, Access, dbf (c\u01a1 s\u1edf d\u1eef li\u1ec7u FoxPro), csv (t\u1ec7p v\u0103n b\u1ea3n). <\/p>\n<\/div>\n<p>Nhi\u1ec7m v\u1ee5 ph\u1ed5 bi\u1ebfn nh\u1ea5t c\u00f3 th\u1ec3 d\u1ec5 d\u00e0ng gi\u1ea3i quy\u1ebft b\u1eb1ng ch\u01b0\u01a1ng tr\u00ecnh <strong>\u201cBarrichMaster\u201d<\/strong>: <br \/>B\u1ea1n c\u00f3 m\u1ed9t danh s\u00e1ch trong Excel ch\u1ee9a m\u00e3 s\u1ea3n ph\u1ea9m, t\u00ean s\u1ea3n ph\u1ea9m, gi\u00e1 c\u1ea3, t\u00ean nh\u00e0 cung c\u1ea5p, ng\u00e0y giao h\u00e0ng, t\u00ean t\u1ec7p c\u00f3 logo c\u1ee7a nh\u00e0 cung c\u1ea5p v\u00e0 b\u1ea1n c\u0169ng c\u00f3 c\u00e1c t\u1ec7p ri\u00eang bi\u1ec7t v\u1edbi logo c\u1ee7a nh\u00e0 cung c\u1ea5p tr\u00ean m\u00e1y t\u00ednh c\u1ee7a m\u00ecnh. <br \/>B\u1ea1n c\u1ea7n in nh\u00e3n cho m\u1ed7i m\u1eb7t h\u00e0ng trong danh s\u00e1ch c\u00f3 ch\u1ee9a logo v\u00e0 t\u00ean c\u1ee7a nh\u00e0 cung c\u1ea5p, t\u00ean s\u1ea3n ph\u1ea9m, gi\u00e1 c\u1ea3 v\u00e0 m\u00e3 v\u1ea1ch ch\u1ee9a m\u00e3 s\u1ea3n ph\u1ea9m.<\/p>","protected":false},"excerpt":{"rendered":"<p>T\u1ea1o v\u00e0 in m\u00e3 v\u1ea1ch. Ch\u01b0\u01a1ng tr\u00ecnh cho ph\u00e9p b\u1ea1n d\u1ec5 d\u00e0ng v\u00e0 nhanh ch\u00f3ng ph\u00e1t tri\u1ec3n c\u00e1c b\u1ed1 c\u1ee5c nh\u00e3n kh\u00e1c nhau v\u00e0 sau \u0111\u00f3, b\u1eb1ng c\u00e1ch nh\u1eadp d\u1eef li\u1ec7u t\u1eeb nhi\u1ec1u ngu\u1ed3n kh\u00e1c nhau (Excel, Access, dbf, csv), in nh\u00e3n theo b\u1ed1 c\u1ee5c \u0111\u00e3 ch\u1ecdn, thay th\u1ebf d\u1eef li\u1ec7u \u0111\u00e3 nh\u1eadp v\u00e0o<\/p>\n<p> \u0111\u00f3.<\/p>","protected":false},"featured_media":39203,"comment_status":"closed","ping_status":"closed","template":"","meta":[],"pwb-brand":[],"product_cat":[2995],"product_tag":[5334,3810],"class_list":{"0":"post-39202","1":"product","2":"type-product","3":"status-publish","4":"has-post-thumbnail","6":"product_cat-trade","7":"product_tag-co-so","8":"product_tag-than-hoc","10":"first","11":"instock","12":"shipping-taxable","13":"product-type-simple"},"brands":[],"_links":{"self":[{"href":"https:\/\/azsoft.com\/en\/wp-json\/wp\/v2\/product\/39202","targetHints":{"allow":["GET"]}}],"collection":[{"href":"https:\/\/azsoft.com\/en\/wp-json\/wp\/v2\/product"}],"about":[{"href":"https:\/\/azsoft.com\/en\/wp-json\/wp\/v2\/types\/product"}],"replies":[{"embeddable":true,"href":"https:\/\/azsoft.com\/en\/wp-json\/wp\/v2\/comments?post=39202"}],"wp:featuredmedia":[{"embeddable":true,"href":"https:\/\/azsoft.com\/en\/wp-json\/wp\/v2\/media\/39203"}],"wp:attachment":[{"href":"https:\/\/azsoft.com\/en\/wp-json\/wp\/v2\/media?parent=39202"}],"wp:term":[{"taxonomy":"pwb-brand","embeddable":true,"href":"https:\/\/azsoft.com\/en\/wp-json\/wp\/v2\/pwb-brand?post=39202"},{"taxonomy":"product_cat","embeddable":true,"href":"https:\/\/azsoft.com\/en\/wp-json\/wp\/v2\/product_cat?post=39202"},{"taxonomy":"product_tag","embeddable":true,"href":"https:\/\/azsoft.com\/en\/wp-json\/wp\/v2\/product_tag?post=39202"}],"curies":[{"name":"wp","href":"https:\/\/api.w.org\/{rel}","templated":true}]}}