{"id":38804,"date":"2024-09-05T06:30:39","date_gmt":"2024-09-04T23:30:39","guid":{"rendered":"http:\/\/azsoft.com\/-product-\/uncategorized\/microsoft-office-home-va-sinh-vien-2021-2\/"},"modified":"2024-09-05T06:30:59","modified_gmt":"2024-09-04T23:30:59","slug":"microsoft-office-home-va-sinh-vien-2021-2","status":"publish","type":"product","link":"https:\/\/azsoft.com\/en\/-product-\/phan-mem\/distant-work\/microsoft-office-home-va-sinh-vien-2021-2\/","title":{"rendered":"Microsoft Office Home v\u00e0 Sinh vi\u00ean 2021"},"content":{"rendered":"<div class=\"b-product__description_text\">\n<p>Microsoft Office Home and Student 2021 l\u00e0 phi\u00ean b\u1ea3n c\u00e1c s\u1ea3n ph\u1ea9m v\u0103n ph\u00f2ng c\u1ee7a Microsoft bao g\u1ed3m b\u1ed9 \u1ee9ng d\u1ee5ng c\u1ed5 \u0111i\u1ec3n cho thi\u1ebft b\u1ecb PC ho\u1eb7c Mac: Word, Excel, PowerPoint v\u00e0 OneNote.<\/p>\n<p><strong>So s\u00e1nh c\u00e1c t\u00ednh n\u0103ng c\u1ee7a Office<\/p>\n<p><\/strong><\/p>\n<p> <img decoding=\"async\" src=\"http:\/\/azsoft.com\/wp-content\/uploads\/2024\/09\/365-fam.png\" alt=\"microsoft-office-home-and-student-2021\" title=\"365-fam\"><img decoding=\"async\" src=\"http:\/\/azsoft.com\/wp-content\/uploads\/2024\/09\/365-pers.png\" alt=\"microsoft-office-home-and-student-2021\" title=\"365-pers\"><img decoding=\"async\" src=\"http:\/\/azsoft.com\/wp-content\/uploads\/2024\/09\/hom-of.png\" alt=\"microsoft-home-and-student-2021\" title=\"hom-of\"><\/p>\n<p><strong>L\u1ee3i \u00edch ch\u00ednh: Thanh<\/strong><\/p>\n<ul>\n<li>to\u00e1n m\u1ed9t l\u1ea7n.<\/li>\n<li>M\u1ed9t phi\u00ean b\u1ea3n cho hai h\u1ec7 \u0111i\u1ec1u h\u00e0nh &#8211; Mac v\u00e0 Windows 10\/11.<\/li>\n<li>Gi\u1ea5y ph\u00e9p d\u00e0nh cho 1 thi\u1ebft b\u1ecb.<\/li>\n<li>C\u00e1c t\u00ednh n\u0103ng Word \u0111\u01b0\u1ee3c c\u1eadp nh\u1eadt: ch\u1ebf \u0111\u1ed9 d\u1ecbch v\u00e0 l\u1ea5y n\u00e9t cho ph\u00e9p b\u1ea1n lo\u1ea1i b\u1ecf m\u1ecdi th\u1ee9 kh\u00f4ng c\u1ea7n thi\u1ebft v\u00e0 kh\u00f4ng b\u1ecb ph\u00e2n t\u00e2m b\u1edfi c\u00e1c \u1ee9ng d\u1ee5ng c\u1ee7a b\u00ean th\u1ee9 ba.<\/li>\n<li>C\u00e1c t\u00ednh n\u0103ng Excel c\u1eadp nh\u1eadt: bi\u1ec3u \u0111\u1ed3, \u0111\u1ed3 th\u1ecb, d\u00f2ng th\u1eddi gian, b\u1ea3n \u0111\u1ed3 2D &#8211; s\u1ebd gi\u00fap b\u1ea1n th\u1ef1c hi\u1ec7n ph\u00e2n t\u00edch trong b\u1ea3ng t\u00f3m t\u1eaft nhanh h\u01a1n.<\/li>\n<li>C\u1eadp nh\u1eadt c\u00e1c t\u00ednh n\u0103ng PowerPoint: h\u1ed7 tr\u1ee3 cho c\u00e1c \u0111\u1ed1i t\u01b0\u1ee3ng 3D trong b\u1ea3n tr\u00ecnh b\u00e0y, ch\u1ee9c n\u0103ng slide m\u1edbi, m\u1ee5c l\u1ee5c t\u01b0\u01a1ng t\u00e1c, ch\u00e8n c\u00e1c bi\u1ec3u t\u01b0\u1ee3ng v\u00e0 \u0111\u1ed3 h\u1ecda SVG.<\/li>\n<\/ul>\n<\/div>\n<li>S\u1ed5 tay k\u1ef9 thu\u1eadt s\u1ed1 OneNote, c\u00f3 th\u1ec3 truy c\u1eadp t\u1eeb m\u1ecdi thi\u1ebft b\u1ecb, gi\u00fap b\u1ea1n thu th\u1eadp, s\u1eafp x\u1ebfp v\u00e0 chia s\u1ebb th\u00f4ng tin.<\/li>","protected":false},"excerpt":{"rendered":"<p style=\"margin-bottom: 0cm\"><span lang=\"ru-RU\">Microsoft Office for Home and School 2021<\/span> l\u00e0 <span lang=\"ru-RU\">phi\u00ean b\u1ea3n c\u00e1c s\u1ea3n ph\u1ea9m v\u0103n ph\u00f2ng c\u1ee7a Microsoft<\/span> <span lang=\"en-US\">bao<\/span> <span lang=\"ru-RU\">g\u1ed3m b\u1ed9 \u1ee9ng d\u1ee5ng c\u1ed5 \u0111i\u1ec3n cho thi\u1ebft b\u1ecb PC ho\u1eb7c Mac: Word, Excel, PowerPoint v\u00e0<\/span> OneNote.<\/p>","protected":false},"featured_media":38805,"comment_status":"closed","ping_status":"closed","template":"","meta":[],"pwb-brand":[],"product_cat":[2966],"product_tag":[3247],"class_list":{"0":"post-38804","1":"product","2":"type-product","3":"status-publish","4":"has-post-thumbnail","6":"product_cat-distant-work","7":"product_tag-tap-doan-microsoft","9":"first","10":"instock","11":"shipping-taxable","12":"product-type-simple"},"brands":[],"_links":{"self":[{"href":"https:\/\/azsoft.com\/en\/wp-json\/wp\/v2\/product\/38804","targetHints":{"allow":["GET"]}}],"collection":[{"href":"https:\/\/azsoft.com\/en\/wp-json\/wp\/v2\/product"}],"about":[{"href":"https:\/\/azsoft.com\/en\/wp-json\/wp\/v2\/types\/product"}],"replies":[{"embeddable":true,"href":"https:\/\/azsoft.com\/en\/wp-json\/wp\/v2\/comments?post=38804"}],"wp:featuredmedia":[{"embeddable":true,"href":"https:\/\/azsoft.com\/en\/wp-json\/wp\/v2\/media\/38805"}],"wp:attachment":[{"href":"https:\/\/azsoft.com\/en\/wp-json\/wp\/v2\/media?parent=38804"}],"wp:term":[{"taxonomy":"pwb-brand","embeddable":true,"href":"https:\/\/azsoft.com\/en\/wp-json\/wp\/v2\/pwb-brand?post=38804"},{"taxonomy":"product_cat","embeddable":true,"href":"https:\/\/azsoft.com\/en\/wp-json\/wp\/v2\/product_cat?post=38804"},{"taxonomy":"product_tag","embeddable":true,"href":"https:\/\/azsoft.com\/en\/wp-json\/wp\/v2\/product_tag?post=38804"}],"curies":[{"name":"wp","href":"https:\/\/api.w.org\/{rel}","templated":true}]}}