{"id":32255,"date":"2024-07-25T06:25:42","date_gmt":"2024-07-24T23:25:42","guid":{"rendered":"http:\/\/azsoft.com\/-product-\/uncategorized\/windows-365-business-8-vcpu-32-gb-128-gb-with-windows-hybrid-benefit\/"},"modified":"2024-07-25T06:25:46","modified_gmt":"2024-07-24T23:25:46","slug":"windows-365-business-8-vcpu-32-gb-128-gb-with-windows-hybrid-benefit","status":"publish","type":"product","link":"https:\/\/azsoft.com\/en\/-product-\/phan-mem\/phan-mem-he-thong\/he-dieu-hanh\/windows-365-business-8-vcpu-32-gb-128-gb-with-windows-hybrid-benefit\/","title":{"rendered":"Windows 365 Business 8 vCPU, 32 GB, 128 GB (with Windows Hybrid Benefit)"},"content":{"rendered":"<table class=\"data table additional-attributes table1\" id=\"product-attribute-specs-table\">\n<caption class=\"table-caption\">More Information<\/caption>\n<tbody>\n<tr>\n<th class=\"col label\" scope=\"row\">The firm<\/th>\n<td class=\"col data\" data-th=\"H\u00e3ng\">Microsoft<\/td>\n<\/tr>\n<tr>\n<th class=\"col label\" scope=\"row\">Product Line<\/th>\n<td class=\"col data\" data-th=\"Product Line\">Windows 365<\/td>\n<\/tr>\n<tr>\n<th class=\"col label\" scope=\"row\">Licensing form<\/th>\n<td class=\"col data\" data-th=\"H\u00ecnh th\u1ee9c c\u1ea5p ph\u00e9p\">CSP<\/td>\n<\/tr>\n<tr>\n<th class=\"col label\" scope=\"row\">Customer segmentation<\/th>\n<td class=\"col data\" data-th=\"Ph\u00e2n kh\u00fac kh\u00e1ch h\u00e0ng\">Enterprise<\/td>\n<\/tr>\n<tr>\n<th class=\"col label\" scope=\"row\">Type of registration<\/th>\n<td class=\"col data\" data-th=\"Lo\u1ea1i h\u00ecnh \u0111\u0103ng k\u00fd\">Subscribe<\/td>\n<\/tr>\n<tr>\n<th class=\"col label\" scope=\"row\">System installation<\/th>\n<td class=\"col data\" data-th=\"C\u00e0i \u0111\u1eb7t h\u1ec7 th\u1ed1ng\">Server<\/td>\n<\/tr>\n<tr>\n<th class=\"col label\" scope=\"row\">Item status<\/th>\n<td class=\"col data\" data-th=\"Tr\u1ea1ng th\u00e1i h\u00e0ng\">Stocking<\/td>\n<\/tr>\n<\/tbody>\n<\/table>\n<table class=\"data table additional-attributes table1\" id=\"product-attribute-specs-table\">\n<caption class=\"table-caption\">More Information<\/caption>\n<tbody>\n<tr>\n<th class=\"col label\" scope=\"row\">The firm<\/th>\n<td class=\"col data\" data-th=\"H\u00e3ng\">Microsoft<\/td>\n<\/tr>\n<tr>\n<th class=\"col label\" scope=\"row\">Product Line<\/th>\n<td class=\"col data\" data-th=\"Product Line\">Windows 365<\/td>\n<\/tr>\n<tr>\n<th class=\"col label\" scope=\"row\">Licensing form<\/th>\n<td class=\"col data\" data-th=\"H\u00ecnh th\u1ee9c c\u1ea5p ph\u00e9p\">CSP<\/td>\n<\/tr>\n<tr>\n<th class=\"col label\" scope=\"row\">Customer segmentation<\/th>\n<td class=\"col data\" data-th=\"Ph\u00e2n kh\u00fac kh\u00e1ch h\u00e0ng\">Enterprise<\/td>\n<\/tr>\n<tr>\n<th class=\"col label\" scope=\"row\">Type of registration<\/th>\n<td class=\"col data\" data-th=\"Lo\u1ea1i h\u00ecnh \u0111\u0103ng k\u00fd\">Subscribe<\/td>\n<\/tr>\n<tr>\n<th class=\"col label\" scope=\"row\">System installation<\/th>\n<td class=\"col data\" data-th=\"C\u00e0i \u0111\u1eb7t h\u1ec7 th\u1ed1ng\">Server<\/td>\n<\/tr>\n<tr>\n<th class=\"col label\" scope=\"row\">Item status<\/th>\n<td class=\"col data\" data-th=\"Tr\u1ea1ng th\u00e1i h\u00e0ng\">Stocking<\/td>\n<\/tr>\n<\/tbody>\n<\/table>","protected":false},"excerpt":{"rendered":"<table class=\"table-attributes table2\">\n<tbody>\n<tr>\n<th scope=\"row\">The firm<\/th>\n<td data-th=\"H\u00e3ng\">\n                                            Microsoft                                          <\/td>\n<\/tr>\n<tr>\n<th scope=\"row\">Product Line<\/th>\n<td data-th=\"Product Line\">\n                                            Windows 365                                          <\/td>\n<\/tr>\n<tr>\n<th scope=\"row\">Licensing form<\/th>\n<td data-th=\"H\u00ecnh th\u1ee9c c\u1ea5p ph\u00e9p\">\n                                            CSP                                          <\/td>\n<\/tr>\n<tr>\n<th scope=\"row\">Customer segmentation<\/th>\n<td data-th=\"Ph\u00e2n kh\u00fac kh\u00e1ch h\u00e0ng\">\n                                            Enterprise                                          <\/td>\n<\/tr>\n<tr>\n<th scope=\"row\">Type of registration<\/th>\n<td data-th=\"Lo\u1ea1i h\u00ecnh \u0111\u0103ng k\u00fd\">\n                                            Subscribe                                          <\/td>\n<\/tr>\n<tr>\n<th scope=\"row\">System installation<\/th>\n<td data-th=\"C\u00e0i \u0111\u1eb7t h\u1ec7 th\u1ed1ng\">\n                                            Server                                          <\/td>\n<\/tr>\n<tr>\n<th scope=\"row\">Item status<\/th>\n<td data-th=\"Tr\u1ea1ng th\u00e1i h\u00e0ng\">\n<p>            <span class=\"tit\"><i class=\"porto-icon-ok\"><\/i> Stocking<\/span><\/p>\n<\/td>\n<\/tr>\n<\/tbody>\n<\/table>","protected":false},"featured_media":32256,"comment_status":"closed","ping_status":"closed","template":"","meta":[],"pwb-brand":[],"product_cat":[3031],"product_tag":[37],"class_list":{"0":"post-32255","1":"product","2":"type-product","3":"status-publish","4":"has-post-thumbnail","6":"product_cat-he-dieu-hanh","7":"product_tag-fit","9":"first","10":"instock","11":"shipping-taxable","12":"product-type-simple"},"brands":[],"_links":{"self":[{"href":"https:\/\/azsoft.com\/en\/wp-json\/wp\/v2\/product\/32255","targetHints":{"allow":["GET"]}}],"collection":[{"href":"https:\/\/azsoft.com\/en\/wp-json\/wp\/v2\/product"}],"about":[{"href":"https:\/\/azsoft.com\/en\/wp-json\/wp\/v2\/types\/product"}],"replies":[{"embeddable":true,"href":"https:\/\/azsoft.com\/en\/wp-json\/wp\/v2\/comments?post=32255"}],"wp:featuredmedia":[{"embeddable":true,"href":"https:\/\/azsoft.com\/en\/wp-json\/wp\/v2\/media\/32256"}],"wp:attachment":[{"href":"https:\/\/azsoft.com\/en\/wp-json\/wp\/v2\/media?parent=32255"}],"wp:term":[{"taxonomy":"pwb-brand","embeddable":true,"href":"https:\/\/azsoft.com\/en\/wp-json\/wp\/v2\/pwb-brand?post=32255"},{"taxonomy":"product_cat","embeddable":true,"href":"https:\/\/azsoft.com\/en\/wp-json\/wp\/v2\/product_cat?post=32255"},{"taxonomy":"product_tag","embeddable":true,"href":"https:\/\/azsoft.com\/en\/wp-json\/wp\/v2\/product_tag?post=32255"}],"curies":[{"name":"wp","href":"https:\/\/api.w.org\/{rel}","templated":true}]}}