{"id":23910,"date":"2024-07-12T02:52:08","date_gmt":"2024-07-11T19:52:08","guid":{"rendered":"http:\/\/azsoft.com\/-product-\/uncategorized\/emco-wakeonlan\/"},"modified":"2024-07-13T23:14:22","modified_gmt":"2024-07-13T16:14:22","slug":"emco-wakeonlan","status":"publish","type":"product","link":"https:\/\/azsoft.com\/en\/-product-\/phan-mem\/phan-mem-he-thong\/cong-cu-he-thong\/emco-wakeonlan\/","title":{"rendered":"EMCO WakeOnLan"},"content":{"rendered":"<div class=\"additional-attributes-wrapper table-wrapper\">\n<table class=\"data table additional-attributes table1\" id=\"product-attribute-specs-table\">\n<caption class=\"table-caption\">More Information<\/caption>\n<tbody>\n<tr>\n<th class=\"col label\" scope=\"row\">The firm<\/th>\n<td class=\"col data\" data-th=\"H\u00e3ng\">EMCO<\/td>\n<\/tr>\n<tr>\n<th class=\"col label\" scope=\"row\">Licensing form<\/th>\n<td class=\"col data\" data-th=\"H\u00ecnh th\u1ee9c c\u1ea5p ph\u00e9p\">License<\/td>\n<\/tr>\n<tr>\n<th class=\"col label\" scope=\"row\">Customer segmentation<\/th>\n<td class=\"col data\" data-th=\"Ph\u00e2n kh\u00fac kh\u00e1ch h\u00e0ng\">SMB<\/td>\n<\/tr>\n<tr>\n<th class=\"col label\" scope=\"row\">Type of registration<\/th>\n<td class=\"col data\" data-th=\"Lo\u1ea1i h\u00ecnh \u0111\u0103ng k\u00fd\">Subscribe<\/td>\n<\/tr>\n<tr>\n<th class=\"col label\" scope=\"row\">Item status<\/th>\n<td class=\"col data\" data-th=\"Tr\u1ea1ng th\u00e1i h\u00e0ng\">Stocking<\/td>\n<\/tr>\n<\/tbody>\n<\/table><\/div>","protected":false},"excerpt":{"rendered":"<table class=\"table-attributes table2\">\n<tbody>\n<tr>\n<th scope=\"row\">The firm<\/th>\n<td data-th=\"H\u00e3ng\">\n                                            EMCO                                          <\/td>\n<\/tr>\n<tr>\n<th scope=\"row\">Licensing form<\/th>\n<td data-th=\"H\u00ecnh th\u1ee9c c\u1ea5p ph\u00e9p\">\n                                            License                                          <\/td>\n<\/tr>\n<tr>\n<th scope=\"row\">Customer segmentation<\/th>\n<td data-th=\"Ph\u00e2n kh\u00fac kh\u00e1ch h\u00e0ng\">\n                                            SMB                                          <\/td>\n<\/tr>\n<tr>\n<th scope=\"row\">Type of registration<\/th>\n<td data-th=\"Lo\u1ea1i h\u00ecnh \u0111\u0103ng k\u00fd\">\n                                            Subscribe                                          <\/td>\n<\/tr>\n<tr>\n<th scope=\"row\">Item status<\/th>\n<td data-th=\"Tr\u1ea1ng th\u00e1i h\u00e0ng\">\n<p>            <span class=\"tit\"><i class=\"porto-icon-ok\"><\/i> Stocking<\/span><\/p>\n<\/td>\n<\/tr>\n<\/tbody>\n<\/table>","protected":false},"featured_media":23911,"comment_status":"closed","ping_status":"closed","template":"","meta":[],"pwb-brand":[4256],"product_cat":[3036],"product_tag":[],"class_list":{"0":"post-23910","1":"product","2":"type-product","3":"status-publish","4":"has-post-thumbnail","6":"pwb-brand-emco","7":"product_cat-cong-cu-he-thong","9":"first","10":"instock","11":"shipping-taxable","12":"product-type-simple"},"brands":[{"id":4256,"name":"EMCO","slug":"emco"}],"_links":{"self":[{"href":"https:\/\/azsoft.com\/en\/wp-json\/wp\/v2\/product\/23910","targetHints":{"allow":["GET"]}}],"collection":[{"href":"https:\/\/azsoft.com\/en\/wp-json\/wp\/v2\/product"}],"about":[{"href":"https:\/\/azsoft.com\/en\/wp-json\/wp\/v2\/types\/product"}],"replies":[{"embeddable":true,"href":"https:\/\/azsoft.com\/en\/wp-json\/wp\/v2\/comments?post=23910"}],"wp:featuredmedia":[{"embeddable":true,"href":"https:\/\/azsoft.com\/en\/wp-json\/wp\/v2\/media\/23911"}],"wp:attachment":[{"href":"https:\/\/azsoft.com\/en\/wp-json\/wp\/v2\/media?parent=23910"}],"wp:term":[{"taxonomy":"pwb-brand","embeddable":true,"href":"https:\/\/azsoft.com\/en\/wp-json\/wp\/v2\/pwb-brand?post=23910"},{"taxonomy":"product_cat","embeddable":true,"href":"https:\/\/azsoft.com\/en\/wp-json\/wp\/v2\/product_cat?post=23910"},{"taxonomy":"product_tag","embeddable":true,"href":"https:\/\/azsoft.com\/en\/wp-json\/wp\/v2\/product_tag?post=23910"}],"curies":[{"name":"wp","href":"https:\/\/api.w.org\/{rel}","templated":true}]}}