{"id":18142,"date":"2024-07-11T04:18:28","date_gmt":"2024-07-10T21:18:28","guid":{"rendered":"http:\/\/azsoft.com\/-product-\/uncategorized\/cms-siteedit-tieu-chuan-v-5-3\/"},"modified":"2024-07-15T11:56:25","modified_gmt":"2024-07-15T04:56:25","slug":"cms-siteedit-tieu-chuan-v-5-3","status":"publish","type":"product","link":"https:\/\/azsoft.com\/en\/-product-\/phan-mem\/network-and-internet\/website-development\/cms-siteedit-tieu-chuan-v-5-3\/","title":{"rendered":"CMS SiteEdit Ti\u00eau chu\u1ea9n v.5.3"},"content":{"rendered":"<div class=\"b-product__description_text\">\n<p><strong>SiteEdit Standard<\/strong> l\u00e0 m\u1ed9t h\u1ec7 th\u1ed1ng t\u1ea1o v\u00e0 qu\u1ea3n l\u00fd trang web chuy\u00ean nghi\u1ec7p v\u1edbi tr\u00ecnh ch\u1ec9nh s\u1eeda \u0111\u1ed3 h\u1ecda t\u00edch h\u1ee3p. <\/p>\n<p>M\u1ed9t giao di\u1ec7n r\u00f5 r\u00e0ng v\u00e0 tr\u1ef1c quan kh\u00f4ng y\u00eau c\u1ea7u b\u1ea1n ph\u1ea3i c\u00f3 ki\u1ebfn th\u1ee9c \u0111\u1eb7c bi\u1ec7t \u0111\u1ec3 t\u1ea1o v\u00e0 qu\u1ea3n l\u00fd trang web c\u1ee7a ri\u00eang b\u1ea1n. <\/p>\n<p>H\u1ec7 th\u1ed1ng s\u1eed d\u1ee5ng c\u00f4ng ngh\u1ec7 client-server. To\u00e0n b\u1ed9 qu\u00e1 tr\u00ecnh thi\u1ebft k\u1ebf v\u00e0 t\u1ea1o m\u1ed9t trang web di\u1ec5n ra ngo\u1ea1i tuy\u1ebfn; Truy c\u1eadp Internet ch\u1ec9 \u0111\u01b0\u1ee3c y\u00eau c\u1ea7u \u0111\u1ec3 t\u1ea3i l\u00ean d\u1ef1 \u00e1n \u0111\u00e3 ho\u00e0n th\u00e0nh v\u00e0 thay \u0111\u1ed5i<\/p>\n<p> v\u00e0o m\u00e1y ch\u1ee7 Web.<\/p>\n<p><strong>B\u1ed9 s\u1ea3n ph\u1ea9m bao g\u1ed3m c\u00e1c m\u00f4-\u0111un v\u00e0 h\u00ecnh th\u1ee9c sau:<\/strong><\/p>\n<ul>\n<li>V\u0103n b\u1ea3n v\u00e0 b\u1ea3n v\u1ebd<\/li>\n<li>\n<li>\n<li>\n<li>\n<li>V\u0103n b\u1ea3n v\u00e0 h\u00ecnh \u1ea3nh (c\u00f3 x\u1ebfp h\u1ea1ng)<\/li>\n<p> Th\u00f4ng <\/p>\n<li>b\u00e1o<\/li>\n<p> b\u00e0i vi\u1ebft <\/p>\n<li>C\u00e2u h\u1ecfi v\u00e0 c\u00e2u tr\u1ea3 l\u1eddi (h\u1ecfi th\u01b0\u1eddng g\u1eb7p)<\/li>\n<li>B\u00e0i vi\u1ebft c\u00f3 b\u00ecnh lu\u1eadn<\/li>\n<p> Tr\u00ecnh <\/p>\n<li>d\u1ecbch trang<\/li>\n<li>Tab<\/li>\n<p> Th\u01b0 <\/p>\n<li>m\u1ee5c t\u1ec7p<\/li>\n<li>Tin t\u1ee9c Tin<\/li>\n<p> t\u1ee9c tr\u1ef1c tuy\u1ebfn <\/p>\n<li>(th\u00eam qua trang web ho\u1eb7c Tr\u00ecnh qu\u1ea3n l\u00fd trang web) <\/li>\n<li>Th\u00f4ng b\u00e1o tin t\u1ee9c tr\u1ef1c tuy\u1ebfn Ngu\u1ed3n c\u1ea5p tin t\u1ee9c <\/li>\n<li>RSS<\/li>\n<p> Album \u1ea3nh (c\u00f3 x\u1ebfp h\u1ea1ng) Album \u1ea3nh (c\u00f3 x\u1ebfp h\u1ea1ng) <\/p>\n<li>\n<li>Album \u1ea3nh<\/li>\n<p> (trang tr\u00ecnh b\u00e0y) D\u1ecbch v\u1ee5 th\u01b0 (e-mail) v\u1edbi c\u00e0i \u0111\u1eb7t Yandex.Map linh ho\u1ea1t (Yandex.Map) B\u1ea3n \u0111\u1ed3)<\/p>\n<li>\n<li>\n<li> <\/li>\n<\/ul>\n<li>B\u1ea3ng c\u00e2u h\u1ecfi B\u1ecf <\/li>\n<li>phi\u1ebfu (hi\u1ec3n th\u1ecb k\u1ebft qu\u1ea3 b\u1eb1ng \u0111\u1ed3 h\u1ecda)<\/li>\n<p> B\u1ecf <\/p>\n<li>phi\u1ebfu (hi\u1ec3n th\u1ecb b\u1eb1ng v\u0103n b\u1ea3n k\u1ebft qu\u1ea3)<\/li>\n<p> S\u1ed5 kh\u00e1ch <\/p>\n<li>\u0110\u0103ng k\u00fd trang web<\/li>\n<li>\u201cThay \u0111\u1ed5i m\u1eadt kh\u1ea9u\u201d<\/li>\n<p> M <\/p>\n<li>\u00f4-\u0111un \u201cNh\u1eafc m\u1eadt kh\u1ea9u\u201d<\/li>\n<li>D\u1eef li\u1ec7u c\u00e1 nh\u00e2n c\u1ee7a ng\u01b0\u1eddi d\u00f9ng<\/li>\n<li>\n<li>\u201cB\u00e1nh m\u00ec\u201d Chu\u1ed7i \u0111i\u1ec1u h\u01b0\u1edbng <\/li>\n<li>Di\u1ec5n \u0111\u00e0n<\/li>\n<p> Qu\u1ea3n tr\u1ecb ng\u01b0\u1eddi d\u00f9ng \u0111\u00e3 \u0111\u0103ng k\u00fd B\u1ea3n \u0111\u1ed3 trang Danh <\/p>\n<li>m\u1ee5c li\u00ean k\u1ebft M\u00f4-\u0111un \u201cMenu (li\u00ean k\u1ebft<\/li>\n<p>)\u201d <\/p>\n<li>Search <\/li>\n<li>trang web<\/li>\n<p> (k\u1ebft qu\u1ea3 t\u00ecm ki\u1ebfm) B\u1ea3ng th\u00f4ng b\u00e1o \u0110\u1ecba l\u00fd T\u1ed5 ch\u1ee9c <\/p>\n<li><strong><\/strong><\/li>\n<p>Yandex C\u1eeda h\u00e0ng <\/p>\n<li>nh\u1ecf<\/li>\n<li>\n<li>\n<li>\n<li>\n<li> M\u00f4-\u0111un Sitephone D<\/li>\n<li>\u1ea5u trang x\u00e3 h\u1ed9i<\/li>\n<li>Tr\u00ecnh chi\u1ebfu<\/li>\n<p> \u201cThay \u0111\u1ed5i m\u1eadt kh\u1ea9u\u201d <\/p>\n<li>m\u00f4-\u0111un <\/li>\n<li>\u201cNh\u1eafc m\u1eadt kh\u1ea9u\u201d M\u00f4-\u0111un D\u1eef<\/li>\n<li>li\u1ec7u c\u00e1 nh\u00e2n ng\u01b0\u1eddi d\u00f9ng<\/li>\n<p> B\u1ea3ng th\u00f4ng <\/p>\n<li>b\u00e1o Th\u01b0 m\u1ee5c t\u1ec7p \u1ee6y<\/li>\n<p> quy\u1ec1n qua OpenID Blogs Countdown<\/p>\n<p><strong>Gi\u00e1 tr\u1ecdn g\u00f3i bao g\u1ed3m:<\/strong><\/p>\n<ul>\n<li><strong>1000 Mb<\/strong> dung l\u01b0\u1ee3ng \u0111\u0129a tr\u00ean l\u01b0u tr\u1eef Edgestile (v\u1edbi kh\u1ea3 n\u0103ng chuy\u1ec3n sang g\u00f3i c\u01b0\u1edbc kh\u00e1c).<\/li>\n<li>R\u1ea5t nhi\u1ec1u m\u1eabu thi\u1ebft k\u1ebf l\u00e0m s\u1eb5n v\u1edbi kh\u1ea3 n\u0103ng c\u1eadp nh\u1eadt ch\u00fang.<\/li>\n<li>T\u00ean mi\u1ec1n c\u1ea5p 3 (e-stile.ru) v\u1edbi kh\u1ea3 n\u0103ng mua t\u00ean mi\u1ec1n c\u1ea5p 2.<\/li>\n<li>C\u1eadp nh\u1eadt h\u1ec7 th\u1ed1ng mi\u1ec5n ph\u00ed khi c\u00e1c phi\u00ean b\u1ea3n m\u1edbi c\u1ee7a SiteEdit \u0111\u01b0\u1ee3c ph\u00e1t h\u00e0nh.<\/li>\n<li>H\u1ed7 tr\u1ee3 k\u1ef9 thu\u1eadt mi\u1ec5n ph\u00ed trong th\u1eddi h\u1ea1n c\u1ee7a gi\u1ea5y ph\u00e9p.<\/li>\n<\/ul>\n<p>Trong t\u01b0\u01a1ng lai, b\u1ea1n lu\u00f4n c\u00f3 th\u1ec3 thay \u0111\u1ed5i g\u00f3i l\u01b0u tr\u1eef c\u1ee7a m\u00ecnh v\u00e0 n\u00e2ng c\u1ea5p l\u00ean g\u00f3i <strong>SiteEdit Business<\/strong>, tr\u1ea3 ch\u00eanh l\u1ec7ch gi\u00e1 t\u1ea1i th\u1eddi \u0111i\u1ec3m chuy\u1ec3n \u0111\u1ed5i. <br \/><strong>Gia h\u1ea1n gi\u1ea5y ph\u00e9p 6000 r\u00fap. (n\u0103m)<\/strong><\/p>\n<p><strong>Giao h\u00e0ng t\u1eadn n\u01a1i:<\/strong><\/p>\n<p>Gi\u1ea5y ph\u00e9p \u0111\u01b0\u1ee3c g\u1eedi b\u1eb1ng \u0111i\u1ec7n t\u1eed \u0111\u1ebfn \u0111\u1ecba ch\u1ec9 email \u0111\u01b0\u1ee3c ch\u1ec9 \u0111\u1ecbnh trong qu\u00e1 tr\u00ecnh \u0111\u0103ng k\u00fd tr\u00ean www.siteedit.ru. Ngo\u00e0i ra, b\u1ea5t c\u1ee9 l\u00fac n\u00e0o, d\u1eef li\u1ec7u gi\u1ea5y ph\u00e9p v\u00e0 tr\u1ea1ng th\u00e1i \u0111\u01a1n h\u00e0ng c\u00f3 th\u1ec3 \u0111\u01b0\u1ee3c xem tr\u00ean www.siteedit.ru trong T\u00e0i kho\u1ea3n c\u00e1 nh\u00e2n c\u1ee7a b\u1ea1n<\/p>\n<p>. <\/p>\n<p>Gi\u1ea5y ph\u00e9p \u0111\u01b0\u1ee3c c\u1ea5p trong v\u00f2ng 15 ph\u00fat sau khi \u0111\u01a1n \u0111\u1eb7t h\u00e0ng \u0111\u01b0\u1ee3c x\u1eed l\u00fd.<\/p>\n<\/p><\/div>","protected":false},"excerpt":{"rendered":"<p>SiteEdit Standard l\u00e0 m\u1ed9t h\u1ec7 th\u1ed1ng t\u1ea1o v\u00e0 qu\u1ea3n l\u00fd trang web chuy\u00ean nghi\u1ec7p v\u1edbi tr\u00ecnh ch\u1ec9nh s\u1eeda \u0111\u1ed3 h\u1ecda t\u00edch h\u1ee3p. <br \/>M\u1ed9t giao di\u1ec7n r\u00f5 r\u00e0ng v\u00e0 tr\u1ef1c quan kh\u00f4ng y\u00eau c\u1ea7u b\u1ea1n ph\u1ea3i c\u00f3 ki\u1ebfn th\u1ee9c \u0111\u1eb7c bi\u1ec7t \u0111\u1ec3 t\u1ea1o v\u00e0 qu\u1ea3n l\u00fd trang web c\u1ee7a ri\u00eang b\u1ea1n. <br \/>H\u1ec7 th\u1ed1ng s\u1eed d\u1ee5ng c\u00f4ng ngh\u1ec7 client-server. To\u00e0n b\u1ed9 qu\u00e1 tr\u00ecnh thi\u1ebft k\u1ebf v\u00e0 t\u1ea1o m\u1ed9t trang web di\u1ec5n ra ngo\u1ea1i tuy\u1ebfn; Truy c\u1eadp Internet ch\u1ec9 \u0111\u01b0\u1ee3c y\u00eau c\u1ea7u \u0111\u1ec3 t\u1ea3i l\u00ean d\u1ef1 \u00e1n \u0111\u00e3 ho\u00e0n th\u00e0nh v\u00e0 thay \u0111\u1ed5i<\/p>\n<p> v\u00e0o m\u00e1y ch\u1ee7 Web.<\/p>","protected":false},"featured_media":18143,"comment_status":"closed","ping_status":"closed","template":"","meta":[],"pwb-brand":[4900],"product_cat":[2940],"product_tag":[3636,3424],"class_list":{"0":"post-18142","1":"product","2":"type-product","3":"status-publish","4":"has-post-thumbnail","6":"pwb-brand-edgestile","7":"product_cat-website-development","8":"product_tag-edgestile","9":"product_tag-yandex","11":"first","12":"instock","13":"shipping-taxable","14":"product-type-simple"},"brands":[{"id":4900,"name":"Edgestile","slug":"edgestile"}],"_links":{"self":[{"href":"https:\/\/azsoft.com\/en\/wp-json\/wp\/v2\/product\/18142","targetHints":{"allow":["GET"]}}],"collection":[{"href":"https:\/\/azsoft.com\/en\/wp-json\/wp\/v2\/product"}],"about":[{"href":"https:\/\/azsoft.com\/en\/wp-json\/wp\/v2\/types\/product"}],"replies":[{"embeddable":true,"href":"https:\/\/azsoft.com\/en\/wp-json\/wp\/v2\/comments?post=18142"}],"wp:featuredmedia":[{"embeddable":true,"href":"https:\/\/azsoft.com\/en\/wp-json\/wp\/v2\/media\/18143"}],"wp:attachment":[{"href":"https:\/\/azsoft.com\/en\/wp-json\/wp\/v2\/media?parent=18142"}],"wp:term":[{"taxonomy":"pwb-brand","embeddable":true,"href":"https:\/\/azsoft.com\/en\/wp-json\/wp\/v2\/pwb-brand?post=18142"},{"taxonomy":"product_cat","embeddable":true,"href":"https:\/\/azsoft.com\/en\/wp-json\/wp\/v2\/product_cat?post=18142"},{"taxonomy":"product_tag","embeddable":true,"href":"https:\/\/azsoft.com\/en\/wp-json\/wp\/v2\/product_tag?post=18142"}],"curies":[{"name":"wp","href":"https:\/\/api.w.org\/{rel}","templated":true}]}}