{"id":18092,"date":"2024-07-11T04:06:16","date_gmt":"2024-07-10T21:06:16","guid":{"rendered":"http:\/\/azsoft.com\/-product-\/uncategorized\/cms-siteedit-doanh-nghiep-v-5-3\/"},"modified":"2024-07-15T11:56:20","modified_gmt":"2024-07-15T04:56:20","slug":"cms-siteedit-doanh-nghiep-v-5-3","status":"publish","type":"product","link":"https:\/\/azsoft.com\/en\/-product-\/phan-mem\/network-and-internet\/website-development\/cms-siteedit-doanh-nghiep-v-5-3\/","title":{"rendered":"CMS SiteEdit Doanh nghi\u1ec7p v.5.3"},"content":{"rendered":"<div class=\"b-product__description_text\">\n<p><strong>CMS SiteEdit Business<\/strong> l\u00e0 m\u1ed9t g\u00f3i ph\u1ea7n m\u1ec1m chuy\u00ean nghi\u1ec7p \u0111\u1ec3 t\u1ea1o v\u00e0 qu\u1ea3n l\u00fd trang web v\u1edbi tr\u00ecnh qu\u1ea3n l\u00fd \u0111i\u1ec7n t\u1eed v\u00e0 tr\u00ecnh ch\u1ec9nh s\u1eeda \u0111\u1ed3 h\u1ecda t\u00edch h\u1ee3p \u0111\u1ec3 d\u1ec5 d\u00e0ng qu\u1ea3n l\u00fd c\u1eeda h\u00e0ng tr\u1ef1c tuy\u1ebfn. Ch\u01b0\u01a1ng tr\u00ecnh s\u1ebd m\u1edf r\u1ed9ng \u0111\u00e1ng k\u1ec3 doanh nghi\u1ec7p c\u1ee7a b\u1ea1n v\u00e0 gi\u1ea3m chi ph\u00ed duy tr\u00ec trang web c\u1ee7a b\u1ea1n. SiteEdit Business CMS s\u1ebd gi\u00fap l\u00e0m cho trang web c\u1ee7a b\u1ea1n th\u1ef1c s\u1ef1 th\u00fa v\u1ecb, h\u1ea5p d\u1eabn v\u00e0 c\u1ea1nh tranh!<\/p>\n<p><strong>C\u00e1c t\u00ednh n\u0103ng ch\u00ednh c\u1ee7a h\u1ec7 th\u1ed1ng:<\/strong><\/p>\n<ul>\n<li><span style=\"font-size: 13.12px\">M\u1ed9t giao di\u1ec7n r\u00f5 r\u00e0ng v\u00e0 tr\u1ef1c quan kh\u00f4ng y\u00eau c\u1ea7u b\u1ea1n ph\u1ea3i c\u00f3 ki\u1ebfn th\u1ee9c \u0111\u1eb7c bi\u1ec7t \u0111\u1ec3 t\u1ea1o v\u00e0 qu\u1ea3n l\u00fd m\u1ed9t trang web. Trong 30 ph\u00fat, b\u1ea1n s\u1ebd hi\u1ec3u \u0111\u1ea7y \u0111\u1ee7 c\u00e1ch c\u1eeda h\u00e0ng ho\u1ea1t \u0111\u1ed9ng<\/span><\/li>\n<p>. <\/p>\n<li><span style=\"font-size: 13.12px\">H\u1ec7 th\u1ed1ng s\u1eed d\u1ee5ng c\u00f4ng ngh\u1ec7 client-server. To\u00e0n b\u1ed9 qu\u00e1 tr\u00ecnh thi\u1ebft k\u1ebf v\u00e0 t\u1ea1o m\u1ed9t trang web di\u1ec5n ra ngo\u1ea1i tuy\u1ebfn; Truy c\u1eadp Internet ch\u1ec9 \u0111\u01b0\u1ee3c y\u00eau c\u1ea7u \u0111\u1ec3 t\u1ea3i l\u00ean d\u1ef1 \u00e1n \u0111\u00e3 ho\u00e0n th\u00e0nh v\u00e0 thay \u0111\u1ed5i<\/span><\/li>\n<p> v\u00e0o m\u00e1y ch\u1ee7 Web.<\/ul>\n<li><span style=\"font-size: 13.12px\">Kh\u1ea3 n\u0103ng t\u1ea1o m\u1ed9t c\u1eeda h\u00e0ng tr\u1ef1c tuy\u1ebfn v\u1edbi h\u1ec7 th\u1ed1ng thanh to\u00e1n t\u00edch h\u1ee3p.<\/span><\/li>\n<p><span style=\"text-decoration: underline\">B\u1ed9 s\u1ea3n ph\u1ea9m bao g\u1ed3m c\u00e1c m\u00f4-\u0111un v\u00e0 h\u00ecnh th\u1ee9c sau<\/span>:<\/p>\n<ul>\n<li><span style=\"font-size: 13.12px\">V\u0103n b\u1ea3n v\u00e0 h\u00ecnh \u1ea3nh; V\u0103n<\/span><\/li>\n<li><span style=\"font-size: 13.12px\">\n<li><span style=\"font-size: 13.12px\">b\u1ea3n v\u00e0 h\u00ecnh \u1ea3nh (c\u00f3 x\u1ebfp h\u1ea1ng); C\u00e2u h\u1ecfi th\u01b0\u1eddng g\u1eb7p;<\/span><\/li>\n<p> B\u00e0i <\/p>\n<li><span style=\"font-size: 13.12px\">\n<li><span style=\"font-size: 13.12px\">vi\u1ebft c\u00f3 b\u00ecnh lu\u1eadn;\n<li><span style=\"font-size: 13.12px\">Tin t\u1ee9c; Tin t\u1ee9c<\/span><\/li>\n<p><\/span><\/li>\n<p> tr\u1ef1c tuy\u1ebfn (th\u00eam qua trang web ho\u1eb7c Tr\u00ecnh qu\u1ea3n l\u00fd SiteEdit)<\/span><\/li>\n<li><span style=\"font-size: 13.12px\">; Th\u00f4ng tin tin t\u1ee9c tr\u1ef1c tuy\u1ebfn<\/span><\/li>\n<p>; Ngu\u1ed3n c\u1ea5p tin t\u1ee9c RSS;<\/span><\/li>\n<li><span style=\"font-size: 13.12px\"> Album \u1ea3nh;<\/span><\/li>\n<li><span style=\"font-size: 13.12px\">Album \u1ea3nh (c\u00f3<\/span><\/li>\n<li><span style=\"font-size: 13.12px\">x\u1ebfp h\u1ea1ng); Album \u1ea3nh (c\u00f4ng ngh\u1ec7 jQuery);<\/span><\/li>\n<li><span style=\"font-size: 13.12px\">Album \u1ea3nh &#8211; trang tr\u00ecnh b\u00e0y; D\u1ecbch v\u1ee5 b\u01b0u ch\u00ednh (e-mail); D\u1ecbch<\/span><\/li>\n<li><span style=\"font-size: 13.12px\">v\u1ee5 th\u01b0 (e-mail) v\u1edbi c\u00e0i \u0111\u1eb7t linh ho\u1ea1t; B\u1ea3ng\n<li><span style=\"font-size: 13.12px\">\n<li><span style=\"font-size: 13.12px\">c\u00e2u h\u1ecfi<\/span><\/li>\n<p><\/span><\/li>\n<p>; <\/p>\n<li><span style=\"font-size: 13.12px\"><\/span><\/li>\n<p><\/span><\/li>\n<li> <span style=\"font-size: 13.12px\">B\u1ecf phi\u1ebfu (hi\u1ec3n th\u1ecb \u0111\u1ed3 h\u1ecda k\u1ebft qu\u1ea3); B<\/span><\/li>\n<p> \u1ecf <\/p>\n<li><span style=\"font-size: 13.12px\">phi\u1ebfu (hi\u1ec3n th\u1ecb v\u0103n b\u1ea3n k\u1ebft qu\u1ea3);<\/span><\/li>\n<p> S\u1ed5 l\u01b0u b\u00fat <\/p>\n<li><span style=\"font-size: 13.12px\">; \u0110\u0103ng<\/span><\/li>\n<li><span style=\"font-size: 13.12px\">k\u00fd tr\u00ean trang web;<\/span><\/li>\n<p> M\u00f4-\u0111un <\/p>\n<li><span style=\"font-size: 13.12px\">\u201cThay \u0111\u1ed5i m\u1eadt kh\u1ea9u\u201d; M\u00f4-\u0111un<\/span><\/li>\n<li><span style=\"font-size: 13.12px\">\u201cNh\u1eafc nh\u1edf m\u1eadt kh\u1ea9u\u201d; D\u1eef li\u1ec7u c\u00e1 nh\u00e2n ng\u01b0\u1eddi d\u00f9ng;\n<li><span style=\"font-size: 13.12px\"><\/span><\/li>\n<p><\/span><\/li>\n<li><span style=\"font-size: 13.12px\"> Qu\u1ea3n tr\u1ecb ng\u01b0\u1eddi d\u00f9ng \u0111\u00e3 \u0111\u0103ng k\u00fd;<\/span><\/li>\n<li><span style=\"font-size: 13.12px\">\n<li><span style=\"font-size: 13.12px\">B\u1ea3n \u0111\u1ed3 trang web;<\/span><\/li>\n<li><span style=\"font-size: 13.12px\">Danh m\u1ee5c li\u00ean k\u1ebft;<\/span><\/li>\n<p> M <\/p>\n<li><span style=\"font-size: 13.12px\">\u00f4-\u0111un \u201cMenu (li\u00ean k\u1ebft)\u201d;<\/span><\/li>\n<li><span style=\"font-size: 13.12px\">M\u00f4-\u0111un \u201cTab\u201d;<\/span><\/li>\n<li><span style=\"font-size: 13.12px\">T\u00ecm ki\u1ebfm trang web (k\u1ebft qu\u1ea3 t\u00ecm ki\u1ebfm); Di\u1ec5n \u0111\u00e0n;<\/span><\/li>\n<li><span style=\"font-size: 13.12px\">B\u1ea3ng<\/span><\/li>\n<p><\/span><\/li>\n<li><span style=\"font-size: 13.12px\">\n<li> <\/li>\n<p><\/span><\/li>\n<li><span style=\"font-size: 13.12px\">Qu\u1ea3ng <span style=\"font-size: 13.12px\">c\u00e1o;\n<li><span style=\"font-size: 13.12px\">Ph\u1ea7n \u201cC\u1eeda h\u00e0ng tr\u1ef1c tuy\u1ebfn\u201d: C\u1eeda h\u00e0ng tr\u1ef1c tuy\u1ebfn (m\u00f4-\u0111un ch\u00ednh); Danh s\u00e1ch \u0111\u01a1n \u0111\u1eb7t h\u00e0ng c\u1ee7a kh\u00e1ch h\u00e0ng; Th\u00f4ng b\u00e1o gi\u1ecf h\u00e0ng; Thanh to\u00e1n cho \u0111\u01a1n \u0111\u1eb7t h\u00e0ng; Danh m\u1ee5c nh\u00f3m s\u1ea3n ph\u1ea9m; T\u00ecm ki\u1ebfm s\u1ea3n ph\u1ea9m (N\u00e2ng cao); T\u00ecm ki\u1ebfm s\u1ea3n ph\u1ea9m nhanh; Chi ti\u1ebft doanh nghi\u1ec7p; M\u00f4-\u0111un th\u00f4ng tin \u201c\u01afu \u0111\u00e3i \u0111\u1eb7c bi\u1ec7t\u201d; L\u1ef1a ch\u1ecdn ti\u1ec1n t\u1ec7 c\u1eeda h\u00e0ng tr\u1ef1c tuy\u1ebfn; M\u00f4-\u0111un qu\u1ea3ng b\u00e1 trang web; M\u00f4-\u0111un \u201cDanh m\u1ee5c t\u1ec7p\u201d;<\/span><\/li>\n<p><\/span> T\u00edch <\/p>\n<li><span style=\"font-size: 13.12px\">h\u1ee3p v\u1edbi 1C: K\u1ebf to\u00e1n<\/span><\/li>\n<p>;\u201d M\u00f4-\u0111un \u0110\u1ecba l\u00fd c\u1ee7a c\u00e1c t\u1ed5 ch\u1ee9c Yandex\u201d<\/span><\/li>\n<\/ul>\n<p>.<\/p>\n<p><strong>Gi\u00e1 tr\u1ecdn g\u00f3i bao g\u1ed3m:<\/strong><\/p>\n<li><span style=\"font-size: 13.12px\">T\u00ean mi\u1ec1n c\u1ea5p 2 (t\u00ean.ru ho\u1eb7c com, net, org, biz, info, v.v.).<\/span><\/li>\n<ul>\n<li><span style=\"font-size: 13.12px\">L\u01b0u tr\u1eef &#8211; 500 Mb (v\u1edbi kh\u1ea3 n\u0103ng mua th\u00eam kh\u1ed1i l\u01b0\u1ee3ng).<\/span><\/li>\n<li><span style=\"font-size: 13.12px\">R\u1ea5t nhi\u1ec1u m\u1eabu thi\u1ebft k\u1ebf l\u00e0m s\u1eb5n v\u1edbi kh\u1ea3 n\u0103ng c\u1eadp nh\u1eadt ch\u00fang.<\/span><\/li>\n<li><span style=\"font-size: 13.12px\">H\u1ed7 tr\u1ee3 k\u1ef9 thu\u1eadt mi\u1ec5n ph\u00ed<\/span><\/li>\n<\/ul><\/div>","protected":false},"excerpt":{"rendered":"<p>CMS SiteEdit Business l\u00e0 m\u1ed9t g\u00f3i ph\u1ea7n m\u1ec1m chuy\u00ean nghi\u1ec7p \u0111\u1ec3 t\u1ea1o v\u00e0 qu\u1ea3n l\u00fd trang web v\u1edbi tr\u00ecnh qu\u1ea3n l\u00fd \u0111i\u1ec7n t\u1eed v\u00e0 tr\u00ecnh ch\u1ec9nh s\u1eeda \u0111\u1ed3 h\u1ecda t\u00edch h\u1ee3p \u0111\u1ec3 d\u1ec5 d\u00e0ng qu\u1ea3n l\u00fd c\u1eeda h\u00e0ng tr\u1ef1c tuy\u1ebfn. Ch\u01b0\u01a1ng tr\u00ecnh cung c\u1ea5p cho b\u1ea1n t\u1ea5t c\u1ea3 c\u00e1c c\u01a1 h\u1ed9i \u0111\u1ec3 t\u1ea1o ra s\u1ef1 hi\u1ec7n di\u1ec7n Internet \u0111\u1ea7y \u0111\u1ee7 ch\u1ee9c n\u0103ng b\u1ea5t k\u1ec3<\/p>\n<p> l\u0129nh v\u1ef1c ho\u1ea1t \u0111\u1ed9ng c\u1ee7a c\u00f4ng ty b\u1ea1n.<\/p>","protected":false},"featured_media":18093,"comment_status":"closed","ping_status":"closed","template":"","meta":[],"pwb-brand":[4900],"product_cat":[2940],"product_tag":[3636,3424],"class_list":{"0":"post-18092","1":"product","2":"type-product","3":"status-publish","4":"has-post-thumbnail","6":"pwb-brand-edgestile","7":"product_cat-website-development","8":"product_tag-edgestile","9":"product_tag-yandex","11":"first","12":"instock","13":"shipping-taxable","14":"product-type-simple"},"brands":[{"id":4900,"name":"Edgestile","slug":"edgestile"}],"_links":{"self":[{"href":"https:\/\/azsoft.com\/en\/wp-json\/wp\/v2\/product\/18092","targetHints":{"allow":["GET"]}}],"collection":[{"href":"https:\/\/azsoft.com\/en\/wp-json\/wp\/v2\/product"}],"about":[{"href":"https:\/\/azsoft.com\/en\/wp-json\/wp\/v2\/types\/product"}],"replies":[{"embeddable":true,"href":"https:\/\/azsoft.com\/en\/wp-json\/wp\/v2\/comments?post=18092"}],"wp:featuredmedia":[{"embeddable":true,"href":"https:\/\/azsoft.com\/en\/wp-json\/wp\/v2\/media\/18093"}],"wp:attachment":[{"href":"https:\/\/azsoft.com\/en\/wp-json\/wp\/v2\/media?parent=18092"}],"wp:term":[{"taxonomy":"pwb-brand","embeddable":true,"href":"https:\/\/azsoft.com\/en\/wp-json\/wp\/v2\/pwb-brand?post=18092"},{"taxonomy":"product_cat","embeddable":true,"href":"https:\/\/azsoft.com\/en\/wp-json\/wp\/v2\/product_cat?post=18092"},{"taxonomy":"product_tag","embeddable":true,"href":"https:\/\/azsoft.com\/en\/wp-json\/wp\/v2\/product_tag?post=18092"}],"curies":[{"name":"wp","href":"https:\/\/api.w.org\/{rel}","templated":true}]}}