{"id":16416,"date":"2024-07-10T22:14:04","date_gmt":"2024-07-10T15:14:04","guid":{"rendered":"http:\/\/azsoft.com\/-product-\/uncategorized\/tieu-de-trinh-chieu-hoat-hinh\/"},"modified":"2024-07-15T11:44:23","modified_gmt":"2024-07-15T04:44:23","slug":"tieu-de-trinh-chieu-hoat-hinh","status":"publish","type":"product","link":"https:\/\/azsoft.com\/en\/-product-\/phan-mem\/graphics-and-design\/templates-and-clipart\/tieu-de-trinh-chieu-hoat-hinh\/","title":{"rendered":"Ti\u00eau \u0111\u1ec1 tr\u00ecnh chi\u1ebfu ho\u1ea1t h\u00ecnh"},"content":{"rendered":"<div class=\"b-product__description_text\">\n<p align=\"justify\"><strong><\/strong><strong>Ti\u00eau \u0111\u1ec1 tr\u00ecnh chi\u1ebfu ho\u1ea1t h\u00ecnh<\/strong> l\u00e0 m\u1ed9t b\u1ed9 s\u01b0u t\u1eadp c\u00e1c slide g\u1ed1c m\u1edbi cho ch\u01b0\u01a1ng tr\u00ecnh PhotoShow PRO. C\u00e1c m\u1eabu bao g\u1ed3m c\u00e1c c\u00e0i \u0111\u1eb7t ho\u1ea1t h\u00ecnh n\u1ec1n v\u00e0 v\u0103n b\u1ea3n \u0111\u1ed9c \u0111\u00e1o cho ph\u00e9p b\u1ea1n chuy\u1ec3n \u0111\u1ed5i m\u1ed9t c\u00e1ch s\u00e0nh \u0111i\u1ec7u b\u1ea5t k\u1ef3 video n\u00e0o t\u1eeb \u1ea3nh, l\u00e0m cho n\u00f3 tr\u1edf n\u00ean ho\u00e0n<\/p>\n<p> ch\u1ec9nh v\u00e0 c\u00f3 \u00fd ngh\u0129a. <\/p>\n<p align=\"justify\">Ti\u00eau \u0111\u1ec1 ho\u1ea1t h\u00ecnh r\u1ea5t t\u1ed1t \u0111\u1ec3 l\u00e0m n\u1ed5i b\u1eadt c\u00e1c ph\u1ea7n c\u1ee7a tr\u00ecnh chi\u1ebfu, c\u0169ng nh\u01b0 nh\u1eadn x\u00e9t v\u1ec1 t\u1eebng \u1ea3nh. B\u1ea1n s\u1ebd c\u00f3 th\u1ec3 t\u1ea1o c\u00e1c b\u00e0i thuy\u1ebft tr\u00ecnh video th\u1ef1c s\u1ef1 t\u1eeb \u1ea3nh v\u1edbi \u00e2m nh\u1ea1c theo c\u00f9ng m\u1ed9t phong c\u00e1ch! B\u1ed9 s\u1ea3n ph\u1ea9m bao g\u1ed3m c\u00e1c m\u1eabu ti\u00eau \u0111\u1ec1 v\u1ec1 nhi\u1ec1u ch\u1ee7 \u0111\u1ec1 kh\u00e1c nhau: th\u00e0nh ph\u1ed1 v\u00e0 qu\u1ed1c gia, du l\u1ecbch, th\u1ec3 thao, m\u00f9a, \u0111\u00e1m c\u01b0\u1edbi v\u00e0 nhi\u1ec1u ch\u1ee7 \u0111\u1ec1 kh\u00e1c! \u0110\u1ec3 s\u1eed d\u1ee5ng ch\u00fang, ch\u1ec9 c\u1ea7n nh\u1eadp c\u00e1c m\u1eabu v\u00e0o ch\u01b0\u01a1ng tr\u00ecnh v\u00e0 t\u1ea3i ti\u00eau \u0111\u1ec1 l\u00ean tr\u00ecnh chi\u1ebfu b\u1eb1ng n\u00fat \u201cTh\u00eam\u201d. B\u1ea1n c\u00f3 th\u1ec3 d\u1ec5 d\u00e0ng ch\u1ec9nh s\u1eeda t\u1eebng slide theo \u00fd th\u00edch c\u1ee7a m\u00ecnh: th\u00eam c\u00e1c l\u1edbp m\u1edbi, t\u00f9y ch\u1ec9nh ho\u1ea1t \u1ea3nh, thay \u0111\u1ed5i n\u1ec1n v\u00e0<\/p>\n<\/div>\n<p> nhi\u1ec1u h\u01a1n n\u1eefa.<\/p>","protected":false},"excerpt":{"rendered":"<p>M\u1ed9t b\u1ed9 s\u01b0u t\u1eadp c\u00e1c ti\u00eau \u0111\u1ec1 ho\u1ea1t h\u00ecnh m\u1edbi \u0111\u1ec3 t\u1ea1o tr\u00ecnh chi\u1ebfu trong PhotoShow PRO. B\u1ed9 s\u1ea3n ph\u1ea9m bao g\u1ed3m c\u00e1c m\u1eabu ti\u00eau \u0111\u1ec1 v\u1ec1 nhi\u1ec1u ch\u1ee7 \u0111\u1ec1 kh\u00e1c nhau: th\u00e0nh ph\u1ed1 v\u00e0 qu\u1ed1c gia, du l\u1ecbch, th\u1ec3 thao, m\u00f9a, \u0111\u00e1m c\u01b0\u1edbi v\u00e0<\/p>\n<p> nhi\u1ec1u ch\u1ee7 \u0111\u1ec1 kh\u00e1c!<\/p>","protected":false},"featured_media":16419,"comment_status":"closed","ping_status":"closed","template":"","meta":[],"pwb-brand":[4108],"product_cat":[2916],"product_tag":[3327,3461],"class_list":{"0":"post-16416","1":"product","2":"type-product","3":"status-publish","4":"has-post-thumbnail","6":"pwb-brand-ams-software","7":"product_cat-templates-and-clipart","8":"product_tag-phan-mem-ams","9":"product_tag-tot","11":"first","12":"instock","13":"shipping-taxable","14":"product-type-simple"},"brands":[{"id":4108,"name":"AMS Software","slug":"ams-software"}],"_links":{"self":[{"href":"https:\/\/azsoft.com\/en\/wp-json\/wp\/v2\/product\/16416","targetHints":{"allow":["GET"]}}],"collection":[{"href":"https:\/\/azsoft.com\/en\/wp-json\/wp\/v2\/product"}],"about":[{"href":"https:\/\/azsoft.com\/en\/wp-json\/wp\/v2\/types\/product"}],"replies":[{"embeddable":true,"href":"https:\/\/azsoft.com\/en\/wp-json\/wp\/v2\/comments?post=16416"}],"wp:featuredmedia":[{"embeddable":true,"href":"https:\/\/azsoft.com\/en\/wp-json\/wp\/v2\/media\/16419"}],"wp:attachment":[{"href":"https:\/\/azsoft.com\/en\/wp-json\/wp\/v2\/media?parent=16416"}],"wp:term":[{"taxonomy":"pwb-brand","embeddable":true,"href":"https:\/\/azsoft.com\/en\/wp-json\/wp\/v2\/pwb-brand?post=16416"},{"taxonomy":"product_cat","embeddable":true,"href":"https:\/\/azsoft.com\/en\/wp-json\/wp\/v2\/product_cat?post=16416"},{"taxonomy":"product_tag","embeddable":true,"href":"https:\/\/azsoft.com\/en\/wp-json\/wp\/v2\/product_tag?post=16416"}],"curies":[{"name":"wp","href":"https:\/\/api.w.org\/{rel}","templated":true}]}}