{"id":16344,"date":"2024-07-10T21:56:04","date_gmt":"2024-07-10T14:56:04","guid":{"rendered":"http:\/\/azsoft.com\/-product-\/uncategorized\/veeam-backup-replication-enterprise-licensed-by-vm-2-year-subscription-upfront-billing-license-v-vbrent-0v-su2yp-00\/"},"modified":"2024-07-13T18:58:12","modified_gmt":"2024-07-13T11:58:12","slug":"veeam-backup-replication-enterprise-licensed-by-vm-2-year-subscription-upfront-billing-license-v-vbrent-0v-su2yp-00","status":"publish","type":"product","link":"https:\/\/azsoft.com\/en\/-product-\/phan-mem\/phan-mem-he-thong\/backup-recovery\/veeam-backup-replication-enterprise-licensed-by-vm-2-year-subscription-upfront-billing-license-v-vbrent-0v-su2yp-00\/","title":{"rendered":"Veeam Backup &amp; Replication Enterprise licensed by VM 2 Year Subscription Upfront Billing License (V-VBRENT-0V-SU2YP-00)"},"content":{"rendered":"<div class=\"additional-attributes-wrapper table-wrapper\">\n<table class=\"data table additional-attributes table1\" id=\"product-attribute-specs-table\">\n<caption class=\"table-caption\">More Information<\/caption>\n<tbody>\n<tr>\n<th class=\"col label\" scope=\"row\">The firm<\/th>\n<td class=\"col data\" data-th=\"H\u00e3ng\">Veeam<\/td>\n<\/tr>\n<tr>\n<th class=\"col label\" scope=\"row\">Product Line<\/th>\n<td class=\"col data\" data-th=\"Product Line\">Veeam Backup Replication<\/td>\n<\/tr>\n<tr>\n<th class=\"col label\" scope=\"row\">Licensing form<\/th>\n<td class=\"col data\" data-th=\"H\u00ecnh th\u1ee9c c\u1ea5p ph\u00e9p\">License<\/td>\n<\/tr>\n<tr>\n<th class=\"col label\" scope=\"row\">Customer segmentation<\/th>\n<td class=\"col data\" data-th=\"Ph\u00e2n kh\u00fac kh\u00e1ch h\u00e0ng\">Enterprise<\/td>\n<\/tr>\n<tr>\n<th class=\"col label\" scope=\"row\">Type of registration<\/th>\n<td class=\"col data\" data-th=\"Lo\u1ea1i h\u00ecnh \u0111\u0103ng k\u00fd\">Subscribe<\/td>\n<\/tr>\n<tr>\n<th class=\"col label\" scope=\"row\">System installation<\/th>\n<td class=\"col data\" data-th=\"C\u00e0i \u0111\u1eb7t h\u1ec7 th\u1ed1ng\">Server<\/td>\n<\/tr>\n<tr>\n<th class=\"col label\" scope=\"row\">Item status<\/th>\n<td class=\"col data\" data-th=\"Tr\u1ea1ng th\u00e1i h\u00e0ng\">Stocking<\/td>\n<\/tr>\n<\/tbody>\n<\/table><\/div>","protected":false},"excerpt":{"rendered":"<table class=\"table-attributes table2\">\n<tbody>\n<tr>\n<th scope=\"row\">The firm<\/th>\n<td data-th=\"H\u00e3ng\">\n                                            Veeam                                          <\/td>\n<\/tr>\n<tr>\n<th scope=\"row\">Product Line<\/th>\n<td data-th=\"Product Line\">\n                                            Veeam Backup Replication                                          <\/td>\n<\/tr>\n<tr>\n<th scope=\"row\">Licensing form<\/th>\n<td data-th=\"H\u00ecnh th\u1ee9c c\u1ea5p ph\u00e9p\">\n                                            License                                          <\/td>\n<\/tr>\n<tr>\n<th scope=\"row\">Customer segmentation<\/th>\n<td data-th=\"Ph\u00e2n kh\u00fac kh\u00e1ch h\u00e0ng\">\n                                            Enterprise                                          <\/td>\n<\/tr>\n<tr>\n<th scope=\"row\">Type of registration<\/th>\n<td data-th=\"Lo\u1ea1i h\u00ecnh \u0111\u0103ng k\u00fd\">\n                                            Subscribe                                          <\/td>\n<\/tr>\n<tr>\n<th scope=\"row\">System installation<\/th>\n<td data-th=\"C\u00e0i \u0111\u1eb7t h\u1ec7 th\u1ed1ng\">\n                                            Server                                          <\/td>\n<\/tr>\n<tr>\n<th scope=\"row\">Item status<\/th>\n<td data-th=\"Tr\u1ea1ng th\u00e1i h\u00e0ng\">\n<p>            <span class=\"tit\"><i class=\"porto-icon-ok\"><\/i> Stocking<\/span><\/p>\n<\/td>\n<\/tr>\n<\/tbody>\n<\/table>","protected":false},"featured_media":16345,"comment_status":"closed","ping_status":"closed","template":"","meta":[],"pwb-brand":[4048],"product_cat":[3035],"product_tag":[],"class_list":{"0":"post-16344","1":"product","2":"type-product","3":"status-publish","4":"has-post-thumbnail","6":"pwb-brand-veeam","7":"product_cat-backup-recovery","9":"first","10":"instock","11":"shipping-taxable","12":"product-type-simple"},"brands":[{"id":4048,"name":"Veeam","slug":"veeam"}],"_links":{"self":[{"href":"https:\/\/azsoft.com\/en\/wp-json\/wp\/v2\/product\/16344","targetHints":{"allow":["GET"]}}],"collection":[{"href":"https:\/\/azsoft.com\/en\/wp-json\/wp\/v2\/product"}],"about":[{"href":"https:\/\/azsoft.com\/en\/wp-json\/wp\/v2\/types\/product"}],"replies":[{"embeddable":true,"href":"https:\/\/azsoft.com\/en\/wp-json\/wp\/v2\/comments?post=16344"}],"wp:featuredmedia":[{"embeddable":true,"href":"https:\/\/azsoft.com\/en\/wp-json\/wp\/v2\/media\/16345"}],"wp:attachment":[{"href":"https:\/\/azsoft.com\/en\/wp-json\/wp\/v2\/media?parent=16344"}],"wp:term":[{"taxonomy":"pwb-brand","embeddable":true,"href":"https:\/\/azsoft.com\/en\/wp-json\/wp\/v2\/pwb-brand?post=16344"},{"taxonomy":"product_cat","embeddable":true,"href":"https:\/\/azsoft.com\/en\/wp-json\/wp\/v2\/product_cat?post=16344"},{"taxonomy":"product_tag","embeddable":true,"href":"https:\/\/azsoft.com\/en\/wp-json\/wp\/v2\/product_tag?post=16344"}],"curies":[{"name":"wp","href":"https:\/\/api.w.org\/{rel}","templated":true}]}}