{"id":40991,"date":"2025-02-25T02:01:09","date_gmt":"2025-02-24T19:01:09","guid":{"rendered":"http:\/\/azsoft.com\/-product-\/uncategorized\/phan-mem-eset-protect-enterprise-subscription\/"},"modified":"2025-02-25T02:01:09","modified_gmt":"2025-02-24T19:01:09","slug":"phan-mem-eset-protect-enterprise-subscription","status":"publish","type":"product","link":"https:\/\/azsoft.com\/de\/-product-\/phan-mem\/phan-mem-bao-mat\/bao-mat-he-thong\/phan-mem-eset-protect-enterprise-subscription\/","title":{"rendered":"Ph\u1ea7n m\u1ec1m ESET PROTECT Enterprise Subscription"},"content":{"rendered":"<div class=\"product attribute description\">\n<div class=\"value\">\n<div class=\"magezon-builder magezon-builder-preload\">\n<div class=\"qrx6phl mgz-element mgz-element-row full_width_row\">\n<div class=\"mgz-element-inner qrx6phl-s\">\n<div class=\"inner-content mgz-container\">\n<div class=\"fxol1eg mgz-element mgz-element-column mgz-col-xs-12\">\n<div class=\"mgz-element-inner fxol1eg-s\">\n<div class=\"hrx2fq9 mgz-element mgz-child mgz-element-text\">\n<div class=\"mgz-element-inner hrx2fq9-s\">\n<h4><span style=\"font-size: 16px\"><strong>Gi\u1edbi thi\u1ec7u v\u1ec1 ph\u1ea7n m\u1ec1m Eset PROTECT Enterprise<\/strong><\/span><\/h4>\n<p><strong>Eset PROTECT Enterprise<\/strong> &#8211; Gi\u1ea3i ph\u00e1p ph\u00f2ng ng\u1eeba, ph\u00e1t hi\u1ec7n v\u00e0 ph\u1ea3n h\u1ed3i c\u1ea5p doanh nghi\u1ec7p cho ph\u00e9p ph\u00e2n t\u00edch v\u00e0 kh\u1eafc ph\u1ee5c nhanh ch\u00f3ng m\u1ecdi s\u1ef1 c\u1ed1 b\u1ea3o m\u1eadt trong m\u1ea1ng, bao g\u1ed3m c\u00f4ng ngh\u1ec7 h\u1ed9p c\u00e1t \u0111\u00e1m m\u00e2y ng\u0103n ch\u1eb7n c\u00e1c m\u1ed1i \u0111e d\u1ecda zero-day v\u00e0 kh\u1ea3 n\u0103ng m\u00e3 h\u00f3a to\u00e0n b\u1ed9 \u0111\u0129a \u0111\u1ec3 t\u0103ng c\u01b0\u1eddng b\u1ea3o v\u1ec7 d\u1eef li\u1ec7u<\/p>\n<ul>\n<li>H\u00e0nh vi \u0111\u1ed9c \u0111\u00e1o v\u00e0 ph\u00e1t hi\u1ec7n d\u1ef1a tr\u00ean danh ti\u1ebfng ho\u00e0n to\u00e0n minh b\u1ea1ch \u0111\u1ed1i v\u1edbi c\u00e1c nh\u00f3m b\u1ea3o m\u1eadt v\u00e0 cung c\u1ea5p cho h\u1ecd ph\u1ea3n h\u1ed3i theo th\u1eddi gian th\u1ef1c \u0111\u01b0\u1ee3c thu th\u1eadp t\u1eeb h\u01a1n 100 tri\u1ec7u \u0111i\u1ec3m cu\u1ed1i trong LiveGrid c\u1ee7a ch\u00fang t\u00f4i.<\/li>\n<li>C\u1ea3i thi\u1ec7n kh\u1ea3 n\u0103ng b\u1ea3o v\u1ec7 ch\u1ed1ng l\u1ea1i ph\u1ea7n m\u1ec1m t\u1ed1ng ti\u1ec1n v\u00e0 c\u00e1c m\u1ed1i \u0111e d\u1ecda zero-day th\u00f4ng qua c\u00f4ng ngh\u1ec7 h\u1ed9p c\u00e1t d\u1ef1a tr\u00ean \u0111\u00e1m m\u00e2y.<br \/>Gi\u00fap tu\u00e2n th\u1ee7 quy \u0111\u1ecbnh v\u1ec1 d\u1eef li\u1ec7u v\u1edbi kh\u1ea3 n\u0103ng m\u00e3 h\u00f3a to\u00e0n b\u1ed9 \u1ed5 \u0111\u0129a tr\u00ean Windows v\u00e0 macOS.<\/li>\n<li>B\u1ea3ng \u0111i\u1ec1u khi\u1ec3n ESET PROTECT d\u1ec5 truy c\u1eadp gi\u00fap c\u1ea3i thi\u1ec7n TCO c\u1ee7a vi\u1ec7c qu\u1ea3n l\u00fd b\u1ea3o m\u1eadt.<\/li>\n<li>Qu\u1ea3n l\u00fd t\u1eeb xa tr\u00ean m\u1ed9t m\u00e0n h\u00ecnh duy nh\u1ea5t \u0111\u1ec3 theo d\u00f5i c\u00e1c m\u1ed1i \u0111e d\u1ecda, ng\u01b0\u1eddi d\u00f9ng v\u00e0 c\u00e1c m\u1ee5c b\u1ecb c\u00e1ch ly.<\/li>\n<li>C\u00e1c thi\u1ebft b\u1ecb \u0111\u1ea7u cu\u1ed1i v\u00e0 thi\u1ebft b\u1ecb di \u0111\u1ed9ng c\u1ee7a c\u00f4ng ty \u0111\u01b0\u1ee3c b\u1ea3o v\u1ec7 th\u00f4ng qua c\u00f4ng ngh\u1ec7 \u0111a l\u1edbp ti\u00ean ti\u1ebfn, bao g\u1ed3m b\u1ea3o m\u1eadt m\u00e1y ch\u1ee7 t\u1ec7p, hi\u1ec7n c\u00f3 t\u00ednh n\u0103ng b\u1ea3o v\u1ec7 ng\u00e2n h\u00e0ng an to\u00e0n.<\/li>\n<\/ul>\n<p><strong>So s\u00e1nh t\u00ednh n\u0103ng gi\u1eefa c\u00e1c g\u00f3i b\u1ea3n quy\u1ec1n Eset PROTECT<\/strong><\/p>\n<p><img decoding=\"async\" src=\"http:\/\/azsoft.com\/wp-content\/uploads\/2025\/02\/eset_protect_ss.jpg\" alt=\"Eset Protect b\u1ea3n quy\u1ec1n\" width=\"1221\" height=\"1340\" title=\"eset_protect_ss\"><\/p>\n<\/div>\n<\/div>\n<\/div>\n<\/div>\n<\/div>\n<\/div>\n<\/div>\n<\/div>\n<\/div>\n<\/div>\n<table class=\"data table additional-attributes table1\" id=\"product-attribute-specs-table\">\n<caption class=\"table-caption\">More Information<\/caption>\n<tbody>\n<tr>\n<th class=\"col label\" scope=\"row\">Die Firma<\/th>\n<td class=\"col data\" data-th=\"H\u00e3ng\">ESET<\/td>\n<\/tr>\n<tr>\n<th class=\"col label\" scope=\"row\">Lizenzformular<\/th>\n<td class=\"col data\" data-th=\"H\u00ecnh th\u1ee9c c\u1ea5p ph\u00e9p\">Lizenz<\/td>\n<\/tr>\n<tr>\n<th class=\"col label\" scope=\"row\">Kundensegmentierung<\/th>\n<td class=\"col data\" data-th=\"Ph\u00e2n kh\u00fac kh\u00e1ch h\u00e0ng\">Enterprise<\/td>\n<\/tr>\n<tr>\n<th class=\"col label\" scope=\"row\">Art der Registrierung<\/th>\n<td class=\"col data\" data-th=\"Lo\u1ea1i h\u00ecnh \u0111\u0103ng k\u00fd\">Abonnieren<\/td>\n<\/tr>\n<tr>\n<th class=\"col label\" scope=\"row\">Systeminstallation<\/th>\n<td class=\"col data\" data-th=\"C\u00e0i \u0111\u1eb7t h\u1ec7 th\u1ed1ng\">Server<\/td>\n<\/tr>\n<\/tbody>\n<\/table>\n<table class=\"data table additional-attributes table1\" id=\"product-attribute-specs-table\">\n<caption class=\"table-caption\">More Information<\/caption>\n<tbody>\n<tr>\n<th class=\"col label\" scope=\"row\">Die Firma<\/th>\n<td class=\"col data\" data-th=\"H\u00e3ng\">ESET<\/td>\n<\/tr>\n<tr>\n<th class=\"col label\" scope=\"row\">Lizenzformular<\/th>\n<td class=\"col data\" data-th=\"H\u00ecnh th\u1ee9c c\u1ea5p ph\u00e9p\">Lizenz<\/td>\n<\/tr>\n<tr>\n<th class=\"col label\" scope=\"row\">Kundensegmentierung<\/th>\n<td class=\"col data\" data-th=\"Ph\u00e2n kh\u00fac kh\u00e1ch h\u00e0ng\">Enterprise<\/td>\n<\/tr>\n<tr>\n<th class=\"col label\" scope=\"row\">Art der Registrierung<\/th>\n<td class=\"col data\" data-th=\"Lo\u1ea1i h\u00ecnh \u0111\u0103ng k\u00fd\">Abonnieren<\/td>\n<\/tr>\n<tr>\n<th class=\"col label\" scope=\"row\">Systeminstallation<\/th>\n<td class=\"col data\" data-th=\"C\u00e0i \u0111\u1eb7t h\u1ec7 th\u1ed1ng\">Server<\/td>\n<\/tr>\n<\/tbody>\n<\/table>","protected":false},"excerpt":{"rendered":"<table class=\"table-attributes table2\">\n<tbody>\n<tr>\n<th scope=\"row\">Die Firma<\/th>\n<td data-th=\"H\u00e3ng\">\n                                            ESET                                          <\/td>\n<\/tr>\n<tr>\n<th scope=\"row\">Lizenzformular<\/th>\n<td data-th=\"H\u00ecnh th\u1ee9c c\u1ea5p ph\u00e9p\">\n                                            Lizenz                                          <\/td>\n<\/tr>\n<tr>\n<th scope=\"row\">Kundensegmentierung<\/th>\n<td data-th=\"Ph\u00e2n kh\u00fac kh\u00e1ch h\u00e0ng\">\n                                            Enterprise                                          <\/td>\n<\/tr>\n<tr>\n<th scope=\"row\">Art der Registrierung<\/th>\n<td data-th=\"Lo\u1ea1i h\u00ecnh \u0111\u0103ng k\u00fd\">\n                                            Abonnieren                                          <\/td>\n<\/tr>\n<tr>\n<th scope=\"row\">Systeminstallation<\/th>\n<td data-th=\"C\u00e0i \u0111\u1eb7t h\u1ec7 th\u1ed1ng\">\n                                            Server                                          <\/td>\n<\/tr>\n<\/tbody>\n<\/table>","protected":false},"featured_media":40992,"comment_status":"closed","ping_status":"closed","template":"","meta":[],"pwb-brand":[],"product_cat":[3045],"product_tag":[5328,5462],"class_list":{"0":"post-40991","1":"product","2":"type-product","3":"status-publish","4":"has-post-thumbnail","6":"product_cat-bao-mat-he-thong","7":"product_tag-eset","8":"product_tag-phan-mem-eset-protect-enterprise-subscription","10":"first","11":"instock","12":"shipping-taxable","13":"product-type-simple"},"brands":[],"_links":{"self":[{"href":"https:\/\/azsoft.com\/de\/wp-json\/wp\/v2\/product\/40991","targetHints":{"allow":["GET"]}}],"collection":[{"href":"https:\/\/azsoft.com\/de\/wp-json\/wp\/v2\/product"}],"about":[{"href":"https:\/\/azsoft.com\/de\/wp-json\/wp\/v2\/types\/product"}],"replies":[{"embeddable":true,"href":"https:\/\/azsoft.com\/de\/wp-json\/wp\/v2\/comments?post=40991"}],"wp:featuredmedia":[{"embeddable":true,"href":"https:\/\/azsoft.com\/de\/wp-json\/wp\/v2\/media\/40992"}],"wp:attachment":[{"href":"https:\/\/azsoft.com\/de\/wp-json\/wp\/v2\/media?parent=40991"}],"wp:term":[{"taxonomy":"pwb-brand","embeddable":true,"href":"https:\/\/azsoft.com\/de\/wp-json\/wp\/v2\/pwb-brand?post=40991"},{"taxonomy":"product_cat","embeddable":true,"href":"https:\/\/azsoft.com\/de\/wp-json\/wp\/v2\/product_cat?post=40991"},{"taxonomy":"product_tag","embeddable":true,"href":"https:\/\/azsoft.com\/de\/wp-json\/wp\/v2\/product_tag?post=40991"}],"curies":[{"name":"wp","href":"https:\/\/api.w.org\/{rel}","templated":true}]}}