{"id":14304,"date":"2024-07-09T12:49:11","date_gmt":"2024-07-09T05:49:11","guid":{"rendered":"http:\/\/azsoft.com\/-product-\/uncategorized\/hard-drive-filerecovery-software\/"},"modified":"2024-07-13T23:17:16","modified_gmt":"2024-07-13T16:17:16","slug":"hard-drive-filerecovery-software","status":"publish","type":"product","link":"https:\/\/azsoft.com\/de\/-product-\/phan-mem\/phan-mem-he-thong\/backup-recovery\/hard-drive-filerecovery-software\/","title":{"rendered":"Hard Drive FILERECOVERY Software"},"content":{"rendered":"<div class=\"additional-attributes-wrapper table-wrapper\">\n<table class=\"data table additional-attributes table1\" id=\"product-attribute-specs-table\">\n<caption class=\"table-caption\">More Information<\/caption>\n<tbody>\n<tr>\n<th class=\"col label\" scope=\"row\">Die Firma<\/th>\n<td class=\"col data\" data-th=\"H\u00e3ng\">LC Technology Europe<\/td>\n<\/tr>\n<tr>\n<th class=\"col label\" scope=\"row\">Lizenzformular<\/th>\n<td class=\"col data\" data-th=\"H\u00ecnh th\u1ee9c c\u1ea5p ph\u00e9p\">Lizenz<\/td>\n<\/tr>\n<tr>\n<th class=\"col label\" scope=\"row\">Kundensegmentierung<\/th>\n<td class=\"col data\" data-th=\"Ph\u00e2n kh\u00fac kh\u00e1ch h\u00e0ng\">KMU<\/td>\n<\/tr>\n<tr>\n<th class=\"col label\" scope=\"row\">Art der Registrierung<\/th>\n<td class=\"col data\" data-th=\"Lo\u1ea1i h\u00ecnh \u0111\u0103ng k\u00fd\">Abonnieren<\/td>\n<\/tr>\n<tr>\n<th class=\"col label\" scope=\"row\">Artikelstatus<\/th>\n<td class=\"col data\" data-th=\"Tr\u1ea1ng th\u00e1i h\u00e0ng\">Strumpf<\/td>\n<\/tr>\n<\/tbody>\n<\/table><\/div>","protected":false},"excerpt":{"rendered":"<table class=\"table-attributes table2\">\n<tbody>\n<tr>\n<th scope=\"row\">Die Firma<\/th>\n<td data-th=\"H\u00e3ng\">\n                                            LC Technology Europe                                          <\/td>\n<\/tr>\n<tr>\n<th scope=\"row\">Lizenzformular<\/th>\n<td data-th=\"H\u00ecnh th\u1ee9c c\u1ea5p ph\u00e9p\">\n                                            Lizenz                                          <\/td>\n<\/tr>\n<tr>\n<th scope=\"row\">Kundensegmentierung<\/th>\n<td data-th=\"Ph\u00e2n kh\u00fac kh\u00e1ch h\u00e0ng\">\n                                            KMU                                          <\/td>\n<\/tr>\n<tr>\n<th scope=\"row\">Art der Registrierung<\/th>\n<td data-th=\"Lo\u1ea1i h\u00ecnh \u0111\u0103ng k\u00fd\">\n                                            Abonnieren                                          <\/td>\n<\/tr>\n<tr>\n<th scope=\"row\">Artikelstatus<\/th>\n<td data-th=\"Tr\u1ea1ng th\u00e1i h\u00e0ng\">\n<p>            <span class=\"tit\"><i class=\"porto-icon-ok\"><\/i> Strumpf<\/span><\/p>\n<\/td>\n<\/tr>\n<\/tbody>\n<\/table>","protected":false},"featured_media":14305,"comment_status":"closed","ping_status":"closed","template":"","meta":[],"pwb-brand":[4303],"product_cat":[3035],"product_tag":[],"class_list":{"0":"post-14304","1":"product","2":"type-product","3":"status-publish","4":"has-post-thumbnail","6":"pwb-brand-lc-technology-europe","7":"product_cat-backup-recovery","9":"first","10":"instock","11":"shipping-taxable","12":"product-type-simple"},"brands":[{"id":4303,"name":"LC Technology Europe","slug":"lc-technology-europe"}],"_links":{"self":[{"href":"https:\/\/azsoft.com\/de\/wp-json\/wp\/v2\/product\/14304","targetHints":{"allow":["GET"]}}],"collection":[{"href":"https:\/\/azsoft.com\/de\/wp-json\/wp\/v2\/product"}],"about":[{"href":"https:\/\/azsoft.com\/de\/wp-json\/wp\/v2\/types\/product"}],"replies":[{"embeddable":true,"href":"https:\/\/azsoft.com\/de\/wp-json\/wp\/v2\/comments?post=14304"}],"wp:featuredmedia":[{"embeddable":true,"href":"https:\/\/azsoft.com\/de\/wp-json\/wp\/v2\/media\/14305"}],"wp:attachment":[{"href":"https:\/\/azsoft.com\/de\/wp-json\/wp\/v2\/media?parent=14304"}],"wp:term":[{"taxonomy":"pwb-brand","embeddable":true,"href":"https:\/\/azsoft.com\/de\/wp-json\/wp\/v2\/pwb-brand?post=14304"},{"taxonomy":"product_cat","embeddable":true,"href":"https:\/\/azsoft.com\/de\/wp-json\/wp\/v2\/product_cat?post=14304"},{"taxonomy":"product_tag","embeddable":true,"href":"https:\/\/azsoft.com\/de\/wp-json\/wp\/v2\/product_tag?post=14304"}],"curies":[{"name":"wp","href":"https:\/\/api.w.org\/{rel}","templated":true}]}}