{"id":10805,"date":"2024-07-08T18:20:31","date_gmt":"2024-07-08T11:20:31","guid":{"rendered":"http:\/\/azsoft.com\/-product-\/uncategorized\/nha-xuat-ban-microsoft-2021\/"},"modified":"2024-07-13T14:12:25","modified_gmt":"2024-07-13T07:12:25","slug":"nha-xuat-ban-microsoft-2021","status":"publish","type":"product","link":"https:\/\/azsoft.com\/de\/-product-\/phan-mem\/nha-xuat-ban-microsoft-2021\/","title":{"rendered":"Nh? xu?t b?n Microsoft 2021"},"content":{"rendered":"<div class=\"b-product__description_text\">\n Gi\u1ea3i <\/p>\n<p>ph\u00e1p ph\u1ea7n m\u1ec1m <strong>Microsoft Publisher 2021<\/strong> cho ph\u00e9p b\u1ea1n t\u1ea1o c\u00e1c \u1ea5n ph\u1ea9m kinh doanh v\u00e0 t\u00e0i li\u1ec7u ti\u1ebfp th\u1ecb ch\u1ea5t l\u01b0\u1ee3ng cao. Xem tr\u01b0\u1edbc c\u00e1c m\u1eabu t\u00edch h\u1ee3p, ph\u00f4ng ch\u1eef v\u00e0 b\u1ea3ng m\u00e0u \u0111\u00e3 ch\u1ecdn, ki\u1ec3m tra l\u1ed7i thi\u1ebft k\u1ebf v\u00e0 xu\u1ea5t b\u1ea3n v\u00e0 thay \u0111\u1ed5i t\u1eadp h\u1ee3p c\u00e1c kh\u1ed1i ti\u00eau chu\u1ea9n gi\u00fap d\u1ec5 d\u00e0ng t\u1ea1o b\u1ed1 c\u1ee5c, ngay c\u1ea3 \u0111\u1ed1i v\u1edbi nh\u1eefng ng\u01b0\u1eddi kh\u00f4ng c\u00f3 k\u1ef9 n\u0103ng thi\u1ebft k\u1ebf \u0111\u1ed3 h\u1ecda<\/p>\n<p>. <\/p>\n<p><strong>C\u00e1c t\u00ednh n\u0103ng ch\u00ednh c\u1ee7a Microsoft Publisher 2021:<\/strong><\/p>\n<ul>\n<li>Sau khi nh\u1eadp h\u00ecnh \u1ea3nh d\u1ef1 \u00e1n v\u00e0o kh\u00f4ng gian l\u00e0m vi\u1ec7c c\u1ee7a Publisher, b\u1ea1n c\u00f3 th\u1ec3 th\u00eam ho\u1eb7c x\u00f3a ch\u00fang kh\u1ecfi b\u1ed1 c\u1ee5c b\u1eb1ng c\u00e1ch k\u00e9o v\u00e0 th\u1ea3 ch\u00fang.<\/li>\n<li>Hi\u1ec7u \u1ee9ng chuy\u00ean nghi\u1ec7p cho v\u0103n b\u1ea3n, h\u00ecnh d\u1ea1ng v\u00e0 b\u1ea3n v\u1ebd (bao g\u1ed3m b\u00f3ng m\u1ec1m, ph\u1ea3n chi\u1ebfu v\u00e0 c\u00e1c t\u00ednh n\u0103ng OpenType kh\u00e1c nh\u01b0 ph\u1ed1i ch\u1eef v\u00e0 thay th\u1ebf phong c\u00e1ch).<\/li>\n<li>S\u1eed d\u1ee5ng \u1ea3nh c\u00f3 \u0111\u1ed9 ph\u00e2n gi\u1ea3i cao l\u00e0m n\u1ec1n trang \u0111\u1ec3 t\u1ea1o cho b\u1ed1 c\u1ee5c m\u1ed9t giao di\u1ec7n chuy\u00ean nghi\u1ec7p v\u00e0 ho\u00e0n h\u1ea3o.<\/li>\n<li>T\u00e0i li\u1ec7u \u0111\u01b0\u1ee3c l\u01b0u tr\u1eef trong \u0111\u00e1m m\u00e2y theo m\u1eb7c \u0111\u1ecbnh. \u0110\u1ec3 chia s\u1ebb ch\u00fang v\u00e0 l\u00e0m vi\u1ec7c v\u1edbi ch\u00fang v\u1edbi nh\u1eefng ng\u01b0\u1eddi d\u00f9ng kh\u00e1c, ch\u1ec9 c\u1ea7n g\u1eedi m\u1ed9t li\u00ean k\u1ebft. (Y\u00eau c\u1ea7u k\u1ebft n\u1ed1i Internet v\u00e0 t\u00e0i kho\u1ea3n Microsoft)<\/li>\n<li>L\u01b0u t\u1ea5t c\u1ea3 c\u00e1c trang \u1ea5n ph\u1ea9m v\u00e0 album \u1ea3nh d\u01b0\u1edbi d\u1ea1ng h\u00ecnh \u1ea3nh \u0111\u1ecbnh d\u1ea1ng ti\u00eau chu\u1ea9n (ch\u1eb3ng h\u1ea1n nh\u01b0 JPG) \u0111\u1ec3 in t\u1ea1i<\/li>\n<p> b\u1ea5t k\u1ef3 nh\u00e0 in n\u00e0o.<\/ul>\n<\/div>\n<li>Chia s\u1ebb b\u1ed1 c\u1ee5c qua email ho\u1eb7c g\u1eedi to\u00e0n b\u1ed9 \u1ea5n ph\u1ea9m qua email (\u1edf \u0111\u1ecbnh d\u1ea1ng HTML) &#8211; t\u1ea5t c\u1ea3 c\u00e1c trang s\u1ebd \u0111\u01b0\u1ee3c k\u1ebft h\u1ee3p th\u00e0nh m\u1ed9t email.<\/li>","protected":false},"excerpt":{"rendered":"<p>Gi\u1ea3i <\/p>\n<p>ph\u00e1p ph\u1ea7n m\u1ec1m Microsoft Publisher 2021 cho ph\u00e9p b\u1ea1n t\u1ea1o c\u00e1c \u1ea5n ph\u1ea9m kinh doanh v\u00e0 t\u00e0i li\u1ec7u ti\u1ebfp th\u1ecb ch\u1ea5t l\u01b0\u1ee3ng cao m\u00e0 kh\u00f4ng c\u1ea7n s\u1ef1 tr\u1ee3 gi\u00fap c\u1ee7a c\u00e1c nh\u00e0 thi\u1ebft k\u1ebf chuy\u00ean nghi\u1ec7p. C\u00e1c tr\u00ecnh h\u01b0\u1edbng d\u1eabn \u0111\u01b0\u1ee3c t\u00edch h\u1ee3p v\u00e0o khu v\u1ef1c t\u00e1c v\u1ee5 cho ph\u00e9p c\u00e1c t\u00e1c gi\u1ea3 d\u1ef1 \u00e1n d\u1ec5 d\u00e0ng v\u00e0 nhanh ch\u00f3ng s\u1eed d\u1ee5ng c\u00e1c t\u00f9y ch\u1ecdn thi\u1ebft k\u1ebf \u0111\u1ec3 t\u1ea1o t\u1eadp s\u00e1ch nh\u1ecf, th\u00f4ng b\u00e1o, b\u1ea3n tin, trang web<\/p>\n<p> v\u00e0 h\u01a1n th\u1ebf n\u1eefa.<\/p>","protected":false},"featured_media":10806,"comment_status":"closed","ping_status":"closed","template":"","meta":[],"pwb-brand":[3988],"product_cat":[2836],"product_tag":[],"class_list":{"0":"post-10805","1":"product","2":"type-product","3":"status-publish","4":"has-post-thumbnail","6":"pwb-brand-microsoft","7":"product_cat-phan-mem","9":"first","10":"instock","11":"shipping-taxable","12":"product-type-simple"},"brands":[{"id":3988,"name":"Microsoft","slug":"microsoft"}],"_links":{"self":[{"href":"https:\/\/azsoft.com\/de\/wp-json\/wp\/v2\/product\/10805","targetHints":{"allow":["GET"]}}],"collection":[{"href":"https:\/\/azsoft.com\/de\/wp-json\/wp\/v2\/product"}],"about":[{"href":"https:\/\/azsoft.com\/de\/wp-json\/wp\/v2\/types\/product"}],"replies":[{"embeddable":true,"href":"https:\/\/azsoft.com\/de\/wp-json\/wp\/v2\/comments?post=10805"}],"wp:featuredmedia":[{"embeddable":true,"href":"https:\/\/azsoft.com\/de\/wp-json\/wp\/v2\/media\/10806"}],"wp:attachment":[{"href":"https:\/\/azsoft.com\/de\/wp-json\/wp\/v2\/media?parent=10805"}],"wp:term":[{"taxonomy":"pwb-brand","embeddable":true,"href":"https:\/\/azsoft.com\/de\/wp-json\/wp\/v2\/pwb-brand?post=10805"},{"taxonomy":"product_cat","embeddable":true,"href":"https:\/\/azsoft.com\/de\/wp-json\/wp\/v2\/product_cat?post=10805"},{"taxonomy":"product_tag","embeddable":true,"href":"https:\/\/azsoft.com\/de\/wp-json\/wp\/v2\/product_tag?post=10805"}],"curies":[{"name":"wp","href":"https:\/\/api.w.org\/{rel}","templated":true}]}}