{"id":41844,"date":"2025-07-17T06:45:40","date_gmt":"2025-07-16T23:45:40","guid":{"rendered":"http:\/\/azsoft.com\/-product-\/uncategorized\/phan-mem-navicat-premium-1-year\/"},"modified":"2025-07-17T06:45:58","modified_gmt":"2025-07-16T23:45:58","slug":"phan-mem-navicat-premium-1-year","status":"publish","type":"product","link":"https:\/\/azsoft.com\/bn\/-product-\/phan-mem\/co-so-du-lieu\/quan-ly-database\/phan-mem-navicat-premium-1-year\/","title":{"rendered":"Ph\u1ea7n m\u1ec1m Navicat Premium 1 Year"},"content":{"rendered":"<div class=\"product attribute description\">\n<div class=\"value\">\n<div class=\"magezon-builder magezon-builder-preload\">\n<div class=\"o2sil74 mgz-element mgz-element-row full_width_row\">\n<div class=\"mgz-element-inner o2sil74-s\">\n<div class=\"inner-content mgz-container\">\n<div class=\"pgmrj7w mgz-element mgz-element-column mgz-col-xs-12\">\n<div class=\"mgz-element-inner pgmrj7w-s\">\n<div class=\"e18no2r mgz-element mgz-child mgz-element-text\">\n<div class=\"mgz-element-inner e18no2r-s\">\n<h3 dir=\"auto\"><strong>Gi\u1edbi thi\u1ec7u chi ti\u1ebft v\u1ec1 Ph\u1ea7n m\u1ec1m Navicat Premium Subscription License<\/strong><\/h3>\n<p dir=\"auto\">Navicat Premium l\u00e0 m\u1ed9t c\u00f4ng c\u1ee5 qu\u1ea3n l\u00fd v\u00e0 ph\u00e1t tri\u1ec3n c\u01a1 s\u1edf d\u1eef li\u1ec7u (database) m\u1ea1nh m\u1ebd, \u0111\u01b0\u1ee3c ph\u00e1t tri\u1ec3n b\u1edfi PremiumSoft CyberTech Ltd. Phi\u00ean b\u1ea3n <strong>Subscription License<\/strong> (gi\u1ea5y ph\u00e9p thu\u00ea bao) c\u1ee7a Navicat Premium cung c\u1ea5p gi\u1ea3i ph\u00e1p linh ho\u1ea1t, ti\u1ebft ki\u1ec7m chi ph\u00ed cho ng\u01b0\u1eddi d\u00f9ng c\u00e1 nh\u00e2n, doanh nghi\u1ec7p, ho\u1eb7c t\u1ed5 ch\u1ee9c c\u1ea7n m\u1ed9t c\u00f4ng c\u1ee5 qu\u1ea3n l\u00fd \u0111a c\u01a1 s\u1edf d\u1eef li\u1ec7u v\u1edbi c\u00e1c t\u00ednh n\u0103ng ti\u00ean ti\u1ebfn. Ph\u1ea7n m\u1ec1m n\u00e0y h\u1ed7 tr\u1ee3 k\u1ebft n\u1ed1i \u0111\u1ed3ng th\u1eddi v\u1edbi nhi\u1ec1u h\u1ec7 qu\u1ea3n tr\u1ecb c\u01a1 s\u1edf d\u1eef li\u1ec7u (DBMS) nh\u01b0 <strong>MySQL, PostgreSQL, MongoDB, MariaDB, SQL Server, Oracle, SQLite, Redis, v\u00e0 Snowflake<\/strong> trong m\u1ed9t giao di\u1ec7n duy nh\u1ea5t, gi\u00fap \u0111\u01a1n gi\u1ea3n h\u00f3a vi\u1ec7c qu\u1ea3n l\u00fd v\u00e0 ph\u00e1t tri\u1ec3n c\u01a1 s\u1edf d\u1eef li\u1ec7u. Subscription License mang l\u1ea1i l\u1ee3i \u00edch v\u1ec1 chi ph\u00ed ban \u0111\u1ea7u th\u1ea5p, lu\u00f4n c\u1eadp nh\u1eadt phi\u00ean b\u1ea3n m\u1edbi nh\u1ea5t, v\u00e0 h\u1ed7 tr\u1ee3 k\u1ef9 thu\u1eadt \u01b0u ti\u00ean, ph\u00f9 h\u1ee3p cho c\u00e1c d\u1ef1 \u00e1n ng\u1eafn h\u1ea1n ho\u1eb7c ng\u01b0\u1eddi d\u00f9ng mu\u1ed1n linh ho\u1ea1t trong vi\u1ec7c thanh to\u00e1n.<\/p>\n<h4 dir=\"auto\"><strong><span style=\"font-size: 16px\">\u0110\u1eb7c \u0111i\u1ec3m n\u1ed5i b\u1eadt c\u1ee7a Navicat Premium Subscription License<\/span><\/strong><\/h4>\n<ol dir=\"auto\">\n<li><strong>K\u1ebft n\u1ed1i \u0111a n\u1ec1n t\u1ea3ng v\u00e0 \u0111a c\u01a1 s\u1edf d\u1eef li\u1ec7u<\/strong>:\n<ul dir=\"auto\">\n<li>H\u1ed7 tr\u1ee3 \u0111\u1ed3ng th\u1eddi nhi\u1ec1u h\u1ec7 qu\u1ea3n tr\u1ecb c\u01a1 s\u1edf d\u1eef li\u1ec7u, cho ph\u00e9p ng\u01b0\u1eddi d\u00f9ng qu\u1ea3n l\u00fd c\u00e1c c\u01a1 s\u1edf d\u1eef li\u1ec7u kh\u00e1c nhau (SQL v\u00e0 NoSQL) t\u1eeb m\u1ed9t \u1ee9ng d\u1ee5ng duy nh\u1ea5t.<\/li>\n<li>T\u01b0\u01a1ng th\u00edch v\u1edbi <strong>Windows, macOS, Linux<\/strong>, v\u00e0 h\u1ed7 tr\u1ee3 <strong>cross-platform licensing<\/strong>, cho ph\u00e9p s\u1eed d\u1ee5ng m\u1ed9t gi\u1ea5y ph\u00e9p tr\u00ean nhi\u1ec1u h\u1ec7 \u0111i\u1ec1u h\u00e0nh.<\/li>\n<li>K\u1ebft n\u1ed1i v\u1edbi c\u00e1c d\u1ecbch v\u1ee5 \u0111\u00e1m m\u00e2y nh\u01b0 <strong>Amazon RDS, Microsoft Azure, Google Cloud, Oracle Cloud<\/strong>, v\u00e0 h\u01a1n th\u1ebf n\u1eefa.<\/li>\n<\/ul>\n<\/li>\n<li><strong>C\u00f4ng c\u1ee5 qu\u1ea3n l\u00fd v\u00e0 ph\u00e1t tri\u1ec3n m\u1ea1nh m\u1ebd<\/strong>:\n<ul dir=\"auto\">\n<li><strong>Data Transfer, Data Synchronization, Structure Synchronization<\/strong>: Cho ph\u00e9p chuy\u1ec3n d\u1eef li\u1ec7u, \u0111\u1ed3ng b\u1ed9 h\u00f3a d\u1eef li\u1ec7u v\u00e0 c\u1ea5u tr\u00fac gi\u1eefa c\u00e1c c\u01a1 s\u1edf d\u1eef li\u1ec7u v\u1edbi giao di\u1ec7n tr\u1ef1c quan v\u00e0 k\u1ecbch b\u1ea3n chi ti\u1ebft.<\/li>\n<li><strong>Query Builder v\u00e0 Code Completion<\/strong>: H\u1ed7 tr\u1ee3 vi\u1ebft v\u00e0 ch\u1ec9nh s\u1eeda truy v\u1ea5n SQL d\u1ec5 d\u00e0ng v\u1edbi g\u1ee3i \u00fd m\u00e3 th\u00f4ng minh.<\/li>\n<li><strong>Data Visualization v\u00e0 BI Tools<\/strong>: T\u00edch h\u1ee3p c\u00e1c c\u00f4ng c\u1ee5 nh\u01b0 <strong>Chart Builder<\/strong> \u0111\u1ec3 tr\u1ef1c quan h\u00f3a d\u1eef li\u1ec7u, t\u1ea1o b\u00e1o c\u00e1o v\u00e0 dashboard, gi\u00fap ph\u00e2n t\u00edch d\u1eef li\u1ec7u hi\u1ec7u qu\u1ea3.<\/li>\n<li><strong>Data Modeling<\/strong>: H\u1ed7 tr\u1ee3 thi\u1ebft k\u1ebf m\u00f4 h\u00ecnh c\u01a1 s\u1edf d\u1eef li\u1ec7u v\u1edbi <strong>Navicat Data Modeler<\/strong>, s\u1eed d\u1ee5ng c\u00e1c ph\u01b0\u01a1ng ph\u00e1p quan h\u1ec7, chi\u1ec1u, ho\u1eb7c Data Vault 2.0.<\/li>\n<\/ul>\n<\/li>\n<li><strong>T\u00ednh n\u0103ng qu\u1ea3n l\u00fd n\u00e2ng cao<\/strong>:\n<ul dir=\"auto\">\n<li><strong>Navicat Cloud<\/strong>: Cho ph\u00e9p l\u01b0u tr\u1eef c\u1ea5u h\u00ecnh, truy v\u1ea5n, v\u00e0 m\u00f4 h\u00ecnh tr\u00ean \u0111\u00e1m m\u00e2y, h\u1ed7 tr\u1ee3 c\u1ed9ng t\u00e1c nh\u00f3m v\u00e0 truy c\u1eadp t\u1eeb xa.<\/li>\n<li><strong>Automation and Scheduling<\/strong>: T\u1ef1 \u0111\u1ed9ng h\u00f3a c\u00e1c t\u00e1c v\u1ee5 nh\u01b0 sao l\u01b0u, \u0111\u1ed3ng b\u1ed9 d\u1eef li\u1ec7u, ho\u1eb7c ch\u1ea1y b\u00e1o c\u00e1o theo l\u1ecbch tr\u00ecnh.<\/li>\n<li><strong>Import\/Export Wizard<\/strong>: H\u1ed7 tr\u1ee3 nh\u1eadp\/xu\u1ea5t d\u1eef li\u1ec7u t\u1eeb nhi\u1ec1u \u0111\u1ecbnh d\u1ea1ng nh\u01b0 CSV, Excel, JSON, XML, v\u00e0 h\u01a1n th\u1ebf n\u1eefa.<\/li>\n<\/ul>\n<\/li>\n<li><strong>B\u1ea3o m\u1eadt v\u00e0 t\u1ed1i \u01b0u h\u00f3a<\/strong>:\n<ul dir=\"auto\">\n<li>H\u1ed7 tr\u1ee3 <strong>SSH Tunneling<\/strong>, <strong>SSL<\/strong>, v\u00e0 <strong>m\u00e3 h\u00f3a k\u1ebft n\u1ed1i<\/strong> \u0111\u1ec3 \u0111\u1ea3m b\u1ea3o an to\u00e0n d\u1eef li\u1ec7u.<\/li>\n<li>T\u00edch h\u1ee3p v\u1edbi <strong>Windows AD, LDAP<\/strong> v\u00e0 c\u00e1c h\u1ec7 th\u1ed1ng x\u00e1c th\u1ef1c b\u00ean ngo\u00e0i.<\/li>\n<li><strong>Query Optimization<\/strong>: Ph\u00e2n t\u00edch v\u00e0 t\u1ed1i \u01b0u h\u00f3a truy v\u1ea5n \u0111\u1ec3 c\u1ea3i thi\u1ec7n hi\u1ec7u su\u1ea5t c\u01a1 s\u1edf d\u1eef li\u1ec7u.<\/li>\n<\/ul>\n<\/li>\n<li><strong>\u01afu \u0111i\u1ec3m c\u1ee7a Subscription License<\/strong>:\n<ul dir=\"auto\">\n<li><strong>Chi ph\u00ed ban \u0111\u1ea7u th\u1ea5p<\/strong>: Thanh to\u00e1n theo th\u00e1ng ho\u1eb7c n\u0103m, ph\u00f9 h\u1ee3p cho c\u00e1c d\u1ef1 \u00e1n ng\u1eafn h\u1ea1n ho\u1eb7c ng\u01b0\u1eddi d\u00f9ng kh\u00f4ng mu\u1ed1n \u0111\u1ea7u t\u01b0 l\u1edbn ngay t\u1eeb \u0111\u1ea7u.<\/li>\n<li><strong>Lu\u00f4n c\u1eadp nh\u1eadt phi\u00ean b\u1ea3n m\u1edbi nh\u1ea5t<\/strong>: Ng\u01b0\u1eddi d\u00f9ng nh\u1eadn \u0111\u01b0\u1ee3c c\u00e1c b\u1ea3n c\u1eadp nh\u1eadt ph\u1ea7n m\u1ec1m, bao g\u1ed3m c\u1ea3 c\u00e1c b\u1ea3n ph\u00e1t h\u00e0nh l\u1edbn (major releases) v\u00e0 s\u1eeda l\u1ed7i (bug fixes) m\u00e0 kh\u00f4ng ph\u1ea3i tr\u1ea3 th\u00eam ph\u00ed.<\/li>\n<li><strong>H\u1ed7 tr\u1ee3 k\u1ef9 thu\u1eadt \u01b0u ti\u00ean<\/strong>: Bao g\u1ed3m h\u1ed7 tr\u1ee3 qua email v\u00e0 live chat trong su\u1ed1t th\u1eddi gian thu\u00ea bao.<\/li>\n<li><strong>Linh ho\u1ea1t thanh to\u00e1n<\/strong>: C\u00f3 th\u1ec3 h\u1ee7y ho\u1eb7c gia h\u1ea1n thu\u00ea bao b\u1ea5t k\u1ef3 l\u00fac n\u00e0o, t\u00f9y thu\u1ed9c v\u00e0o nhu c\u1ea7u s\u1eed d\u1ee5ng.<\/li>\n<\/ul>\n<\/li>\n<\/ol>\n<\/div>\n<\/div>\n<\/div>\n<\/div>\n<\/div>\n<\/div>\n<\/div>\n<div class=\"dvx1qtx mgz-element mgz-element-row full_width_row\">\n<div class=\"mgz-element-inner dvx1qtx-s\">\n<div class=\"inner-content mgz-container\">\n<div class=\"xfibi2r mgz-element mgz-element-column mgz-col-xs-12\">\n<div class=\"mgz-element-inner xfibi2r-s\">\n<div class=\"rujnlbg mgz-element mgz-child mgz-element-text\">\n<div class=\"mgz-element-inner rujnlbg-s\">\n<h4><strong><span style=\"font-size: 16px\">So s\u00e1nh Navicat Premium Subscription License v\u00e0 Perpetual License<\/span><\/strong><\/h4>\n<table border=\"1\" cellpadding=\"5\" cellspacing=\"5\">\n<thead>\n<tr>\n<th><strong>Ti\u00eau ch\u00ed<\/strong><\/th>\n<th><strong>Subscription License (Monthly\/Yearly)<\/strong><\/th>\n<th><strong>Perpetual License<\/strong><\/th>\n<\/tr>\n<\/thead>\n<tbody>\n<tr>\n<td><strong>M\u00f4 h\u00ecnh c\u1ea5p ph\u00e9p<\/strong><\/td>\n<td>Thu\u00ea bao (tr\u1ea3 ph\u00ed h\u00e0ng th\u00e1ng ho\u1eb7c h\u00e0ng n\u0103m).<\/td>\n<td>Mua m\u1ed9t l\u1ea7n, s\u1edf h\u1eefu v\u0129nh vi\u1ec5n.<\/td>\n<\/tr>\n<tr>\n<td><strong>Chi ph\u00ed ban \u0111\u1ea7u<\/strong><\/td>\n<td>Th\u1ea5p, b\u1eaft \u0111\u1ea7u t\u1eeb <strong>39.99 USD\/th\u00e1ng<\/strong> (ho\u1eb7c th\u1ea5p h\u01a1n v\u1edbi g\u00f3i n\u0103m).<\/td>\n<td>Cao, kho\u1ea3ng <strong>1.299 USD<\/strong> (gi\u00e1 b\u00e1n l\u1ebb, c\u00f3 th\u1ec3 th\u1ea5p h\u01a1n qua \u0111\u1ea1i l\u00fd).<\/td>\n<\/tr>\n<tr>\n<td><strong>Chi ph\u00ed d\u00e0i h\u1ea1n<\/strong><\/td>\n<td>Chi ph\u00ed \u0111\u1ecbnh k\u1ef3, ph\u00f9 h\u1ee3p cho d\u1ef1 \u00e1n ng\u1eafn h\u1ea1n ho\u1eb7c nhu c\u1ea7u t\u1ea1m th\u1eddi.<\/td>\n<td>Ti\u1ebft ki\u1ec7m h\u01a1n n\u1ebfu s\u1eed d\u1ee5ng l\u00e2u d\u00e0i (&gt;3-4 n\u0103m), kh\u00f4ng c\u1ea7n tr\u1ea3 ph\u00ed \u0111\u1ecbnh k\u1ef3.<\/td>\n<\/tr>\n<tr>\n<td><strong>C\u1eadp nh\u1eadt ph\u1ea7n m\u1ec1m<\/strong><\/td>\n<td>Mi\u1ec5n ph\u00ed nh\u1eadn t\u1ea5t c\u1ea3 b\u1ea3n c\u1eadp nh\u1eadt (bao g\u1ed3m c\u1ea3 b\u1ea3n ph\u00e1t h\u00e0nh l\u1edbn &#8211; major releases) trong th\u1eddi gian thu\u00ea bao.<\/td>\n<td>Mi\u1ec5n ph\u00ed nh\u1eadn c\u1eadp nh\u1eadt nh\u1ecf (minor updates, v\u00ed d\u1ee5: 16.1 -&gt; 16.2). C\u1eadp nh\u1eadt l\u1edbn (16 -&gt; 17) y\u00eau c\u1ea7u mua <strong>Upgrade License<\/strong> (50% gi\u00e1 b\u1ea3n m\u1edbi).<\/td>\n<\/tr>\n<tr>\n<td><strong>H\u1ed7 tr\u1ee3 k\u1ef9 thu\u1eadt<\/strong><\/td>\n<td>H\u1ed7 tr\u1ee3 \u01b0u ti\u00ean qua email v\u00e0 live chat trong su\u1ed1t th\u1eddi gian thu\u00ea bao.<\/td>\n<td>H\u1ed7 tr\u1ee3 \u01b0u ti\u00ean ch\u1ec9 trong 90 ng\u00e0y \u0111\u1ea7u sau mua. Sau \u0111\u00f3, c\u1ea7n mua <strong>Software Maintenance Plan<\/strong> \u0111\u1ec3 ti\u1ebfp t\u1ee5c nh\u1eadn h\u1ed7 tr\u1ee3 v\u00e0 c\u1eadp nh\u1eadt.<\/td>\n<\/tr>\n<tr>\n<td><strong>Th\u1eddi h\u1ea1n s\u1eed d\u1ee5ng<\/strong><\/td>\n<td>Ch\u1ec9 s\u1eed d\u1ee5ng \u0111\u01b0\u1ee3c trong th\u1eddi gian thu\u00ea bao c\u00f2n hi\u1ec7u l\u1ef1c.<\/td>\n<td>V\u0129nh vi\u1ec5n, kh\u00f4ng b\u1ecb gi\u1edbi h\u1ea1n th\u1eddi gian s\u1eed d\u1ee5ng.<\/td>\n<\/tr>\n<tr>\n<td><strong>Linh ho\u1ea1t thanh to\u00e1n<\/strong><\/td>\n<td>Linh ho\u1ea1t, c\u00f3 th\u1ec3 h\u1ee7y ho\u1eb7c gia h\u1ea1n b\u1ea5t k\u1ef3 l\u00fac n\u00e0o.<\/td>\n<td>Thanh to\u00e1n m\u1ed9t l\u1ea7n, kh\u00f4ng th\u1ec3 ho\u00e0n ti\u1ec1n sau khi mua.<\/td>\n<\/tr>\n<tr>\n<td><strong>T\u00ednh n\u0103ng<\/strong><\/td>\n<td>T\u01b0\u01a1ng t\u1ef1 b\u1ea3n Enterprise, bao g\u1ed3m t\u1ea5t c\u1ea3 t\u00ednh n\u0103ng c\u1ee7a Navicat Premium.<\/td>\n<td>T\u01b0\u01a1ng t\u1ef1 b\u1ea3n Enterprise, bao g\u1ed3m t\u1ea5t c\u1ea3 t\u00ednh n\u0103ng c\u1ee7a Navicat Premium.<\/td>\n<\/tr>\n<tr>\n<td><strong>H\u1ed7 tr\u1ee3 \u0111a n\u1ec1n t\u1ea3ng<\/strong><\/td>\n<td>C\u00f3, s\u1eed d\u1ee5ng tr\u00ean Windows, macOS, Linux v\u1edbi c\u00f9ng m\u1ed9t gi\u1ea5y ph\u00e9p.<\/td>\n<td>C\u00f3, s\u1eed d\u1ee5ng tr\u00ean Windows, macOS, Linux v\u1edbi c\u00f9ng m\u1ed9t gi\u1ea5y ph\u00e9p.<\/td>\n<\/tr>\n<tr>\n<td><strong>Navicat Cloud<\/strong><\/td>\n<td>Bao g\u1ed3m quy\u1ec1n truy c\u1eadp Navicat Cloud \u0111\u1ec3 l\u01b0u tr\u1eef v\u00e0 c\u1ed9ng t\u00e1c.<\/td>\n<td>Bao g\u1ed3m quy\u1ec1n truy c\u1eadp Navicat Cloud \u0111\u1ec3 l\u01b0u tr\u1eef v\u00e0 c\u1ed9ng t\u00e1c.<\/td>\n<\/tr>\n<tr>\n<td><strong>Kh\u1ea3 n\u0103ng chuy\u1ec3n \u0111\u1ed5i n\u1ec1n t\u1ea3ng<\/strong><\/td>\n<td>C\u00f3 th\u1ec3 chuy\u1ec3n \u0111\u1ed5i gi\u1eefa c\u00e1c n\u1ec1n t\u1ea3ng (Windows\/macOS\/Linux) trong th\u1eddi gian thu\u00ea bao.<\/td>\n<td>C\u00f3 th\u1ec3 chuy\u1ec3n \u0111\u1ed5i gi\u1eefa c\u00e1c n\u1ec1n t\u1ea3ng (Windows\/macOS\/Linux) b\u1ea5t k\u1ef3 l\u00fac n\u00e0o.<\/td>\n<\/tr>\n<tr>\n<td><strong>Ph\u00f9 h\u1ee3p v\u1edbi<\/strong><\/td>\n<td>&#8211; C\u00e1c d\u1ef1 \u00e1n ng\u1eafn h\u1ea1n.<br \/>&#8211; Ng\u01b0\u1eddi d\u00f9ng c\u1ea7n c\u1eadp nh\u1eadt th\u01b0\u1eddng xuy\u00ean.<br \/>&#8211; Doanh nghi\u1ec7p nh\u1ecf ho\u1eb7c c\u00e1 nh\u00e2n mu\u1ed1n chi ph\u00ed ban \u0111\u1ea7u th\u1ea5p.<\/td>\n<td>&#8211; Ng\u01b0\u1eddi d\u00f9ng ho\u1eb7c t\u1ed5 ch\u1ee9c s\u1eed d\u1ee5ng d\u00e0i h\u1ea1n (&gt;3-4 n\u0103m).<br \/>&#8211; Kh\u00f4ng mu\u1ed1n chi ph\u00ed \u0111\u1ecbnh k\u1ef3.<br \/>&#8211; C\u1ea7n quy\u1ec1n s\u1edf h\u1eefu v\u0129nh vi\u1ec5n.<\/td>\n<\/tr>\n<tr>\n<td><strong>Phi\u00ean b\u1ea3n Non-Commercial<\/strong><\/td>\n<td>C\u00f3, d\u00e0nh cho t\u1ed5 ch\u1ee9c gi\u00e1o d\u1ee5c\/phi l\u1ee3i nhu\u1eadn v\u1edbi chi ph\u00ed th\u1ea5p h\u01a1n.<\/td>\n<td>C\u00f3, d\u00e0nh cho t\u1ed5 ch\u1ee9c gi\u00e1o d\u1ee5c\/phi l\u1ee3i nhu\u1eadn v\u1edbi chi ph\u00ed th\u1ea5p h\u01a1n.<\/td>\n<\/tr>\n<tr>\n<td><strong>B\u1ea3o h\u00e0nh c\u1eadp nh\u1eadt l\u1edbn<\/strong><\/td>\n<td>T\u1ef1 \u0111\u1ed9ng nh\u1eadn b\u1ea3n ph\u00e1t h\u00e0nh l\u1edbn trong th\u1eddi gian thu\u00ea bao.<\/td>\n<td>Mi\u1ec5n ph\u00ed n\u00e2ng c\u1ea5p l\u1edbn n\u1ebfu mua trong v\u00f2ng <strong>90 ng\u00e0y<\/strong> tr\u01b0\u1edbc khi ph\u00e1t h\u00e0nh b\u1ea3n m\u1edbi.<\/td>\n<\/tr>\n<\/tbody>\n<\/table>\n<\/div>\n<\/div>\n<\/div>\n<\/div>\n<\/div>\n<\/div>\n<\/div>\n<div class=\"isy9t6v mgz-element mgz-element-row full_width_row\">\n<div class=\"mgz-element-inner isy9t6v-s\">\n<div class=\"inner-content mgz-container\">\n<div class=\"da9ronk mgz-element mgz-element-column mgz-col-xs-12\">\n<div class=\"mgz-element-inner da9ronk-s\">\n<div class=\"bjkgoq5 mgz-element mgz-child mgz-element-text\">\n<div class=\"mgz-element-inner bjkgoq5-s\">\n<div style=\"padding: 15px\"><\/div>\n<div style=\"font-family: TAHOMA;font-size: 16pt;font-weight: bold;color: white;background: #0078d4;padding: 20px;width: 100%\">Mua ph\u1ea7n m\u1ec1m Navicat b\u1ea3n quy\u1ec1n t\u1ea1i AzSoft<\/div>\n<table style=\"width: 100%\">\n<tbody>\n<tr>\n<td style=\"font-family: TAHOMA;font-size: 13pt;padding: 10px 20px;text-align: justify;line-height: 150%;width: 91.4759%\">\n<p>Soft365 \u0111\u01b0\u1ee3c ch\u1ee9ng nh\u1eadn l\u00e0 <span style=\"text-decoration: underline\">Solution Partner h\u00e0ng \u0111\u1ea7u c\u1ee7a Microsoft t\u1ea1i Vi\u1ec7t Nam.<\/span> Tr\u1ea3i qua 15 n\u0103m h\u00ecnh th\u00e0nh ph\u00e1t tri\u1ec3n v\u00e0 gi\u1eef v\u1eefng v\u1ecb th\u1ebf tr\u00ean th\u1ecb tr\u01b0\u1eddng, ch\u00fang t\u00f4i t\u1ef1 h\u00e0o mang \u0111\u1ebfn cho qu\u00fd kh\u00e1ch h\u00e0ng gi\u1ea3i ph\u00e1p ph\u1ea7n m\u1ec1m b\u1ea3n quy\u1ec1n ch\u00ednh h\u00e3ng v\u1edbi m\u1ee9c gi\u00e1 \u01b0u \u0111\u00e3i, d\u1ecbch v\u1ee5 t\u01b0 v\u1ea5n v\u00e0 h\u1ed7 tr\u1ee3 ho\u00e0n h\u1ea3o.<\/p>\n<p><\/p>\n<p><img decoding=\"async\" src=\"http:\/\/azsoft.com\/wp-content\/uploads\/2025\/07\/slack_icon-57.png\" width=\"15\" title=\"slack_icon-57\"> H\u1ed7 tr\u1ee3 t\u01b0 v\u1ea5n \u2013 k\u1ef9 thu\u1eadt k\u1ecbp th\u1eddi: T\u01b0 v\u1ea5n v\u00e0 gi\u1ea3i quy\u1ebft c\u00e1c v\u1ea5n \u0111\u1ec1 k\u1ef9 thu\u1eadt 24\/7 t\u1ea5t c\u1ea3 c\u00e1c ng\u00e0y trong tu\u1ea7n.<\/p>\n<p><img decoding=\"async\" src=\"http:\/\/azsoft.com\/wp-content\/uploads\/2025\/07\/slack_icon-57.png\" width=\"15\" title=\"slack_icon-57\"> \u0110\u1ed1i t\u00e1c uy t\u00edn \u2013 Gi\u00e1 c\u1ea3 c\u1ea1nh tranh: Cung c\u1ea5p ph\u1ea7n m\u1ec1m b\u1ea3n quy\u1ec1n t\u1edbi kh\u00e1ch h\u00e0ng v\u1edbi gi\u00e1 t\u1ed1t nh\u1ea5t<\/p>\n<p><img decoding=\"async\" src=\"http:\/\/azsoft.com\/wp-content\/uploads\/2025\/07\/slack_icon-57.png\" width=\"15\" title=\"slack_icon-57\"> Tri\u1ec3n khai nhanh ch\u00f3ng \u2013 chuy\u00ean nghi\u1ec7p: \u0110\u1ed9i ng\u0169 k\u1ef9 thu\u1eadt c\u00f3 nhi\u1ec1u n\u0103m kinh nghi\u1ec7m trong vi\u1ec7c tri\u1ec3n khai.<\/p>\n<\/td>\n<td style=\"width: 8.45304%\"><\/td>\n<\/tr>\n<\/tbody>\n<\/table>\n<\/div>\n<\/div>\n<\/div>\n<\/div>\n<\/div>\n<\/div>\n<\/div>\n<\/div>\n<\/div>\n<\/div>\n<table class=\"data table additional-attributes table1\" id=\"product-attribute-specs-table\">\n<caption class=\"table-caption\">More Information<\/caption>\n<tbody>\n<tr>\n<th class=\"col label\" scope=\"row\">H\u00e3ng<\/th>\n<td class=\"col data\" data-th=\"H\u00e3ng\">PremiumSoft CyberTech<\/td>\n<\/tr>\n<tr>\n<th class=\"col label\" scope=\"row\">H\u00ecnh th\u1ee9c c\u1ea5p ph\u00e9p<\/th>\n<td class=\"col data\" data-th=\"H\u00ecnh th\u1ee9c c\u1ea5p ph\u00e9p\">License<\/td>\n<\/tr>\n<tr>\n<th class=\"col label\" scope=\"row\">Ph\u00e2n kh\u00fac kh\u00e1ch h\u00e0ng<\/th>\n<td class=\"col data\" data-th=\"Ph\u00e2n kh\u00fac kh\u00e1ch h\u00e0ng\">Doanh nghi\u1ec7p SMB, Doanh nghi\u1ec7p Enterprise<\/td>\n<\/tr>\n<tr>\n<th class=\"col label\" scope=\"row\">Lo\u1ea1i h\u00ecnh \u0111\u0103ng k\u00fd<\/th>\n<td class=\"col data\" data-th=\"Lo\u1ea1i h\u00ecnh \u0111\u0103ng k\u00fd\">Thu\u00ea bao<\/td>\n<\/tr>\n<tr>\n<th class=\"col label\" scope=\"row\">B\u1ed9 gi\u1ea3i ph\u00e1p<\/th>\n<td class=\"col data\" data-th=\"B\u1ed9 gi\u1ea3i ph\u00e1p\">Qu\u1ea3n l\u00fd Database<\/td>\n<\/tr>\n<\/tbody>\n<\/table>\n<table class=\"data table additional-attributes table1\" id=\"product-attribute-specs-table\">\n<caption class=\"table-caption\">More Information<\/caption>\n<tbody>\n<tr>\n<th class=\"col label\" scope=\"row\">H\u00e3ng<\/th>\n<td class=\"col data\" data-th=\"H\u00e3ng\">PremiumSoft CyberTech<\/td>\n<\/tr>\n<tr>\n<th class=\"col label\" scope=\"row\">H\u00ecnh th\u1ee9c c\u1ea5p ph\u00e9p<\/th>\n<td class=\"col data\" data-th=\"H\u00ecnh th\u1ee9c c\u1ea5p ph\u00e9p\">License<\/td>\n<\/tr>\n<tr>\n<th class=\"col label\" scope=\"row\">Ph\u00e2n kh\u00fac kh\u00e1ch h\u00e0ng<\/th>\n<td class=\"col data\" data-th=\"Ph\u00e2n kh\u00fac kh\u00e1ch h\u00e0ng\">Doanh nghi\u1ec7p SMB, Doanh nghi\u1ec7p Enterprise<\/td>\n<\/tr>\n<tr>\n<th class=\"col label\" scope=\"row\">Lo\u1ea1i h\u00ecnh \u0111\u0103ng k\u00fd<\/th>\n<td class=\"col data\" data-th=\"Lo\u1ea1i h\u00ecnh \u0111\u0103ng k\u00fd\">Thu\u00ea bao<\/td>\n<\/tr>\n<tr>\n<th class=\"col label\" scope=\"row\">B\u1ed9 gi\u1ea3i ph\u00e1p<\/th>\n<td class=\"col data\" data-th=\"B\u1ed9 gi\u1ea3i ph\u00e1p\">Qu\u1ea3n l\u00fd Database<\/td>\n<\/tr>\n<\/tbody>\n<\/table>","protected":false},"excerpt":{"rendered":"<table class=\"table-attributes table2\">\n<tbody>\n<tr>\n<th scope=\"row\">H\u00e3ng<\/th>\n<td data-th=\"H\u00e3ng\">\n                                            PremiumSoft CyberTech                                          <\/td>\n<\/tr>\n<tr>\n<th scope=\"row\">H\u00ecnh th\u1ee9c c\u1ea5p ph\u00e9p<\/th>\n<td data-th=\"H\u00ecnh th\u1ee9c c\u1ea5p ph\u00e9p\">\n                                            License                                          <\/td>\n<\/tr>\n<tr>\n<th scope=\"row\">Ph\u00e2n kh\u00fac kh\u00e1ch h\u00e0ng<\/th>\n<td data-th=\"Ph\u00e2n kh\u00fac kh\u00e1ch h\u00e0ng\">\n                                            Doanh nghi\u1ec7p SMB, Doanh nghi\u1ec7p Enterprise                                          <\/td>\n<\/tr>\n<tr>\n<th scope=\"row\">Lo\u1ea1i h\u00ecnh \u0111\u0103ng k\u00fd<\/th>\n<td data-th=\"Lo\u1ea1i h\u00ecnh \u0111\u0103ng k\u00fd\">\n                                            Thu\u00ea bao                                          <\/td>\n<\/tr>\n<tr>\n<th scope=\"row\">B\u1ed9 gi\u1ea3i ph\u00e1p<\/th>\n<td data-th=\"B\u1ed9 gi\u1ea3i ph\u00e1p\">\n                                            Qu\u1ea3n l\u00fd Database                                          <\/td>\n<\/tr>\n<\/tbody>\n<\/table>","protected":false},"featured_media":41845,"comment_status":"closed","ping_status":"closed","template":"","meta":[],"pwb-brand":[],"product_cat":[3038],"product_tag":[5334,5455,5486,5487,25,5489,3756,5488,5490,5491,5485,5584,5155,2842,3461],"class_list":{"0":"post-41844","1":"product","2":"type-product","3":"status-publish","4":"has-post-thumbnail","6":"product_cat-quan-ly-database","7":"product_tag-co-so","8":"product_tag-danh-cho","9":"product_tag-data","10":"product_tag-database","11":"product_tag-man","12":"product_tag-mariadb","13":"product_tag-microsoft-azure","14":"product_tag-modeler","15":"product_tag-mongodb","16":"product_tag-mysql","17":"product_tag-navicat","18":"product_tag-navicat-premium-1-year","19":"product_tag-server","20":"product_tag-tiet-kiem-chi-phi","21":"product_tag-tot","23":"first","24":"instock","25":"shipping-taxable","26":"product-type-simple"},"brands":[],"_links":{"self":[{"href":"https:\/\/azsoft.com\/bn\/wp-json\/wp\/v2\/product\/41844","targetHints":{"allow":["GET"]}}],"collection":[{"href":"https:\/\/azsoft.com\/bn\/wp-json\/wp\/v2\/product"}],"about":[{"href":"https:\/\/azsoft.com\/bn\/wp-json\/wp\/v2\/types\/product"}],"replies":[{"embeddable":true,"href":"https:\/\/azsoft.com\/bn\/wp-json\/wp\/v2\/comments?post=41844"}],"wp:featuredmedia":[{"embeddable":true,"href":"https:\/\/azsoft.com\/bn\/wp-json\/wp\/v2\/media\/41845"}],"wp:attachment":[{"href":"https:\/\/azsoft.com\/bn\/wp-json\/wp\/v2\/media?parent=41844"}],"wp:term":[{"taxonomy":"pwb-brand","embeddable":true,"href":"https:\/\/azsoft.com\/bn\/wp-json\/wp\/v2\/pwb-brand?post=41844"},{"taxonomy":"product_cat","embeddable":true,"href":"https:\/\/azsoft.com\/bn\/wp-json\/wp\/v2\/product_cat?post=41844"},{"taxonomy":"product_tag","embeddable":true,"href":"https:\/\/azsoft.com\/bn\/wp-json\/wp\/v2\/product_tag?post=41844"}],"curies":[{"name":"wp","href":"https:\/\/api.w.org\/{rel}","templated":true}]}}