{"id":39919,"date":"2024-10-26T23:30:48","date_gmt":"2024-10-26T16:30:48","guid":{"rendered":"http:\/\/azsoft.com\/-product-\/uncategorized\/cap-chuyen-doi-usb-to-com-rs232-am-dai-15m-chinh-hang-ugreen-20201-cao-cap-ma-san-pham-20201\/"},"modified":"2024-10-26T23:30:54","modified_gmt":"2024-10-26T16:30:54","slug":"cap-chuyen-doi-usb-to-com-rs232-am-dai-15m-chinh-hang-ugreen-20201-cao-cap-ma-san-pham-20201","status":"publish","type":"product","link":"https:\/\/azsoft.com\/bn\/-product-\/hardware\/networking\/ubiquiti\/cap-chuyen-doi-usb-to-com-rs232-am-dai-15m-chinh-hang-ugreen-20201-cao-cap-ma-san-pham-20201\/","title":{"rendered":"C\u00e1p chuy\u1ec3n \u0111\u1ed5i USB to Com rs232 \u00e2m d\u00e0i 1,5m ch\u00ednh h\u00e3ng Ugreen 20201 cao c\u1ea5p M\u00e3 s\u1ea3n ph\u1ea9m: 20201"},"content":{"rendered":"<div class=\"showText tabs\" id=\"tab2\">\n                                    <\/div>","protected":false},"excerpt":{"rendered":"<ul>\n<p>C\u00e1p chuy\u1ec3n \u0111\u1ed5i USB to Com rs232 \u00e2m d\u00e0i 1,5m ch\u00ednh h\u00e3ng Ugreen 20201 cao c\u1ea5p<\/p>\n<p>Th\u00f4ng tin s\u1ea3n ph\u1ea9m : C\u00e1p USB to rs232 \u00e2m ch\u00ednh h\u00e3ng Ugreen 20201<\/p>\n<p>H\u00e3ng s\u1ea3n xu\u1ea5t : Ugreen<\/p>\n<p>M\u00e3 s\u1ea3n ph\u1ea9m : 20201<\/p>\n<p>C\u00e1p usb chu\u1ea9n 2.0 t\u1ed1c \u0111\u1ed9 cao t\u01b0\u01a1ng th\u00edch v\u1edbi usb 1.1<\/p>\n<p>C\u00e1p usb sang com RS232 ra 9 ch\u00e2n \u00e2m<\/p>\n<p>\u0110\u1ed9 d\u00e0i c\u00e1p 1,5 m\u00e9t.<\/p>\n<p>C\u00e1p usb sang Com rs232 \u1ee9ng d\u1ee5ng cho : M\u00e1y m\u00e3 v\u1ea1ch, m\u00e1y m\u00f3c c\u00f4ng nghi\u1ec7p, thi\u1ebft b\u1ecb \u0111o \u0111\u1ea1c, m\u00e1y c\u00f4ng c\u1ee5 CNC, PDA, \u0110i\u1ec1u khi\u1ec3n c\u00f4ng nghi\u1ec7p MCU \/ PLD \/ FPGA t\u1eeb c\u1ed5ng USB, c\u00e1c thi\u1ebft b\u1ecb ng\u00e0nh y t\u1ebf&#8230;<\/p>\n<p>T\u1ed1c \u0111\u1ed9 truy\u1ec1n d\u1eef li\u1ec7u l\u00ean \u0111\u1ebfn 1Mbps<\/p>\n<p>D\u00e2y usb to com Ugreen 20201 h\u1ed7 tr\u1ee3 cho Windows 7\/8\/10 (32\/64) \/ Vista (32\/64) \/ XP (32\/64) \/ Server 2008 (32\/64) \/ Server 2003 (32\/64). \/ ME\/98\/CE (v4.2 tr\u1edf l\u00ean) \/ Linux (2,4 tr\u1edf l\u00ean) Mac OS 8 v\u00e0 9.<\/p>\n<\/ul>","protected":false},"featured_media":39920,"comment_status":"closed","ping_status":"closed","template":"","meta":[],"pwb-brand":[],"product_cat":[3119],"product_tag":[50,5155],"class_list":{"0":"post-39919","1":"product","2":"type-product","3":"status-publish","4":"has-post-thumbnail","6":"product_cat-ubiquiti","7":"product_tag-green","8":"product_tag-server","10":"first","11":"instock","12":"shipping-taxable","13":"product-type-simple"},"brands":[],"_links":{"self":[{"href":"https:\/\/azsoft.com\/bn\/wp-json\/wp\/v2\/product\/39919","targetHints":{"allow":["GET"]}}],"collection":[{"href":"https:\/\/azsoft.com\/bn\/wp-json\/wp\/v2\/product"}],"about":[{"href":"https:\/\/azsoft.com\/bn\/wp-json\/wp\/v2\/types\/product"}],"replies":[{"embeddable":true,"href":"https:\/\/azsoft.com\/bn\/wp-json\/wp\/v2\/comments?post=39919"}],"wp:featuredmedia":[{"embeddable":true,"href":"https:\/\/azsoft.com\/bn\/wp-json\/wp\/v2\/media\/39920"}],"wp:attachment":[{"href":"https:\/\/azsoft.com\/bn\/wp-json\/wp\/v2\/media?parent=39919"}],"wp:term":[{"taxonomy":"pwb-brand","embeddable":true,"href":"https:\/\/azsoft.com\/bn\/wp-json\/wp\/v2\/pwb-brand?post=39919"},{"taxonomy":"product_cat","embeddable":true,"href":"https:\/\/azsoft.com\/bn\/wp-json\/wp\/v2\/product_cat?post=39919"},{"taxonomy":"product_tag","embeddable":true,"href":"https:\/\/azsoft.com\/bn\/wp-json\/wp\/v2\/product_tag?post=39919"}],"curies":[{"name":"wp","href":"https:\/\/api.w.org\/{rel}","templated":true}]}}