{"id":34849,"date":"2024-07-29T19:10:28","date_gmt":"2024-07-29T12:10:28","guid":{"rendered":"http:\/\/azsoft.com\/-product-\/uncategorized\/alertsite-hybrid-deployment\/"},"modified":"2024-07-29T19:10:33","modified_gmt":"2024-07-29T12:10:33","slug":"alertsite-hybrid-deployment","status":"publish","type":"product","link":"https:\/\/azsoft.com\/bn\/-product-\/phan-mem\/phan-mem-lap-trinh\/cong-cu-lap-trinh\/alertsite-hybrid-deployment\/","title":{"rendered":"AlertSite Hybrid Deployment"},"content":{"rendered":"<table class=\"data table additional-attributes table1\" id=\"product-attribute-specs-table\">\n<caption class=\"table-caption\">More Information<\/caption>\n<tbody>\n<tr>\n<th class=\"col label\" scope=\"row\">H\u00e3ng<\/th>\n<td class=\"col data\" data-th=\"H\u00e3ng\">SmartBear<\/td>\n<\/tr>\n<tr>\n<th class=\"col label\" scope=\"row\">H\u00ecnh th\u1ee9c c\u1ea5p ph\u00e9p<\/th>\n<td class=\"col data\" data-th=\"H\u00ecnh th\u1ee9c c\u1ea5p ph\u00e9p\">License<\/td>\n<\/tr>\n<tr>\n<th class=\"col label\" scope=\"row\">Ph\u00e2n kh\u00fac kh\u00e1ch h\u00e0ng<\/th>\n<td class=\"col data\" data-th=\"Ph\u00e2n kh\u00fac kh\u00e1ch h\u00e0ng\">SMB<\/td>\n<\/tr>\n<tr>\n<th class=\"col label\" scope=\"row\">Lo\u1ea1i h\u00ecnh \u0111\u0103ng k\u00fd<\/th>\n<td class=\"col data\" data-th=\"Lo\u1ea1i h\u00ecnh \u0111\u0103ng k\u00fd\">Thu\u00ea bao<\/td>\n<\/tr>\n<tr>\n<th class=\"col label\" scope=\"row\">C\u00e0i \u0111\u1eb7t h\u1ec7 th\u1ed1ng<\/th>\n<td class=\"col data\" data-th=\"C\u00e0i \u0111\u1eb7t h\u1ec7 th\u1ed1ng\">M\u00e1y tr\u1ea1m<\/td>\n<\/tr>\n<tr>\n<th class=\"col label\" scope=\"row\">Tr\u1ea1ng th\u00e1i h\u00e0ng<\/th>\n<td class=\"col data\" data-th=\"Tr\u1ea1ng th\u00e1i h\u00e0ng\">C\u00f2n h\u00e0ng<\/td>\n<\/tr>\n<\/tbody>\n<\/table>\n<table class=\"data table additional-attributes table1\" id=\"product-attribute-specs-table\">\n<caption class=\"table-caption\">More Information<\/caption>\n<tbody>\n<tr>\n<th class=\"col label\" scope=\"row\">H\u00e3ng<\/th>\n<td class=\"col data\" data-th=\"H\u00e3ng\">SmartBear<\/td>\n<\/tr>\n<tr>\n<th class=\"col label\" scope=\"row\">H\u00ecnh th\u1ee9c c\u1ea5p ph\u00e9p<\/th>\n<td class=\"col data\" data-th=\"H\u00ecnh th\u1ee9c c\u1ea5p ph\u00e9p\">License<\/td>\n<\/tr>\n<tr>\n<th class=\"col label\" scope=\"row\">Ph\u00e2n kh\u00fac kh\u00e1ch h\u00e0ng<\/th>\n<td class=\"col data\" data-th=\"Ph\u00e2n kh\u00fac kh\u00e1ch h\u00e0ng\">SMB<\/td>\n<\/tr>\n<tr>\n<th class=\"col label\" scope=\"row\">Lo\u1ea1i h\u00ecnh \u0111\u0103ng k\u00fd<\/th>\n<td class=\"col data\" data-th=\"Lo\u1ea1i h\u00ecnh \u0111\u0103ng k\u00fd\">Thu\u00ea bao<\/td>\n<\/tr>\n<tr>\n<th class=\"col label\" scope=\"row\">C\u00e0i \u0111\u1eb7t h\u1ec7 th\u1ed1ng<\/th>\n<td class=\"col data\" data-th=\"C\u00e0i \u0111\u1eb7t h\u1ec7 th\u1ed1ng\">M\u00e1y tr\u1ea1m<\/td>\n<\/tr>\n<tr>\n<th class=\"col label\" scope=\"row\">Tr\u1ea1ng th\u00e1i h\u00e0ng<\/th>\n<td class=\"col data\" data-th=\"Tr\u1ea1ng th\u00e1i h\u00e0ng\">C\u00f2n h\u00e0ng<\/td>\n<\/tr>\n<\/tbody>\n<\/table>","protected":false},"excerpt":{"rendered":"<table class=\"table-attributes table2\">\n<tbody>\n<tr>\n<th scope=\"row\">H\u00e3ng<\/th>\n<td data-th=\"H\u00e3ng\">\n                                            SmartBear                                          <\/td>\n<\/tr>\n<tr>\n<th scope=\"row\">H\u00ecnh th\u1ee9c c\u1ea5p ph\u00e9p<\/th>\n<td data-th=\"H\u00ecnh th\u1ee9c c\u1ea5p ph\u00e9p\">\n                                            License                                          <\/td>\n<\/tr>\n<tr>\n<th scope=\"row\">Ph\u00e2n kh\u00fac kh\u00e1ch h\u00e0ng<\/th>\n<td data-th=\"Ph\u00e2n kh\u00fac kh\u00e1ch h\u00e0ng\">\n                                            SMB                                          <\/td>\n<\/tr>\n<tr>\n<th scope=\"row\">Lo\u1ea1i h\u00ecnh \u0111\u0103ng k\u00fd<\/th>\n<td data-th=\"Lo\u1ea1i h\u00ecnh \u0111\u0103ng k\u00fd\">\n                                            Thu\u00ea bao                                          <\/td>\n<\/tr>\n<tr>\n<th scope=\"row\">C\u00e0i \u0111\u1eb7t h\u1ec7 th\u1ed1ng<\/th>\n<td data-th=\"C\u00e0i \u0111\u1eb7t h\u1ec7 th\u1ed1ng\">\n                                            M\u00e1y tr\u1ea1m                                          <\/td>\n<\/tr>\n<tr>\n<th scope=\"row\">Tr\u1ea1ng th\u00e1i h\u00e0ng<\/th>\n<td data-th=\"Tr\u1ea1ng th\u00e1i h\u00e0ng\">\n<p>            <span class=\"tit\"><i class=\"porto-icon-ok\"><\/i> C\u00f2n h\u00e0ng<\/span><\/p>\n<\/td>\n<\/tr>\n<\/tbody>\n<\/table>","protected":false},"featured_media":34850,"comment_status":"closed","ping_status":"closed","template":"","meta":[],"pwb-brand":[],"product_cat":[3085],"product_tag":[],"class_list":{"0":"post-34849","1":"product","2":"type-product","3":"status-publish","4":"has-post-thumbnail","6":"product_cat-cong-cu-lap-trinh","8":"first","9":"instock","10":"shipping-taxable","11":"product-type-simple"},"brands":[],"_links":{"self":[{"href":"https:\/\/azsoft.com\/bn\/wp-json\/wp\/v2\/product\/34849","targetHints":{"allow":["GET"]}}],"collection":[{"href":"https:\/\/azsoft.com\/bn\/wp-json\/wp\/v2\/product"}],"about":[{"href":"https:\/\/azsoft.com\/bn\/wp-json\/wp\/v2\/types\/product"}],"replies":[{"embeddable":true,"href":"https:\/\/azsoft.com\/bn\/wp-json\/wp\/v2\/comments?post=34849"}],"wp:featuredmedia":[{"embeddable":true,"href":"https:\/\/azsoft.com\/bn\/wp-json\/wp\/v2\/media\/34850"}],"wp:attachment":[{"href":"https:\/\/azsoft.com\/bn\/wp-json\/wp\/v2\/media?parent=34849"}],"wp:term":[{"taxonomy":"pwb-brand","embeddable":true,"href":"https:\/\/azsoft.com\/bn\/wp-json\/wp\/v2\/pwb-brand?post=34849"},{"taxonomy":"product_cat","embeddable":true,"href":"https:\/\/azsoft.com\/bn\/wp-json\/wp\/v2\/product_cat?post=34849"},{"taxonomy":"product_tag","embeddable":true,"href":"https:\/\/azsoft.com\/bn\/wp-json\/wp\/v2\/product_tag?post=34849"}],"curies":[{"name":"wp","href":"https:\/\/api.w.org\/{rel}","templated":true}]}}