{"id":41577,"date":"2025-07-16T02:30:40","date_gmt":"2025-07-15T19:30:40","guid":{"rendered":"http:\/\/azsoft.com\/-product-\/uncategorized\/phan-mem-sentinelone-singularity-platform\/"},"modified":"2025-07-16T02:31:00","modified_gmt":"2025-07-15T19:31:00","slug":"phan-mem-sentinelone-singularity-platform","status":"publish","type":"product","link":"https:\/\/azsoft.com\/ar\/-product-\/phan-mem\/phan-mem-bao-mat\/bao-mat-he-thong\/phan-mem-sentinelone-singularity-platform\/","title":{"rendered":"Ph\u1ea7n m\u1ec1m SentinelOne Singularity Platform"},"content":{"rendered":"<div class=\"product attribute description\">\n<div class=\"value\">\n<div class=\"magezon-builder magezon-builder-preload\">\n<div class=\"toxxnvw mgz-element mgz-element-row full_width_row\">\n<div class=\"mgz-element-inner toxxnvw-s\">\n<div class=\"inner-content mgz-container\">\n<div class=\"l3jt3y8 mgz-element mgz-element-column mgz-col-xs-12\">\n<div class=\"mgz-element-inner l3jt3y8-s\">\n<div class=\"mocoslg mgz-element mgz-child mgz-element-text\">\n<div class=\"mgz-element-inner mocoslg-s\">\n<h3><strong>Gi\u1edbi thi\u1ec7u chi ti\u1ebft v\u1ec1 ph\u1ea7n m\u1ec1m SentinelOne Singularity Platform<\/strong><\/h3>\n<p><strong>SentinelOne Singularity Platform<\/strong> l\u00e0 m\u1ed9t n\u1ec1n t\u1ea3ng b\u1ea3o m\u1eadt <strong>Extended Detection and Response (XDR)<\/strong> ti\u00ean ti\u1ebfn, \u0111\u01b0\u1ee3c ph\u00e1t tri\u1ec3n b\u1edfi <strong>SentinelOne<\/strong>, m\u1ed9t c\u00f4ng ty an ninh m\u1ea1ng c\u00f3 tr\u1ee5 s\u1edf t\u1ea1i Mountain View, California. N\u1ec1n t\u1ea3ng n\u00e0y s\u1eed d\u1ee5ng <strong>tr\u00ed tu\u1ec7 nh\u00e2n t\u1ea1o (AI)<\/strong> v\u00e0 <strong>machine learning<\/strong> \u0111\u1ec3 cung c\u1ea5p kh\u1ea3 n\u0103ng b\u1ea3o v\u1ec7, ph\u00e1t hi\u1ec7n, v\u00e0 ph\u1ea3n \u1ee9ng v\u1edbi c\u00e1c m\u1ed1i \u0111e d\u1ecda tr\u00ean <strong>endpoint<\/strong>, <strong>cloud<\/strong>, v\u00e0 <strong>identity<\/strong>. V\u1edbi ki\u1ebfn tr\u00fac <strong>cloud-native<\/strong>, Singularity Platform t\u00edch h\u1ee3p c\u00e1c t\u00ednh n\u0103ng nh\u01b0 <strong>Endpoint Protection Platform (EPP)<\/strong>, <strong>Endpoint Detection and Response (EDR)<\/strong>, <strong>Cloud Workload Protection (CWPP)<\/strong>, v\u00e0 <strong>Identity Threat Detection and Response (ITDR)<\/strong> v\u00e0o m\u1ed9t gi\u1ea3i ph\u00e1p duy nh\u1ea5t, gi\u00fap gi\u1ea3m \u0111\u1ed9 ph\u1ee9c t\u1ea1p v\u00e0 t\u0103ng hi\u1ec7u qu\u1ea3 qu\u1ea3n l\u00fd an ninh m\u1ea1ng. \u0110\u01b0\u1ee3c thi\u1ebft k\u1ebf cho c\u00e1c doanh nghi\u1ec7p t\u1eeb nh\u1ecf \u0111\u1ebfn l\u1edbn, n\u1ec1n t\u1ea3ng n\u00e0y h\u1ed7 tr\u1ee3 <strong>\u0634\u0628\u0627\u0628\u064a\u0643<\/strong>, <strong>macOS<\/strong>, <strong>Linux<\/strong>, v\u00e0 c\u00e1c m\u00f4i tr\u01b0\u1eddng <strong>cloud-native<\/strong> (nh\u01b0 containers, Kubernetes), \u0111\u1ed3ng th\u1eddi \u0111\u1ea3m b\u1ea3o tu\u00e2n th\u1ee7 c\u00e1c quy \u0111\u1ecbnh nh\u01b0 <strong>GDPR<\/strong>, <strong>HIPAA<\/strong>, v\u00e0 <strong>PCI-DSS<\/strong>. Theo <strong>Gartner Magic Quadrant 2024<\/strong>, SentinelOne \u0111\u01b0\u1ee3c c\u00f4ng nh\u1eadn l\u00e0 <strong>Leader<\/strong> trong l\u0129nh v\u1ef1c Endpoint Protection Platforms nh\u1edd hi\u1ec7u su\u1ea5t v\u00e0 kh\u1ea3 n\u0103ng t\u00edch h\u1ee3p m\u1ea1nh m\u1ebd.<\/p>\n<h4><span style=\"font-size: 16px\"><strong>C\u00e1c t\u00ednh n\u0103ng n\u1ed5i b\u1eadt c\u1ee7a SentinelOne Singularity Platform<\/strong><\/span><\/h4>\n<ol>\n<li>\n<p><strong>Endpoint Protection Platform (EPP)<\/strong>:<\/p>\n<ul>\n<li><strong>Static and Behavioral AI<\/strong>: K\u1ebft h\u1ee3p AI t\u0129nh v\u00e0 h\u00e0nh vi \u0111\u1ec3 ng\u0103n ch\u1eb7n <strong>malware<\/strong>, <strong>ransomware<\/strong>, <strong>zero-day exploits<\/strong>, v\u00e0 <strong>fileless attacks<\/strong> trong th\u1eddi gian th\u1ef1c, kh\u00f4ng ph\u1ee5 thu\u1ed9c v\u00e0o ch\u1eef k\u00fd (signature-based detection).<\/li>\n<li><strong>Autonomous Threat Response<\/strong>: T\u1ef1 \u0111\u1ed9ng ph\u00e1t hi\u1ec7n, c\u00e1ch ly (quarantine), v\u00e0 kh\u1eafc ph\u1ee5c (remediate) c\u00e1c m\u1ed1i \u0111e d\u1ecda m\u00e0 kh\u00f4ng c\u1ea7n can thi\u1ec7p th\u1ee7 c\u00f4ng.<\/li>\n<li><strong>1-Click Rollback<\/strong>: Kh\u00f4i ph\u1ee5c h\u1ec7 th\u1ed1ng b\u1ecb \u1ea3nh h\u01b0\u1edfng v\u1ec1 tr\u1ea1ng th\u00e1i an to\u00e0n tr\u00ean Windows v\u1edbi m\u1ed9t l\u1ea7n nh\u1ea5p, gi\u1ea3m th\u1eddi gian kh\u1eafc ph\u1ee5c (MTTR).<\/li>\n<li>H\u1ed7 tr\u1ee3 <strong>\u0634\u0628\u0627\u0628\u064a\u0643<\/strong> (XP SP3+, Server 2003+), <strong>macOS<\/strong> (kextless security model), v\u00e0 <strong>13 b\u1ea3n ph\u00e2n ph\u1ed1i Linux<\/strong> (Ubuntu, CentOS, RHEL, v.v.).<\/li>\n<\/ul>\n<\/li>\n<li>\n<p><strong>Endpoint Detection and Response (EDR)<\/strong>:<\/p>\n<ul>\n<li><strong>Storyline Context<\/strong>: T\u1ef1 \u0111\u1ed9ng t\u1ea1o d\u00f2ng th\u1eddi gian (timeline) chi ti\u1ebft v\u1ec1 chu\u1ed7i s\u1ef1 ki\u1ec7n t\u1ea5n c\u00f4ng, gi\u00fap ph\u00e2n t\u00edch nguy\u00ean nh\u00e2n g\u1ed1c r\u1ec5 (root cause analysis).<\/li>\n<li><strong>Threat Hunting<\/strong>: H\u1ed7 tr\u1ee3 s\u0103n l\u00f9ng m\u1ed1i \u0111e d\u1ecda d\u1ef1a tr\u00ean <strong>MITRE ATT&amp;CK TTPs<\/strong>, v\u1edbi d\u1eef li\u1ec7u l\u1ecbch s\u1eed l\u01b0u tr\u1eef m\u1eb7c \u0111\u1ecbnh <strong>14 ng\u00e0y<\/strong> (c\u00f3 th\u1ec3 n\u00e2ng c\u1ea5p l\u00ean <strong>365 ng\u00e0y<\/strong>).<\/li>\n<li><strong>Deep Visibility<\/strong>: Cung c\u1ea5p th\u00f4ng tin chi ti\u1ebft v\u1ec1 ho\u1ea1t \u0111\u1ed9ng endpoint, bao g\u1ed3m ti\u1ebfn tr\u00ecnh, k\u1ebft n\u1ed1i m\u1ea1ng, v\u00e0 thay \u0111\u1ed5i h\u1ec7 th\u1ed1ng.<\/li>\n<\/ul>\n<\/li>\n<li>\n<p><strong>Cloud Workload Protection (CWPP)<\/strong>:<\/p>\n<ul>\n<li>B\u1ea3o v\u1ec7 <strong>VMs<\/strong>, <strong>containers<\/strong>, <strong>serverless applications<\/strong>, v\u00e0 <strong>Kubernetes<\/strong> tr\u00ean c\u00e1c n\u1ec1n t\u1ea3ng cloud nh\u01b0 <strong>AWS<\/strong>, <strong>Azure<\/strong>, v\u00e0 <strong>GCP<\/strong>.<\/li>\n<li><strong>Cloud Funnel<\/strong>: Cho ph\u00e9p sao ch\u00e9p d\u1eef li\u1ec7u \u0111\u1ebfn <strong>SIEM<\/strong> (nh\u01b0 Splunk, QRadar) ho\u1eb7c l\u01b0u tr\u1eef cloud (Amazon S3, Google Cloud Storage) \u0111\u1ec3 ph\u00e2n t\u00edch.<\/li>\n<li>Ph\u00e1t hi\u1ec7n v\u00e0 ph\u1ea3n \u1ee9ng v\u1edbi c\u00e1c m\u1ed1i \u0111e d\u1ecda runtime trong th\u1eddi gian th\u1ef1c m\u00e0 kh\u00f4ng \u1ea3nh h\u01b0\u1edfng \u0111\u1ebfn hi\u1ec7u su\u1ea5t.<\/li>\n<\/ul>\n<\/li>\n<li>\n<p><strong>Identity Threat Detection and Response (ITDR)<\/strong>:<\/p>\n<ul>\n<li><strong>Singularity Identity<\/strong>: B\u1ea3o v\u1ec7 <strong>Active Directory<\/strong> v\u00e0 <strong>Entra ID<\/strong> kh\u1ecfi c\u00e1c m\u1ed1i \u0111e d\u1ecda nh\u01b0 <strong>credential theft<\/strong>, <strong>privilege escalation<\/strong>, v\u00e0 <strong>lateral movement<\/strong>.<\/li>\n<li>S\u1eed d\u1ee5ng AI \u0111\u1ec3 ph\u00e2n t\u00edch h\u00e0nh vi ng\u01b0\u1eddi d\u00f9ng v\u00e0 ph\u00e1t hi\u1ec7n c\u00e1c ho\u1ea1t \u0111\u1ed9ng b\u1ea5t th\u01b0\u1eddng trong th\u1eddi gian th\u1ef1c.<\/li>\n<\/ul>\n<\/li>\n<li>\n<p><strong>Singularity Data Lake<\/strong>:<\/p>\n<ul>\n<li>T\u00edch h\u1ee3p d\u1eef li\u1ec7u t\u1eeb endpoint, cloud, v\u00e0 identity, c\u0169ng nh\u01b0 c\u00e1c ngu\u1ed3n b\u00ean ngo\u00e0i (third-party), \u0111\u1ec3 cung c\u1ea5p kh\u1ea3 n\u0103ng quan s\u00e1t to\u00e0n di\u1ec7n.<\/li>\n<li>H\u1ed7 tr\u1ee3 ph\u00e2n t\u00edch log v\u00e0 \u0111i\u1ec1u tra s\u1ef1 c\u1ed1 v\u1edbi kh\u1ea3 n\u0103ng m\u1edf r\u1ed9ng cho h\u01a1n <strong>500,000 agent<\/strong> m\u1ed7i c\u1ee5m.<\/li>\n<\/ul>\n<\/li>\n<li>\n<p><strong>Device Control v\u00e0 Firewall Management<\/strong>:<\/p>\n<ul>\n<li><strong>Singularity Ranger<\/strong>: Ph\u00e1t hi\u1ec7n v\u00e0 ki\u1ec3m so\u00e1t c\u00e1c thi\u1ebft b\u1ecb kh\u00f4ng \u0111\u01b0\u1ee3c qu\u1ea3n l\u00fd (rogue devices) tr\u00ean m\u1ea1ng, ng\u0103n ch\u1eb7n <strong>lateral movement<\/strong>.<\/li>\n<li>Qu\u1ea3n l\u00fd <strong>USB<\/strong>, <strong>Bluetooth<\/strong>, v\u00e0 c\u00e1c thi\u1ebft b\u1ecb ngo\u1ea1i vi kh\u00e1c v\u1edbi ch\u00ednh s\u00e1ch chi ti\u1ebft (v\u00ed d\u1ee5: ch\u1ec9 cho ph\u00e9p USB read-only ho\u1eb7c thi\u1ebft b\u1ecb t\u1eeb nh\u00e0 cung c\u1ea5p c\u1ee5 th\u1ec3).<\/li>\n<li><strong>Native Firewall Control<\/strong>: Ki\u1ec3m so\u00e1t l\u01b0u l\u01b0\u1ee3ng m\u1ea1ng v\u00e0o\/ra tr\u00ean <strong>\u0634\u0628\u0627\u0628\u064a\u0643<\/strong>, <strong>macOS<\/strong>, v\u00e0 <strong>Linux<\/strong>.<\/li>\n<\/ul>\n<\/li>\n<li>\n<p><strong>Singularity Marketplace<\/strong>:<\/p>\n<ul>\n<li>H\u1ec7 sinh th\u00e1i \u1ee9ng d\u1ee5ng <strong>one-click<\/strong> \u0111\u1ec3 t\u00edch h\u1ee3p v\u1edbi c\u00e1c c\u00f4ng c\u1ee5 nh\u01b0 <strong>VirusTotal<\/strong>, <strong>JoeSecurity<\/strong>, <strong>Splunk<\/strong>, v\u00e0 <strong>ServiceNow<\/strong>, m\u1edf r\u1ed9ng kh\u1ea3 n\u0103ng b\u1ea3o m\u1eadt v\u00e0 t\u1ef1 \u0111\u1ed9ng h\u00f3a.<\/li>\n<\/ul>\n<\/li>\n<li>\n<p><strong>Qu\u1ea3n l\u00fd t\u1eadp trung v\u00e0 tri\u1ec3n khai linh ho\u1ea1t<\/strong>:<\/p>\n<ul>\n<li><strong>Unified Management Console<\/strong>: Giao di\u1ec7n SaaS cung c\u1ea5p kh\u1ea3 n\u0103ng quan s\u00e1t v\u00e0 qu\u1ea3n l\u00fd to\u00e0n di\u1ec7n, h\u1ed7 tr\u1ee3 <strong>multi-tenant<\/strong>, <strong>multi-site<\/strong>, v\u00e0 <strong>role-based access control (RBAC)<\/strong> v\u1edbi <strong>SSO<\/strong> v\u00e0 <strong>MFA<\/strong>.<\/li>\n<li>H\u1ed7 tr\u1ee3 tri\u1ec3n khai <strong>cloud-native<\/strong>, <strong>on-premises<\/strong>, ho\u1eb7c <strong>hybrid<\/strong>, v\u1edbi t\u00f9y ch\u1ecdn l\u01b0u tr\u1eef d\u1eef li\u1ec7u t\u1ea1i <strong>North America<\/strong>, <strong>Europe<\/strong>, ho\u1eb7c <strong>Asia<\/strong> \u0111\u1ec3 tu\u00e2n th\u1ee7 quy \u0111\u1ecbnh.<\/li>\n<li><strong>Lightweight Agent<\/strong>: S\u1eed d\u1ee5ng \u00edt t\u00e0i nguy\u00ean (&lt;150MB RAM, &lt;2% CPU), \u0111\u1ea3m b\u1ea3o hi\u1ec7u su\u1ea5t tr\u00ean c\u00e1c thi\u1ebft b\u1ecb c\u0169.<\/li>\n<\/ul>\n<\/li>\n<li>\n<p><strong>H\u1ed7 tr\u1ee3 tu\u00e2n th\u1ee7 v\u00e0 b\u1ea3o m\u1eadt<\/strong>:<\/p>\n<ul>\n<li><strong>SOC2 Type 2 Certified<\/strong>: \u0110\u00e1p \u1ee9ng c\u00e1c ti\u00eau chu\u1ea9n b\u1ea3o m\u1eadt v\u00e0 tu\u00e2n th\u1ee7 nghi\u00eam ng\u1eb7t.<\/li>\n<li><strong>Audit Logs v\u00e0 Reporting<\/strong>: Cung c\u1ea5p b\u00e1o c\u00e1o chi ti\u1ebft \u0111\u1ec3 tu\u00e2n th\u1ee7 <strong>GDPR<\/strong>, <strong>HIPAA<\/strong>, <strong>PCI-DSS<\/strong>, v\u00e0 c\u00e1c quy \u0111\u1ecbnh kh\u00e1c.<\/li>\n<li><strong>Automated Remediation<\/strong>: T\u1ef1 \u0111\u1ed9ng c\u00e1ch ly, ch\u1ea5m d\u1ee9t ti\u1ebfn tr\u00ecnh, v\u00e0 kh\u00f4i ph\u1ee5c h\u1ec7 th\u1ed1ng, gi\u1ea3m th\u1eddi gian ph\u1ea3n h\u1ed3i s\u1ef1 c\u1ed1.<\/li>\n<\/ul>\n<\/li>\n<li>\n<p><strong>H\u1ed7 tr\u1ee3 doanh nghi\u1ec7p<\/strong>:<\/p>\n<ul>\n<li><strong>24\/7 Support<\/strong>: H\u1ed7 tr\u1ee3 qua <strong>SentinelOne Support Portal<\/strong>, email, \u0111i\u1ec7n tho\u1ea1i, v\u00e0 chat, v\u1edbi \u0111\u1ed9i ng\u0169 chuy\u00ean gia v\u00e0 <strong>Technical Account Managers<\/strong>.<\/li>\n<li><strong>Managed Services<\/strong>: Bao g\u1ed3m <strong>Vigilance Respond<\/strong> (MDR, DFIR, quarterly health checks) v\u00e0 <strong>Watchtower<\/strong> (24\/7 threat hunting, zero-day monitoring).<\/li>\n<li><strong>Free Trial<\/strong>: Cung c\u1ea5p b\u1ea3n d\u00f9ng th\u1eed <strong>30 ng\u00e0y<\/strong> \u0111\u1ec3 \u0111\u00e1nh gi\u00e1 c\u00e1c t\u00ednh n\u0103ng.<\/li>\n<\/ul>\n<\/li>\n<\/ol>\n<ul><\/ul>\n<hr>\n<h4><strong><span style=\"font-size: 16px\">B\u1ea3ng so s\u00e1nh t\u00ednh n\u0103ng gi\u1eefa c\u00e1c g\u00f3i b\u1ea3n quy\u1ec1n SentinelOne Singularity<\/span><\/strong><\/h4>\n<p>D\u1ef1a tr\u00ean th\u00f4ng tin t\u1eeb <strong>SentinelOne,<\/strong>\u00a0d\u01b0\u1edbi \u0111\u00e2y l\u00e0 b\u1ea3ng so s\u00e1nh c\u00e1c g\u00f3i b\u1ea3n quy\u1ec1n ch\u00ednh c\u1ee7a SentinelOne Singularity Platform: <strong>Core<\/strong>, <strong>Control<\/strong>, <strong>Complete<\/strong>, <strong>Commercial<\/strong>, v\u00e0 <strong>Enterprise<\/strong>.<\/p>\n<table border=\"1\" cellpadding=\"5\" cellspacing=\"5\">\n<thead>\n<tr>\n<th><strong>T\u00ednh n\u0103ng<\/strong><\/th>\n<th><strong>Singularity Core<\/strong><\/th>\n<th><strong>Singularity Control<\/strong><\/th>\n<th><strong>Singularity Complete<\/strong><\/th>\n<th><strong>Singularity Commercial<\/strong><\/th>\n<th><strong>Singularity Enterprise<\/strong><\/th>\n<\/tr>\n<\/thead>\n<tbody>\n<tr>\n<td><strong>\u0110\u1ed1i t\u01b0\u1ee3ng m\u1ee5c ti\u00eau<\/strong><\/td>\n<td>SMBs, c\u1ea7n EPP c\u01a1 b\u1ea3n<\/td>\n<td>SMBs, c\u1ea7n ki\u1ec3m so\u00e1t thi\u1ebft b\u1ecb<\/td>\n<td>Doanh nghi\u1ec7p v\u1eeba\/l\u1edbn, c\u1ea7n EDR \u0111\u1ea7y \u0111\u1ee7<\/td>\n<td>Doanh nghi\u1ec7p l\u1edbn, c\u1ea7n b\u1ea3o v\u1ec7 c\u01a1 b\u1ea3n<\/td>\n<td>Doanh nghi\u1ec7p l\u1edbn, c\u1ea7n XDR to\u00e0n di\u1ec7n<\/td>\n<\/tr>\n<tr>\n<td><strong>Gi\u00e1 (USD\/endpoint\/n\u0103m)<\/strong><\/td>\n<td>$69.99<\/td>\n<td>$79.99<\/td>\n<td>$99.99<\/td>\n<td>$209.99<\/td>\n<td>T\u00f9y ch\u1ec9nh (li\u00ean h\u1ec7 SentinelOne)<\/td>\n<\/tr>\n<tr>\n<td><strong>Static AI (Malware Protection)<\/strong><\/td>\n<td>C\u00f3<\/td>\n<td>C\u00f3<\/td>\n<td>C\u00f3<\/td>\n<td>C\u00f3<\/td>\n<td>C\u00f3<\/td>\n<\/tr>\n<tr>\n<td><strong>Behavioral AI (Ransomware, Zero-day)<\/strong><\/td>\n<td>C\u00f3<\/td>\n<td>C\u00f3<\/td>\n<td>C\u00f3<\/td>\n<td>C\u00f3<\/td>\n<td>C\u00f3<\/td>\n<\/tr>\n<tr>\n<td><strong>1-Click Rollback (Windows)<\/strong><\/td>\n<td>C\u00f3<\/td>\n<td>C\u00f3<\/td>\n<td>C\u00f3<\/td>\n<td>C\u00f3<\/td>\n<td>C\u00f3<\/td>\n<\/tr>\n<tr>\n<td><strong>Endpoint Protection (EPP)<\/strong><\/td>\n<td>C\u00f3 (Windows, macOS, Linux)<\/td>\n<td>C\u00f3 (Windows, macOS, Linux)<\/td>\n<td>C\u00f3 (Windows, macOS, Linux)<\/td>\n<td>C\u00f3 (Windows, macOS, Linux)<\/td>\n<td>C\u00f3 (Windows, macOS, Linux)<\/td>\n<\/tr>\n<tr>\n<td><strong>Endpoint Detection and Response (EDR)<\/strong><\/td>\n<td>Kh\u00f4ng<\/td>\n<td>Kh\u00f4ng<\/td>\n<td>C\u00f3 (Storyline, Deep Visibility)<\/td>\n<td>Kh\u00f4ng<\/td>\n<td>C\u00f3 (n\u00e2ng cao)<\/td>\n<\/tr>\n<tr>\n<td><strong>Threat Hunting (MITRE ATT&amp;CK)<\/strong><\/td>\n<td>Kh\u00f4ng<\/td>\n<td>Kh\u00f4ng<\/td>\n<td>C\u00f3 (14-day retention, upgradable to 365)<\/td>\n<td>Kh\u00f4ng<\/td>\n<td>C\u00f3 (365-day retention)<\/td>\n<\/tr>\n<tr>\n<td><strong>Device Control (USB, Bluetooth)<\/strong><\/td>\n<td>Kh\u00f4ng<\/td>\n<td>C\u00f3 (granular control)<\/td>\n<td>C\u00f3 (granular control)<\/td>\n<td>C\u00f3 (c\u01a1 b\u1ea3n)<\/td>\n<td>C\u00f3 (n\u00e2ng cao)<\/td>\n<\/tr>\n<tr>\n<td><strong>Native Firewall Control<\/strong><\/td>\n<td>Kh\u00f4ng<\/td>\n<td>C\u00f3 (Windows, macOS, Linux)<\/td>\n<td>C\u00f3 (Windows, macOS, Linux)<\/td>\n<td>C\u00f3 (c\u01a1 b\u1ea3n)<\/td>\n<td>C\u00f3 (n\u00e2ng cao)<\/td>\n<\/tr>\n<tr>\n<td><strong>Singularity Ranger (Network Discovery)<\/strong><\/td>\n<td>Kh\u00f4ng<\/td>\n<td>C\u00f3<\/td>\n<td>C\u00f3<\/td>\n<td>Kh\u00f4ng<\/td>\n<td>C\u00f3<\/td>\n<\/tr>\n<tr>\n<td><strong>Cloud Workload Protection (CWPP)<\/strong><\/td>\n<td>Kh\u00f4ng<\/td>\n<td>Kh\u00f4ng<\/td>\n<td>C\u00f3 (VMs, containers, Kubernetes)<\/td>\n<td>C\u00f3 (c\u01a1 b\u1ea3n)<\/td>\n<td>C\u00f3 (n\u00e2ng cao)<\/td>\n<\/tr>\n<tr>\n<td><strong>Identity Protection (ITDR)<\/strong><\/td>\n<td>Kh\u00f4ng<\/td>\n<td>Kh\u00f4ng<\/td>\n<td>Kh\u00f4ng<\/td>\n<td>C\u00f3 (c\u01a1 b\u1ea3n)<\/td>\n<td>C\u00f3 (Active Directory, Entra ID)<\/td>\n<\/tr>\n<tr>\n<td><strong>Singularity Data Lake<\/strong><\/td>\n<td>Kh\u00f4ng<\/td>\n<td>Kh\u00f4ng<\/td>\n<td>C\u00f3 (14-day retention, upgradable)<\/td>\n<td>Kh\u00f4ng<\/td>\n<td>C\u00f3 (365-day retention)<\/td>\n<\/tr>\n<tr>\n<td><strong>Singularity Marketplace Integrations<\/strong><\/td>\n<td>C\u01a1 b\u1ea3n<\/td>\n<td>C\u01a1 b\u1ea3n<\/td>\n<td>C\u00f3 (VirusTotal, Splunk, ServiceNow)<\/td>\n<td>C\u01a1 b\u1ea3n<\/td>\n<td>C\u00f3 (n\u00e2ng cao)<\/td>\n<\/tr>\n<tr>\n<td><strong>Cloud Funnel (SIEM Integration)<\/strong><\/td>\n<td>Kh\u00f4ng<\/td>\n<td>Kh\u00f4ng<\/td>\n<td>C\u00f3 (Splunk, QRadar, S3)<\/td>\n<td>Kh\u00f4ng<\/td>\n<td>C\u00f3 (n\u00e2ng cao)<\/td>\n<\/tr>\n<tr>\n<td><strong>Automated Remediation<\/strong><\/td>\n<td>C\u00f3 (quarantine, kill process)<\/td>\n<td>C\u00f3 (quarantine, kill process)<\/td>\n<td>C\u00f3 (quarantine, kill, rollback)<\/td>\n<td>C\u00f3 (quarantine, kill process)<\/td>\n<td>C\u00f3 (quarantine, kill, rollback)<\/td>\n<\/tr>\n<tr>\n<td><strong>Pre-built Policy Templates<\/strong><\/td>\n<td>C\u00f3 (GDPR, HIPAA, PCI-DSS)<\/td>\n<td>C\u00f3 (GDPR, HIPAA, PCI-DSS)<\/td>\n<td>C\u00f3 (GDPR, HIPAA, PCI-DSS)<\/td>\n<td>C\u00f3 (GDPR, HIPAA, PCI-DSS)<\/td>\n<td>C\u00f3 (GDPR, HIPAA, PCI-DSS)<\/td>\n<\/tr>\n<tr>\n<td><strong>Customizable Policies<\/strong><\/td>\n<td>C\u00f3<\/td>\n<td>C\u00f3 (n\u00e2ng cao)<\/td>\n<td>C\u00f3 (n\u00e2ng cao)<\/td>\n<td>C\u00f3 (c\u01a1 b\u1ea3n)<\/td>\n<td>C\u00f3 (r\u1ea5t cao)<\/td>\n<\/tr>\n<tr>\n<td><strong>H\u1ed7 tr\u1ee3 h\u1ec7 \u0111i\u1ec1u h\u00e0nh<\/strong><\/td>\n<td>Windows, macOS, Linux<\/td>\n<td>Windows, macOS, Linux<\/td>\n<td>Windows, macOS, Linux<\/td>\n<td>Windows, macOS, Linux<\/td>\n<td>Windows, macOS, Linux<\/td>\n<\/tr>\n<tr>\n<td><strong>Tri\u1ec3n khai<\/strong><\/td>\n<td>Cloud, on-premises, hybrid<\/td>\n<td>Cloud, on-premises, hybrid<\/td>\n<td>Cloud, on-premises, hybrid<\/td>\n<td>Cloud, on-premises, hybrid<\/td>\n<td>Cloud, on-premises, hybrid<\/td>\n<\/tr>\n<tr>\n<td><strong>H\u1ed7 tr\u1ee3 k\u1ef9 thu\u1eadt<\/strong><\/td>\n<td>24\/7 (Support Portal)<\/td>\n<td>24\/7 (Support Portal)<\/td>\n<td>24\/7 (Support Portal, MDR option)<\/td>\n<td>24\/7 (Support Portal)<\/td>\n<td>24\/7 (Support Portal, MDR, Watchtower)<\/td>\n<\/tr>\n<tr>\n<td><strong>Kh\u1ea3 n\u0103ng m\u1edf r\u1ed9ng<\/strong><\/td>\n<td>Trung b\u00ecnh (h\u00e0ng tr\u0103m endpoint)<\/td>\n<td>Trung b\u00ecnh (h\u00e0ng tr\u0103m endpoint)<\/td>\n<td>Cao (h\u00e0ng ngh\u00ecn endpoint)<\/td>\n<td>Cao (h\u00e0ng ngh\u00ecn endpoint)<\/td>\n<td>R\u1ea5t cao (&gt;10,000 endpoint)<\/td>\n<\/tr>\n<tr>\n<td><strong>\u0110i\u1ec3m m\u1ea1nh<\/strong><\/td>\n<td>Gi\u00e1 h\u1ee3p l\u00fd, EPP c\u01a1 b\u1ea3n, d\u1ec5 tri\u1ec3n khai<\/td>\n<td>Device\/Firewall Control, d\u1ec5 qu\u1ea3n l\u00fd<\/td>\n<td>EDR, CWPP, threat hunting, t\u00edch h\u1ee3p m\u1ea1nh<\/td>\n<td>B\u1ea3o v\u1ec7 c\u01a1 b\u1ea3n, chi ph\u00ed c\u00e2n b\u1eb1ng<\/td>\n<td>XDR to\u00e0n di\u1ec7n, identity protection<\/td>\n<\/tr>\n<tr>\n<td><strong>\u0110i\u1ec3m y\u1ebfu<\/strong><\/td>\n<td>Thi\u1ebfu EDR, CWPP, ITDR<\/td>\n<td>Thi\u1ebfu EDR, CWPP, ITDR<\/td>\n<td>Chi ph\u00ed cao, c\u1ea7n chuy\u00ean m\u00f4n cho EDR<\/td>\n<td>Thi\u1ebfu EDR, t\u00ednh n\u0103ng h\u1ea1n ch\u1ebf<\/td>\n<td>Chi ph\u00ed cao, tri\u1ec3n khai ph\u1ee9c t\u1ea1p<\/td>\n<\/tr>\n<\/tbody>\n<\/table>\n<\/div>\n<\/div>\n<\/div>\n<\/div>\n<\/div>\n<\/div>\n<\/div>\n<div class=\"x9i50gg mgz-element mgz-element-row full_width_row\">\n<div class=\"mgz-element-inner x9i50gg-s\">\n<div class=\"inner-content mgz-container\">\n<div class=\"ewq31gb mgz-element mgz-element-column mgz-col-xs-12\">\n<div class=\"mgz-element-inner ewq31gb-s\">\n<div class=\"aykktri mgz-element mgz-child mgz-element-text\">\n<div class=\"mgz-element-inner aykktri-s\">\n<div style=\"padding: 15px\"><\/div>\n<div style=\"font-family: TAHOMA;font-size: 16pt;font-weight: bold;color: white;background: #0078d4;padding: 20px;width: 100%\">Mua SentinelOne b\u1ea3n quy\u1ec1n t\u1ea1i AzSoft<\/div>\n<table style=\"width: 100%\">\n<tbody>\n<tr>\n<td style=\"font-family: TAHOMA;font-size: 13pt;padding: 10px 20px;text-align: justify;line-height: 150%;width: 90.6867%\">\n<p>Soft365 \u0111\u01b0\u1ee3c ch\u1ee9ng nh\u1eadn l\u00e0 \u0111\u1ed1i t\u00e1c cung c\u1ea5p ph\u1ea7n m\u1ec1m SentinelOne b\u1ea3n quy\u1ec1n t\u1ea1i Vi\u1ec7t Nam. Tr\u1ea3i qua 15 n\u0103m h\u00ecnh th\u00e0nh ph\u00e1t tri\u1ec3n v\u00e0 gi\u1eef v\u1eefng v\u1ecb th\u1ebf tr\u00ean th\u1ecb tr\u01b0\u1eddng, ch\u00fang t\u00f4i t\u1ef1 h\u00e0o mang \u0111\u1ebfn cho qu\u00fd kh\u00e1ch h\u00e0ng gi\u1ea3i ph\u00e1p ph\u1ea7n m\u1ec1m b\u1ea3n quy\u1ec1n ch\u00ednh h\u00e3ng v\u1edbi m\u1ee9c gi\u00e1 \u01b0u \u0111\u00e3i, d\u1ecbch v\u1ee5 t\u01b0 v\u1ea5n v\u00e0 h\u1ed7 tr\u1ee3 ho\u00e0n h\u1ea3o.<\/p>\n<p><\/p>\n<p><img decoding=\"async\" src=\"http:\/\/azsoft.com\/wp-content\/uploads\/2025\/07\/slack_icon-2.png\" width=\"15\" title=\"slack_icon-2\"> H\u1ed7 tr\u1ee3 t\u01b0 v\u1ea5n \u2013 k\u1ef9 thu\u1eadt k\u1ecbp th\u1eddi: T\u01b0 v\u1ea5n v\u00e0 gi\u1ea3i quy\u1ebft c\u00e1c v\u1ea5n \u0111\u1ec1 k\u1ef9 thu\u1eadt 24\/7 t\u1ea5t c\u1ea3 c\u00e1c ng\u00e0y trong tu\u1ea7n.<\/p>\n<p><img decoding=\"async\" src=\"http:\/\/azsoft.com\/wp-content\/uploads\/2025\/07\/slack_icon-2.png\" width=\"15\" title=\"slack_icon-2\"> \u0110\u1ed1i t\u00e1c uy t\u00edn \u2013 Gi\u00e1 c\u1ea3 c\u1ea1nh tranh: Cung c\u1ea5p ph\u1ea7n m\u1ec1m b\u1ea3n quy\u1ec1n t\u1edbi kh\u00e1ch h\u00e0ng v\u1edbi gi\u00e1 t\u1ed1t nh\u1ea5t<\/p>\n<p><img decoding=\"async\" src=\"http:\/\/azsoft.com\/wp-content\/uploads\/2025\/07\/slack_icon-2.png\" width=\"15\" title=\"slack_icon-2\"> Tri\u1ec3n khai nhanh ch\u00f3ng \u2013 chuy\u00ean nghi\u1ec7p: \u0110\u1ed9i ng\u0169 k\u1ef9 thu\u1eadt c\u00f3 nhi\u1ec1u n\u0103m kinh nghi\u1ec7m trong vi\u1ec7c tri\u1ec3n khai.<\/p>\n<\/td>\n<td style=\"width: 9.32123%\"><\/td>\n<\/tr>\n<\/tbody>\n<\/table>\n<\/div>\n<\/div>\n<\/div>\n<\/div>\n<\/div>\n<\/div>\n<\/div>\n<\/div>\n<\/div>\n<\/div>\n<table class=\"data table additional-attributes table1\" id=\"product-attribute-specs-table\">\n<caption class=\"table-caption\">More Information<\/caption>\n<tbody>\n<tr>\n<th class=\"col label\" scope=\"row\">H\u00e3ng<\/th>\n<td class=\"col data\" data-th=\"H\u00e3ng\">SentinelOne<\/td>\n<\/tr>\n<tr>\n<th class=\"col label\" scope=\"row\">H\u00ecnh th\u1ee9c c\u1ea5p ph\u00e9p<\/th>\n<td class=\"col data\" data-th=\"H\u00ecnh th\u1ee9c c\u1ea5p ph\u00e9p\">License<\/td>\n<\/tr>\n<tr>\n<th class=\"col label\" scope=\"row\">Ph\u00e2n kh\u00fac kh\u00e1ch h\u00e0ng<\/th>\n<td class=\"col data\" data-th=\"Ph\u00e2n kh\u00fac kh\u00e1ch h\u00e0ng\">Doanh nghi\u1ec7p SMB, Doanh nghi\u1ec7p Enterprise<\/td>\n<\/tr>\n<tr>\n<th class=\"col label\" scope=\"row\">Lo\u1ea1i h\u00ecnh \u0111\u0103ng k\u00fd<\/th>\n<td class=\"col data\" data-th=\"Lo\u1ea1i h\u00ecnh \u0111\u0103ng k\u00fd\">Thu\u00ea bao<\/td>\n<\/tr>\n<tr>\n<th class=\"col label\" scope=\"row\">B\u1ed9 gi\u1ea3i ph\u00e1p<\/th>\n<td class=\"col data\" data-th=\"B\u1ed9 gi\u1ea3i ph\u00e1p\">N\u1ec1n t\u1ea3ng b\u1ea3o m\u1eadt XDR<\/td>\n<\/tr>\n<\/tbody>\n<\/table>\n<table class=\"data table additional-attributes table1\" id=\"product-attribute-specs-table\">\n<caption class=\"table-caption\">More Information<\/caption>\n<tbody>\n<tr>\n<th class=\"col label\" scope=\"row\">H\u00e3ng<\/th>\n<td class=\"col data\" data-th=\"H\u00e3ng\">SentinelOne<\/td>\n<\/tr>\n<tr>\n<th class=\"col label\" scope=\"row\">H\u00ecnh th\u1ee9c c\u1ea5p ph\u00e9p<\/th>\n<td class=\"col data\" data-th=\"H\u00ecnh th\u1ee9c c\u1ea5p ph\u00e9p\">License<\/td>\n<\/tr>\n<tr>\n<th class=\"col label\" scope=\"row\">Ph\u00e2n kh\u00fac kh\u00e1ch h\u00e0ng<\/th>\n<td class=\"col data\" data-th=\"Ph\u00e2n kh\u00fac kh\u00e1ch h\u00e0ng\">Doanh nghi\u1ec7p SMB, Doanh nghi\u1ec7p Enterprise<\/td>\n<\/tr>\n<tr>\n<th class=\"col label\" scope=\"row\">Lo\u1ea1i h\u00ecnh \u0111\u0103ng k\u00fd<\/th>\n<td class=\"col data\" data-th=\"Lo\u1ea1i h\u00ecnh \u0111\u0103ng k\u00fd\">Thu\u00ea bao<\/td>\n<\/tr>\n<tr>\n<th class=\"col label\" scope=\"row\">B\u1ed9 gi\u1ea3i ph\u00e1p<\/th>\n<td class=\"col data\" data-th=\"B\u1ed9 gi\u1ea3i ph\u00e1p\">N\u1ec1n t\u1ea3ng b\u1ea3o m\u1eadt XDR<\/td>\n<\/tr>\n<\/tbody>\n<\/table>","protected":false},"excerpt":{"rendered":"<table class=\"table-attributes table2\">\n<tbody>\n<tr>\n<th scope=\"row\">H\u00e3ng<\/th>\n<td data-th=\"H\u00e3ng\">\n                                            SentinelOne                                          <\/td>\n<\/tr>\n<tr>\n<th scope=\"row\">H\u00ecnh th\u1ee9c c\u1ea5p ph\u00e9p<\/th>\n<td data-th=\"H\u00ecnh th\u1ee9c c\u1ea5p ph\u00e9p\">\n                                            License                                          <\/td>\n<\/tr>\n<tr>\n<th scope=\"row\">Ph\u00e2n kh\u00fac kh\u00e1ch h\u00e0ng<\/th>\n<td data-th=\"Ph\u00e2n kh\u00fac kh\u00e1ch h\u00e0ng\">\n                                            Doanh nghi\u1ec7p SMB, Doanh nghi\u1ec7p Enterprise                                          <\/td>\n<\/tr>\n<tr>\n<th scope=\"row\">Lo\u1ea1i h\u00ecnh \u0111\u0103ng k\u00fd<\/th>\n<td data-th=\"Lo\u1ea1i h\u00ecnh \u0111\u0103ng k\u00fd\">\n                                            Thu\u00ea bao                                          <\/td>\n<\/tr>\n<tr>\n<th scope=\"row\">B\u1ed9 gi\u1ea3i ph\u00e1p<\/th>\n<td data-th=\"B\u1ed9 gi\u1ea3i ph\u00e1p\">\n                                            N\u1ec1n t\u1ea3ng b\u1ea3o m\u1eadt XDR                                          <\/td>\n<\/tr>\n<\/tbody>\n<\/table>","protected":false},"featured_media":41578,"comment_status":"closed","ping_status":"closed","template":"","meta":[],"pwb-brand":[],"product_cat":[3045],"product_tag":[5154,5486,5464,2856,25,39,55,5498,5155,3461],"class_list":{"0":"post-41577","1":"product","2":"type-product","3":"status-publish","4":"has-post-thumbnail","6":"product_cat-bao-mat-he-thong","7":"product_tag-cpu","8":"product_tag-data","9":"product_tag-endpoint-protection","10":"product_tag-firewall","11":"product_tag-man","12":"product_tag-party","13":"product_tag-run","14":"product_tag-sentinelone-singularity-platform","15":"product_tag-server","16":"product_tag-tot","18":"first","19":"instock","20":"shipping-taxable","21":"product-type-simple"},"brands":[],"_links":{"self":[{"href":"https:\/\/azsoft.com\/ar\/wp-json\/wp\/v2\/product\/41577","targetHints":{"allow":["GET"]}}],"collection":[{"href":"https:\/\/azsoft.com\/ar\/wp-json\/wp\/v2\/product"}],"about":[{"href":"https:\/\/azsoft.com\/ar\/wp-json\/wp\/v2\/types\/product"}],"replies":[{"embeddable":true,"href":"https:\/\/azsoft.com\/ar\/wp-json\/wp\/v2\/comments?post=41577"}],"wp:featuredmedia":[{"embeddable":true,"href":"https:\/\/azsoft.com\/ar\/wp-json\/wp\/v2\/media\/41578"}],"wp:attachment":[{"href":"https:\/\/azsoft.com\/ar\/wp-json\/wp\/v2\/media?parent=41577"}],"wp:term":[{"taxonomy":"pwb-brand","embeddable":true,"href":"https:\/\/azsoft.com\/ar\/wp-json\/wp\/v2\/pwb-brand?post=41577"},{"taxonomy":"product_cat","embeddable":true,"href":"https:\/\/azsoft.com\/ar\/wp-json\/wp\/v2\/product_cat?post=41577"},{"taxonomy":"product_tag","embeddable":true,"href":"https:\/\/azsoft.com\/ar\/wp-json\/wp\/v2\/product_tag?post=41577"}],"curies":[{"name":"wp","href":"https:\/\/api.w.org\/{rel}","templated":true}]}}