{"id":40191,"date":"2024-11-11T02:45:24","date_gmt":"2024-11-10T19:45:24","guid":{"rendered":"http:\/\/azsoft.com\/-product-\/uncategorized\/pha-he-dong-vat\/"},"modified":"2024-11-11T02:45:38","modified_gmt":"2024-11-10T19:45:38","slug":"pha-he-dong-vat","status":"publish","type":"product","link":"https:\/\/azsoft.com\/ar\/-product-\/phan-mem\/hobbies-and-interests\/pha-he-dong-vat\/","title":{"rendered":"Ph\u1ea3 h\u1ec7 \u0111\u1ed9ng v\u1eadt"},"content":{"rendered":"<div class=\"b-product__description_text\">\n<p>Ch\u01b0\u01a1ng tr\u00ecnh \u0111\u01b0\u1ee3c thi\u1ebft k\u1ebf \u0111\u1ec3 t\u1ea1o ph\u1ea3 h\u1ec7 \u0111\u1ed9ng v\u1eadt. Duy tr\u00ec danh s\u00e1ch \u0111\u1ed9ng v\u1eadt, \u1ea3nh v\u00e0 video c\u1ee7a ch\u00fang<\/p>\n<p>.<\/p><\/div>\n<p>Ch\u1ee9c n\u0103ng c\u1ee7a ch\u01b0\u01a1ng tr\u00ecnh:<\/p>\n<li>\n<ul>\n<li>Bi\u00ean so\u1ea1n danh s\u00e1ch c\u00e1c lo\u00e0i \u0111\u1ed9ng v\u1eadt;<\/li>\n<p> X\u00e2y <\/p>\n<li>d\u1ef1ng c\u00e2y gia \u0111\u00ecnh \u0111\u1ed9ng v\u1eadt; Bi\u00ean so\u1ea1n danh s\u00e1ch c\u00e1c th\u1ebf h\u1ec7;<\/li>\n<li>Bi\u00ean so\u1ea1n m\u1ed9t album \u1ea3nh chung v\u00e0 c\u00e1 nh\u00e2n;<\/li>\n<li>Bi\u00ean so\u1ea1n m\u1ed9t kho l\u01b0u tr\u1eef video chung v\u00e0 c\u00e1 nh\u00e2n;<\/li>\n<li>L\u01b0u d\u1eef li\u1ec7u trong kho l\u01b0u tr\u1eef;<\/li>\n<li>\n<li>Xu\u1ea5t\/nh\u1eadp sang \u0111\u1ecbnh d\u1ea1ng ZIP; Xu\u1ea5t\/nh\u1eadp sang \u0111\u1ecbnh d\u1ea1ng<\/li>\n<\/li>\n<\/ul>\n<\/li>\n<li>GEDCOM.<\/li>","protected":false},"excerpt":{"rendered":"<p>Ch\u01b0\u01a1ng tr\u00ecnh \u0111\u01b0\u1ee3c thi\u1ebft k\u1ebf \u0111\u1ec3 t\u1ea1o ph\u1ea3 h\u1ec7 \u0111\u1ed9ng v\u1eadt. Duy tr\u00ec danh s\u00e1ch \u0111\u1ed9ng v\u1eadt, \u1ea3nh v\u00e0 video c\u1ee7a ch\u00fang<\/p>\n<p>.<\/p>","protected":false},"featured_media":40192,"comment_status":"closed","ping_status":"closed","template":"","meta":[],"pwb-brand":[],"product_cat":[3022],"product_tag":[3570],"class_list":{"0":"post-40191","1":"product","2":"type-product","3":"status-publish","4":"has-post-thumbnail","6":"product_cat-hobbies-and-interests","7":"product_tag-dmitry-konyukhov","9":"first","10":"instock","11":"shipping-taxable","12":"product-type-simple"},"brands":[],"_links":{"self":[{"href":"https:\/\/azsoft.com\/ar\/wp-json\/wp\/v2\/product\/40191","targetHints":{"allow":["GET"]}}],"collection":[{"href":"https:\/\/azsoft.com\/ar\/wp-json\/wp\/v2\/product"}],"about":[{"href":"https:\/\/azsoft.com\/ar\/wp-json\/wp\/v2\/types\/product"}],"replies":[{"embeddable":true,"href":"https:\/\/azsoft.com\/ar\/wp-json\/wp\/v2\/comments?post=40191"}],"wp:featuredmedia":[{"embeddable":true,"href":"https:\/\/azsoft.com\/ar\/wp-json\/wp\/v2\/media\/40192"}],"wp:attachment":[{"href":"https:\/\/azsoft.com\/ar\/wp-json\/wp\/v2\/media?parent=40191"}],"wp:term":[{"taxonomy":"pwb-brand","embeddable":true,"href":"https:\/\/azsoft.com\/ar\/wp-json\/wp\/v2\/pwb-brand?post=40191"},{"taxonomy":"product_cat","embeddable":true,"href":"https:\/\/azsoft.com\/ar\/wp-json\/wp\/v2\/product_cat?post=40191"},{"taxonomy":"product_tag","embeddable":true,"href":"https:\/\/azsoft.com\/ar\/wp-json\/wp\/v2\/product_tag?post=40191"}],"curies":[{"name":"wp","href":"https:\/\/api.w.org\/{rel}","templated":true}]}}