{"id":38941,"date":"2024-09-07T03:54:00","date_gmt":"2024-09-06T20:54:00","guid":{"rendered":"http:\/\/azsoft.com\/-product-\/uncategorized\/ke-toan-cac-khoan-dong-gop-cho-snt\/"},"modified":"2024-09-07T03:54:15","modified_gmt":"2024-09-06T20:54:15","slug":"ke-toan-cac-khoan-dong-gop-cho-snt","status":"publish","type":"product","link":"https:\/\/azsoft.com\/ar\/-product-\/phan-mem\/hobbies-and-interests\/ke-toan-cac-khoan-dong-gop-cho-snt\/","title":{"rendered":"K\u1ebf to\u00e1n c\u00e1c kho\u1ea3n \u0111\u00f3ng g\u00f3p cho SNT"},"content":{"rendered":"<div class=\"b-product__description_text\">\n<p><strong>K\u1ebf to\u00e1n c\u00e1c kho\u1ea3n \u0111\u00f3ng g\u00f3p cho SNT<\/strong> l\u00e0 ch\u01b0\u01a1ng tr\u00ecnh ghi l\u1ea1i ph\u00ed th\u00e0nh vi\u00ean, \u0111\u00f3ng g\u00f3p nh\u1eafm m\u1ee5c ti\u00eau v\u00e0 c\u00e1c kho\u1ea3n \u0111\u00f3ng g\u00f3p kh\u00e1c cho c\u00e1c hi\u1ec7p h\u1ed9i v\u01b0\u1eddn, ghi l\u1ea1i s\u1ed1 \u0111o \u0111\u1ed3ng h\u1ed3, thanh to\u00e1n ti\u1ec1n \u0111i\u1ec7n, h\u1ea1ch to\u00e1n c\u00e1c kho\u1ea3n n\u1ee3, ghi l\u1ea1i vi\u1ec7c nh\u1eadn v\u00e0 chi ti\u1ec1n.<\/p>\n<p>Ch\u01b0\u01a1ng <strong>tr\u00ecnh \u201cK\u1ebf to\u00e1n \u0111\u00f3ng g\u00f3p c\u1ee7a SNT\u201d c\u00f3 th\u1ec3 \u0111\u01b0\u1ee3c s\u1eed d\u1ee5ng kh\u00f4ng ch\u1ec9 \u0111\u1ec3 ghi l\u1ea1i c\u00e1c kho\u1ea3n \u0111\u00f3ng g\u00f3p cho<\/strong> c\u00e1c hi\u1ec7p h\u1ed9i v\u01b0\u1eddn ho\u1eb7c qu\u1ed1c gia, m\u00e0 c\u00f2n trong b\u1ea5t k\u1ef3 hi\u1ec7p h\u1ed9i n\u00e0o c\u1ea7n l\u01b0u gi\u1eef h\u1ed3 s\u01a1 ph\u00ed th\u00e0nh vi\u00ean, l\u01b0u gi\u1eef h\u1ed3 s\u01a1 v\u1ec1 \u0111\u1ed3ng h\u1ed3 \u0111i\u1ec7n (v\u00e0 kh\u00f4ng ch\u1ec9 \u0111i\u1ec7n, m\u00e0 b\u1ea5t k\u1ef3 \u0111\u1ed3ng h\u1ed3 n\u00e0o, ch\u1eb3ng h\u1ea1n nh\u01b0 \u0111\u1ed3ng h\u1ed3 n\u01b0\u1edbc ho\u1eb7c kh\u00ed \u0111\u1ed1t) v\u00e0 thanh to\u00e1n c\u1ee7a c\u00e1c th\u00e0nh vi\u00ean c\u1ee7a hi\u1ec7p h\u1ed9i s\u1eed d\u1ee5ng c\u00e1c \u0111\u1ed3ng h\u1ed3 n\u00e0y.<\/p>\n<p>Ch\u01b0\u01a1ng tr\u00ecnh ph\u00f9 h\u1ee3p cho c\u00e1c hi\u1ec7p h\u1ed9i l\u00e0m v\u01b0\u1eddn, h\u1ee3p t\u00e1c x\u00e3 nh\u00e0 \u0111\u1ec3 xe v\u00e0 c\u00e1c hi\u1ec7p h\u1ed9i t\u01b0\u01a1ng t\u1ef1.<\/p>\n<p><strong>Ch\u01b0\u01a1ng tr\u00ecnh k\u1ebf to\u00e1n \u0111\u00f3ng g\u00f3p cho ph\u00e9p b\u1ea1n:<\/strong><\/p>\n<ul>\n<ul>\n<li>Gi\u1eef h\u1ed3 s\u01a1 v\u1ec1 c\u00e1c m\u1ea3nh v\u01b0\u1eddn (ho\u1eb7c, v\u00ed d\u1ee5, nh\u00e0 \u0111\u1ec3 xe), bao g\u1ed3m c\u1ea3 nh\u1eefng \u00f4 \u0111\u01b0\u1ee3c li\u00ean k\u1ebft v\u1edbi \u0111\u01b0\u1eddng ph\u1ed1.<\/li>\n<\/ul>\n<\/ul>\n<ul>\n<ul>\n<li>Duy tr\u00ec danh s\u00e1ch c\u00e1c th\u00e0nh vi\u00ean c\u1ee7a quan h\u1ec7 \u0111\u1ed1i t\u00e1c (h\u1ee3p t\u00e1c x\u00e3) v\u1edbi th\u00f4ng tin v\u1ec1 li\u00ean h\u1ec7 v\u00e0 d\u1eef li\u1ec7u kh\u00e1c, li\u00ean k\u1ebft h\u1ecd v\u1edbi c\u00e1c l\u00f4 \u0111\u1ea5t (nh\u00e0 \u0111\u1ec3 xe).<\/li>\n<\/ul>\n<\/ul>\n<ul>\n<ul>\n<li>Thi\u1ebft l\u1eadp danh s\u00e1ch c\u00e1c lo\u1ea1i \u0111\u00f3ng g\u00f3p thu th\u1eadp \u0111\u01b0\u1ee3c t\u1eeb c\u00e1c th\u00e0nh vi\u00ean SNT (h\u1ee3p t\u00e1c x\u00e3), ch\u1ec9 \u0111\u1ecbnh lo\u1ea1i \u0111\u00f3ng g\u00f3p (th\u00e0nh vi\u00ean, m\u1ee5c ti\u00eau, \u0111\u1ed3ng h\u1ed3, v.v.), t\u1ea7n su\u1ea5t thu ti\u1ec1n (m\u1ed7i th\u00e1ng m\u1ed9t l\u1ea7n, m\u1ed7i qu\u00fd m\u1ed9t l\u1ea7n, v.v.), ng\u00e0y h\u1ebft h\u1ea1n, thu\u1ebf quan, v.v.<\/li>\n<\/ul>\n<\/ul>\n<ul>\n<ul>\n<li>Gi\u1eef h\u1ed3 s\u01a1 v\u1ec1 s\u1ed1 \u0111\u1ecdc \u0111\u1ed3ng h\u1ed3.<\/li>\n<\/ul>\n<\/ul>\n<ul>\n<ul>\n<li>L\u01b0u gi\u1eef h\u1ed3 s\u01a1 c\u00e1c kho\u1ea3n thanh to\u00e1n \u0111\u01b0\u1ee3c th\u1ef1c hi\u1ec7n b\u1edfi c\u00e1c th\u00e0nh vi\u00ean h\u1ee3p t\u00e1c x\u00e3 theo lo\u1ea1i \u0111\u00f3ng g\u00f3p.<\/li>\n<\/ul>\n<\/ul>\n<ul>\n<ul>\n<li>T\u1ef1 \u0111\u1ed9ng t\u00ednh to\u00e1n c\u00e1c kho\u1ea3n n\u1ee3 c\u1ee7a c\u00e1c th\u00e0nh vi\u00ean c\u1ee7a quan h\u1ec7 \u0111\u1ed1i t\u00e1c theo lo\u1ea1i \u0111\u00f3ng g\u00f3p.<\/li>\n<\/ul>\n<\/ul>\n<ul>\n<ul>\n<li>L\u01b0u gi\u1eef h\u1ed3 s\u01a1 chi ph\u00ed theo lo\u1ea1i \u0111\u00f3ng g\u00f3p v\u00e0 c\u00e1c m\u1ee5c chi ti\u00eau, c\u00f3 t\u00ednh \u0111\u1ebfn chi ph\u00ed tr\u1ef1c ti\u1ebfp v\u00e0 chi ph\u00ed chung.<\/li>\n<\/ul>\n<\/ul>\n<ul>\n<ul>\n<li><strong>Th\u00f4ng b\u00e1o cho c\u00e1c th\u00e0nh vi\u00ean c\u1ee7a quan h\u1ec7 \u0111\u1ed1i t\u00e1c v\u1ec1 c\u00e1c kho\u1ea3n n\u1ee3 qua e-mail v\u00e0 SMS.<\/strong><\/li>\n<\/ul>\n<\/ul>\n<ul>\n<ul>\n<li><strong>T\u1ea3i l\u00ean d\u1eef li\u1ec7u v\u1ec1 c\u00e1c kho\u1ea3n n\u1ee3 hi\u1ec7n t\u1ea1i c\u1ee7a c\u00e1c th\u00e0nh vi\u00ean c\u1ee7a quan h\u1ec7 \u0111\u1ed1i t\u00e1c \u0111\u1ec3 tr\u1ea3 c\u00e1c kho\u1ea3n \u0111\u00f3ng g\u00f3p cho m\u1ed9t ph\u1ea7n \u0111\u1eb7c bi\u1ec7t c\u1ee7a trang web Vznosov.net.<\/strong> B\u1ea1n c\u0169ng c\u00f3 th\u1ec3 t\u1ea3i l\u00ean trang web th\u00f4ng tin v\u1ec1 th\u00e0nh ph\u1ea7n v\u00e0 s\u1ed1 ti\u1ec1n \u0111\u00f3ng g\u00f3p, c\u00e1c s\u1ef1 ki\u1ec7n \u0111\u01b0\u1ee3c l\u00ean k\u1ebf ho\u1ea1ch, v.v. \u0110i\u1ec1u n\u00e0y cho ph\u00e9p c\u00e1c th\u00e0nh vi\u00ean c\u1ee7a hi\u1ec7p h\u1ed9i d\u1ec5 d\u00e0ng truy c\u1eadp th\u00f4ng tin n\u00e0y t\u1eeb m\u1ecdi n\u01a1i v\u00e0 b\u1ea5t c\u1ee9 l\u00fac n\u00e0o. M\u1ed7i SNT c\u00f3 ph\u1ea7n ri\u00eang tr\u00ean trang web, d\u1eef li\u1ec7u \u0111\u01b0\u1ee3c t\u1ea3i l\u00ean trang web \u1ea9n danh (ch\u1ec9 c\u00f3 s\u1ed1 l\u00f4 v\u00e0 s\u1ed1 n\u1ee3, kh\u00f4ng c\u00f3 t\u00ean v\u00e0 chi ti\u1ebft li\u00ean l\u1ea1c c\u1ee7a c\u00e1c th\u00e0nh vi\u00ean \u0111\u1ed1i t\u00e1c<\/li>\n<\/ul>\n<\/ul>\n<p>).<\/p>\n<ul>\n<ul>\n<li>V\u00e0 c\u00e1c t\u00ednh n\u0103ng kh\u00e1c.<\/li>\n<\/ul>\n<\/ul>\n<p>Ch\u01b0\u01a1ng tr\u00ecnh \u0111\u01b0\u1ee3c trang b\u1ecb h\u01b0\u1edbng d\u1eabn s\u1eed d\u1ee5ng v\u1edbi nhi\u1ec1u h\u00ecnh \u1ea3nh v\u00e0 m\u00f4 t\u1ea3 r\u00f5 r\u00e0ng, chi ti\u1ebft v\u1ec1 c\u00e1c h\u00e0nh \u0111\u1ed9ng trong ch\u01b0\u01a1ng tr\u00ecnh. Ch\u1ee9c n\u0103ng c\u1eadp nh\u1eadt ch\u01b0\u01a1ng tr\u00ecnh k\u1ebf to\u00e1n \u0111\u00f3ng g\u00f3p qua Internet c\u00f3 s\u1eb5n. Ch\u01b0\u01a1ng tr\u00ecnh s\u1ebd so s\u00e1nh phi\u00ean b\u1ea3n c\u1eadp nh\u1eadt tr\u00ean trang web c\u1ee7a ch\u00fang t\u00f4i v\u00e0 n\u1ebfu n\u00f3 g\u1ea7n \u0111\u00e2y h\u01a1n, n\u00f3 s\u1ebd \u0111\u1ec1 ngh\u1ecb t\u1ea3i xu\u1ed1ng v\u00e0 c\u00e0i \u0111\u1eb7t n\u00f3 t\u1ef1 \u0111\u1ed9ng<\/p>\n<p>.<\/p>\n<p>\u0110\u01b0\u1eddng d\u00e2y n\u00f3ng c\u0169ng c\u00f3 s\u1eb5n qua \u0111i\u1ec7n tho\u1ea1i, email v\u00e0 c\u00e1c k\u00eanh \u0111i\u1ec7n t\u1eed kh\u00e1c, c\u0169ng nh\u01b0 trong nh\u00f3m Qu\u1ea3n l\u00fd th\u00e0nh vi\u00ean tr\u00ean m\u1ea1ng x\u00e3 h\u1ed9i Vkontakte. B\u1ea1n c\u00f3 th\u1ec3 t\u1ea3i xu\u1ed1ng phi\u00ean b\u1ea3n d\u00f9ng th\u1eed mi\u1ec5n ph\u00ed c\u1ee7a ch\u01b0\u01a1ng tr\u00ecnh v\u00e0 nghi\u00ean c\u1ee9u ch\u01b0\u01a1ng tr\u00ecnh tr\u01b0\u1edbc khi mua h\u00e0ng. <b>\u0110\u0103ng nh\u1eadp v\u00e0 m\u1eadt kh\u1ea9u \u0111\u1ec3 nh\u1eadp phi\u00ean b\u1ea3n mi\u1ec5n ph\u00ed c\u1ee7a ch\u01b0\u01a1ng tr\u00ecnh: \u0111\u0103ng nh\u1eadp: m\u1eadt kh\u1ea9u demo: <b>demo<\/b><\/b><\/p>\n<\/p><\/div>","protected":false},"excerpt":{"rendered":"<p>Ch\u01b0\u01a1ng tr\u00ecnh \u0111\u01b0\u1ee3c thi\u1ebft k\u1ebf \u0111\u1ec3 ghi l\u1ea1i ph\u00ed th\u00e0nh vi\u00ean, c\u00e1c kho\u1ea3n \u0111\u00f3ng g\u00f3p \u0111\u01b0\u1ee3c nh\u1eafm m\u1ee5c ti\u00eau v\u00e0 c\u00e1c kho\u1ea3n \u0111\u00f3ng g\u00f3p kh\u00e1c trong c\u00e1c hi\u1ec7p h\u1ed9i v\u01b0\u1eddn (l\u00e0ng ngh\u1ec9 m\u00e1t, h\u1ee3p t\u00e1c x\u00e3 nh\u00e0 \u0111\u1ec3 xe, v.v.), ghi l\u1ea1i s\u1ed1 \u0111o \u0111\u1ed3ng h\u1ed3 v\u00e0 thanh to\u00e1n \u0111i\u1ec7n, c\u0169ng nh\u01b0 c\u00e1c kho\u1ea3n n\u1ee3 c\u1ee7a c\u00e1c th\u00e0nh vi\u00ean c\u1ee7a quan h\u1ec7 \u0111\u1ed1i t\u00e1c (h\u1ee3p t\u00e1c x\u00e3) cho t\u1eebng lo\u1ea1i \u0111\u00f3ng g\u00f3p. Ngo\u00e0i ra, ch\u01b0\u01a1ng tr\u00ecnh cho ph\u00e9p b\u1ea1n theo d\u00f5i chi ti\u00eau ti\u1ec1n m\u1eb7t theo m\u1ee5c chi ti\u00eau v\u00e0 lo\u1ea1i \u0111\u00f3ng g\u00f3p. Th\u00f4ng b\u00e1o cho con n\u1ee3 qua email v\u00e0 SMS, v.v.<\/p>","protected":false},"featured_media":38942,"comment_status":"closed","ping_status":"closed","template":"","meta":[],"pwb-brand":[],"product_cat":[3022],"product_tag":[3810],"class_list":{"0":"post-38941","1":"product","2":"type-product","3":"status-publish","4":"has-post-thumbnail","6":"product_cat-hobbies-and-interests","7":"product_tag-than-hoc","9":"first","10":"instock","11":"shipping-taxable","12":"product-type-simple"},"brands":[],"_links":{"self":[{"href":"https:\/\/azsoft.com\/ar\/wp-json\/wp\/v2\/product\/38941","targetHints":{"allow":["GET"]}}],"collection":[{"href":"https:\/\/azsoft.com\/ar\/wp-json\/wp\/v2\/product"}],"about":[{"href":"https:\/\/azsoft.com\/ar\/wp-json\/wp\/v2\/types\/product"}],"replies":[{"embeddable":true,"href":"https:\/\/azsoft.com\/ar\/wp-json\/wp\/v2\/comments?post=38941"}],"wp:featuredmedia":[{"embeddable":true,"href":"https:\/\/azsoft.com\/ar\/wp-json\/wp\/v2\/media\/38942"}],"wp:attachment":[{"href":"https:\/\/azsoft.com\/ar\/wp-json\/wp\/v2\/media?parent=38941"}],"wp:term":[{"taxonomy":"pwb-brand","embeddable":true,"href":"https:\/\/azsoft.com\/ar\/wp-json\/wp\/v2\/pwb-brand?post=38941"},{"taxonomy":"product_cat","embeddable":true,"href":"https:\/\/azsoft.com\/ar\/wp-json\/wp\/v2\/product_cat?post=38941"},{"taxonomy":"product_tag","embeddable":true,"href":"https:\/\/azsoft.com\/ar\/wp-json\/wp\/v2\/product_tag?post=38941"}],"curies":[{"name":"wp","href":"https:\/\/api.w.org\/{rel}","templated":true}]}}