{"id":38903,"date":"2024-09-06T16:15:28","date_gmt":"2024-09-06T09:15:28","guid":{"rendered":"http:\/\/azsoft.com\/-product-\/uncategorized\/chernokozov-tu-dong-trong-ngay\/"},"modified":"2024-09-06T16:15:42","modified_gmt":"2024-09-06T09:15:42","slug":"chernokozov-tu-dong-trong-ngay","status":"publish","type":"product","link":"https:\/\/azsoft.com\/ar\/-product-\/phan-mem\/office-programs\/other-office-software\/chernokozov-tu-dong-trong-ngay\/","title":{"rendered":"Chernokozov T\u1ef1 \u0111\u1ed9ng trong ng\u00e0y"},"content":{"rendered":"<div class=\"b-product__description_text\">\n<p><strong>Chernokozov Intraday Automat<\/strong> l\u00e0 m\u1ed9t g\u00f3i ph\u1ea7n m\u1ec1m bao g\u1ed3m ph\u1ea7n m\u1ec1m ph\u00e2n t\u00edch \u0111\u1ec3 t\u1ef1 \u0111\u1ed9ng h\u00f3a ho\u00e0n to\u00e0n chi\u1ebfn l\u01b0\u1ee3c giao d\u1ecbch trong ng\u00e0y d\u1ef1a tr\u00ean thu\u1eadt to\u00e1n Chernokozov ProfitFormula \u0111\u1ed9c \u0111\u00e1o \u0111\u01b0\u1ee3c tri\u1ec3n khai trong CTA\/CPM, tr\u1ef1c quan h\u00f3a th\u1eddi gian th\u1ef1c v\u1ec1 ho\u1ea1t \u0111\u1ed9ng c\u1ee7a n\u00f3, c\u0169ng nh\u01b0 c\u01a1 s\u1edf h\u1ea1 t\u1ea7ng ch\u1ecbu l\u1ed7i. <\/p>\n<p>L\u1edbp ph\u1ea7n m\u1ec1m n\u00e0y c\u00f2n \u0111\u01b0\u1ee3c g\u1ecdi l\u00e0 h\u1ec7 th\u1ed1ng giao d\u1ecbch c\u01a1 h\u1ecdc. S\u1ea3n ph\u1ea9m ph\u1ea7n m\u1ec1m CIA c\u00f3 s\u1eb5n cho th\u1ecb tr\u01b0\u1eddng ch\u1ee9ng kho\u00e1n Nga v\u00e0 h\u1ed7 tr\u1ee3 t\u00edch h\u1ee3p v\u1edbi thi\u1ebft b\u1ecb \u0111\u1ea7u cu\u1ed1i giao d\u1ecbch Quik. C\u00f3 th\u1ec3 c\u1ea3i thi\u1ec7n gi\u1ea3i ph\u00e1p CIA cho c\u00e1c thi\u1ebft b\u1ecb \u0111\u1ea7u cu\u1ed1i giao d\u1ecbch kh\u00e1c cung c\u1ea5p API ph\u1ea7n m\u1ec1m, bao g\u1ed3m c\u1ea3 cho th\u1ecb tr\u01b0\u1eddng ch\u1ee9ng kho\u00e1n Hoa K\u1ef3. <br \/>Tr\u01b0\u1edbc khi b\u1eaft \u0111\u1ea7u giao d\u1ecbch th\u1ef1c s\u1ef1, b\u1ea1n c\u00f3 th\u1ec3 ch\u1ea1y robot tr\u1ef1c tuy\u1ebfn trong m\u1ed9t th\u1eddi gian \u0111\u1ec3 xem hi\u1ec7u qu\u1ea3 c\u1ee7a n\u00f3. B\u1ea1n c\u00f3 th\u1ec3 ch\u1ecdn m\u1ed9t c\u00f4ng c\u1ee5 v\u00e0 \u0111\u1eb7t gi\u1edbi h\u1ea1n \u0111\u1ec3 ng\u1eebng giao d\u1ecbch. <br \/>C\u01a1 s\u1edf h\u1ea1 t\u1ea7ng bao g\u1ed3m thu\u00ea m\u1ed9t m\u00e1y ch\u1ee7 chuy\u00ean d\u1ee5ng v\u1edbi k\u1ebft n\u1ed1i Internet 24\/7\/365 \u0111\u01b0\u1ee3c \u0111\u1ea3m b\u1ea3o v\u00e0 truy c\u1eadp t\u1eeb xa th\u00f4ng qua Remote Desktop ho\u1eb7c TeamViewer. \u0110\u1ed3ng th\u1eddi, b\u1ea1n c\u0169ng ph\u1ea3i c\u00e0i \u0111\u1eb7t thi\u1ebft b\u1ecb \u0111\u1ea7u cu\u1ed1i giao d\u1ecbch c\u1ee7a m\u00ecnh tr\u00ean m\u00e1y ch\u1ee7 chuy\u00ean d\u1ee5ng n\u00e0y theo h\u01b0\u1edbng d\u1eabn<\/p>\n<\/div>\n<p>.<\/p>","protected":false},"excerpt":{"rendered":"<p>M\u1ed9t g\u00f3i ph\u1ea7n m\u1ec1m bao g\u1ed3m ph\u1ea7n m\u1ec1m ph\u00e2n t\u00edch \u0111\u1ec3 t\u1ef1 \u0111\u1ed9ng h\u00f3a ho\u00e0n to\u00e0n chi\u1ebfn l\u01b0\u1ee3c giao d\u1ecbch trong ng\u00e0y d\u1ef1a tr\u00ean thu\u1eadt to\u00e1n Chernokozov ProfitFormula \u0111\u1ed9c \u0111\u00e1o \u0111\u01b0\u1ee3c tri\u1ec3n khai trong CTA\/CPM, tr\u1ef1c quan h\u00f3a th\u1eddi gian th\u1ef1c v\u1ec1 ho\u1ea1t \u0111\u1ed9ng c\u1ee7a n\u00f3, c\u0169ng nh\u01b0 c\u01a1 s\u1edf h\u1ea1 t\u1ea7ng ch\u1ecbu l\u1ed7i.<\/p>","protected":false},"featured_media":38904,"comment_status":"closed","ping_status":"closed","template":"","meta":[],"pwb-brand":[],"product_cat":[2885],"product_tag":[5334,5157,3759,37],"class_list":{"0":"post-38903","1":"product","2":"type-product","3":"status-publish","4":"has-post-thumbnail","6":"product_cat-other-office-software","7":"product_tag-co-so","8":"product_tag-desktop","9":"product_tag-dmitry-chernokozov","10":"product_tag-fit","12":"first","13":"instock","14":"shipping-taxable","15":"product-type-simple"},"brands":[],"_links":{"self":[{"href":"https:\/\/azsoft.com\/ar\/wp-json\/wp\/v2\/product\/38903","targetHints":{"allow":["GET"]}}],"collection":[{"href":"https:\/\/azsoft.com\/ar\/wp-json\/wp\/v2\/product"}],"about":[{"href":"https:\/\/azsoft.com\/ar\/wp-json\/wp\/v2\/types\/product"}],"replies":[{"embeddable":true,"href":"https:\/\/azsoft.com\/ar\/wp-json\/wp\/v2\/comments?post=38903"}],"wp:featuredmedia":[{"embeddable":true,"href":"https:\/\/azsoft.com\/ar\/wp-json\/wp\/v2\/media\/38904"}],"wp:attachment":[{"href":"https:\/\/azsoft.com\/ar\/wp-json\/wp\/v2\/media?parent=38903"}],"wp:term":[{"taxonomy":"pwb-brand","embeddable":true,"href":"https:\/\/azsoft.com\/ar\/wp-json\/wp\/v2\/pwb-brand?post=38903"},{"taxonomy":"product_cat","embeddable":true,"href":"https:\/\/azsoft.com\/ar\/wp-json\/wp\/v2\/product_cat?post=38903"},{"taxonomy":"product_tag","embeddable":true,"href":"https:\/\/azsoft.com\/ar\/wp-json\/wp\/v2\/product_tag?post=38903"}],"curies":[{"name":"wp","href":"https:\/\/api.w.org\/{rel}","templated":true}]}}