{"id":38263,"date":"2024-08-23T22:57:16","date_gmt":"2024-08-23T15:57:16","guid":{"rendered":"http:\/\/azsoft.com\/-product-\/uncategorized\/nen-tang-nhan-thuc-bao-mat-tu-dong-cua-kaspersky\/"},"modified":"2024-08-23T22:57:25","modified_gmt":"2024-08-23T15:57:25","slug":"nen-tang-nhan-thuc-bao-mat-tu-dong-cua-kaspersky","status":"publish","type":"product","link":"https:\/\/azsoft.com\/ar\/-product-\/phan-mem\/russian-software\/antivirus-protection\/nen-tang-nhan-thuc-bao-mat-tu-dong-cua-kaspersky\/","title":{"rendered":"N\u1ec1n t\u1ea3ng nh\u1eadn th\u1ee9c b\u1ea3o m\u1eadt t\u1ef1 \u0111\u1ed9ng c\u1ee7a Kaspersky"},"content":{"rendered":"<div class=\"b-product__description_text\">\n<p>N\u1ec1n t\u1ea3ng nh\u1eadn th\u1ee9c b\u1ea3o m\u1eadt t\u1ef1 \u0111\u1ed9ng c\u1ee7a Kaspersky l\u00e0 m\u1ed9t c\u00f4ng c\u1ee5 tr\u1ef1c tuy\u1ebfn \u0111\u01a1n gi\u1ea3n s\u1ebd gi\u00fap nh\u00e2n vi\u00ean c\u1ee7a b\u1ea1n th\u00e0nh th\u1ea1o c\u00e1c k\u1ef9 n\u0103ng an ninh m\u1ea1ng m\u00e0 kh\u00f4ng c\u1ea7n ki\u1ebfn th\u1ee9c \u0111\u1eb7c bi\u1ec7t ho\u1eb7c th\u1eddi gian \u0111\u1ec3 qu\u1ea3n l\u00fd ch\u01b0\u01a1ng tr\u00ecnh.<\/p>\n<p> N\u1ec1n t\u1ea3ng nh\u1eadn th\u1ee9c b\u1ea3o m\u1eadt t\u1ef1 \u0111\u1ed9ng c\u1ee7a Kaspersky \u0111\u01b0\u1ee3c c\u00e1c chuy\u00ean gia c\u1ee7a Kaspersky Lab t\u1ea1o ra \u0111\u1ec3 b\u1ea3o v\u1ec7 doanh nghi\u1ec7p c\u1ee7a b\u1ea1n v\u00e0 \u0111\u01b0\u1ee3c c\u1eadp nh\u1eadt th\u01b0\u1eddng xuy\u00ean \u0111\u1ec3 gi\u1ea3i quy\u1ebft c\u00e1c m\u1ed1i \u0111e d\u1ecda m\u1edbi v\u00e0 chi\u1ebfn thu\u1eadt l\u1eeba \u0111\u1ea3o tr\u00ean m\u1ea1ng.<\/p>\n<\/div>","protected":false},"excerpt":{"rendered":"<p>N\u1ec1n t\u1ea3ng nh\u1eadn th\u1ee9c b\u1ea3o m\u1eadt t\u1ef1 \u0111\u1ed9ng c\u1ee7a Kaspersky <span>l\u00e0 m\u1ed9t c\u00f4ng c\u1ee5 tr\u1ef1c tuy\u1ebfn \u0111\u01a1n gi\u1ea3n s\u1ebd gi\u00fap nh\u00e2n vi\u00ean c\u1ee7a b\u1ea1n th\u00e0nh th\u1ea1o c\u00e1c k\u1ef9 n\u0103ng an ninh m\u1ea1ng m\u00e0 kh\u00f4ng c\u1ea7n ki\u1ebfn th\u1ee9c \u0111\u1eb7c bi\u1ec7t ho\u1eb7c th\u1eddi gian \u0111\u1ec3 qu\u1ea3n l\u00fd ch\u01b0\u01a1ng tr\u00ecnh.<\/span><\/p>","protected":false},"featured_media":38264,"comment_status":"closed","ping_status":"closed","template":"","meta":[],"pwb-brand":[],"product_cat":[2954],"product_tag":[3231],"class_list":{"0":"post-38263","1":"product","2":"type-product","3":"status-publish","4":"has-post-thumbnail","6":"product_cat-antivirus-protection","7":"product_tag-phong-thi-nghiem-kaspersky","9":"first","10":"instock","11":"shipping-taxable","12":"product-type-simple"},"brands":[],"_links":{"self":[{"href":"https:\/\/azsoft.com\/ar\/wp-json\/wp\/v2\/product\/38263","targetHints":{"allow":["GET"]}}],"collection":[{"href":"https:\/\/azsoft.com\/ar\/wp-json\/wp\/v2\/product"}],"about":[{"href":"https:\/\/azsoft.com\/ar\/wp-json\/wp\/v2\/types\/product"}],"replies":[{"embeddable":true,"href":"https:\/\/azsoft.com\/ar\/wp-json\/wp\/v2\/comments?post=38263"}],"wp:featuredmedia":[{"embeddable":true,"href":"https:\/\/azsoft.com\/ar\/wp-json\/wp\/v2\/media\/38264"}],"wp:attachment":[{"href":"https:\/\/azsoft.com\/ar\/wp-json\/wp\/v2\/media?parent=38263"}],"wp:term":[{"taxonomy":"pwb-brand","embeddable":true,"href":"https:\/\/azsoft.com\/ar\/wp-json\/wp\/v2\/pwb-brand?post=38263"},{"taxonomy":"product_cat","embeddable":true,"href":"https:\/\/azsoft.com\/ar\/wp-json\/wp\/v2\/product_cat?post=38263"},{"taxonomy":"product_tag","embeddable":true,"href":"https:\/\/azsoft.com\/ar\/wp-json\/wp\/v2\/product_tag?post=38263"}],"curies":[{"name":"wp","href":"https:\/\/api.w.org\/{rel}","templated":true}]}}