{"id":19585,"date":"2024-07-11T09:50:40","date_gmt":"2024-07-11T02:50:40","guid":{"rendered":"http:\/\/azsoft.com\/-product-\/uncategorized\/lottosoft-cao-cap\/"},"modified":"2024-07-15T12:20:27","modified_gmt":"2024-07-15T05:20:27","slug":"lottosoft-cao-cap","status":"publish","type":"product","link":"https:\/\/azsoft.com\/ar\/-product-\/phan-mem\/hobbies-and-interests\/lottosoft-cao-cap\/","title":{"rendered":"LottoSoft cao c\u1ea5p"},"content":{"rendered":"<div class=\"b-product__description_text\">\n<p><strong>G\u00f3i ph\u1ea7n m\u1ec1m LottoSoft<\/strong> l\u00e0 m\u1ed9t b\u1ed9 c\u00f4ng c\u1ee5 \u0111\u1ec3 ph\u00e2n t\u00edch, t\u1ea3i xu\u1ed1ng v\u00e0 l\u01b0u tr\u1eef t\u00e0i li\u1ec7u l\u01b0u tr\u1eef c\u1ee7a x\u1ed5 s\u1ed1 nh\u00e0 n\u01b0\u1edbc \u0111\u01b0\u1ee3c ph\u00e2n ph\u1ed1i d\u01b0\u1edbi th\u01b0\u01a1ng hi\u1ec7u Stoloto.<\/p>\n<p><strong>X\u1ed5 s\u1ed1 \u0111\u01b0\u1ee3c h\u1ed7 tr\u1ee3 &#8211; c\u00f3 th\u1ec3 ph\u00e2n t\u00edch v\u00e0 l\u01b0u tr\u1eef r\u00fat th\u0103m: Gosloto<\/strong><\/p>\n<ul>\n<li>4 tr\u00ean 20<\/li>\n<p> Gosloto <\/p>\n<li>5 tr\u00ean 36 Gos<\/li>\n<p> loto <\/p>\n<li>6 tr\u00ean 45 Gosloto\n<li>7 tr\u00ean 49 \u201c\n<li>12\/24\u201d Sportloto Matchball Rapido 2.0 Ch\u1ec9 t\u1ea3i xu\u1ed1ng kho l\u01b0u tr\u1eef x\u1ed5 s\u1ed1 (Ch\u01b0\u01a1ng tr\u00ecnh xu\u1ea5t kh\u1ea9u LottoSoft): \u201c\n<li>Duel<\/li>\n<p>\u201d<\/li>\n<li>\u201c\n<li>Keno-Sportlo<\/li>\n<\/li>\n<li>\n<ul>to\u201d \u201c<\/ul>\n<\/li>\n<p><strong>6<\/strong><\/p>\n<p> tr\u00ean 36&#8243; T\u00ednh n\u0103ng cung ho\u00e0ng \u0111\u1ea1o c\u1ee7a<\/li>\n<\/li>\n<li>g\u00f3i ph\u1ea7n m\u1ec1m LottoSoft: T\u1ea3i xu\u1ed1ng<\/li>\n<\/ul>\n<li>\n<li>\n<p><strong>tr\u00f2 ch\u01a1i l\u01b0u tr\u1eef t\u1eeb trang web ch\u00ednh th\u1ee9c <\/strong><\/p>\n<\/li>\n<\/li>\n<ul>\n<li>ng\u01b0\u1eddi s\u00e1ng l\u1eadp x\u1ed5 s\u1ed1<\/li>\n<p>. <\/p>\n<li>Hi\u1ec3n th\u1ecb th\u00f4ng tin v\u1ec1 b\u1ed1c th\u0103m, v\u1ecb tr\u00ed tr\u1ef1c quan c\u1ee7a c\u00e1c qu\u1ea3 b\u00f3ng r\u01a1i.<\/li>\n<li>Th\u1ea3 s\u1ed1 li\u1ec7u th\u1ed1ng k\u00ea.<\/li>\n<li>Bi\u1ec3u \u0111\u1ed3.<\/li>\n<li>Ma tr\u1eadn &#8211; hi\u1ec3n th\u1ecb \u0111\u1ed9ng l\u1ef1c c\u1ee7a qu\u1ea3 b\u00f3ng r\u01a1i ra.<\/li>\n<li>V\u1ebd b\u1ea3n \u0111\u1ed3 v\u1edbi phi\u1ebfu.<\/li>\n<li>T\u00ecm ki\u1ebfm s\u1ed1, chu\u1ed7i s\u1ed1, t\u1ef7 l\u1ec7 gi\u1ea3m.<\/li>\n<li>H\u1ec7 th\u1ed1ng tr\u00f2 ch\u01a1i, ho\u00e0n ch\u1ec9nh v\u00e0 kh\u00f4ng \u0111\u1ea7y \u0111\u1ee7.<\/li>\n<li>K\u1ebft h\u1ee3p v\u00e0 b\u1ed9 l\u1ecdc.<\/li>\n<li>C\u01b0\u1ee3c \u1ea3o, v\u1edbi kh\u1ea3 n\u0103ng ki\u1ec3m tra chi\u1ebfn l\u01b0\u1ee3c m\u00e0 kh\u00f4ng c\u1ea7n ph\u1ea3i mua v\u00e9.<\/li>\n<li>M\u00e1y t\u00ednh x\u00e1ch tay, m\u00e1y t\u00ednh x\u1ed5 s\u1ed1.<\/li>\n<\/ul>\n<li>Xu\u1ea5t sang c\u00e1c \u0111\u1ecbnh d\u1ea1ng v\u1ebd kh\u00e1c nhau, Excel (*.xlsx), v\u0103n b\u1ea3n, csv v\u00e0 c\u00e1c \u0111\u1ecbnh d\u1ea1ng kh\u00e1c.<\/li>\n<p><strong>Nh\u1eefng g\u00ec b\u1ea1n nh\u1eadn \u0111\u01b0\u1ee3c: M\u1ed9t<\/strong><\/p>\n<p> kho <\/p>\n<ul>\n<li>l\u01b0u tr\u1eef \u0111\u01b0\u1ee3c c\u1eadp nh\u1eadt li\u00ean t\u1ee5c v\u1ec1 nh\u1eefng qu\u1ea3 b\u00f3ng r\u01a1i<\/li>\n<p>. <\/p>\n<li>B\u1ea3n \u0111\u1ed3 v\u1ebd cho th\u1ea5y c\u00e1c qu\u1ea3 b\u00f3ng r\u01a1i ra nh\u01b0 th\u1ebf n\u00e0o.<\/li>\n<li>Ma tr\u1eadn c\u0169ng l\u00e0 m\u1ed9t c\u00f4ng c\u1ee5 tr\u1ef1c quan hi\u1ec3n th\u1ecb \u0111\u1ed9ng l\u1ef1c r\u01a1i ra ngo\u00e0i. N\u00f3 c\u00f3 nhi\u1ec1u c\u01a1 h\u1ed9i \u0111\u1ec3 ph\u00e2n t\u00edch s\u1ed1 c\u1ee7a x\u1ed5 s\u1ed1<\/li>\n<p>. <\/p>\n<li>T\u00ecm ki\u1ebfm s\u1ed1 &#8211; t\u00ecm ki\u1ebfm chu\u1ed7i s\u1ed1. Hi\u1ec3n th\u1ecb m\u1ed9t b\u1ea3ng hi\u1ec3n th\u1ecb s\u1ed1 l\u01b0\u1ee3ng b\u00f3ng r\u01a1i trong x\u1ed5 s\u1ed1<\/li>\n<p>.<\/ul>\n<li>H\u1ec7 th\u1ed1ng, t\u1ed5 h\u1ee3p, \u0111\u1ed3 th\u1ecb, th\u1ed1ng k\u00ea, v.v.<\/li>\n<p>Trong phi\u00ean b\u1ea3n demo (Phi\u00ean b\u1ea3n mi\u1ec5n ph\u00ed), b\u1ea1n nh\u1eadn \u0111\u01b0\u1ee3c m\u1ed9t b\u1ed9 t\u00ednh n\u0103ng c\u01a1 b\u1ea3n \u0111\u1ee7 \u0111\u1ec3 ph\u00e2n t\u00edch \u0111\u01a1n gi\u1ea3n. C\u1ea7n c\u00f3 \u0111\u0103ng k\u00fd \u0111\u1ec3 truy c\u1eadp t\u1ea5t c\u1ea3 c\u00e1c t\u00ednh n\u0103ng<\/p>\n<p>. <\/p>\n<p><strong>H\u1ea1n ch\u1ebf phi\u00ean b\u1ea3n mi\u1ec5n ph\u00ed &#8211; c\u00e1c tab s\u1ebd kh\u00f4ng kh\u1ea3 d\u1ee5ng:<\/strong><\/p>\n<ul>\n<li>Ch\u1ecdn s\u1ed1<\/li>\n<p>. <\/p>\n<li>H\u1ec7 th\u1ed1ng ch\u01a1i game.<\/li>\n<li>T\u1ed5 h\u1ee3p h\u1ecdc.<\/li>\n<li>Gi\u00e1.<\/li>\n<\/ul>\n<p>\u0110\u1ed1i v\u1edbi <strong>LottoSoft Export, h\u1ea1n ch\u1ebf: Xu\u1ea5t <\/p>\n<li>kh\u1ea9u kho l\u01b0u tr\u1eef<\/li>\n<p><\/strong><\/p>\n<ul>x\u1ed5 s\u1ed1<\/ul>\n<\/div>\n<p>. <\/p>\n<li>T\u1ea3i xu\u1ed1ng kho l\u01b0u tr\u1eef x\u1ed5 s\u1ed1.<\/li>","protected":false},"excerpt":{"rendered":"<p>G\u00f3i ph\u1ea7n m\u1ec1m LottoSoft l\u00e0 m\u1ed9t b\u1ed9 c\u00f4ng c\u1ee5 \u0111\u1ec3 ph\u00e2n t\u00edch, t\u1ea3i xu\u1ed1ng v\u00e0 l\u01b0u tr\u1eef t\u00e0i li\u1ec7u l\u01b0u tr\u1eef c\u1ee7a x\u1ed5 s\u1ed1 nh\u00e0 n\u01b0\u1edbc \u0111\u01b0\u1ee3c ph\u00e2n ph\u1ed1i d\u01b0\u1edbi th\u01b0\u01a1ng hi\u1ec7u Stoloto. X\u1ed5 s\u1ed1 \u0111\u01b0\u1ee3c h\u1ed7 tr\u1ee3 &#8211; c\u00f3 th\u1ec3 ph\u00e2n t\u00edch v\u00e0 l\u01b0u tr\u1eef r\u00fat th\u0103m: Gosloto 4 tr\u00ean 20 Gosloto 5 tr\u00ean [&#8230;]","protected":false},"featured_media":19586,"comment_status":"closed","ping_status":"closed","template":"","meta":[],"pwb-brand":[3988],"product_cat":[3022],"product_tag":[2839,3580],"class_list":{"0":"post-19585","1":"product","2":"type-product","3":"status-publish","4":"has-post-thumbnail","6":"pwb-brand-microsoft","7":"product_cat-hobbies-and-interests","8":"product_tag-choi-game","9":"product_tag-serge-bryzgalov","11":"first","12":"instock","13":"shipping-taxable","14":"product-type-simple"},"brands":[{"id":3988,"name":"Microsoft","slug":"microsoft"}],"_links":{"self":[{"href":"https:\/\/azsoft.com\/ar\/wp-json\/wp\/v2\/product\/19585","targetHints":{"allow":["GET"]}}],"collection":[{"href":"https:\/\/azsoft.com\/ar\/wp-json\/wp\/v2\/product"}],"about":[{"href":"https:\/\/azsoft.com\/ar\/wp-json\/wp\/v2\/types\/product"}],"replies":[{"embeddable":true,"href":"https:\/\/azsoft.com\/ar\/wp-json\/wp\/v2\/comments?post=19585"}],"wp:featuredmedia":[{"embeddable":true,"href":"https:\/\/azsoft.com\/ar\/wp-json\/wp\/v2\/media\/19586"}],"wp:attachment":[{"href":"https:\/\/azsoft.com\/ar\/wp-json\/wp\/v2\/media?parent=19585"}],"wp:term":[{"taxonomy":"pwb-brand","embeddable":true,"href":"https:\/\/azsoft.com\/ar\/wp-json\/wp\/v2\/pwb-brand?post=19585"},{"taxonomy":"product_cat","embeddable":true,"href":"https:\/\/azsoft.com\/ar\/wp-json\/wp\/v2\/product_cat?post=19585"},{"taxonomy":"product_tag","embeddable":true,"href":"https:\/\/azsoft.com\/ar\/wp-json\/wp\/v2\/product_tag?post=19585"}],"curies":[{"name":"wp","href":"https:\/\/api.w.org\/{rel}","templated":true}]}}