{"id":18070,"date":"2024-07-11T04:02:26","date_gmt":"2024-07-10T21:02:26","guid":{"rendered":"http:\/\/azsoft.com\/-product-\/uncategorized\/shutle-tsplus-remote-support-ho-tro-tu-xa-truy-cap-tu-xa-cong-tac-la-mot-tuong-tu-cua-team-viewer\/"},"modified":"2024-07-15T11:56:19","modified_gmt":"2024-07-15T04:56:19","slug":"shutle-tsplus-remote-support-ho-tro-tu-xa-truy-cap-tu-xa-cong-tac-la-mot-tuong-tu-cua-team-viewer","status":"publish","type":"product","link":"https:\/\/azsoft.com\/ar\/-product-\/phan-mem\/russian-software\/remote-access\/shutle-tsplus-remote-support-ho-tro-tu-xa-truy-cap-tu-xa-cong-tac-la-mot-tuong-tu-cua-team-viewer\/","title":{"rendered":"SHUTLE TSplus Remote Support (h\u1ed7 tr\u1ee3 t\u1eeb xa, truy c\u1eadp t\u1eeb xa, c\u1ed9ng t\u00e1c) l\u00e0 m\u1ed9t t\u01b0\u01a1ng t\u1ef1 c\u1ee7a Team Viewer"},"content":{"rendered":"<div class=\"b-product__description_text\">\n<p><strong>TSplus SHUTTLE<\/strong> <strong>\u0111\u00e3 ph\u00e1t h\u00e0nh m\u1ed9t phi\u00ean b\u1ea3n ho\u00e0n to\u00e0n m\u1edbi c\u1ee7a H\u1ed7 <strong>tr\u1ee3 t\u1eeb xa<\/strong>, ph\u1ea7n m\u1ec1m chia s\u1ebb m\u00e0n h\u00ecnh v\u00e0 qu\u1ea3n l\u00fd m\u00e1y t\u00ednh \u0111\u1ec3 b\u00e0n t\u1eeb xa d\u00e0nh cho Windows, t\u01b0\u01a1ng \u0111\u01b0\u01a1ng TeamViewer ch\u00ednh th\u1ee9c<\/strong>. B\u1ea3n c\u1eadp nh\u1eadt n\u00e0y bao g\u1ed3m m\u1ed9t s\u1ed1 c\u1ea3i ti\u1ebfn quan tr\u1ecdng v\u00e0 c\u00e1c t\u00ednh n\u0103ng b\u1ed5 sung, ch\u1eb3ng h\u1ea1n nh\u01b0 ghi l\u1ea1i c\u00e1c phi\u00ean h\u1ed7 tr\u1ee3 t\u1eeb xa v\u00e0 \u1ea3nh ch\u1ee5p m\u00e0n h\u00ecnh. <\/p>\n<p>\u0110\u01b0\u1ee3c thi\u1ebft k\u1ebf cho c\u00e1c nh\u00f3m h\u1ed7 tr\u1ee3 t\u1eeb xa v\u00e0 c\u00e1c d\u1ecbch v\u1ee5 b\u1ea3o tr\u00ec CNTT thu\u00ea ngo\u00e0i, h\u1ed7 tr\u1ee3 t\u1eeb xa cho ph\u00e9p c\u00e1c \u0111\u1ea1i l\u00fd truy c\u1eadp v\u00e0 \u0111i\u1ec1u khi\u1ec3n m\u00e1y t\u00ednh t\u1eeb xa, bao g\u1ed3m chu\u1ed9t v\u00e0 b\u00e0n ph\u00edm, t\u1ec7p v\u00e0 \u1ee9ng d\u1ee5ng \u0111\u1ec3 h\u1ed7 tr\u1ee3 t\u1eeb xa. B\u1ea5t k\u1ec3 m\u00e1y t\u00ednh \u0111ang \u0111\u01b0\u1ee3c gi\u00e1m s\u00e1t hay kh\u00f4ng, c\u00e1c nh\u00e2n vi\u00ean h\u1ed7 tr\u1ee3 c\u00f3 th\u1ec3 d\u1ec5 d\u00e0ng kh\u1eafc ph\u1ee5c s\u1ef1 c\u1ed1 v\u00e0 c\u1ed9ng t\u00e1c v\u1edbi nh\u00f3m c\u1ee7a h\u1ecd v\u1ec1 c\u00e1c v\u1ea5n \u0111\u1ec1 c\u1ee5 th\u1ec3 b\u1eb1ng c\u00e1ch s\u1eed d\u1ee5ng c\u00e1c c\u00f4ng c\u1ee5 sau:<\/p>\n<p> C\u1eeda <\/p>\n<ul>\n<li>s\u1ed5 tr\u00f2 chuy\u1ec7n<\/li>\n<p> Chia <\/p>\n<li>s\u1ebb t\u1ec7p<\/li>\n<p> \u0110\u1ed3ng <\/p>\n<li>b\u1ed9 h\u00f3a b\u1ea3ng t\u1ea1m<\/li>\n<p> K\u1ebft <\/p>\n<li>n\u1ed1i \u0111a t\u00e1c nh\u00e2n<\/li>\n<li>G\u1eedi l\u1ec7nh t\u1eeb xa qua giao di\u1ec7n d\u00f2ng l\u1ec7nh<\/li>\n<\/ul>\n<p>\u0628\u0631\u0645\u062c\u0629 <strong>h\u1ed7 tr\u1ee3 t\u1eeb xa<\/strong> \u0111\u00e3 ph\u00e1t tri\u1ec3n v\u00e0 c\u1ea3i thi\u1ec7n \u0111\u00e1ng k\u1ec3 tr\u1ea3i nghi\u1ec7m ng\u01b0\u1eddi d\u00f9ng th\u00f4ng qua giao di\u1ec7n t\u1ed1i \u01b0u h\u00f3a v\u00e0 c\u00f4ng c\u1ee5 qu\u1ea3n l\u00fd \u0111\u01a1n gi\u1ea3n \u0111\u1ec3 t\u1ed5 ch\u1ee9c t\u1eeb xa m\u00e1y t\u00ednh, t\u1ea1o m\u1ed9t \u1ee9ng d\u1ee5ng kh\u00e1ch k\u1ebft n\u1ed1i nh\u1eb9, l\u1ea5y b\u00e1o c\u00e1o phi\u00ean l\u00e0m vi\u1ec7c, thi\u1ebft l\u1eadp nh\u1eadn d\u1ea1ng c\u00f4ng ty, v.v&#8230; B\u1eaft \u0111\u1ea7u m\u1ed9t phi\u00ean l\u00e0m vi\u1ec7c t\u1eeb xa b\u00e2y gi\u1edd ch\u1ec9 l\u00e0 m\u1ed9t c\u00fa nh\u1ea5p chu\u1ed9t sau khi nh\u1eadp ID kh\u00e1ch h\u00e0ng v\u00e0 m\u1eadt kh\u1ea9u. L\u00e0 m\u1ed9t gi\u1ea3i ph\u00e1p SaaS, ph\u1ea7n ph\u1ee5 tr\u1ee3 h\u1ed7 tr\u1ee3 t\u1eeb xa \u0111\u01b0\u1ee3c qu\u1ea3n l\u00fd b\u1edfi TSplus. C\u00e1c phi\u00ean \u0111\u01b0\u1ee3c m\u00e3 h\u00f3a b\u1eb1ng c\u00e1c ti\u00eau chu\u1ea9n hi\u1ec7n \u0111\u1ea1i \u0111\u1ec3 \u0111\u1ea3m b\u1ea3o an ninh t\u1ed1i \u0111a. Ghi l\u1ea1i phi\u00ean h\u1ed7 tr\u1ee3 t\u1eeb xa v\u00e0 \u1ea3nh ch\u1ee5p m\u00e0n h\u00ecnh c\u00f3 s\u1eb5n C\u00e1c phi\u00ean h\u1ed7 tr\u1ee3 t\u1eeb xa gi\u1edd \u0111\u00e2y c\u00f3 th\u1ec3 \u0111\u01b0\u1ee3c ghi l\u1ea1i v\u00e0 l\u01b0u d\u01b0\u1edbi d\u1ea1ng t\u1ec7p video c\u00f3 th\u1ec3 h\u1eefu \u00edch cho c\u1ea3 \u0111\u1ea1i l\u00fd v\u00e0 ng\u01b0\u1eddi d\u00f9ng cu\u1ed1i \u0111\u1ec3 xem c\u00e1c tr\u01b0\u1eddng h\u1ee3p v\u00e0 h\u1ecdc h\u1ecfi t\u1eeb ch\u00fang. C\u00f9ng v\u1edbi ghi \u00e2m, t\u00ednh n\u0103ng m\u1edbi n\u00e0y cho ph\u00e9p b\u1ea1n ch\u1ee5p \u1ea3nh m\u00e0n h\u00ecnh trong su\u1ed1t phi\u00ean.<\/p>\n<\/div>","protected":false},"excerpt":{"rendered":"<p>TSplus SHUTTLE \u0111\u00e3 ph\u00e1t h\u00e0nh m\u1ed9t phi\u00ean b\u1ea3n ho\u00e0n to\u00e0n m\u1edbi c\u1ee7a H\u1ed7 tr\u1ee3 t\u1eeb xa, ph\u1ea7n m\u1ec1m chia s\u1ebb m\u00e0n h\u00ecnh v\u00e0 qu\u1ea3n l\u00fd m\u00e1y t\u00ednh \u0111\u1ec3 b\u00e0n t\u1eeb xa d\u00e0nh cho Windows, t\u01b0\u01a1ng \u0111\u01b0\u01a1ng TeamViewer ch\u00ednh th\u1ee9c. B\u1ea3n c\u1eadp nh\u1eadt n\u00e0y bao g\u1ed3m m\u1ed9t s\u1ed1 c\u1ea3i ti\u1ebfn quan tr\u1ecdng v\u00e0 c\u00e1c t\u00ednh n\u0103ng [&#8230;]","protected":false},"featured_media":18071,"comment_status":"closed","ping_status":"closed","template":"","meta":[],"pwb-brand":[4784],"product_cat":[2962],"product_tag":[3464,2662],"class_list":{"0":"post-18070","1":"product","2":"type-product","3":"status-publish","4":"has-post-thumbnail","6":"pwb-brand-shutle-tsplus-russia-cis","7":"product_cat-remote-access","8":"product_tag-shutle-tsplus-nga-cis","9":"product_tag-tinh-nang-moi","11":"first","12":"instock","13":"shipping-taxable","14":"product-type-simple"},"brands":[{"id":4784,"name":"\u00abSHUTLE\u00bb TSplus Russia\/CIS","slug":"shutle-tsplus-russia-cis"}],"_links":{"self":[{"href":"https:\/\/azsoft.com\/ar\/wp-json\/wp\/v2\/product\/18070","targetHints":{"allow":["GET"]}}],"collection":[{"href":"https:\/\/azsoft.com\/ar\/wp-json\/wp\/v2\/product"}],"about":[{"href":"https:\/\/azsoft.com\/ar\/wp-json\/wp\/v2\/types\/product"}],"replies":[{"embeddable":true,"href":"https:\/\/azsoft.com\/ar\/wp-json\/wp\/v2\/comments?post=18070"}],"wp:featuredmedia":[{"embeddable":true,"href":"https:\/\/azsoft.com\/ar\/wp-json\/wp\/v2\/media\/18071"}],"wp:attachment":[{"href":"https:\/\/azsoft.com\/ar\/wp-json\/wp\/v2\/media?parent=18070"}],"wp:term":[{"taxonomy":"pwb-brand","embeddable":true,"href":"https:\/\/azsoft.com\/ar\/wp-json\/wp\/v2\/pwb-brand?post=18070"},{"taxonomy":"product_cat","embeddable":true,"href":"https:\/\/azsoft.com\/ar\/wp-json\/wp\/v2\/product_cat?post=18070"},{"taxonomy":"product_tag","embeddable":true,"href":"https:\/\/azsoft.com\/ar\/wp-json\/wp\/v2\/product_tag?post=18070"}],"curies":[{"name":"wp","href":"https:\/\/api.w.org\/{rel}","templated":true}]}}